{"id":9359,"date":"2023-06-06T10:12:35","date_gmt":"2023-06-06T08:12:35","guid":{"rendered":"https:\/\/www.estic-maillot.com\/le-groupe\/"},"modified":"2024-07-09T17:47:10","modified_gmt":"2024-07-09T15:47:10","slug":"el-grupo","status":"publish","type":"page","link":"https:\/\/www.estic-maillot.com\/es\/el-grupo\/","title":{"rendered":"El grupo"},"content":{"rendered":"\t\t<div data-elementor-type=\"wp-page\" data-elementor-id=\"9359\" class=\"elementor elementor-9359 elementor-8819\" data-elementor-post-type=\"page\">\n\t\t\t\t\t\t<section class=\"elementor-section elementor-top-section elementor-element elementor-element-fe676ad elementor-section-boxed elementor-section-height-default elementor-section-height-default\" data-id=\"fe676ad\" data-element_type=\"section\">\n\t\t\t\t\t\t<div class=\"elementor-container elementor-column-gap-default\">\n\t\t\t\t\t<div class=\"elementor-column elementor-col-100 elementor-top-column elementor-element elementor-element-204232d\" data-id=\"204232d\" data-element_type=\"column\">\n\t\t\t<div class=\"elementor-widget-wrap elementor-element-populated\">\n\t\t\t\t\t\t<div class=\"elementor-element elementor-element-47782d7 elementor-widget elementor-widget-heading\" data-id=\"47782d7\" data-element_type=\"widget\" data-widget_type=\"heading.default\">\n\t\t\t\t<div class=\"elementor-widget-container\">\n\t\t\t<h2 class=\"elementor-heading-title elementor-size-default\">\u00bfQui\u00e9nes somos?<\/h2>\t\t<\/div>\n\t\t\t\t<\/div>\n\t\t\t\t\t<\/div>\n\t\t<\/div>\n\t\t\t\t\t<\/div>\n\t\t<\/section>\n\t\t\t\t<section class=\"elementor-section elementor-top-section elementor-element elementor-element-2cac1de elementor-section-boxed elementor-section-height-default elementor-section-height-default\" data-id=\"2cac1de\" data-element_type=\"section\">\n\t\t\t\t\t\t<div class=\"elementor-container elementor-column-gap-default\">\n\t\t\t\t\t<div class=\"elementor-column elementor-col-100 elementor-top-column elementor-element elementor-element-89f0d9c\" data-id=\"89f0d9c\" data-element_type=\"column\">\n\t\t\t<div class=\"elementor-widget-wrap elementor-element-populated\">\n\t\t\t\t\t\t<div class=\"elementor-element elementor-element-7b8f467 elementor-widget elementor-widget-text-editor\" data-id=\"7b8f467\" data-element_type=\"widget\" data-widget_type=\"text-editor.default\">\n\t\t\t\t<div class=\"elementor-widget-container\">\n\t\t\t\t\t\t\t<p>Estic-Maillot Packaging Group es un grupo familiar franc\u00e9s especializado en la industria del cart\u00f3n desde 1924, es decir, casi un siglo. Para estar cerca de nuestros clientes y servirles mejor, en 1999 decidimos expandirnos internacionalmente. En la actualidad, nuestro grupo cuenta con 8 centros de producci\u00f3n en Francia, Europa y Estados Unidos. Suministramos a toda Europa y al sureste de Estados Unidos. Nuestra actividad principal hist\u00f3rica es la fabricaci\u00f3n de rejillas de cartoncillo, pero el grupo se ha diversificado a lo largo de las d\u00e9cadas integrando la actividad de impresi\u00f3n, la fabricaci\u00f3n de embalajes de cart\u00f3n compacto, de cajas y expositores de cart\u00f3n ondulado laminado y, por \u00faltimo, de nido de abeja.<\/p>\t\t\t\t\t\t<\/div>\n\t\t\t\t<\/div>\n\t\t\t\t<div class=\"elementor-element elementor-element-ea4d04c elementor-align-center elementor-widget elementor-widget-button\" data-id=\"ea4d04c\" data-element_type=\"widget\" data-widget_type=\"button.default\">\n\t\t\t\t<div class=\"elementor-widget-container\">\n\t\t\t\t\t\t\t<div class=\"elementor-button-wrapper\">\n\t\t\t\t\t<a class=\"elementor-button elementor-button-link elementor-size-sm\" href=\"\/es\/contacto#contact\">\n\t\t\t\t\t\t<span class=\"elementor-button-content-wrapper\">\n\t\t\t\t\t\t\t\t\t<span class=\"elementor-button-text\">Contacto<\/span>\n\t\t\t\t\t<\/span>\n\t\t\t\t\t<\/a>\n\t\t\t\t<\/div>\n\t\t\t\t\t\t<\/div>\n\t\t\t\t<\/div>\n\t\t\t\t\t<\/div>\n\t\t<\/div>\n\t\t\t\t\t<\/div>\n\t\t<\/section>\n\t\t\t\t<section class=\"elementor-section elementor-top-section elementor-element elementor-element-86d254f elementor-section-boxed elementor-section-height-default elementor-section-height-default\" data-id=\"86d254f\" data-element_type=\"section\">\n\t\t\t\t\t\t<div class=\"elementor-container elementor-column-gap-default\">\n\t\t\t\t\t<div class=\"elementor-column elementor-col-100 elementor-top-column elementor-element elementor-element-a6020eb\" data-id=\"a6020eb\" data-element_type=\"column\">\n\t\t\t<div class=\"elementor-widget-wrap elementor-element-populated\">\n\t\t\t\t\t\t<div class=\"elementor-element elementor-element-15c2ae8 elementor-widget elementor-widget-heading\" data-id=\"15c2ae8\" data-element_type=\"widget\" data-widget_type=\"heading.default\">\n\t\t\t\t<div class=\"elementor-widget-container\">\n\t\t\t<h2 class=\"elementor-heading-title elementor-size-default\">Historia<\/h2>\t\t<\/div>\n\t\t\t\t<\/div>\n\t\t\t\t\t<\/div>\n\t\t<\/div>\n\t\t\t\t\t<\/div>\n\t\t<\/section>\n\t\t\t\t<section class=\"elementor-section elementor-top-section elementor-element elementor-element-8970302 elementor-section-boxed elementor-section-height-default elementor-section-height-default\" data-id=\"8970302\" data-element_type=\"section\">\n\t\t\t\t\t\t<div class=\"elementor-container elementor-column-gap-default\">\n\t\t\t\t\t<div class=\"elementor-column elementor-col-100 elementor-top-column elementor-element elementor-element-949f319\" data-id=\"949f319\" data-element_type=\"column\">\n\t\t\t<div class=\"elementor-widget-wrap elementor-element-populated\">\n\t\t\t\t\t\t<div class=\"elementor-element elementor-element-64a0f1c elementor-widget elementor-widget-text-editor\" data-id=\"64a0f1c\" data-element_type=\"widget\" data-widget_type=\"text-editor.default\">\n\t\t\t\t<div class=\"elementor-widget-container\">\n\t\t\t\t\t\t\t<ul><li><p>1924 : Nacimiento de la empresa hist\u00f3rica Estic-Maillot en el centro de Brioude en el Alto Loira, f\u00e1brica de rejillas de cartoncillo.<\/p><\/li><li><p>1972 : Creaci\u00f3n de nuestra empresa Sietcam, especializada en la fabricaci\u00f3n de embalajes impresos en cart\u00f3n ondulado<\/p><\/li><li><p>1992 : creaci\u00f3n de nuestra empresa CIP, especializada en la fabricaci\u00f3n de embalajes de cart\u00f3n compacto<\/p><\/li><li><p>1995 : traslado de nuestra hist\u00f3rica f\u00e1brica de rejillas de Brioude a Cohade<\/p><\/li><li><p>1999 : 1\u00aa implantaci\u00f3n internacional (B\u00e9lgica) con la creaci\u00f3n de Eurodividers, especializada en la fabricaci\u00f3n de rejilla<\/p><\/li><li><p>2000: el grupo se diversifica desarrollando una nueva actividad, la fabricaci\u00f3n de cart\u00f3n alveolar, con la creaci\u00f3n de Nidatec en St-Flour en el Cantal.<\/p><\/li><li><p>2008: creaci\u00f3n de Premier Packaging Products en Atlanta, EE.UU., una f\u00e1brica para la fabricaci\u00f3n de rejillas de cartoncillo.<\/p><\/li><li><p>2010: Puesta en marcha de una actividad de fabricaci\u00f3n de cart\u00f3n alveolar en nuestra f\u00e1brica americana.<\/p><\/li><li><p>2014: Puesta en marcha de la actividad de cart\u00f3n alveolar en nuestra f\u00e1brica belga, para servir al norte de Francia y al norte de Europa.<\/p><\/li><li><p>2019: Creaci\u00f3n de la actividad de impresi\u00f3n y corte digital en Sietcam.<\/p><\/li><li><p>2021: Creaci\u00f3n de una f\u00e1brica para la fabricaci\u00f3n de rejillas en Parma, Italia (Estic Maillot Italia).<\/p><\/li><li><p>2022: Creaci\u00f3n de una f\u00e1brica de fabricaci\u00f3n de rejillas en Guadalajara, Espa\u00f1a (Estic Maillot Espa\u00f1a)<\/p><\/li><\/ul>\t\t\t\t\t\t<\/div>\n\t\t\t\t<\/div>\n\t\t\t\t\t<\/div>\n\t\t<\/div>\n\t\t\t\t\t<\/div>\n\t\t<\/section>\n\t\t\t\t<section class=\"elementor-section elementor-top-section elementor-element elementor-element-f65f82c elementor-section-boxed elementor-section-height-default elementor-section-height-default\" data-id=\"f65f82c\" data-element_type=\"section\">\n\t\t\t\t\t\t<div class=\"elementor-container elementor-column-gap-default\">\n\t\t\t\t\t<div class=\"elementor-column elementor-col-100 elementor-top-column elementor-element elementor-element-15222f0\" data-id=\"15222f0\" data-element_type=\"column\">\n\t\t\t<div class=\"elementor-widget-wrap elementor-element-populated\">\n\t\t\t\t\t\t<div class=\"elementor-element elementor-element-35a0e60 elementor-widget elementor-widget-heading\" data-id=\"35a0e60\" data-element_type=\"widget\" data-widget_type=\"heading.default\">\n\t\t\t\t<div class=\"elementor-widget-container\">\n\t\t\t<h2 class=\"elementor-heading-title elementor-size-default\">\u00bfPor qu\u00e9 confiar en nosotros?<\/h2>\t\t<\/div>\n\t\t\t\t<\/div>\n\t\t\t\t\t<\/div>\n\t\t<\/div>\n\t\t\t\t\t<\/div>\n\t\t<\/section>\n\t\t\t\t<section class=\"elementor-section elementor-top-section elementor-element elementor-element-054dae1 elementor-section-boxed elementor-section-height-default elementor-section-height-default\" data-id=\"054dae1\" data-element_type=\"section\">\n\t\t\t\t\t\t<div class=\"elementor-container elementor-column-gap-default\">\n\t\t\t\t\t<div class=\"elementor-column elementor-col-100 elementor-top-column elementor-element elementor-element-ca6a13f\" data-id=\"ca6a13f\" data-element_type=\"column\">\n\t\t\t<div class=\"elementor-widget-wrap elementor-element-populated\">\n\t\t\t\t\t\t<div class=\"elementor-element elementor-element-6dfa0eb elementor-widget elementor-widget-text-editor\" data-id=\"6dfa0eb\" data-element_type=\"widget\" data-widget_type=\"text-editor.default\">\n\t\t\t\t<div class=\"elementor-widget-container\">\n\t\t\t\t\t\t\t<ul><li><p>100 a\u00f1os de experiencia en el cartonaje<\/p><\/li><li><p>Un grupo familiar<\/p><\/li><li><p>Seguridad y potencia de un grupo internacional<\/p><\/li><li><p>Flexibilidad y reactividad de una estructura de tama\u00f1o humano<\/p><\/li><li><p>Nivel de servicio inigualable<\/p><\/li><li><p>Compromiso de calidad: ISO 9001<\/p><\/li><li><p>Compromiso medioambiental: FSC \u00ae (n\u00famero de control: BV-COC-151488), Imprim Vert<\/p><\/li><li><p>Compromiso RSE: Ecovadis<\/p><\/li><\/ul>\t\t\t\t\t\t<\/div>\n\t\t\t\t<\/div>\n\t\t\t\t\t<\/div>\n\t\t<\/div>\n\t\t\t\t\t<\/div>\n\t\t<\/section>\n\t\t\t\t<section class=\"elementor-section elementor-top-section elementor-element elementor-element-a4cfa49 elementor-section-boxed elementor-section-height-default elementor-section-height-default\" data-id=\"a4cfa49\" data-element_type=\"section\">\n\t\t\t\t\t\t<div class=\"elementor-container elementor-column-gap-default\">\n\t\t\t\t\t<div class=\"elementor-column elementor-col-100 elementor-top-column elementor-element elementor-element-906b45c\" data-id=\"906b45c\" data-element_type=\"column\">\n\t\t\t<div class=\"elementor-widget-wrap elementor-element-populated\">\n\t\t\t\t\t\t<div class=\"elementor-element elementor-element-e16fbf6 elementor-align-center elementor-widget elementor-widget-button\" data-id=\"e16fbf6\" data-element_type=\"widget\" data-widget_type=\"button.default\">\n\t\t\t\t<div class=\"elementor-widget-container\">\n\t\t\t\t\t\t\t<div class=\"elementor-button-wrapper\">\n\t\t\t\t\t<a class=\"elementor-button elementor-button-link elementor-size-sm\" href=\"\/es\/contacto#contact\">\n\t\t\t\t\t\t<span class=\"elementor-button-content-wrapper\">\n\t\t\t\t\t\t\t\t\t<span class=\"elementor-button-text\">Contacto<\/span>\n\t\t\t\t\t<\/span>\n\t\t\t\t\t<\/a>\n\t\t\t\t<\/div>\n\t\t\t\t\t\t<\/div>\n\t\t\t\t<\/div>\n\t\t\t\t\t<\/div>\n\t\t<\/div>\n\t\t\t\t\t<\/div>\n\t\t<\/section>\n\t\t\t\t<\/div>\n\t\t","protected":false},"excerpt":{"rendered":"<p>\u00bfQui\u00e9nes somos? Estic-Maillot Packaging Group es un grupo familiar franc\u00e9s especializado en la industria del cart\u00f3n desde 1924, es decir, casi un siglo. Para estar cerca de nuestros clientes y servirles mejor, en 1999 decidimos expandirnos internacionalmente. En la actualidad, nuestro grupo cuenta con 8 centros de producci\u00f3n en Francia, Europa y Estados Unidos. Suministramos [&hellip;]<\/p>\n","protected":false},"author":4,"featured_media":8877,"parent":0,"menu_order":0,"comment_status":"closed","ping_status":"closed","template":"","meta":{"_acf_changed":false,"footnotes":""},"class_list":["post-9359","page","type-page","status-publish","has-post-thumbnail","hentry"],"acf":[],"yoast_head":"<!-- This site is optimized with the Yoast SEO plugin v24.4 - https:\/\/yoast.com\/wordpress\/plugins\/seo\/ -->\n<title>El grupo - Estic-Maillot<\/title>\n<meta name=\"robots\" content=\"index, follow, max-snippet:-1, max-image-preview:large, max-video-preview:-1\" \/>\n<link rel=\"canonical\" href=\"https:\/\/www.estic-maillot.com\/es\/el-grupo\/\" \/>\n<meta property=\"og:locale\" content=\"es_ES\" \/>\n<meta property=\"og:type\" content=\"article\" \/>\n<meta property=\"og:title\" content=\"El grupo - Estic-Maillot\" \/>\n<meta property=\"og:description\" content=\"\u00bfQui\u00e9nes somos? Estic-Maillot Packaging Group es un grupo familiar franc\u00e9s especializado en la industria del cart\u00f3n desde 1924, es decir, casi un siglo. Para estar cerca de nuestros clientes y servirles mejor, en 1999 decidimos expandirnos internacionalmente. En la actualidad, nuestro grupo cuenta con 8 centros de producci\u00f3n en Francia, Europa y Estados Unidos. Suministramos [&hellip;]\" \/>\n<meta property=\"og:url\" content=\"https:\/\/www.estic-maillot.com\/es\/el-grupo\/\" \/>\n<meta property=\"og:site_name\" content=\"Estic-Maillot\" \/>\n<meta property=\"article:modified_time\" content=\"2024-07-09T15:47:10+00:00\" \/>\n<meta property=\"og:image\" content=\"https:\/\/www.estic-maillot.com\/wp-content\/uploads\/2023\/06\/estic-usine-eurodividers-france.jpeg\" \/>\n\t<meta property=\"og:image:width\" content=\"1920\" \/>\n\t<meta property=\"og:image:height\" content=\"1128\" \/>\n\t<meta property=\"og:image:type\" content=\"image\/jpeg\" \/>\n<meta name=\"twitter:card\" content=\"summary_large_image\" \/>\n<meta name=\"twitter:label1\" content=\"Est. reading time\" \/>\n\t<meta name=\"twitter:data1\" content=\"2 minutes\" \/>\n<script type=\"application\/ld+json\" class=\"yoast-schema-graph\">{\"@context\":\"https:\/\/schema.org\",\"@graph\":[{\"@type\":\"WebPage\",\"@id\":\"https:\/\/www.estic-maillot.com\/es\/el-grupo\/\",\"url\":\"https:\/\/www.estic-maillot.com\/es\/el-grupo\/\",\"name\":\"El grupo - Estic-Maillot\",\"isPartOf\":{\"@id\":\"https:\/\/www.estic-maillot.com\/es\/#website\"},\"primaryImageOfPage\":{\"@id\":\"https:\/\/www.estic-maillot.com\/es\/el-grupo\/#primaryimage\"},\"image\":{\"@id\":\"https:\/\/www.estic-maillot.com\/es\/el-grupo\/#primaryimage\"},\"thumbnailUrl\":\"https:\/\/www.estic-maillot.com\/wp-content\/uploads\/2023\/06\/estic-usine-eurodividers-france.jpeg\",\"datePublished\":\"2023-06-06T08:12:35+00:00\",\"dateModified\":\"2024-07-09T15:47:10+00:00\",\"breadcrumb\":{\"@id\":\"https:\/\/www.estic-maillot.com\/es\/el-grupo\/#breadcrumb\"},\"inLanguage\":\"es-ES\",\"potentialAction\":[{\"@type\":\"ReadAction\",\"target\":[\"https:\/\/www.estic-maillot.com\/es\/el-grupo\/\"]}]},{\"@type\":\"ImageObject\",\"inLanguage\":\"es-ES\",\"@id\":\"https:\/\/www.estic-maillot.com\/es\/el-grupo\/#primaryimage\",\"url\":\"https:\/\/www.estic-maillot.com\/wp-content\/uploads\/2023\/06\/estic-usine-eurodividers-france.jpeg\",\"contentUrl\":\"https:\/\/www.estic-maillot.com\/wp-content\/uploads\/2023\/06\/estic-usine-eurodividers-france.jpeg\",\"width\":1920,\"height\":1128},{\"@type\":\"BreadcrumbList\",\"@id\":\"https:\/\/www.estic-maillot.com\/es\/el-grupo\/#breadcrumb\",\"itemListElement\":[{\"@type\":\"ListItem\",\"position\":1,\"name\":\"Accueil\",\"item\":\"https:\/\/www.estic-maillot.com\/es\/\"},{\"@type\":\"ListItem\",\"position\":2,\"name\":\"El grupo\"}]},{\"@type\":\"WebSite\",\"@id\":\"https:\/\/www.estic-maillot.com\/es\/#website\",\"url\":\"https:\/\/www.estic-maillot.com\/es\/\",\"name\":\"Groupe ESTIC-MAILLOT\",\"description\":\"Conception et fabrication de croisillons en carton\",\"publisher\":{\"@id\":\"https:\/\/www.estic-maillot.com\/es\/#organization\"},\"alternateName\":\"ESTIC-MAILLOT\",\"potentialAction\":[{\"@type\":\"SearchAction\",\"target\":{\"@type\":\"EntryPoint\",\"urlTemplate\":\"https:\/\/www.estic-maillot.com\/es\/?s={search_term_string}\"},\"query-input\":{\"@type\":\"PropertyValueSpecification\",\"valueRequired\":true,\"valueName\":\"search_term_string\"}}],\"inLanguage\":\"es-ES\"},{\"@type\":\"Organization\",\"@id\":\"https:\/\/www.estic-maillot.com\/es\/#organization\",\"name\":\"Groupe ESTIC-MAILLOT\",\"alternateName\":\"ESTIC-MAILLOT\",\"url\":\"https:\/\/www.estic-maillot.com\/es\/\",\"logo\":{\"@type\":\"ImageObject\",\"inLanguage\":\"es-ES\",\"@id\":\"https:\/\/www.estic-maillot.com\/es\/#\/schema\/logo\/image\/\",\"url\":\"https:\/\/www.estic-maillot.com\/wp-content\/uploads\/2023\/02\/favicon-estic-maillot.png\",\"contentUrl\":\"https:\/\/www.estic-maillot.com\/wp-content\/uploads\/2023\/02\/favicon-estic-maillot.png\",\"width\":512,\"height\":512,\"caption\":\"Groupe ESTIC-MAILLOT\"},\"image\":{\"@id\":\"https:\/\/www.estic-maillot.com\/es\/#\/schema\/logo\/image\/\"}}]}<\/script>\n<!-- \/ Yoast SEO plugin. -->","yoast_head_json":{"title":"El grupo - Estic-Maillot","robots":{"index":"index","follow":"follow","max-snippet":"max-snippet:-1","max-image-preview":"max-image-preview:large","max-video-preview":"max-video-preview:-1"},"canonical":"https:\/\/www.estic-maillot.com\/es\/el-grupo\/","og_locale":"es_ES","og_type":"article","og_title":"El grupo - Estic-Maillot","og_description":"\u00bfQui\u00e9nes somos? Estic-Maillot Packaging Group es un grupo familiar franc\u00e9s especializado en la industria del cart\u00f3n desde 1924, es decir, casi un siglo. Para estar cerca de nuestros clientes y servirles mejor, en 1999 decidimos expandirnos internacionalmente. En la actualidad, nuestro grupo cuenta con 8 centros de producci\u00f3n en Francia, Europa y Estados Unidos. Suministramos [&hellip;]","og_url":"https:\/\/www.estic-maillot.com\/es\/el-grupo\/","og_site_name":"Estic-Maillot","article_modified_time":"2024-07-09T15:47:10+00:00","og_image":[{"width":1920,"height":1128,"url":"https:\/\/www.estic-maillot.com\/wp-content\/uploads\/2023\/06\/estic-usine-eurodividers-france.jpeg","type":"image\/jpeg"}],"twitter_card":"summary_large_image","twitter_misc":{"Est. reading time":"2 minutes"},"schema":{"@context":"https:\/\/schema.org","@graph":[{"@type":"WebPage","@id":"https:\/\/www.estic-maillot.com\/es\/el-grupo\/","url":"https:\/\/www.estic-maillot.com\/es\/el-grupo\/","name":"El grupo - Estic-Maillot","isPartOf":{"@id":"https:\/\/www.estic-maillot.com\/es\/#website"},"primaryImageOfPage":{"@id":"https:\/\/www.estic-maillot.com\/es\/el-grupo\/#primaryimage"},"image":{"@id":"https:\/\/www.estic-maillot.com\/es\/el-grupo\/#primaryimage"},"thumbnailUrl":"https:\/\/www.estic-maillot.com\/wp-content\/uploads\/2023\/06\/estic-usine-eurodividers-france.jpeg","datePublished":"2023-06-06T08:12:35+00:00","dateModified":"2024-07-09T15:47:10+00:00","breadcrumb":{"@id":"https:\/\/www.estic-maillot.com\/es\/el-grupo\/#breadcrumb"},"inLanguage":"es-ES","potentialAction":[{"@type":"ReadAction","target":["https:\/\/www.estic-maillot.com\/es\/el-grupo\/"]}]},{"@type":"ImageObject","inLanguage":"es-ES","@id":"https:\/\/www.estic-maillot.com\/es\/el-grupo\/#primaryimage","url":"https:\/\/www.estic-maillot.com\/wp-content\/uploads\/2023\/06\/estic-usine-eurodividers-france.jpeg","contentUrl":"https:\/\/www.estic-maillot.com\/wp-content\/uploads\/2023\/06\/estic-usine-eurodividers-france.jpeg","width":1920,"height":1128},{"@type":"BreadcrumbList","@id":"https:\/\/www.estic-maillot.com\/es\/el-grupo\/#breadcrumb","itemListElement":[{"@type":"ListItem","position":1,"name":"Accueil","item":"https:\/\/www.estic-maillot.com\/es\/"},{"@type":"ListItem","position":2,"name":"El grupo"}]},{"@type":"WebSite","@id":"https:\/\/www.estic-maillot.com\/es\/#website","url":"https:\/\/www.estic-maillot.com\/es\/","name":"Groupe ESTIC-MAILLOT","description":"Conception et fabrication de croisillons en carton","publisher":{"@id":"https:\/\/www.estic-maillot.com\/es\/#organization"},"alternateName":"ESTIC-MAILLOT","potentialAction":[{"@type":"SearchAction","target":{"@type":"EntryPoint","urlTemplate":"https:\/\/www.estic-maillot.com\/es\/?s={search_term_string}"},"query-input":{"@type":"PropertyValueSpecification","valueRequired":true,"valueName":"search_term_string"}}],"inLanguage":"es-ES"},{"@type":"Organization","@id":"https:\/\/www.estic-maillot.com\/es\/#organization","name":"Groupe ESTIC-MAILLOT","alternateName":"ESTIC-MAILLOT","url":"https:\/\/www.estic-maillot.com\/es\/","logo":{"@type":"ImageObject","inLanguage":"es-ES","@id":"https:\/\/www.estic-maillot.com\/es\/#\/schema\/logo\/image\/","url":"https:\/\/www.estic-maillot.com\/wp-content\/uploads\/2023\/02\/favicon-estic-maillot.png","contentUrl":"https:\/\/www.estic-maillot.com\/wp-content\/uploads\/2023\/02\/favicon-estic-maillot.png","width":512,"height":512,"caption":"Groupe ESTIC-MAILLOT"},"image":{"@id":"https:\/\/www.estic-maillot.com\/es\/#\/schema\/logo\/image\/"}}]}},"_links":{"self":[{"href":"https:\/\/www.estic-maillot.com\/es\/wp-json\/wp\/v2\/pages\/9359","targetHints":{"allow":["GET"]}}],"collection":[{"href":"https:\/\/www.estic-maillot.com\/es\/wp-json\/wp\/v2\/pages"}],"about":[{"href":"https:\/\/www.estic-maillot.com\/es\/wp-json\/wp\/v2\/types\/page"}],"author":[{"embeddable":true,"href":"https:\/\/www.estic-maillot.com\/es\/wp-json\/wp\/v2\/users\/4"}],"replies":[{"embeddable":true,"href":"https:\/\/www.estic-maillot.com\/es\/wp-json\/wp\/v2\/comments?post=9359"}],"version-history":[{"count":14,"href":"https:\/\/www.estic-maillot.com\/es\/wp-json\/wp\/v2\/pages\/9359\/revisions"}],"predecessor-version":[{"id":11317,"href":"https:\/\/www.estic-maillot.com\/es\/wp-json\/wp\/v2\/pages\/9359\/revisions\/11317"}],"wp:featuredmedia":[{"embeddable":true,"href":"https:\/\/www.estic-maillot.com\/es\/wp-json\/wp\/v2\/media\/8877"}],"wp:attachment":[{"href":"https:\/\/www.estic-maillot.com\/es\/wp-json\/wp\/v2\/media?parent=9359"}],"curies":[{"name":"wp","href":"https:\/\/api.w.org\/{rel}","templated":true}]}}