{"id":9330,"date":"2023-02-21T09:52:31","date_gmt":"2023-02-21T08:52:31","guid":{"rendered":"https:\/\/www.estic-maillot.com\/estic-maillot\/"},"modified":"2024-09-03T10:18:42","modified_gmt":"2024-09-03T08:18:42","slug":"estic-maillot","status":"publish","type":"page","link":"https:\/\/www.estic-maillot.com\/es\/","title":{"rendered":"Estic-Maillot"},"content":{"rendered":"","protected":false},"excerpt":{"rendered":"","protected":false},"author":1,"featured_media":0,"parent":0,"menu_order":0,"comment_status":"closed","ping_status":"closed","template":"","meta":{"_acf_changed":false,"footnotes":""},"class_list":["post-9330","page","type-page","status-publish","hentry"],"acf":[],"yoast_head":"<!-- This site is optimized with the Yoast SEO plugin v24.4 - https:\/\/yoast.com\/wordpress\/plugins\/seo\/ -->\n<title>Estic-Maillot - Dise\u00f1o y fabricaci\u00f3n de travesa\u00f1os de cart\u00f3n<\/title>\n<meta name=\"description\" content=\"Soluci\u00f3n de embalaje para el env\u00edo de sus productos; separadores de cart\u00f3n para una protecci\u00f3n \u00f3ptima contra roturas y roces\" \/>\n<meta name=\"robots\" content=\"index, follow, max-snippet:-1, max-image-preview:large, max-video-preview:-1\" \/>\n<link rel=\"canonical\" href=\"https:\/\/www.estic-maillot.com\/es\/\" \/>\n<meta property=\"og:locale\" content=\"es_ES\" \/>\n<meta property=\"og:type\" content=\"article\" \/>\n<meta property=\"og:title\" content=\"Estic-Maillot - Dise\u00f1o y fabricaci\u00f3n de travesa\u00f1os de cart\u00f3n\" \/>\n<meta property=\"og:description\" content=\"Soluci\u00f3n de embalaje para el env\u00edo de sus productos; separadores de cart\u00f3n para una protecci\u00f3n \u00f3ptima contra roturas y roces\" \/>\n<meta property=\"og:url\" content=\"https:\/\/www.estic-maillot.com\/es\/\" \/>\n<meta property=\"og:site_name\" content=\"Estic-Maillot\" \/>\n<meta property=\"article:modified_time\" content=\"2024-09-03T08:18:42+00:00\" \/>\n<meta name=\"twitter:card\" content=\"summary_large_image\" \/>\n<script type=\"application\/ld+json\" class=\"yoast-schema-graph\">{\"@context\":\"https:\/\/schema.org\",\"@graph\":[{\"@type\":\"WebPage\",\"@id\":\"https:\/\/www.estic-maillot.com\/es\/\",\"url\":\"https:\/\/www.estic-maillot.com\/es\/\",\"name\":\"Estic-Maillot - Dise\u00f1o y fabricaci\u00f3n de travesa\u00f1os de cart\u00f3n\",\"isPartOf\":{\"@id\":\"https:\/\/www.estic-maillot.com\/es\/#website\"},\"datePublished\":\"2023-02-21T08:52:31+00:00\",\"dateModified\":\"2024-09-03T08:18:42+00:00\",\"description\":\"Soluci\u00f3n de embalaje para el env\u00edo de sus productos; separadores de cart\u00f3n para una protecci\u00f3n \u00f3ptima contra roturas y roces\",\"breadcrumb\":{\"@id\":\"https:\/\/www.estic-maillot.com\/es\/#breadcrumb\"},\"inLanguage\":\"es-ES\",\"potentialAction\":[{\"@type\":\"ReadAction\",\"target\":[\"https:\/\/www.estic-maillot.com\/es\/\"]}]},{\"@type\":\"BreadcrumbList\",\"@id\":\"https:\/\/www.estic-maillot.com\/es\/#breadcrumb\",\"itemListElement\":[{\"@type\":\"ListItem\",\"position\":1,\"name\":\"Accueil\",\"item\":\"https:\/\/www.estic-maillot.com\/es\/\"},{\"@type\":\"ListItem\",\"position\":2,\"name\":\"Estic-Maillot\"}]},{\"@type\":\"WebSite\",\"@id\":\"https:\/\/www.estic-maillot.com\/es\/#website\",\"url\":\"https:\/\/www.estic-maillot.com\/es\/\",\"name\":\"Groupe ESTIC-MAILLOT\",\"description\":\"Conception et fabrication de croisillons en carton\",\"publisher\":{\"@id\":\"https:\/\/www.estic-maillot.com\/es\/#organization\"},\"alternateName\":\"ESTIC-MAILLOT\",\"potentialAction\":[{\"@type\":\"SearchAction\",\"target\":{\"@type\":\"EntryPoint\",\"urlTemplate\":\"https:\/\/www.estic-maillot.com\/es\/?s={search_term_string}\"},\"query-input\":{\"@type\":\"PropertyValueSpecification\",\"valueRequired\":true,\"valueName\":\"search_term_string\"}}],\"inLanguage\":\"es-ES\"},{\"@type\":\"Organization\",\"@id\":\"https:\/\/www.estic-maillot.com\/es\/#organization\",\"name\":\"Groupe ESTIC-MAILLOT\",\"alternateName\":\"ESTIC-MAILLOT\",\"url\":\"https:\/\/www.estic-maillot.com\/es\/\",\"logo\":{\"@type\":\"ImageObject\",\"inLanguage\":\"es-ES\",\"@id\":\"https:\/\/www.estic-maillot.com\/es\/#\/schema\/logo\/image\/\",\"url\":\"https:\/\/www.estic-maillot.com\/wp-content\/uploads\/2023\/02\/favicon-estic-maillot.png\",\"contentUrl\":\"https:\/\/www.estic-maillot.com\/wp-content\/uploads\/2023\/02\/favicon-estic-maillot.png\",\"width\":512,\"height\":512,\"caption\":\"Groupe ESTIC-MAILLOT\"},\"image\":{\"@id\":\"https:\/\/www.estic-maillot.com\/es\/#\/schema\/logo\/image\/\"}}]}<\/script>\n<!-- \/ Yoast SEO plugin. -->","yoast_head_json":{"title":"Estic-Maillot - Dise\u00f1o y fabricaci\u00f3n de travesa\u00f1os de cart\u00f3n","description":"Soluci\u00f3n de embalaje para el env\u00edo de sus productos; separadores de cart\u00f3n para una protecci\u00f3n \u00f3ptima contra roturas y roces","robots":{"index":"index","follow":"follow","max-snippet":"max-snippet:-1","max-image-preview":"max-image-preview:large","max-video-preview":"max-video-preview:-1"},"canonical":"https:\/\/www.estic-maillot.com\/es\/","og_locale":"es_ES","og_type":"article","og_title":"Estic-Maillot - Dise\u00f1o y fabricaci\u00f3n de travesa\u00f1os de cart\u00f3n","og_description":"Soluci\u00f3n de embalaje para el env\u00edo de sus productos; separadores de cart\u00f3n para una protecci\u00f3n \u00f3ptima contra roturas y roces","og_url":"https:\/\/www.estic-maillot.com\/es\/","og_site_name":"Estic-Maillot","article_modified_time":"2024-09-03T08:18:42+00:00","twitter_card":"summary_large_image","schema":{"@context":"https:\/\/schema.org","@graph":[{"@type":"WebPage","@id":"https:\/\/www.estic-maillot.com\/es\/","url":"https:\/\/www.estic-maillot.com\/es\/","name":"Estic-Maillot - Dise\u00f1o y fabricaci\u00f3n de travesa\u00f1os de cart\u00f3n","isPartOf":{"@id":"https:\/\/www.estic-maillot.com\/es\/#website"},"datePublished":"2023-02-21T08:52:31+00:00","dateModified":"2024-09-03T08:18:42+00:00","description":"Soluci\u00f3n de embalaje para el env\u00edo de sus productos; separadores de cart\u00f3n para una protecci\u00f3n \u00f3ptima contra roturas y roces","breadcrumb":{"@id":"https:\/\/www.estic-maillot.com\/es\/#breadcrumb"},"inLanguage":"es-ES","potentialAction":[{"@type":"ReadAction","target":["https:\/\/www.estic-maillot.com\/es\/"]}]},{"@type":"BreadcrumbList","@id":"https:\/\/www.estic-maillot.com\/es\/#breadcrumb","itemListElement":[{"@type":"ListItem","position":1,"name":"Accueil","item":"https:\/\/www.estic-maillot.com\/es\/"},{"@type":"ListItem","position":2,"name":"Estic-Maillot"}]},{"@type":"WebSite","@id":"https:\/\/www.estic-maillot.com\/es\/#website","url":"https:\/\/www.estic-maillot.com\/es\/","name":"Groupe ESTIC-MAILLOT","description":"Conception et fabrication de croisillons en carton","publisher":{"@id":"https:\/\/www.estic-maillot.com\/es\/#organization"},"alternateName":"ESTIC-MAILLOT","potentialAction":[{"@type":"SearchAction","target":{"@type":"EntryPoint","urlTemplate":"https:\/\/www.estic-maillot.com\/es\/?s={search_term_string}"},"query-input":{"@type":"PropertyValueSpecification","valueRequired":true,"valueName":"search_term_string"}}],"inLanguage":"es-ES"},{"@type":"Organization","@id":"https:\/\/www.estic-maillot.com\/es\/#organization","name":"Groupe ESTIC-MAILLOT","alternateName":"ESTIC-MAILLOT","url":"https:\/\/www.estic-maillot.com\/es\/","logo":{"@type":"ImageObject","inLanguage":"es-ES","@id":"https:\/\/www.estic-maillot.com\/es\/#\/schema\/logo\/image\/","url":"https:\/\/www.estic-maillot.com\/wp-content\/uploads\/2023\/02\/favicon-estic-maillot.png","contentUrl":"https:\/\/www.estic-maillot.com\/wp-content\/uploads\/2023\/02\/favicon-estic-maillot.png","width":512,"height":512,"caption":"Groupe ESTIC-MAILLOT"},"image":{"@id":"https:\/\/www.estic-maillot.com\/es\/#\/schema\/logo\/image\/"}}]}},"_links":{"self":[{"href":"https:\/\/www.estic-maillot.com\/es\/wp-json\/wp\/v2\/pages\/9330","targetHints":{"allow":["GET"]}}],"collection":[{"href":"https:\/\/www.estic-maillot.com\/es\/wp-json\/wp\/v2\/pages"}],"about":[{"href":"https:\/\/www.estic-maillot.com\/es\/wp-json\/wp\/v2\/types\/page"}],"author":[{"embeddable":true,"href":"https:\/\/www.estic-maillot.com\/es\/wp-json\/wp\/v2\/users\/1"}],"replies":[{"embeddable":true,"href":"https:\/\/www.estic-maillot.com\/es\/wp-json\/wp\/v2\/comments?post=9330"}],"version-history":[{"count":8,"href":"https:\/\/www.estic-maillot.com\/es\/wp-json\/wp\/v2\/pages\/9330\/revisions"}],"predecessor-version":[{"id":9665,"href":"https:\/\/www.estic-maillot.com\/es\/wp-json\/wp\/v2\/pages\/9330\/revisions\/9665"}],"wp:attachment":[{"href":"https:\/\/www.estic-maillot.com\/es\/wp-json\/wp\/v2\/media?parent=9330"}],"curies":[{"name":"wp","href":"https:\/\/api.w.org\/{rel}","templated":true}]}}