{"id":9254,"date":"2023-06-06T10:12:35","date_gmt":"2023-06-06T08:12:35","guid":{"rendered":"https:\/\/www.estic-maillot.com\/le-groupe\/"},"modified":"2025-06-17T08:41:45","modified_gmt":"2025-06-17T06:41:45","slug":"le-groupe","status":"publish","type":"page","link":"https:\/\/www.estic-maillot.com\/en\/le-groupe\/","title":{"rendered":"Le groupe"},"content":{"rendered":"\t\t<div data-elementor-type=\"wp-page\" data-elementor-id=\"9254\" class=\"elementor elementor-9254 elementor-8819\" data-elementor-post-type=\"page\">\n\t\t\t\t\t\t<section class=\"elementor-section elementor-top-section elementor-element elementor-element-fe676ad elementor-section-boxed elementor-section-height-default elementor-section-height-default\" data-id=\"fe676ad\" data-element_type=\"section\">\n\t\t\t\t\t\t<div class=\"elementor-container elementor-column-gap-default\">\n\t\t\t\t\t<div class=\"elementor-column elementor-col-100 elementor-top-column elementor-element elementor-element-204232d\" data-id=\"204232d\" data-element_type=\"column\">\n\t\t\t<div class=\"elementor-widget-wrap elementor-element-populated\">\n\t\t\t\t\t\t<div class=\"elementor-element elementor-element-47782d7 elementor-widget elementor-widget-heading\" data-id=\"47782d7\" data-element_type=\"widget\" data-widget_type=\"heading.default\">\n\t\t\t\t<div class=\"elementor-widget-container\">\n\t\t\t<h2 class=\"elementor-heading-title elementor-size-default\">Qui sommes-nous ?<\/h2>\t\t<\/div>\n\t\t\t\t<\/div>\n\t\t\t\t\t<\/div>\n\t\t<\/div>\n\t\t\t\t\t<\/div>\n\t\t<\/section>\n\t\t\t\t<section class=\"elementor-section elementor-top-section elementor-element elementor-element-2cac1de elementor-section-boxed elementor-section-height-default elementor-section-height-default\" data-id=\"2cac1de\" data-element_type=\"section\">\n\t\t\t\t\t\t<div class=\"elementor-container elementor-column-gap-default\">\n\t\t\t\t\t<div class=\"elementor-column elementor-col-100 elementor-top-column elementor-element elementor-element-89f0d9c\" data-id=\"89f0d9c\" data-element_type=\"column\">\n\t\t\t<div class=\"elementor-widget-wrap elementor-element-populated\">\n\t\t\t\t\t\t<div class=\"elementor-element elementor-element-7b8f467 elementor-widget elementor-widget-text-editor\" data-id=\"7b8f467\" data-element_type=\"widget\" data-widget_type=\"text-editor.default\">\n\t\t\t\t<div class=\"elementor-widget-container\">\n\t\t\t\t\t\t\t<p>Estic-Maillot Packaging Group est un groupe familial fran\u00e7ais sp\u00e9cialis\u00e9 dans l\u2019industrie du cartonnage depuis 1924 soit pr\u00e8s d\u2019un si\u00e8cle. Afin d\u2019\u00eatre au proche de nos clients et de toujours mieux les servir, nous faisons le choix en 1999 de nous implanter \u00e0 l\u2019international. Notre groupe est aujourd\u2019hui constitu\u00e9 de 8 sites de production en France, Europe et Etats-Unis. Nous livrons ainsi l\u2019ensemble de l\u2019Europe et le Sud-Est des Etats-Unis. Notre c\u0153ur de m\u00e9tier historique est la fabrication de croisillons en carton, mais le groupe s\u2019est diversifi\u00e9 au fil des d\u00e9cennies en int\u00e9grant les m\u00e9tiers d\u2019impression, fabrication de packaging en carton compact, coffrets et pr\u00e9sentoirs en carton ondul\u00e9 contrecoll\u00e9, et enfin le carton alv\u00e9olaire.<\/p>\t\t\t\t\t\t<\/div>\n\t\t\t\t<\/div>\n\t\t\t\t<div class=\"elementor-element elementor-element-ea4d04c elementor-align-center elementor-widget elementor-widget-button\" data-id=\"ea4d04c\" data-element_type=\"widget\" data-widget_type=\"button.default\">\n\t\t\t\t<div class=\"elementor-widget-container\">\n\t\t\t\t\t\t\t<div class=\"elementor-button-wrapper\">\n\t\t\t\t\t<a class=\"elementor-button elementor-button-link elementor-size-sm\" href=\"\/contact#contact\">\n\t\t\t\t\t\t<span class=\"elementor-button-content-wrapper\">\n\t\t\t\t\t\t\t\t\t<span class=\"elementor-button-text\">Nous contacter<\/span>\n\t\t\t\t\t<\/span>\n\t\t\t\t\t<\/a>\n\t\t\t\t<\/div>\n\t\t\t\t\t\t<\/div>\n\t\t\t\t<\/div>\n\t\t\t\t\t<\/div>\n\t\t<\/div>\n\t\t\t\t\t<\/div>\n\t\t<\/section>\n\t\t\t\t<section class=\"elementor-section elementor-top-section elementor-element elementor-element-86d254f elementor-section-boxed elementor-section-height-default elementor-section-height-default\" data-id=\"86d254f\" data-element_type=\"section\">\n\t\t\t\t\t\t<div class=\"elementor-container elementor-column-gap-default\">\n\t\t\t\t\t<div class=\"elementor-column elementor-col-100 elementor-top-column elementor-element elementor-element-a6020eb\" data-id=\"a6020eb\" data-element_type=\"column\">\n\t\t\t<div class=\"elementor-widget-wrap elementor-element-populated\">\n\t\t\t\t\t\t<div class=\"elementor-element elementor-element-15c2ae8 elementor-widget elementor-widget-heading\" data-id=\"15c2ae8\" data-element_type=\"widget\" data-widget_type=\"heading.default\">\n\t\t\t\t<div class=\"elementor-widget-container\">\n\t\t\t<h2 class=\"elementor-heading-title elementor-size-default\">Historique<\/h2>\t\t<\/div>\n\t\t\t\t<\/div>\n\t\t\t\t\t<\/div>\n\t\t<\/div>\n\t\t\t\t\t<\/div>\n\t\t<\/section>\n\t\t\t\t<section class=\"elementor-section elementor-top-section elementor-element elementor-element-8970302 elementor-section-boxed elementor-section-height-default elementor-section-height-default\" data-id=\"8970302\" data-element_type=\"section\">\n\t\t\t\t\t\t<div class=\"elementor-container elementor-column-gap-default\">\n\t\t\t\t\t<div class=\"elementor-column elementor-col-100 elementor-top-column elementor-element elementor-element-949f319\" data-id=\"949f319\" data-element_type=\"column\">\n\t\t\t<div class=\"elementor-widget-wrap elementor-element-populated\">\n\t\t\t\t\t\t<div class=\"elementor-element elementor-element-64a0f1c elementor-widget elementor-widget-text-editor\" data-id=\"64a0f1c\" data-element_type=\"widget\" data-widget_type=\"text-editor.default\">\n\t\t\t\t<div class=\"elementor-widget-container\">\n\t\t\t\t\t\t\t<ul><li>1924 : Naissance de la soci\u00e9t\u00e9 historique Estic-Maillot en plein centre de Brioude en Haute-Loire, usine de fabrication de croisillons en carton<\/li><li>1972 : cr\u00e9ation de notre soci\u00e9t\u00e9 Sietcam sp\u00e9cialis\u00e9e dans la fabrication d\u2019emballage imprim\u00e9 en carton ondul\u00e9<\/li><li>1992 : cr\u00e9ation de notre soci\u00e9t\u00e9 CIP sp\u00e9cialis\u00e9e dans la fabrication de packaging en carton compact<\/li><li>1995 : d\u00e9m\u00e9nagement de notre usine historique de fabrication de croisillons de Brioude \u00e0 Cohade<\/li><li>1999 : 1ere implantation \u00e0 l\u2019international (Belgique) avec la naissance d\u2019Eurodividers, sp\u00e9cialis\u00e9e dans la fabrication de croisillon carton<\/li><li>2000 : le groupe se diversifie en d\u00e9veloppant une nouvelle activit\u00e9, la fabrication de carton alv\u00e9olaire, avec la cr\u00e9ation de Nidatec \u00e0 St-Flour dans le Cantal.<\/li><li>2008 : cr\u00e9ation de Premier Packaging Products \u00e0 Atlanta aux Etats-Unis, usine de fabrication de croisillon carton<\/li><li>2010 : D\u00e9marrage d\u2019une activit\u00e9 de fabrication de carton alv\u00e9olaire au sein de notre usine am\u00e9ricaine.<\/li><li>2014 : D\u00e9marrage de l\u2019activit\u00e9 nid d\u2019abeille au sein de notre usine Belge, afin de servir le nord de la France et l\u2019Europe du nord.<\/li><li>2019 : Cr\u00e9ation de l\u2019activit\u00e9 impression et d\u00e9coupe num\u00e9rique au sein de Sietcam.<\/li><li>2021 : implantation d\u2019une usine de fabrication de croisillons \u00e0 Parme en Italie (Estic Maillot Italia)<\/li><li>2022 : implantation d\u2019une usine de fabrication de croisillons \u00e0 Guadalajara en Espagne (Estic Maillot Espa\u00f1a)<\/li><\/ul>\t\t\t\t\t\t<\/div>\n\t\t\t\t<\/div>\n\t\t\t\t\t<\/div>\n\t\t<\/div>\n\t\t\t\t\t<\/div>\n\t\t<\/section>\n\t\t\t\t<section class=\"elementor-section elementor-top-section elementor-element elementor-element-f65f82c elementor-section-boxed elementor-section-height-default elementor-section-height-default\" data-id=\"f65f82c\" data-element_type=\"section\">\n\t\t\t\t\t\t<div class=\"elementor-container elementor-column-gap-default\">\n\t\t\t\t\t<div class=\"elementor-column elementor-col-100 elementor-top-column elementor-element elementor-element-15222f0\" data-id=\"15222f0\" data-element_type=\"column\">\n\t\t\t<div class=\"elementor-widget-wrap elementor-element-populated\">\n\t\t\t\t\t\t<div class=\"elementor-element elementor-element-35a0e60 elementor-widget elementor-widget-heading\" data-id=\"35a0e60\" data-element_type=\"widget\" data-widget_type=\"heading.default\">\n\t\t\t\t<div class=\"elementor-widget-container\">\n\t\t\t<h2 class=\"elementor-heading-title elementor-size-default\">Pourquoi faire appel \u00e0 nous&nbsp;?<\/h2>\t\t<\/div>\n\t\t\t\t<\/div>\n\t\t\t\t\t<\/div>\n\t\t<\/div>\n\t\t\t\t\t<\/div>\n\t\t<\/section>\n\t\t\t\t<section class=\"elementor-section elementor-top-section elementor-element elementor-element-054dae1 elementor-section-boxed elementor-section-height-default elementor-section-height-default\" data-id=\"054dae1\" data-element_type=\"section\">\n\t\t\t\t\t\t<div class=\"elementor-container elementor-column-gap-default\">\n\t\t\t\t\t<div class=\"elementor-column elementor-col-100 elementor-top-column elementor-element elementor-element-ca6a13f\" data-id=\"ca6a13f\" data-element_type=\"column\">\n\t\t\t<div class=\"elementor-widget-wrap elementor-element-populated\">\n\t\t\t\t\t\t<div class=\"elementor-element elementor-element-6dfa0eb elementor-widget elementor-widget-text-editor\" data-id=\"6dfa0eb\" data-element_type=\"widget\" data-widget_type=\"text-editor.default\">\n\t\t\t\t<div class=\"elementor-widget-container\">\n\t\t\t\t\t\t\t<ul><li>100 ans d\u2019exp\u00e9rience dans le cartonnage<\/li><li>Groupe familial<\/li><li>S\u00e9curit\u00e9 et puissance d\u2019un groupe international<\/li><li>Flexibilit\u00e9 et r\u00e9activit\u00e9 d\u2019une structure \u00e0 taille humaine<\/li><li>Niveau de service in\u00e9gal\u00e9<\/li><li>Engagement qualit\u00e9 : ISO 9001<\/li><li>Engagement environnemental : FSC \u00ae (n\u00b0 de contr\u00f4le : BV-COC-151488), Imprim Vert<\/li><li>Engagement RSE : Ecovadis<\/li><\/ul>\t\t\t\t\t\t<\/div>\n\t\t\t\t<\/div>\n\t\t\t\t\t<\/div>\n\t\t<\/div>\n\t\t\t\t\t<\/div>\n\t\t<\/section>\n\t\t\t\t<section class=\"elementor-section elementor-top-section elementor-element elementor-element-a4cfa49 elementor-section-boxed elementor-section-height-default elementor-section-height-default\" data-id=\"a4cfa49\" data-element_type=\"section\">\n\t\t\t\t\t\t<div class=\"elementor-container elementor-column-gap-default\">\n\t\t\t\t\t<div class=\"elementor-column elementor-col-100 elementor-top-column elementor-element elementor-element-906b45c\" data-id=\"906b45c\" data-element_type=\"column\">\n\t\t\t<div class=\"elementor-widget-wrap elementor-element-populated\">\n\t\t\t\t\t\t<div class=\"elementor-element elementor-element-3ee2e80 elementor-align-center elementor-widget elementor-widget-button\" data-id=\"3ee2e80\" data-element_type=\"widget\" data-widget_type=\"button.default\">\n\t\t\t\t<div class=\"elementor-widget-container\">\n\t\t\t\t\t\t\t<div class=\"elementor-button-wrapper\">\n\t\t\t\t\t<a class=\"elementor-button elementor-button-link elementor-size-sm\" href=\"\/contact#contact\">\n\t\t\t\t\t\t<span class=\"elementor-button-content-wrapper\">\n\t\t\t\t\t\t\t\t\t<span class=\"elementor-button-text\">Nous contacter<\/span>\n\t\t\t\t\t<\/span>\n\t\t\t\t\t<\/a>\n\t\t\t\t<\/div>\n\t\t\t\t\t\t<\/div>\n\t\t\t\t<\/div>\n\t\t\t\t\t<\/div>\n\t\t<\/div>\n\t\t\t\t\t<\/div>\n\t\t<\/section>\n\t\t\t\t<\/div>\n\t\t","protected":false},"excerpt":{"rendered":"<p>Qui sommes-nous ? Estic-Maillot Packaging Group est un groupe familial fran\u00e7ais sp\u00e9cialis\u00e9 dans l\u2019industrie du cartonnage depuis 1924 soit pr\u00e8s d\u2019un si\u00e8cle. Afin d\u2019\u00eatre au proche de nos clients et de toujours mieux les servir, nous faisons le choix en 1999 de nous implanter \u00e0 l\u2019international. Notre groupe est aujourd\u2019hui constitu\u00e9 de 8 sites de [&hellip;]<\/p>\n","protected":false},"author":4,"featured_media":8874,"parent":0,"menu_order":0,"comment_status":"closed","ping_status":"closed","template":"","meta":{"_acf_changed":false,"footnotes":""},"class_list":["post-9254","page","type-page","status-publish","has-post-thumbnail","hentry"],"acf":[],"yoast_head":"<!-- This site is optimized with the Yoast SEO plugin v24.4 - https:\/\/yoast.com\/wordpress\/plugins\/seo\/ -->\n<title>Le groupe - Estic-Maillot<\/title>\n<meta name=\"robots\" content=\"index, follow, max-snippet:-1, max-image-preview:large, max-video-preview:-1\" \/>\n<link rel=\"canonical\" href=\"https:\/\/www.estic-maillot.com\/en\/le-groupe\/\" \/>\n<meta property=\"og:locale\" content=\"en_US\" \/>\n<meta property=\"og:type\" content=\"article\" \/>\n<meta property=\"og:title\" content=\"Le groupe - Estic-Maillot\" \/>\n<meta property=\"og:description\" content=\"Qui sommes-nous ? Estic-Maillot Packaging Group est un groupe familial fran\u00e7ais sp\u00e9cialis\u00e9 dans l\u2019industrie du cartonnage depuis 1924 soit pr\u00e8s d\u2019un si\u00e8cle. Afin d\u2019\u00eatre au proche de nos clients et de toujours mieux les servir, nous faisons le choix en 1999 de nous implanter \u00e0 l\u2019international. Notre groupe est aujourd\u2019hui constitu\u00e9 de 8 sites de [&hellip;]\" \/>\n<meta property=\"og:url\" content=\"https:\/\/www.estic-maillot.com\/en\/le-groupe\/\" \/>\n<meta property=\"og:site_name\" content=\"Estic-Maillot\" \/>\n<meta property=\"article:modified_time\" content=\"2025-06-17T06:41:45+00:00\" \/>\n<meta property=\"og:image\" content=\"https:\/\/www.estic-maillot.com\/wp-content\/uploads\/2023\/06\/estic-usine-eurodividers-france.jpeg\" \/>\n\t<meta property=\"og:image:width\" content=\"1920\" \/>\n\t<meta property=\"og:image:height\" content=\"1128\" \/>\n\t<meta property=\"og:image:type\" content=\"image\/jpeg\" \/>\n<meta name=\"twitter:card\" content=\"summary_large_image\" \/>\n<meta name=\"twitter:label1\" content=\"Est. reading time\" \/>\n\t<meta name=\"twitter:data1\" content=\"2 minutes\" \/>\n<script type=\"application\/ld+json\" class=\"yoast-schema-graph\">{\"@context\":\"https:\/\/schema.org\",\"@graph\":[{\"@type\":\"WebPage\",\"@id\":\"https:\/\/www.estic-maillot.com\/en\/le-groupe\/\",\"url\":\"https:\/\/www.estic-maillot.com\/en\/le-groupe\/\",\"name\":\"Le groupe - Estic-Maillot\",\"isPartOf\":{\"@id\":\"https:\/\/www.estic-maillot.com\/en\/#website\"},\"primaryImageOfPage\":{\"@id\":\"https:\/\/www.estic-maillot.com\/en\/le-groupe\/#primaryimage\"},\"image\":{\"@id\":\"https:\/\/www.estic-maillot.com\/en\/le-groupe\/#primaryimage\"},\"thumbnailUrl\":\"https:\/\/www.estic-maillot.com\/wp-content\/uploads\/2023\/06\/estic-usine-eurodividers-france.jpeg\",\"datePublished\":\"2023-06-06T08:12:35+00:00\",\"dateModified\":\"2025-06-17T06:41:45+00:00\",\"breadcrumb\":{\"@id\":\"https:\/\/www.estic-maillot.com\/en\/le-groupe\/#breadcrumb\"},\"inLanguage\":\"en-US\",\"potentialAction\":[{\"@type\":\"ReadAction\",\"target\":[\"https:\/\/www.estic-maillot.com\/en\/le-groupe\/\"]}]},{\"@type\":\"ImageObject\",\"inLanguage\":\"en-US\",\"@id\":\"https:\/\/www.estic-maillot.com\/en\/le-groupe\/#primaryimage\",\"url\":\"https:\/\/www.estic-maillot.com\/wp-content\/uploads\/2023\/06\/estic-usine-eurodividers-france.jpeg\",\"contentUrl\":\"https:\/\/www.estic-maillot.com\/wp-content\/uploads\/2023\/06\/estic-usine-eurodividers-france.jpeg\",\"width\":1920,\"height\":1128},{\"@type\":\"BreadcrumbList\",\"@id\":\"https:\/\/www.estic-maillot.com\/en\/le-groupe\/#breadcrumb\",\"itemListElement\":[{\"@type\":\"ListItem\",\"position\":1,\"name\":\"Accueil\",\"item\":\"https:\/\/www.estic-maillot.com\/en\/\"},{\"@type\":\"ListItem\",\"position\":2,\"name\":\"Le groupe\"}]},{\"@type\":\"WebSite\",\"@id\":\"https:\/\/www.estic-maillot.com\/en\/#website\",\"url\":\"https:\/\/www.estic-maillot.com\/en\/\",\"name\":\"Groupe ESTIC-MAILLOT\",\"description\":\"Conception et fabrication de croisillons en carton\",\"publisher\":{\"@id\":\"https:\/\/www.estic-maillot.com\/en\/#organization\"},\"alternateName\":\"ESTIC-MAILLOT\",\"potentialAction\":[{\"@type\":\"SearchAction\",\"target\":{\"@type\":\"EntryPoint\",\"urlTemplate\":\"https:\/\/www.estic-maillot.com\/en\/?s={search_term_string}\"},\"query-input\":{\"@type\":\"PropertyValueSpecification\",\"valueRequired\":true,\"valueName\":\"search_term_string\"}}],\"inLanguage\":\"en-US\"},{\"@type\":\"Organization\",\"@id\":\"https:\/\/www.estic-maillot.com\/en\/#organization\",\"name\":\"Groupe ESTIC-MAILLOT\",\"alternateName\":\"ESTIC-MAILLOT\",\"url\":\"https:\/\/www.estic-maillot.com\/en\/\",\"logo\":{\"@type\":\"ImageObject\",\"inLanguage\":\"en-US\",\"@id\":\"https:\/\/www.estic-maillot.com\/en\/#\/schema\/logo\/image\/\",\"url\":\"https:\/\/www.estic-maillot.com\/wp-content\/uploads\/2023\/02\/favicon-estic-maillot.png\",\"contentUrl\":\"https:\/\/www.estic-maillot.com\/wp-content\/uploads\/2023\/02\/favicon-estic-maillot.png\",\"width\":512,\"height\":512,\"caption\":\"Groupe ESTIC-MAILLOT\"},\"image\":{\"@id\":\"https:\/\/www.estic-maillot.com\/en\/#\/schema\/logo\/image\/\"}}]}<\/script>\n<!-- \/ Yoast SEO plugin. -->","yoast_head_json":{"title":"Le groupe - Estic-Maillot","robots":{"index":"index","follow":"follow","max-snippet":"max-snippet:-1","max-image-preview":"max-image-preview:large","max-video-preview":"max-video-preview:-1"},"canonical":"https:\/\/www.estic-maillot.com\/en\/le-groupe\/","og_locale":"en_US","og_type":"article","og_title":"Le groupe - Estic-Maillot","og_description":"Qui sommes-nous ? Estic-Maillot Packaging Group est un groupe familial fran\u00e7ais sp\u00e9cialis\u00e9 dans l\u2019industrie du cartonnage depuis 1924 soit pr\u00e8s d\u2019un si\u00e8cle. Afin d\u2019\u00eatre au proche de nos clients et de toujours mieux les servir, nous faisons le choix en 1999 de nous implanter \u00e0 l\u2019international. Notre groupe est aujourd\u2019hui constitu\u00e9 de 8 sites de [&hellip;]","og_url":"https:\/\/www.estic-maillot.com\/en\/le-groupe\/","og_site_name":"Estic-Maillot","article_modified_time":"2025-06-17T06:41:45+00:00","og_image":[{"width":1920,"height":1128,"url":"https:\/\/www.estic-maillot.com\/wp-content\/uploads\/2023\/06\/estic-usine-eurodividers-france.jpeg","type":"image\/jpeg"}],"twitter_card":"summary_large_image","twitter_misc":{"Est. reading time":"2 minutes"},"schema":{"@context":"https:\/\/schema.org","@graph":[{"@type":"WebPage","@id":"https:\/\/www.estic-maillot.com\/en\/le-groupe\/","url":"https:\/\/www.estic-maillot.com\/en\/le-groupe\/","name":"Le groupe - Estic-Maillot","isPartOf":{"@id":"https:\/\/www.estic-maillot.com\/en\/#website"},"primaryImageOfPage":{"@id":"https:\/\/www.estic-maillot.com\/en\/le-groupe\/#primaryimage"},"image":{"@id":"https:\/\/www.estic-maillot.com\/en\/le-groupe\/#primaryimage"},"thumbnailUrl":"https:\/\/www.estic-maillot.com\/wp-content\/uploads\/2023\/06\/estic-usine-eurodividers-france.jpeg","datePublished":"2023-06-06T08:12:35+00:00","dateModified":"2025-06-17T06:41:45+00:00","breadcrumb":{"@id":"https:\/\/www.estic-maillot.com\/en\/le-groupe\/#breadcrumb"},"inLanguage":"en-US","potentialAction":[{"@type":"ReadAction","target":["https:\/\/www.estic-maillot.com\/en\/le-groupe\/"]}]},{"@type":"ImageObject","inLanguage":"en-US","@id":"https:\/\/www.estic-maillot.com\/en\/le-groupe\/#primaryimage","url":"https:\/\/www.estic-maillot.com\/wp-content\/uploads\/2023\/06\/estic-usine-eurodividers-france.jpeg","contentUrl":"https:\/\/www.estic-maillot.com\/wp-content\/uploads\/2023\/06\/estic-usine-eurodividers-france.jpeg","width":1920,"height":1128},{"@type":"BreadcrumbList","@id":"https:\/\/www.estic-maillot.com\/en\/le-groupe\/#breadcrumb","itemListElement":[{"@type":"ListItem","position":1,"name":"Accueil","item":"https:\/\/www.estic-maillot.com\/en\/"},{"@type":"ListItem","position":2,"name":"Le groupe"}]},{"@type":"WebSite","@id":"https:\/\/www.estic-maillot.com\/en\/#website","url":"https:\/\/www.estic-maillot.com\/en\/","name":"Groupe ESTIC-MAILLOT","description":"Conception et fabrication de croisillons en carton","publisher":{"@id":"https:\/\/www.estic-maillot.com\/en\/#organization"},"alternateName":"ESTIC-MAILLOT","potentialAction":[{"@type":"SearchAction","target":{"@type":"EntryPoint","urlTemplate":"https:\/\/www.estic-maillot.com\/en\/?s={search_term_string}"},"query-input":{"@type":"PropertyValueSpecification","valueRequired":true,"valueName":"search_term_string"}}],"inLanguage":"en-US"},{"@type":"Organization","@id":"https:\/\/www.estic-maillot.com\/en\/#organization","name":"Groupe ESTIC-MAILLOT","alternateName":"ESTIC-MAILLOT","url":"https:\/\/www.estic-maillot.com\/en\/","logo":{"@type":"ImageObject","inLanguage":"en-US","@id":"https:\/\/www.estic-maillot.com\/en\/#\/schema\/logo\/image\/","url":"https:\/\/www.estic-maillot.com\/wp-content\/uploads\/2023\/02\/favicon-estic-maillot.png","contentUrl":"https:\/\/www.estic-maillot.com\/wp-content\/uploads\/2023\/02\/favicon-estic-maillot.png","width":512,"height":512,"caption":"Groupe ESTIC-MAILLOT"},"image":{"@id":"https:\/\/www.estic-maillot.com\/en\/#\/schema\/logo\/image\/"}}]}},"_links":{"self":[{"href":"https:\/\/www.estic-maillot.com\/en\/wp-json\/wp\/v2\/pages\/9254","targetHints":{"allow":["GET"]}}],"collection":[{"href":"https:\/\/www.estic-maillot.com\/en\/wp-json\/wp\/v2\/pages"}],"about":[{"href":"https:\/\/www.estic-maillot.com\/en\/wp-json\/wp\/v2\/types\/page"}],"author":[{"embeddable":true,"href":"https:\/\/www.estic-maillot.com\/en\/wp-json\/wp\/v2\/users\/4"}],"replies":[{"embeddable":true,"href":"https:\/\/www.estic-maillot.com\/en\/wp-json\/wp\/v2\/comments?post=9254"}],"version-history":[{"count":11,"href":"https:\/\/www.estic-maillot.com\/en\/wp-json\/wp\/v2\/pages\/9254\/revisions"}],"predecessor-version":[{"id":12299,"href":"https:\/\/www.estic-maillot.com\/en\/wp-json\/wp\/v2\/pages\/9254\/revisions\/12299"}],"wp:featuredmedia":[{"embeddable":true,"href":"https:\/\/www.estic-maillot.com\/en\/wp-json\/wp\/v2\/media\/8874"}],"wp:attachment":[{"href":"https:\/\/www.estic-maillot.com\/en\/wp-json\/wp\/v2\/media?parent=9254"}],"curies":[{"name":"wp","href":"https:\/\/api.w.org\/{rel}","templated":true}]}}