{"id":8827,"date":"2023-06-06T10:12:35","date_gmt":"2023-06-06T08:12:35","guid":{"rendered":"https:\/\/www.estic-maillot.com\/le-groupe\/"},"modified":"2023-06-06T14:10:43","modified_gmt":"2023-06-06T12:10:43","slug":"die-gruppe","status":"publish","type":"page","link":"https:\/\/www.estic-maillot.com\/de\/die-gruppe\/","title":{"rendered":"Die Gruppe"},"content":{"rendered":"\t\t<div data-elementor-type=\"wp-page\" data-elementor-id=\"8827\" class=\"elementor elementor-8827 elementor-8819\" data-elementor-post-type=\"page\">\n\t\t\t\t\t\t<section class=\"elementor-section elementor-top-section elementor-element elementor-element-fe676ad elementor-section-boxed elementor-section-height-default elementor-section-height-default\" data-id=\"fe676ad\" data-element_type=\"section\">\n\t\t\t\t\t\t<div class=\"elementor-container elementor-column-gap-default\">\n\t\t\t\t\t<div class=\"elementor-column elementor-col-100 elementor-top-column elementor-element elementor-element-204232d\" data-id=\"204232d\" data-element_type=\"column\">\n\t\t\t<div class=\"elementor-widget-wrap elementor-element-populated\">\n\t\t\t\t\t\t<div class=\"elementor-element elementor-element-47782d7 elementor-widget elementor-widget-heading\" data-id=\"47782d7\" data-element_type=\"widget\" data-widget_type=\"heading.default\">\n\t\t\t\t<div class=\"elementor-widget-container\">\n\t\t\t<h2 class=\"elementor-heading-title elementor-size-default\">\u00dcber uns<\/h2>\t\t<\/div>\n\t\t\t\t<\/div>\n\t\t\t\t\t<\/div>\n\t\t<\/div>\n\t\t\t\t\t<\/div>\n\t\t<\/section>\n\t\t\t\t<section class=\"elementor-section elementor-top-section elementor-element elementor-element-2cac1de elementor-section-boxed elementor-section-height-default elementor-section-height-default\" data-id=\"2cac1de\" data-element_type=\"section\">\n\t\t\t\t\t\t<div class=\"elementor-container elementor-column-gap-default\">\n\t\t\t\t\t<div class=\"elementor-column elementor-col-100 elementor-top-column elementor-element elementor-element-89f0d9c\" data-id=\"89f0d9c\" data-element_type=\"column\">\n\t\t\t<div class=\"elementor-widget-wrap elementor-element-populated\">\n\t\t\t\t\t\t<div class=\"elementor-element elementor-element-7b8f467 elementor-widget elementor-widget-text-editor\" data-id=\"7b8f467\" data-element_type=\"widget\" data-widget_type=\"text-editor.default\">\n\t\t\t\t<div class=\"elementor-widget-container\">\n\t\t\t\t\t\t\t<p>Estic-Maillot Packaging Group ist ein franz\u00f6sischer Familienkonzern, der sich seit 1924, also seit fast einem Jahrhundert, auf die Kartonagenindustrie spezialisiert hat. Um unseren Kunden nahe zu sein und sie immer besser bedienen zu k\u00f6nnen, entscheiden wir uns 1999 daf\u00fcr, international t\u00e4tig zu werden. Unsere Gruppe besteht heute aus acht Produktionsst\u00e4tten in Frankreich, Europa und den USA. Auf diese Weise beliefern wir ganz Europa und den S\u00fcdosten der USA. Unser historisches Kerngesch\u00e4ft ist die Herstellung von Kartontrennw\u00e4nden, aber die Gruppe hat sich im Laufe der Jahrzehnte diversifiziert, indem sie die Bereiche Druck, Herstellung von Verpackungen aus Vollpappe, Schachteln und Displays aus kaschierter Wellpappe und schlie\u00dflich Wabenpappe integriert hat.<\/p>\t\t\t\t\t\t<\/div>\n\t\t\t\t<\/div>\n\t\t\t\t\t<\/div>\n\t\t<\/div>\n\t\t\t\t\t<\/div>\n\t\t<\/section>\n\t\t\t\t<section class=\"elementor-section elementor-top-section elementor-element elementor-element-86d254f elementor-section-boxed elementor-section-height-default elementor-section-height-default\" data-id=\"86d254f\" data-element_type=\"section\">\n\t\t\t\t\t\t<div class=\"elementor-container elementor-column-gap-default\">\n\t\t\t\t\t<div class=\"elementor-column elementor-col-100 elementor-top-column elementor-element elementor-element-a6020eb\" data-id=\"a6020eb\" data-element_type=\"column\">\n\t\t\t<div class=\"elementor-widget-wrap elementor-element-populated\">\n\t\t\t\t\t\t<div class=\"elementor-element elementor-element-15c2ae8 elementor-widget elementor-widget-heading\" data-id=\"15c2ae8\" data-element_type=\"widget\" data-widget_type=\"heading.default\">\n\t\t\t\t<div class=\"elementor-widget-container\">\n\t\t\t<h2 class=\"elementor-heading-title elementor-size-default\">Unsere Geschichte<\/h2>\t\t<\/div>\n\t\t\t\t<\/div>\n\t\t\t\t\t<\/div>\n\t\t<\/div>\n\t\t\t\t\t<\/div>\n\t\t<\/section>\n\t\t\t\t<section class=\"elementor-section elementor-top-section elementor-element elementor-element-8970302 elementor-section-boxed elementor-section-height-default elementor-section-height-default\" data-id=\"8970302\" data-element_type=\"section\">\n\t\t\t\t\t\t<div class=\"elementor-container elementor-column-gap-default\">\n\t\t\t\t\t<div class=\"elementor-column elementor-col-100 elementor-top-column elementor-element elementor-element-949f319\" data-id=\"949f319\" data-element_type=\"column\">\n\t\t\t<div class=\"elementor-widget-wrap elementor-element-populated\">\n\t\t\t\t\t\t<div class=\"elementor-element elementor-element-64a0f1c elementor-widget elementor-widget-text-editor\" data-id=\"64a0f1c\" data-element_type=\"widget\" data-widget_type=\"text-editor.default\">\n\t\t\t\t<div class=\"elementor-widget-container\">\n\t\t\t\t\t\t\t<ul><li>1924: Entstehung des historischen Unternehmens Estic-Maillot mitten im Zentrum von Brioude in der Haute-Loire, einer Fabrik zur Herstellung von Gefache aus Karton.<\/li><li>1972: Gr\u00fcndung unseres Unternehmens Sietcam, das auf die Herstellung von bedruckten Verpackungen aus Wellpappe spezialisiert ist.<\/li><li>1992: Gr\u00fcndung unseres Unternehmens CIP, das auf die Herstellung von Verpackungen aus Vollpappe spezialisiert ist.<\/li><li>1995: Umzug unserer historischen Fabrik zur Herstellung von Trenneins\u00e4tzen von Brioude nach Cohade.<\/li><li>1999: Erste internationale Niederlassung (Belgien) mit der Gr\u00fcndung von Eurodividers, spezialisiert auf die Herstellung von Gitterstegen<\/li><li>2000: Die Gruppe diversifiziert sich durch die Entwicklung einer neuen Aktivit\u00e4t, der Herstellung von Wabenkarton, mit der Gr\u00fcndung von Nidatec in St-Flour im Cantal.<\/li><li>2008: Gr\u00fcndung von Premier Packaging Products in Atlanta, USA, einem Werk zur Herstellung von Gitterstegen.<\/li><li>2010: Beginn der Herstellung von Wabenkarton in unserem US-Werk.<\/li><li>2014: Start des Produktbereichs Waben in unserer belgischen Fabrik, um Nordfrankreich und Nordeuropa zu bedienen.<\/li><li>2019: Gr\u00fcndung des Gesch\u00e4ftsbereichs Digitaldruck und -schneiden innerhalb von Sietcam.<\/li><li>2021: Errichtung eines Werks zur Herstellung von Trenneins\u00e4tzen in Parma, Italien (Estic Maillot Italia)<\/li><li>2022: Errichtung eines Werks zur Herstellung von Trenneins\u00e4tzen in Guadalajara, Spanien (Estic Maillot Espa\u00f1a)<\/li><\/ul>\t\t\t\t\t\t<\/div>\n\t\t\t\t<\/div>\n\t\t\t\t\t<\/div>\n\t\t<\/div>\n\t\t\t\t\t<\/div>\n\t\t<\/section>\n\t\t\t\t<section class=\"elementor-section elementor-top-section elementor-element elementor-element-f65f82c elementor-section-boxed elementor-section-height-default elementor-section-height-default\" data-id=\"f65f82c\" data-element_type=\"section\">\n\t\t\t\t\t\t<div class=\"elementor-container elementor-column-gap-default\">\n\t\t\t\t\t<div class=\"elementor-column elementor-col-100 elementor-top-column elementor-element elementor-element-15222f0\" data-id=\"15222f0\" data-element_type=\"column\">\n\t\t\t<div class=\"elementor-widget-wrap elementor-element-populated\">\n\t\t\t\t\t\t<div class=\"elementor-element elementor-element-35a0e60 elementor-widget elementor-widget-heading\" data-id=\"35a0e60\" data-element_type=\"widget\" data-widget_type=\"heading.default\">\n\t\t\t\t<div class=\"elementor-widget-container\">\n\t\t\t<h2 class=\"elementor-heading-title elementor-size-default\">Warum Sie sich f\u00fcr uns entscheiden sollten<\/h2>\t\t<\/div>\n\t\t\t\t<\/div>\n\t\t\t\t\t<\/div>\n\t\t<\/div>\n\t\t\t\t\t<\/div>\n\t\t<\/section>\n\t\t\t\t<section class=\"elementor-section elementor-top-section elementor-element elementor-element-054dae1 elementor-section-boxed elementor-section-height-default elementor-section-height-default\" data-id=\"054dae1\" data-element_type=\"section\">\n\t\t\t\t\t\t<div class=\"elementor-container elementor-column-gap-default\">\n\t\t\t\t\t<div class=\"elementor-column elementor-col-100 elementor-top-column elementor-element elementor-element-ca6a13f\" data-id=\"ca6a13f\" data-element_type=\"column\">\n\t\t\t<div class=\"elementor-widget-wrap elementor-element-populated\">\n\t\t\t\t\t\t<div class=\"elementor-element elementor-element-6dfa0eb elementor-widget elementor-widget-text-editor\" data-id=\"6dfa0eb\" data-element_type=\"widget\" data-widget_type=\"text-editor.default\">\n\t\t\t\t<div class=\"elementor-widget-container\">\n\t\t\t\t\t\t\t<ul><li>100 Jahre Erfahrung in der Kartonagenindustrie<\/li><li>Konzern in Familienbesitz<\/li><li>Sicherheit und St\u00e4rke eines internationalen Konzerns<\/li><li>Flexibilit\u00e4t und Reaktionsf\u00e4higkeit einer Struktur mit menschlicher Gr\u00f6\u00dfe.<\/li><li>Un\u00fcbertroffenes Serviceniveau<\/li><li>Qualit\u00e4tsmanagement-Norm ISO 9001<\/li><li>Engagement f\u00fcr die Umwelt (FSC, Imprim Vert) und CSR (Ecovadis)<\/li><\/ul>\t\t\t\t\t\t<\/div>\n\t\t\t\t<\/div>\n\t\t\t\t\t<\/div>\n\t\t<\/div>\n\t\t\t\t\t<\/div>\n\t\t<\/section>\n\t\t\t\t<\/div>\n\t\t","protected":false},"excerpt":{"rendered":"<p>\u00dcber uns Estic-Maillot Packaging Group ist ein franz\u00f6sischer Familienkonzern, der sich seit 1924, also seit fast einem Jahrhundert, auf die Kartonagenindustrie spezialisiert hat. Um unseren Kunden nahe zu sein und sie immer besser bedienen zu k\u00f6nnen, entscheiden wir uns 1999 daf\u00fcr, international t\u00e4tig zu werden. Unsere Gruppe besteht heute aus acht Produktionsst\u00e4tten in Frankreich, Europa [&hellip;]<\/p>\n","protected":false},"author":4,"featured_media":8875,"parent":0,"menu_order":0,"comment_status":"closed","ping_status":"closed","template":"","meta":{"_acf_changed":false,"footnotes":""},"class_list":["post-8827","page","type-page","status-publish","has-post-thumbnail","hentry"],"acf":[],"yoast_head":"<!-- This site is optimized with the Yoast SEO plugin v24.4 - https:\/\/yoast.com\/wordpress\/plugins\/seo\/ -->\n<title>Die Gruppe - Estic-Maillot<\/title>\n<meta name=\"robots\" content=\"index, follow, max-snippet:-1, max-image-preview:large, max-video-preview:-1\" \/>\n<link rel=\"canonical\" href=\"https:\/\/www.estic-maillot.com\/de\/die-gruppe\/\" \/>\n<meta property=\"og:locale\" content=\"de_DE\" \/>\n<meta property=\"og:type\" content=\"article\" \/>\n<meta property=\"og:title\" content=\"Die Gruppe - Estic-Maillot\" \/>\n<meta property=\"og:description\" content=\"\u00dcber uns Estic-Maillot Packaging Group ist ein franz\u00f6sischer Familienkonzern, der sich seit 1924, also seit fast einem Jahrhundert, auf die Kartonagenindustrie spezialisiert hat. Um unseren Kunden nahe zu sein und sie immer besser bedienen zu k\u00f6nnen, entscheiden wir uns 1999 daf\u00fcr, international t\u00e4tig zu werden. Unsere Gruppe besteht heute aus acht Produktionsst\u00e4tten in Frankreich, Europa [&hellip;]\" \/>\n<meta property=\"og:url\" content=\"https:\/\/www.estic-maillot.com\/de\/die-gruppe\/\" \/>\n<meta property=\"og:site_name\" content=\"Estic-Maillot\" \/>\n<meta property=\"article:modified_time\" content=\"2023-06-06T12:10:43+00:00\" \/>\n<meta property=\"og:image\" content=\"https:\/\/www.estic-maillot.com\/wp-content\/uploads\/2023\/04\/Estic-Maillot-France.jpg\" \/>\n\t<meta property=\"og:image:width\" content=\"800\" \/>\n\t<meta property=\"og:image:height\" content=\"500\" \/>\n\t<meta property=\"og:image:type\" content=\"image\/jpeg\" \/>\n<meta name=\"twitter:card\" content=\"summary_large_image\" \/>\n<meta name=\"twitter:label1\" content=\"Est. reading time\" \/>\n\t<meta name=\"twitter:data1\" content=\"2 minutes\" \/>\n<script type=\"application\/ld+json\" class=\"yoast-schema-graph\">{\"@context\":\"https:\/\/schema.org\",\"@graph\":[{\"@type\":\"WebPage\",\"@id\":\"https:\/\/www.estic-maillot.com\/de\/die-gruppe\/\",\"url\":\"https:\/\/www.estic-maillot.com\/de\/die-gruppe\/\",\"name\":\"Die Gruppe - Estic-Maillot\",\"isPartOf\":{\"@id\":\"https:\/\/www.estic-maillot.com\/de\/#website\"},\"primaryImageOfPage\":{\"@id\":\"https:\/\/www.estic-maillot.com\/de\/die-gruppe\/#primaryimage\"},\"image\":{\"@id\":\"https:\/\/www.estic-maillot.com\/de\/die-gruppe\/#primaryimage\"},\"thumbnailUrl\":\"https:\/\/www.estic-maillot.com\/wp-content\/uploads\/2023\/06\/estic-usine-eurodividers-france.jpeg\",\"datePublished\":\"2023-06-06T08:12:35+00:00\",\"dateModified\":\"2023-06-06T12:10:43+00:00\",\"breadcrumb\":{\"@id\":\"https:\/\/www.estic-maillot.com\/de\/die-gruppe\/#breadcrumb\"},\"inLanguage\":\"de-DE\",\"potentialAction\":[{\"@type\":\"ReadAction\",\"target\":[\"https:\/\/www.estic-maillot.com\/de\/die-gruppe\/\"]}]},{\"@type\":\"ImageObject\",\"inLanguage\":\"de-DE\",\"@id\":\"https:\/\/www.estic-maillot.com\/de\/die-gruppe\/#primaryimage\",\"url\":\"https:\/\/www.estic-maillot.com\/wp-content\/uploads\/2023\/06\/estic-usine-eurodividers-france.jpeg\",\"contentUrl\":\"https:\/\/www.estic-maillot.com\/wp-content\/uploads\/2023\/06\/estic-usine-eurodividers-france.jpeg\",\"width\":1920,\"height\":1128},{\"@type\":\"BreadcrumbList\",\"@id\":\"https:\/\/www.estic-maillot.com\/de\/die-gruppe\/#breadcrumb\",\"itemListElement\":[{\"@type\":\"ListItem\",\"position\":1,\"name\":\"Accueil\",\"item\":\"https:\/\/www.estic-maillot.com\/de\/\"},{\"@type\":\"ListItem\",\"position\":2,\"name\":\"Die Gruppe\"}]},{\"@type\":\"WebSite\",\"@id\":\"https:\/\/www.estic-maillot.com\/de\/#website\",\"url\":\"https:\/\/www.estic-maillot.com\/de\/\",\"name\":\"Groupe ESTIC-MAILLOT\",\"description\":\"Conception et fabrication de croisillons en carton\",\"publisher\":{\"@id\":\"https:\/\/www.estic-maillot.com\/de\/#organization\"},\"alternateName\":\"ESTIC-MAILLOT\",\"potentialAction\":[{\"@type\":\"SearchAction\",\"target\":{\"@type\":\"EntryPoint\",\"urlTemplate\":\"https:\/\/www.estic-maillot.com\/de\/?s={search_term_string}\"},\"query-input\":{\"@type\":\"PropertyValueSpecification\",\"valueRequired\":true,\"valueName\":\"search_term_string\"}}],\"inLanguage\":\"de-DE\"},{\"@type\":\"Organization\",\"@id\":\"https:\/\/www.estic-maillot.com\/de\/#organization\",\"name\":\"Groupe ESTIC-MAILLOT\",\"alternateName\":\"ESTIC-MAILLOT\",\"url\":\"https:\/\/www.estic-maillot.com\/de\/\",\"logo\":{\"@type\":\"ImageObject\",\"inLanguage\":\"de-DE\",\"@id\":\"https:\/\/www.estic-maillot.com\/de\/#\/schema\/logo\/image\/\",\"url\":\"https:\/\/www.estic-maillot.com\/wp-content\/uploads\/2023\/02\/favicon-estic-maillot.png\",\"contentUrl\":\"https:\/\/www.estic-maillot.com\/wp-content\/uploads\/2023\/02\/favicon-estic-maillot.png\",\"width\":512,\"height\":512,\"caption\":\"Groupe ESTIC-MAILLOT\"},\"image\":{\"@id\":\"https:\/\/www.estic-maillot.com\/de\/#\/schema\/logo\/image\/\"}}]}<\/script>\n<!-- \/ Yoast SEO plugin. -->","yoast_head_json":{"title":"Die Gruppe - Estic-Maillot","robots":{"index":"index","follow":"follow","max-snippet":"max-snippet:-1","max-image-preview":"max-image-preview:large","max-video-preview":"max-video-preview:-1"},"canonical":"https:\/\/www.estic-maillot.com\/de\/die-gruppe\/","og_locale":"de_DE","og_type":"article","og_title":"Die Gruppe - Estic-Maillot","og_description":"\u00dcber uns Estic-Maillot Packaging Group ist ein franz\u00f6sischer Familienkonzern, der sich seit 1924, also seit fast einem Jahrhundert, auf die Kartonagenindustrie spezialisiert hat. Um unseren Kunden nahe zu sein und sie immer besser bedienen zu k\u00f6nnen, entscheiden wir uns 1999 daf\u00fcr, international t\u00e4tig zu werden. Unsere Gruppe besteht heute aus acht Produktionsst\u00e4tten in Frankreich, Europa [&hellip;]","og_url":"https:\/\/www.estic-maillot.com\/de\/die-gruppe\/","og_site_name":"Estic-Maillot","article_modified_time":"2023-06-06T12:10:43+00:00","og_image":[{"width":800,"height":500,"url":"https:\/\/www.estic-maillot.com\/wp-content\/uploads\/2023\/04\/Estic-Maillot-France.jpg","type":"image\/jpeg"}],"twitter_card":"summary_large_image","twitter_misc":{"Est. reading time":"2 minutes"},"schema":{"@context":"https:\/\/schema.org","@graph":[{"@type":"WebPage","@id":"https:\/\/www.estic-maillot.com\/de\/die-gruppe\/","url":"https:\/\/www.estic-maillot.com\/de\/die-gruppe\/","name":"Die Gruppe - Estic-Maillot","isPartOf":{"@id":"https:\/\/www.estic-maillot.com\/de\/#website"},"primaryImageOfPage":{"@id":"https:\/\/www.estic-maillot.com\/de\/die-gruppe\/#primaryimage"},"image":{"@id":"https:\/\/www.estic-maillot.com\/de\/die-gruppe\/#primaryimage"},"thumbnailUrl":"https:\/\/www.estic-maillot.com\/wp-content\/uploads\/2023\/06\/estic-usine-eurodividers-france.jpeg","datePublished":"2023-06-06T08:12:35+00:00","dateModified":"2023-06-06T12:10:43+00:00","breadcrumb":{"@id":"https:\/\/www.estic-maillot.com\/de\/die-gruppe\/#breadcrumb"},"inLanguage":"de-DE","potentialAction":[{"@type":"ReadAction","target":["https:\/\/www.estic-maillot.com\/de\/die-gruppe\/"]}]},{"@type":"ImageObject","inLanguage":"de-DE","@id":"https:\/\/www.estic-maillot.com\/de\/die-gruppe\/#primaryimage","url":"https:\/\/www.estic-maillot.com\/wp-content\/uploads\/2023\/06\/estic-usine-eurodividers-france.jpeg","contentUrl":"https:\/\/www.estic-maillot.com\/wp-content\/uploads\/2023\/06\/estic-usine-eurodividers-france.jpeg","width":1920,"height":1128},{"@type":"BreadcrumbList","@id":"https:\/\/www.estic-maillot.com\/de\/die-gruppe\/#breadcrumb","itemListElement":[{"@type":"ListItem","position":1,"name":"Accueil","item":"https:\/\/www.estic-maillot.com\/de\/"},{"@type":"ListItem","position":2,"name":"Die Gruppe"}]},{"@type":"WebSite","@id":"https:\/\/www.estic-maillot.com\/de\/#website","url":"https:\/\/www.estic-maillot.com\/de\/","name":"Groupe ESTIC-MAILLOT","description":"Conception et fabrication de croisillons en carton","publisher":{"@id":"https:\/\/www.estic-maillot.com\/de\/#organization"},"alternateName":"ESTIC-MAILLOT","potentialAction":[{"@type":"SearchAction","target":{"@type":"EntryPoint","urlTemplate":"https:\/\/www.estic-maillot.com\/de\/?s={search_term_string}"},"query-input":{"@type":"PropertyValueSpecification","valueRequired":true,"valueName":"search_term_string"}}],"inLanguage":"de-DE"},{"@type":"Organization","@id":"https:\/\/www.estic-maillot.com\/de\/#organization","name":"Groupe ESTIC-MAILLOT","alternateName":"ESTIC-MAILLOT","url":"https:\/\/www.estic-maillot.com\/de\/","logo":{"@type":"ImageObject","inLanguage":"de-DE","@id":"https:\/\/www.estic-maillot.com\/de\/#\/schema\/logo\/image\/","url":"https:\/\/www.estic-maillot.com\/wp-content\/uploads\/2023\/02\/favicon-estic-maillot.png","contentUrl":"https:\/\/www.estic-maillot.com\/wp-content\/uploads\/2023\/02\/favicon-estic-maillot.png","width":512,"height":512,"caption":"Groupe ESTIC-MAILLOT"},"image":{"@id":"https:\/\/www.estic-maillot.com\/de\/#\/schema\/logo\/image\/"}}]}},"_links":{"self":[{"href":"https:\/\/www.estic-maillot.com\/de\/wp-json\/wp\/v2\/pages\/8827","targetHints":{"allow":["GET"]}}],"collection":[{"href":"https:\/\/www.estic-maillot.com\/de\/wp-json\/wp\/v2\/pages"}],"about":[{"href":"https:\/\/www.estic-maillot.com\/de\/wp-json\/wp\/v2\/types\/page"}],"author":[{"embeddable":true,"href":"https:\/\/www.estic-maillot.com\/de\/wp-json\/wp\/v2\/users\/4"}],"replies":[{"embeddable":true,"href":"https:\/\/www.estic-maillot.com\/de\/wp-json\/wp\/v2\/comments?post=8827"}],"version-history":[{"count":4,"href":"https:\/\/www.estic-maillot.com\/de\/wp-json\/wp\/v2\/pages\/8827\/revisions"}],"predecessor-version":[{"id":8835,"href":"https:\/\/www.estic-maillot.com\/de\/wp-json\/wp\/v2\/pages\/8827\/revisions\/8835"}],"wp:featuredmedia":[{"embeddable":true,"href":"https:\/\/www.estic-maillot.com\/de\/wp-json\/wp\/v2\/media\/8875"}],"wp:attachment":[{"href":"https:\/\/www.estic-maillot.com\/de\/wp-json\/wp\/v2\/media?parent=8827"}],"curies":[{"name":"wp","href":"https:\/\/api.w.org\/{rel}","templated":true}]}}