{"id":10823,"date":"2024-03-04T14:35:42","date_gmt":"2024-03-04T13:35:42","guid":{"rendered":"https:\/\/www.estic-maillot.com\/?page_id=10823"},"modified":"2024-04-18T17:07:33","modified_gmt":"2024-04-18T15:07:33","slug":"trennwand-aus-wabenpappe","status":"publish","type":"page","link":"https:\/\/www.estic-maillot.com\/de\/trennwand-aus-wabenpappe\/","title":{"rendered":"Trennwand aus Wabenpappe"},"content":{"rendered":"\t\t<div data-elementor-type=\"wp-page\" data-elementor-id=\"10823\" class=\"elementor elementor-10823 elementor-10649\" data-elementor-post-type=\"page\">\n\t\t\t\t\t\t<section class=\"elementor-section elementor-top-section elementor-element elementor-element-76b0d25 elementor-section-boxed elementor-section-height-default elementor-section-height-default\" data-id=\"76b0d25\" data-element_type=\"section\">\n\t\t\t\t\t\t<div class=\"elementor-container elementor-column-gap-default\">\n\t\t\t\t\t<div class=\"elementor-column elementor-col-100 elementor-top-column elementor-element elementor-element-e04c953\" data-id=\"e04c953\" data-element_type=\"column\">\n\t\t\t<div class=\"elementor-widget-wrap elementor-element-populated\">\n\t\t\t\t\t\t<div class=\"elementor-element elementor-element-f9e6218 elementor-widget elementor-widget-text-editor\" data-id=\"f9e6218\" data-element_type=\"widget\" data-widget_type=\"text-editor.default\">\n\t\t\t\t<div class=\"elementor-widget-container\">\n\t\t\t\t\t\t\t<p><span style=\"font-weight: 400;\">In der Welt der Raumgestaltung ist die Trennwand aus Wabenpappe ein Muss, das viele Bed\u00fcrfnisse erf\u00fcllen kann. Sie vereint Leichtigkeit mit Festigkeit und bietet eine optimale Steifigkeit, sodass sie in verschiedenen Anwendungsbereichen eingesetzt werden kann. Je nach Verwendungszweck kann diese Art von Trennwand mit anderen Materialien wie Schiefer oder Gips kombiniert werden. Zoom auf diese L\u00f6sung mit vielen Vorteilen.<\/span><\/p>\t\t\t\t\t\t<\/div>\n\t\t\t\t<\/div>\n\t\t\t\t\t<\/div>\n\t\t<\/div>\n\t\t\t\t\t<\/div>\n\t\t<\/section>\n\t\t\t\t<section class=\"elementor-section elementor-top-section elementor-element elementor-element-7c3bd0f elementor-section-boxed elementor-section-height-default elementor-section-height-default\" data-id=\"7c3bd0f\" data-element_type=\"section\">\n\t\t\t\t\t\t<div class=\"elementor-container elementor-column-gap-default\">\n\t\t\t\t\t<div class=\"elementor-column elementor-col-100 elementor-top-column elementor-element elementor-element-a11939b\" data-id=\"a11939b\" data-element_type=\"column\">\n\t\t\t<div class=\"elementor-widget-wrap elementor-element-populated\">\n\t\t\t\t\t\t<div class=\"elementor-element elementor-element-13769ae elementor-widget elementor-widget-heading\" data-id=\"13769ae\" data-element_type=\"widget\" data-widget_type=\"heading.default\">\n\t\t\t\t<div class=\"elementor-widget-container\">\n\t\t\t<h2 class=\"elementor-heading-title elementor-size-default\">Anwendungsbereiche der Wabenkartonwand\n<\/h2>\t\t<\/div>\n\t\t\t\t<\/div>\n\t\t\t\t\t<\/div>\n\t\t<\/div>\n\t\t\t\t\t<\/div>\n\t\t<\/section>\n\t\t\t\t<section class=\"elementor-section elementor-top-section elementor-element elementor-element-72ff21c elementor-section-boxed elementor-section-height-default elementor-section-height-default\" data-id=\"72ff21c\" data-element_type=\"section\">\n\t\t\t\t\t\t<div class=\"elementor-container elementor-column-gap-default\">\n\t\t\t\t\t<div class=\"elementor-column elementor-col-100 elementor-top-column elementor-element elementor-element-debe313\" data-id=\"debe313\" data-element_type=\"column\">\n\t\t\t<div class=\"elementor-widget-wrap elementor-element-populated\">\n\t\t\t\t\t\t<div class=\"elementor-element elementor-element-afbd05a elementor-widget elementor-widget-text-editor\" data-id=\"afbd05a\" data-element_type=\"widget\" data-widget_type=\"text-editor.default\">\n\t\t\t\t<div class=\"elementor-widget-container\">\n\t\t\t\t\t\t\t<p><span style=\"font-weight: 400;\">Wabenkarton kann in verschiedenen St\u00e4rken hergestellt werden, die unter anderem bis zu 100 mm betragen k\u00f6nnen, und bietet dabei ein unvergleichlich geringes Gewicht. Dar\u00fcber hinaus weist Wabenkarton eine hohe Steifigkeit und eine Druckfestigkeit auf, die mit Holz vergleichbar ist.<\/span><\/p><p><span style=\"font-weight: 400;\">In Verbindung mit einer Oberfl\u00e4chenbeschichtung aus Schiefer, Sperrholz oder Melamin kann Wabenkarton in zahlreichen Anwendungen eingesetzt werden:<\/span><\/p><ul><li style=\"font-weight: 400;\" aria-level=\"1\"><span style=\"font-weight: 400;\">Schultafel: Wabenplatten mit Schieferbeschichtung zum Schreiben mit Kreide.<\/span><\/li><li style=\"font-weight: 400;\" aria-level=\"1\"><span style=\"font-weight: 400;\">Trennw\u00e4nde oder mobile Trennw\u00e4nde: Sie sind mit Melaminharz oder Teppichboden beschichtet und erm\u00f6glichen die Abtrennung von B\u00fcros wie Gro\u00dfraumb\u00fcros. Es bietet auch die M\u00f6glichkeit, versetzbare R\u00e4ume zu schaffen, wie z. B. B\u00fcros, Impfzentren oder Pinnw\u00e4nde.<\/span><\/li><li style=\"font-weight: 400;\" aria-level=\"1\"><span style=\"font-weight: 400;\">Feste Trennw\u00e4nde: Waben k\u00f6nnen f\u00fcr die Herstellung von festen Trennw\u00e4nden verwendet werden. Wenn sie mit Gipskartonplatten kombiniert wird, erm\u00f6glicht sie die Gestaltung von Trennw\u00e4nden aus Gipskartonwaben, die insbesondere beim Bau von Ein- und Mehrfamilienh\u00e4usern verwendet werden.<\/span><\/li><li style=\"font-weight: 400;\" aria-level=\"1\"><span style=\"font-weight: 400;\">Isoplane-T\u00fcren: \u00c4hnlich wie bei Trennw\u00e4nden kann Wabenkarton zus\u00e4tzlich zu einer Oberfl\u00e4chenbeschichtung f\u00fcr die Endbearbeitung und zur Gew\u00e4hrleistung der Planheit strukturell f\u00fcr die Herstellung von Innent\u00fcren vom Typ Isoplane verwendet werden.<\/span><\/li><li style=\"font-weight: 400;\" aria-level=\"1\"><span style=\"font-weight: 400;\">Gestaltung von Arbeitsplatten und Tischen.<\/span><\/li><\/ul><p><span style=\"font-weight: 400;\">Au\u00dferdem bietet Wabenkarton, insbesondere wenn die Deckpapiere mit einer Kunststofffolie \u00fcberzogen sind, dank der in seinen Zellen eingeschlossenen Luft eine W\u00e4rme- und Schallisolierung, \u00e4hnlich wie ein Fenster oder eine Doppelverglasung.<\/span><\/p>\t\t\t\t\t\t<\/div>\n\t\t\t\t<\/div>\n\t\t\t\t\t<\/div>\n\t\t<\/div>\n\t\t\t\t\t<\/div>\n\t\t<\/section>\n\t\t\t\t<section class=\"elementor-section elementor-top-section elementor-element elementor-element-621bd52 elementor-section-boxed elementor-section-height-default elementor-section-height-default\" data-id=\"621bd52\" data-element_type=\"section\">\n\t\t\t\t\t\t<div class=\"elementor-container elementor-column-gap-default\">\n\t\t\t\t\t<div class=\"elementor-column elementor-col-100 elementor-top-column elementor-element elementor-element-2e8c7fc\" data-id=\"2e8c7fc\" data-element_type=\"column\">\n\t\t\t<div class=\"elementor-widget-wrap elementor-element-populated\">\n\t\t\t\t\t\t<div class=\"elementor-element elementor-element-f0cc318 elementor-widget elementor-widget-heading\" data-id=\"f0cc318\" data-element_type=\"widget\" data-widget_type=\"heading.default\">\n\t\t\t\t<div class=\"elementor-widget-container\">\n\t\t\t<h2 class=\"elementor-heading-title elementor-size-default\">Was sind die Vorteile von Wabenkarton?\n<\/h2>\t\t<\/div>\n\t\t\t\t<\/div>\n\t\t\t\t\t<\/div>\n\t\t<\/div>\n\t\t\t\t\t<\/div>\n\t\t<\/section>\n\t\t\t\t<section class=\"elementor-section elementor-top-section elementor-element elementor-element-92b886a elementor-section-boxed elementor-section-height-default elementor-section-height-default\" data-id=\"92b886a\" data-element_type=\"section\">\n\t\t\t\t\t\t<div class=\"elementor-container elementor-column-gap-default\">\n\t\t\t\t\t<div class=\"elementor-column elementor-col-100 elementor-top-column elementor-element elementor-element-02314d1\" data-id=\"02314d1\" data-element_type=\"column\">\n\t\t\t<div class=\"elementor-widget-wrap elementor-element-populated\">\n\t\t\t\t\t\t<div class=\"elementor-element elementor-element-0ba5299 elementor-widget elementor-widget-text-editor\" data-id=\"0ba5299\" data-element_type=\"widget\" data-widget_type=\"text-editor.default\">\n\t\t\t\t<div class=\"elementor-widget-container\">\n\t\t\t\t\t\t\t<p><span style=\"font-weight: 400;\">F\u00fcr jeden der oben genannten Anwendungsbereiche bietet die Trennwand aus Wabenkarton zahlreiche Vorteile:<\/span><\/p><ul><li style=\"font-weight: 400;\" aria-level=\"1\"><span style=\"font-weight: 400;\">Leichtgewicht: Die sechseckige Wabenstruktur sorgt f\u00fcr eine hohe Steifigkeit bei geringem Materialeinsatz, was sich in einem hervorragenden Verh\u00e4ltnis von Gewicht und Leistung niederschl\u00e4gt.<\/span><\/li><li style=\"font-weight: 400;\" aria-level=\"1\"><span style=\"font-weight: 400;\">Gro\u00dfe St\u00e4rken bieten eine gute Optik, ohne dass sie im Vergleich zu Holz oder anderen Materialien, die ebenfalls schwerer zu transportieren sind, ein \u00fcberm\u00e4\u00dfiges Gewicht haben<\/span><\/li><li style=\"font-weight: 400;\" aria-level=\"1\"><span style=\"font-weight: 400;\">Ausgezeichnete Flachheit<\/span><\/li><li style=\"font-weight: 400;\" aria-level=\"1\"><span style=\"font-weight: 400;\">Starke Druckfestigkeit<\/span><\/li><li style=\"font-weight: 400;\" aria-level=\"1\"><span style=\"font-weight: 400;\">Gute W\u00e4rme- oder Schalld\u00e4mmung<\/span><\/li><\/ul>\t\t\t\t\t\t<\/div>\n\t\t\t\t<\/div>\n\t\t\t\t\t<\/div>\n\t\t<\/div>\n\t\t\t\t\t<\/div>\n\t\t<\/section>\n\t\t\t\t<section class=\"elementor-section elementor-top-section elementor-element elementor-element-bc18f5f elementor-section-boxed elementor-section-height-default elementor-section-height-default\" data-id=\"bc18f5f\" data-element_type=\"section\">\n\t\t\t\t\t\t<div class=\"elementor-container elementor-column-gap-default\">\n\t\t\t\t\t<div class=\"elementor-column elementor-col-100 elementor-top-column elementor-element elementor-element-d3fed34\" data-id=\"d3fed34\" data-element_type=\"column\">\n\t\t\t<div class=\"elementor-widget-wrap elementor-element-populated\">\n\t\t\t\t\t\t<div class=\"elementor-element elementor-element-0b6cdce elementor-widget elementor-widget-heading\" data-id=\"0b6cdce\" data-element_type=\"widget\" data-widget_type=\"heading.default\">\n\t\t\t\t<div class=\"elementor-widget-container\">\n\t\t\t<h2 class=\"elementor-heading-title elementor-size-default\">Trennw\u00e4nde aus Wabenkarton f\u00fcr alle\n<\/h2>\t\t<\/div>\n\t\t\t\t<\/div>\n\t\t\t\t\t<\/div>\n\t\t<\/div>\n\t\t\t\t\t<\/div>\n\t\t<\/section>\n\t\t\t\t<section class=\"elementor-section elementor-top-section elementor-element elementor-element-ed6d9c3 elementor-section-boxed elementor-section-height-default elementor-section-height-default\" data-id=\"ed6d9c3\" data-element_type=\"section\">\n\t\t\t\t\t\t<div class=\"elementor-container elementor-column-gap-default\">\n\t\t\t\t\t<div class=\"elementor-column elementor-col-100 elementor-top-column elementor-element elementor-element-a18624a\" data-id=\"a18624a\" data-element_type=\"column\">\n\t\t\t<div class=\"elementor-widget-wrap elementor-element-populated\">\n\t\t\t\t\t\t<div class=\"elementor-element elementor-element-7a5e663 elementor-widget elementor-widget-text-editor\" data-id=\"7a5e663\" data-element_type=\"widget\" data-widget_type=\"text-editor.default\">\n\t\t\t\t<div class=\"elementor-widget-container\">\n\t\t\t\t\t\t\t<p><span style=\"font-weight: 400;\">Die Trennwand aus Wabenkarton ist eine der vielseitigsten L\u00f6sungen f\u00fcr Ihre Einrichtung. Mit einer Dicke von 10 bis 100 mm haben Sie eine Vielzahl von M\u00f6glichkeiten. Auch die Gr\u00f6\u00dfe der Waben kann an Ihre Bed\u00fcrfnisse angepasst werden.<\/span><\/p><p><span style=\"font-weight: 400;\">Unabh\u00e4ngig von den Anwendungsbereichen ber\u00e4t Sie unser professionelles Team und f\u00fchrt Sie zu der L\u00f6sung, die am besten zu Ihren Bed\u00fcrfnissen passt. Ob es um die Dicke geht oder einfach nur um Empfehlungen, mit welchen Materialien Sie Ihre Trennwand kombinieren sollten, wir stehen Ihnen jederzeit zur Verf\u00fcgung.<\/span><\/p>\t\t\t\t\t\t<\/div>\n\t\t\t\t<\/div>\n\t\t\t\t\t<\/div>\n\t\t<\/div>\n\t\t\t\t\t<\/div>\n\t\t<\/section>\n\t\t\t\t<\/div>\n\t\t","protected":false},"excerpt":{"rendered":"<p>In der Welt der Raumgestaltung ist die Trennwand aus Wabenpappe ein Muss, das viele Bed\u00fcrfnisse erf\u00fcllen kann. Sie vereint Leichtigkeit mit Festigkeit und bietet eine optimale Steifigkeit, sodass sie in verschiedenen Anwendungsbereichen eingesetzt werden kann. Je nach Verwendungszweck kann diese Art von Trennwand mit anderen Materialien wie Schiefer oder Gips kombiniert werden. Zoom auf diese [&hellip;]<\/p>\n","protected":false},"author":4,"featured_media":7047,"parent":0,"menu_order":0,"comment_status":"closed","ping_status":"closed","template":"","meta":{"_acf_changed":false,"footnotes":""},"class_list":["post-10823","page","type-page","status-publish","has-post-thumbnail","hentry"],"acf":[],"yoast_head":"<!-- This site is optimized with the Yoast SEO plugin v24.4 - https:\/\/yoast.com\/wordpress\/plugins\/seo\/ -->\n<title>Trennwand aus Wabenpappe - Estic-Maillot<\/title>\n<meta name=\"robots\" content=\"index, follow, max-snippet:-1, max-image-preview:large, max-video-preview:-1\" \/>\n<link rel=\"canonical\" href=\"https:\/\/www.estic-maillot.com\/de\/trennwand-aus-wabenpappe\/\" \/>\n<meta property=\"og:locale\" content=\"de_DE\" \/>\n<meta property=\"og:type\" content=\"article\" \/>\n<meta property=\"og:title\" content=\"Trennwand aus Wabenpappe - Estic-Maillot\" \/>\n<meta property=\"og:description\" content=\"In der Welt der Raumgestaltung ist die Trennwand aus Wabenpappe ein Muss, das viele Bed\u00fcrfnisse erf\u00fcllen kann. Sie vereint Leichtigkeit mit Festigkeit und bietet eine optimale Steifigkeit, sodass sie in verschiedenen Anwendungsbereichen eingesetzt werden kann. Je nach Verwendungszweck kann diese Art von Trennwand mit anderen Materialien wie Schiefer oder Gips kombiniert werden. Zoom auf diese [&hellip;]\" \/>\n<meta property=\"og:url\" content=\"https:\/\/www.estic-maillot.com\/de\/trennwand-aus-wabenpappe\/\" \/>\n<meta property=\"og:site_name\" content=\"Estic-Maillot\" \/>\n<meta property=\"article:modified_time\" content=\"2024-04-18T15:07:33+00:00\" \/>\n<meta property=\"og:image\" content=\"https:\/\/www.estic-maillot.com\/wp-content\/uploads\/2023\/03\/IMG_45931920x1080-1.jpg\" \/>\n\t<meta property=\"og:image:width\" content=\"1620\" \/>\n\t<meta property=\"og:image:height\" content=\"1080\" \/>\n\t<meta property=\"og:image:type\" content=\"image\/jpeg\" \/>\n<meta name=\"twitter:card\" content=\"summary_large_image\" \/>\n<meta name=\"twitter:label1\" content=\"Est. reading time\" \/>\n\t<meta name=\"twitter:data1\" content=\"3 minutes\" \/>\n<script type=\"application\/ld+json\" class=\"yoast-schema-graph\">{\"@context\":\"https:\/\/schema.org\",\"@graph\":[{\"@type\":\"WebPage\",\"@id\":\"https:\/\/www.estic-maillot.com\/de\/trennwand-aus-wabenpappe\/\",\"url\":\"https:\/\/www.estic-maillot.com\/de\/trennwand-aus-wabenpappe\/\",\"name\":\"Trennwand aus Wabenpappe - Estic-Maillot\",\"isPartOf\":{\"@id\":\"https:\/\/www.estic-maillot.com\/de\/#website\"},\"primaryImageOfPage\":{\"@id\":\"https:\/\/www.estic-maillot.com\/de\/trennwand-aus-wabenpappe\/#primaryimage\"},\"image\":{\"@id\":\"https:\/\/www.estic-maillot.com\/de\/trennwand-aus-wabenpappe\/#primaryimage\"},\"thumbnailUrl\":\"https:\/\/www.estic-maillot.com\/wp-content\/uploads\/2023\/03\/IMG_45931920x1080-1.jpg\",\"datePublished\":\"2024-03-04T13:35:42+00:00\",\"dateModified\":\"2024-04-18T15:07:33+00:00\",\"breadcrumb\":{\"@id\":\"https:\/\/www.estic-maillot.com\/de\/trennwand-aus-wabenpappe\/#breadcrumb\"},\"inLanguage\":\"de-DE\",\"potentialAction\":[{\"@type\":\"ReadAction\",\"target\":[\"https:\/\/www.estic-maillot.com\/de\/trennwand-aus-wabenpappe\/\"]}]},{\"@type\":\"ImageObject\",\"inLanguage\":\"de-DE\",\"@id\":\"https:\/\/www.estic-maillot.com\/de\/trennwand-aus-wabenpappe\/#primaryimage\",\"url\":\"https:\/\/www.estic-maillot.com\/wp-content\/uploads\/2023\/03\/IMG_45931920x1080-1.jpg\",\"contentUrl\":\"https:\/\/www.estic-maillot.com\/wp-content\/uploads\/2023\/03\/IMG_45931920x1080-1.jpg\",\"width\":1620,\"height\":1080,\"caption\":\"Cloison nid d'abeille\"},{\"@type\":\"BreadcrumbList\",\"@id\":\"https:\/\/www.estic-maillot.com\/de\/trennwand-aus-wabenpappe\/#breadcrumb\",\"itemListElement\":[{\"@type\":\"ListItem\",\"position\":1,\"name\":\"Accueil\",\"item\":\"https:\/\/www.estic-maillot.com\/de\/\"},{\"@type\":\"ListItem\",\"position\":2,\"name\":\"Trennwand aus Wabenpappe\"}]},{\"@type\":\"WebSite\",\"@id\":\"https:\/\/www.estic-maillot.com\/de\/#website\",\"url\":\"https:\/\/www.estic-maillot.com\/de\/\",\"name\":\"Groupe ESTIC-MAILLOT\",\"description\":\"Conception et fabrication de croisillons en carton\",\"publisher\":{\"@id\":\"https:\/\/www.estic-maillot.com\/de\/#organization\"},\"alternateName\":\"ESTIC-MAILLOT\",\"potentialAction\":[{\"@type\":\"SearchAction\",\"target\":{\"@type\":\"EntryPoint\",\"urlTemplate\":\"https:\/\/www.estic-maillot.com\/de\/?s={search_term_string}\"},\"query-input\":{\"@type\":\"PropertyValueSpecification\",\"valueRequired\":true,\"valueName\":\"search_term_string\"}}],\"inLanguage\":\"de-DE\"},{\"@type\":\"Organization\",\"@id\":\"https:\/\/www.estic-maillot.com\/de\/#organization\",\"name\":\"Groupe ESTIC-MAILLOT\",\"alternateName\":\"ESTIC-MAILLOT\",\"url\":\"https:\/\/www.estic-maillot.com\/de\/\",\"logo\":{\"@type\":\"ImageObject\",\"inLanguage\":\"de-DE\",\"@id\":\"https:\/\/www.estic-maillot.com\/de\/#\/schema\/logo\/image\/\",\"url\":\"https:\/\/www.estic-maillot.com\/wp-content\/uploads\/2023\/02\/favicon-estic-maillot.png\",\"contentUrl\":\"https:\/\/www.estic-maillot.com\/wp-content\/uploads\/2023\/02\/favicon-estic-maillot.png\",\"width\":512,\"height\":512,\"caption\":\"Groupe ESTIC-MAILLOT\"},\"image\":{\"@id\":\"https:\/\/www.estic-maillot.com\/de\/#\/schema\/logo\/image\/\"}}]}<\/script>\n<!-- \/ Yoast SEO plugin. -->","yoast_head_json":{"title":"Trennwand aus Wabenpappe - Estic-Maillot","robots":{"index":"index","follow":"follow","max-snippet":"max-snippet:-1","max-image-preview":"max-image-preview:large","max-video-preview":"max-video-preview:-1"},"canonical":"https:\/\/www.estic-maillot.com\/de\/trennwand-aus-wabenpappe\/","og_locale":"de_DE","og_type":"article","og_title":"Trennwand aus Wabenpappe - Estic-Maillot","og_description":"In der Welt der Raumgestaltung ist die Trennwand aus Wabenpappe ein Muss, das viele Bed\u00fcrfnisse erf\u00fcllen kann. Sie vereint Leichtigkeit mit Festigkeit und bietet eine optimale Steifigkeit, sodass sie in verschiedenen Anwendungsbereichen eingesetzt werden kann. Je nach Verwendungszweck kann diese Art von Trennwand mit anderen Materialien wie Schiefer oder Gips kombiniert werden. Zoom auf diese [&hellip;]","og_url":"https:\/\/www.estic-maillot.com\/de\/trennwand-aus-wabenpappe\/","og_site_name":"Estic-Maillot","article_modified_time":"2024-04-18T15:07:33+00:00","og_image":[{"width":1620,"height":1080,"url":"https:\/\/www.estic-maillot.com\/wp-content\/uploads\/2023\/03\/IMG_45931920x1080-1.jpg","type":"image\/jpeg"}],"twitter_card":"summary_large_image","twitter_misc":{"Est. reading time":"3 minutes"},"schema":{"@context":"https:\/\/schema.org","@graph":[{"@type":"WebPage","@id":"https:\/\/www.estic-maillot.com\/de\/trennwand-aus-wabenpappe\/","url":"https:\/\/www.estic-maillot.com\/de\/trennwand-aus-wabenpappe\/","name":"Trennwand aus Wabenpappe - Estic-Maillot","isPartOf":{"@id":"https:\/\/www.estic-maillot.com\/de\/#website"},"primaryImageOfPage":{"@id":"https:\/\/www.estic-maillot.com\/de\/trennwand-aus-wabenpappe\/#primaryimage"},"image":{"@id":"https:\/\/www.estic-maillot.com\/de\/trennwand-aus-wabenpappe\/#primaryimage"},"thumbnailUrl":"https:\/\/www.estic-maillot.com\/wp-content\/uploads\/2023\/03\/IMG_45931920x1080-1.jpg","datePublished":"2024-03-04T13:35:42+00:00","dateModified":"2024-04-18T15:07:33+00:00","breadcrumb":{"@id":"https:\/\/www.estic-maillot.com\/de\/trennwand-aus-wabenpappe\/#breadcrumb"},"inLanguage":"de-DE","potentialAction":[{"@type":"ReadAction","target":["https:\/\/www.estic-maillot.com\/de\/trennwand-aus-wabenpappe\/"]}]},{"@type":"ImageObject","inLanguage":"de-DE","@id":"https:\/\/www.estic-maillot.com\/de\/trennwand-aus-wabenpappe\/#primaryimage","url":"https:\/\/www.estic-maillot.com\/wp-content\/uploads\/2023\/03\/IMG_45931920x1080-1.jpg","contentUrl":"https:\/\/www.estic-maillot.com\/wp-content\/uploads\/2023\/03\/IMG_45931920x1080-1.jpg","width":1620,"height":1080,"caption":"Cloison nid d'abeille"},{"@type":"BreadcrumbList","@id":"https:\/\/www.estic-maillot.com\/de\/trennwand-aus-wabenpappe\/#breadcrumb","itemListElement":[{"@type":"ListItem","position":1,"name":"Accueil","item":"https:\/\/www.estic-maillot.com\/de\/"},{"@type":"ListItem","position":2,"name":"Trennwand aus Wabenpappe"}]},{"@type":"WebSite","@id":"https:\/\/www.estic-maillot.com\/de\/#website","url":"https:\/\/www.estic-maillot.com\/de\/","name":"Groupe ESTIC-MAILLOT","description":"Conception et fabrication de croisillons en carton","publisher":{"@id":"https:\/\/www.estic-maillot.com\/de\/#organization"},"alternateName":"ESTIC-MAILLOT","potentialAction":[{"@type":"SearchAction","target":{"@type":"EntryPoint","urlTemplate":"https:\/\/www.estic-maillot.com\/de\/?s={search_term_string}"},"query-input":{"@type":"PropertyValueSpecification","valueRequired":true,"valueName":"search_term_string"}}],"inLanguage":"de-DE"},{"@type":"Organization","@id":"https:\/\/www.estic-maillot.com\/de\/#organization","name":"Groupe ESTIC-MAILLOT","alternateName":"ESTIC-MAILLOT","url":"https:\/\/www.estic-maillot.com\/de\/","logo":{"@type":"ImageObject","inLanguage":"de-DE","@id":"https:\/\/www.estic-maillot.com\/de\/#\/schema\/logo\/image\/","url":"https:\/\/www.estic-maillot.com\/wp-content\/uploads\/2023\/02\/favicon-estic-maillot.png","contentUrl":"https:\/\/www.estic-maillot.com\/wp-content\/uploads\/2023\/02\/favicon-estic-maillot.png","width":512,"height":512,"caption":"Groupe ESTIC-MAILLOT"},"image":{"@id":"https:\/\/www.estic-maillot.com\/de\/#\/schema\/logo\/image\/"}}]}},"_links":{"self":[{"href":"https:\/\/www.estic-maillot.com\/de\/wp-json\/wp\/v2\/pages\/10823","targetHints":{"allow":["GET"]}}],"collection":[{"href":"https:\/\/www.estic-maillot.com\/de\/wp-json\/wp\/v2\/pages"}],"about":[{"href":"https:\/\/www.estic-maillot.com\/de\/wp-json\/wp\/v2\/types\/page"}],"author":[{"embeddable":true,"href":"https:\/\/www.estic-maillot.com\/de\/wp-json\/wp\/v2\/users\/4"}],"replies":[{"embeddable":true,"href":"https:\/\/www.estic-maillot.com\/de\/wp-json\/wp\/v2\/comments?post=10823"}],"version-history":[{"count":3,"href":"https:\/\/www.estic-maillot.com\/de\/wp-json\/wp\/v2\/pages\/10823\/revisions"}],"predecessor-version":[{"id":10826,"href":"https:\/\/www.estic-maillot.com\/de\/wp-json\/wp\/v2\/pages\/10823\/revisions\/10826"}],"wp:featuredmedia":[{"embeddable":true,"href":"https:\/\/www.estic-maillot.com\/de\/wp-json\/wp\/v2\/media\/7047"}],"wp:attachment":[{"href":"https:\/\/www.estic-maillot.com\/de\/wp-json\/wp\/v2\/media?parent=10823"}],"curies":[{"name":"wp","href":"https:\/\/api.w.org\/{rel}","templated":true}]}}