{"id":10626,"date":"2024-01-18T09:02:13","date_gmt":"2024-01-18T08:02:13","guid":{"rendered":"https:\/\/www.estic-maillot.com\/?page_id=10626"},"modified":"2024-02-16T10:34:01","modified_gmt":"2024-02-16T09:34:01","slug":"gefache-fuer-elektronische-komponenten","status":"publish","type":"page","link":"https:\/\/www.estic-maillot.com\/de\/gefache-fuer-elektronische-komponenten\/","title":{"rendered":"Gefache f\u00fcr elektronische Komponenten"},"content":{"rendered":"\t\t<div data-elementor-type=\"wp-page\" data-elementor-id=\"10626\" class=\"elementor elementor-10626 elementor-10371\" data-elementor-post-type=\"page\">\n\t\t\t\t\t\t<section class=\"elementor-section elementor-top-section elementor-element elementor-element-af5cce5 elementor-section-boxed elementor-section-height-default elementor-section-height-default\" data-id=\"af5cce5\" data-element_type=\"section\">\n\t\t\t\t\t\t<div class=\"elementor-container elementor-column-gap-default\">\n\t\t\t\t\t<div class=\"elementor-column elementor-col-100 elementor-top-column elementor-element elementor-element-46ba5e9\" data-id=\"46ba5e9\" data-element_type=\"column\">\n\t\t\t<div class=\"elementor-widget-wrap elementor-element-populated\">\n\t\t\t\t\t\t<div class=\"elementor-element elementor-element-ee0e7b8 elementor-widget elementor-widget-text-editor\" data-id=\"ee0e7b8\" data-element_type=\"widget\" data-widget_type=\"text-editor.default\">\n\t\t\t\t<div class=\"elementor-widget-container\">\n\t\t\t\t\t\t\t<p><span style=\"font-weight: 400;\">Elektronische Komponenten geh\u00f6ren zu den empfindlichsten Waren und erfordern besondere Vorsichtsma\u00dfnahmen beim Versand. Schon der kleinste Sto\u00df kann zu Fehlfunktionen f\u00fchren, die eine R\u00fccksendung an den Absender und Umsatzeinbu\u00dfen zur Folge haben. Die Gew\u00e4hrleistung eines sicheren Transports und einer Ankunft der Produkte in ausgezeichnetem Zustand ist daher unerl\u00e4sslich. Die Verwendung von Gefache ist eine wertvolle L\u00f6sung.<\/span><\/p>\t\t\t\t\t\t<\/div>\n\t\t\t\t<\/div>\n\t\t\t\t\t<\/div>\n\t\t<\/div>\n\t\t\t\t\t<\/div>\n\t\t<\/section>\n\t\t\t\t<section class=\"elementor-section elementor-top-section elementor-element elementor-element-e56f410 elementor-section-boxed elementor-section-height-default elementor-section-height-default\" data-id=\"e56f410\" data-element_type=\"section\">\n\t\t\t\t\t\t<div class=\"elementor-container elementor-column-gap-default\">\n\t\t\t\t\t<div class=\"elementor-column elementor-col-100 elementor-top-column elementor-element elementor-element-f663b1f\" data-id=\"f663b1f\" data-element_type=\"column\">\n\t\t\t<div class=\"elementor-widget-wrap elementor-element-populated\">\n\t\t\t\t\t\t<div class=\"elementor-element elementor-element-9ef21ad elementor-widget elementor-widget-heading\" data-id=\"9ef21ad\" data-element_type=\"widget\" data-widget_type=\"heading.default\">\n\t\t\t\t<div class=\"elementor-widget-container\">\n\t\t\t<h2 class=\"elementor-heading-title elementor-size-default\">Wie lassen sich elektronische Bauteile transportieren?\n<\/h2>\t\t<\/div>\n\t\t\t\t<\/div>\n\t\t\t\t\t<\/div>\n\t\t<\/div>\n\t\t\t\t\t<\/div>\n\t\t<\/section>\n\t\t\t\t<section class=\"elementor-section elementor-top-section elementor-element elementor-element-e0aabdd elementor-section-boxed elementor-section-height-default elementor-section-height-default\" data-id=\"e0aabdd\" data-element_type=\"section\">\n\t\t\t\t\t\t<div class=\"elementor-container elementor-column-gap-default\">\n\t\t\t\t\t<div class=\"elementor-column elementor-col-100 elementor-top-column elementor-element elementor-element-002d5df\" data-id=\"002d5df\" data-element_type=\"column\">\n\t\t\t<div class=\"elementor-widget-wrap elementor-element-populated\">\n\t\t\t\t\t\t<div class=\"elementor-element elementor-element-a9a644c elementor-widget elementor-widget-text-editor\" data-id=\"a9a644c\" data-element_type=\"widget\" data-widget_type=\"text-editor.default\">\n\t\t\t\t<div class=\"elementor-widget-container\">\n\t\t\t\t\t\t\t<p><span style=\"font-weight: 400;\">Der Transport von empfindlichen Ger\u00e4ten stellt f\u00fcr Unternehmen eine echte Herausforderung dar. Der Schutz der Waren muss gew\u00e4hrleistet und die Lieferung erleichtert werden. Elektronische Bauteile d\u00fcrfen unabh\u00e4ngig von ihrer Gr\u00f6\u00dfe w\u00e4hrend des Transports keinen St\u00f6\u00dfen ausgesetzt werden. Dies erfordert eine perfekt angepasste L\u00f6sung, die Kartontrennw\u00e4nde bieten.<\/span><\/p><p>\u00a0<\/p><p><span style=\"font-weight: 400;\">Gefache f\u00fcr elektronische Bauteile besteht aus Abteilen (sogenannten F\u00e4chern), in denen die zu versendenden Produkte platziert werden. Die Abmessungen der F\u00e4cher sind vollst\u00e4ndig an die Abmessungen des Produkts angepasst, um ein Minimum an Spielraum zu lassen und so die Bewegungen des Produkts bei Vibrationen in der Ladung so gering wie m\u00f6glich zu halten. Ohne Schutz k\u00f6nnten diese Bewegungen oder Vibrationen das St\u00fcck n\u00e4mlich verkratzen oder besch\u00e4digen.<\/span><\/p><p><span style=\"font-weight: 400;\">\u00a0<\/span><\/p><p><span style=\"font-weight: 400;\">Die Gitterfacheinsatz aus Karton wird aus recyceltem Material hergestellt und verringert so die Umweltauswirkungen Ihrer Sendungen. Ihre elektronischen Komponenten werden so w\u00e4hrend des Transports und der Lagerung gesch\u00fctzt und Sie entscheiden sich gleichzeitig f\u00fcr eine umweltfreundlichere L\u00f6sung dank eines recycelten und wiederverwertbaren Materials.<\/span><\/p>\t\t\t\t\t\t<\/div>\n\t\t\t\t<\/div>\n\t\t\t\t\t<\/div>\n\t\t<\/div>\n\t\t\t\t\t<\/div>\n\t\t<\/section>\n\t\t\t\t<section class=\"elementor-section elementor-top-section elementor-element elementor-element-2e400aa elementor-section-boxed elementor-section-height-default elementor-section-height-default\" data-id=\"2e400aa\" data-element_type=\"section\">\n\t\t\t\t\t\t<div class=\"elementor-container elementor-column-gap-default\">\n\t\t\t\t\t<div class=\"elementor-column elementor-col-100 elementor-top-column elementor-element elementor-element-1bba353\" data-id=\"1bba353\" data-element_type=\"column\">\n\t\t\t<div class=\"elementor-widget-wrap elementor-element-populated\">\n\t\t\t\t\t\t<div class=\"elementor-element elementor-element-ecf7a49 elementor-widget elementor-widget-heading\" data-id=\"ecf7a49\" data-element_type=\"widget\" data-widget_type=\"heading.default\">\n\t\t\t\t<div class=\"elementor-widget-container\">\n\t\t\t<h2 class=\"elementor-heading-title elementor-size-default\">Le croisillon carton : un transport s\u00e9curis\u00e9 pour vos composants \u00e9lectroniques<\/h2>\t\t<\/div>\n\t\t\t\t<\/div>\n\t\t\t\t\t<\/div>\n\t\t<\/div>\n\t\t\t\t\t<\/div>\n\t\t<\/section>\n\t\t\t\t<section class=\"elementor-section elementor-top-section elementor-element elementor-element-fa84093 elementor-section-boxed elementor-section-height-default elementor-section-height-default\" data-id=\"fa84093\" data-element_type=\"section\">\n\t\t\t\t\t\t<div class=\"elementor-container elementor-column-gap-default\">\n\t\t\t\t\t<div class=\"elementor-column elementor-col-100 elementor-top-column elementor-element elementor-element-4af1dd2\" data-id=\"4af1dd2\" data-element_type=\"column\">\n\t\t\t<div class=\"elementor-widget-wrap elementor-element-populated\">\n\t\t\t\t\t\t<div class=\"elementor-element elementor-element-8dc2671 elementor-widget elementor-widget-text-editor\" data-id=\"8dc2671\" data-element_type=\"widget\" data-widget_type=\"text-editor.default\">\n\t\t\t\t<div class=\"elementor-widget-container\">\n\t\t\t\t\t\t\t<p><span style=\"font-weight: 400;\">Das Ziel von Kartonstegen f\u00fcr elektronische Bauteile ist es, einen sicheren Transport zu gew\u00e4hrleisten, der Br\u00fcche und Kratzer auch bei den empfindlichsten G\u00fctern verhindern kann. Neben der Schutzfunktion hat die <\/span><a href=\"https:\/\/www.estic-maillot.com\/de\/gefache\/\"><b>Kartonstege<\/b><\/a><span style=\"font-weight: 400;\"> auch die Aufgabe, die elektronischen Bauteile zu ordnen und zu verpacken. In einen Karton k\u00f6nnen mehrere Lagen Gefache eingelegt werden, die durch eine Zwischenlage voneinander getrennt sind. Auf diese Weise optimieren Sie Ihren Lagerraum und schr\u00e4nken gleichzeitig Ihr Budget f\u00fcr Schachteln ein.\u00a0<\/span><\/p><p>\u00a0<\/p><p><span style=\"font-weight: 400;\">Je nachdem, wie empfindlich die elektronischen Komponenten sind, k\u00f6nnen Sie die Grammatur des Kartons anpassen, um einen optimalen Schutz zu gew\u00e4hrleisten. F\u00fcr Waren, die leicht besch\u00e4digt werden k\u00f6nnen, bieten wir Ihnen eine h\u00f6here Kartonst\u00e4rke an, um einen einwandfreien Schutz zu gew\u00e4hrleisten.<\/span><\/p><p>\u00a0<\/p><p><span style=\"font-weight: 400;\">Je nach Art der transportierten elektronischen Bauteile haben Sie auch die M\u00f6glichkeit, die Stege zus\u00e4tzlich zur Plastikt\u00fcte als Umverpackung zu verwenden, um zus\u00e4tzlichen Schutz zu bieten.<\/span><\/p>\t\t\t\t\t\t<\/div>\n\t\t\t\t<\/div>\n\t\t\t\t\t<\/div>\n\t\t<\/div>\n\t\t\t\t\t<\/div>\n\t\t<\/section>\n\t\t\t\t<section class=\"elementor-section elementor-top-section elementor-element elementor-element-88d8c93 elementor-section-boxed elementor-section-height-default elementor-section-height-default\" data-id=\"88d8c93\" data-element_type=\"section\">\n\t\t\t\t\t\t<div class=\"elementor-container elementor-column-gap-default\">\n\t\t\t\t\t<div class=\"elementor-column elementor-col-100 elementor-top-column elementor-element elementor-element-b468fd6\" data-id=\"b468fd6\" data-element_type=\"column\">\n\t\t\t<div class=\"elementor-widget-wrap elementor-element-populated\">\n\t\t\t\t\t\t<div class=\"elementor-element elementor-element-977a214 elementor-widget elementor-widget-heading\" data-id=\"977a214\" data-element_type=\"widget\" data-widget_type=\"heading.default\">\n\t\t\t\t<div class=\"elementor-widget-container\">\n\t\t\t<h2 class=\"elementor-heading-title elementor-size-default\"><span style=\"font-weight:normal\"><p dir=\"ltr\" style=\"line-height:1.295;margin-top:0pt;margin-bottom:8pt\"><span style=\"font-size: 24pt;font-family: Arial, sans-serif;background-color: transparent;font-weight: 700\">Elektronische Teile sicher transportieren<\/span><span style=\"color: var( --e-global-color-text );font-weight: bold\"><\/span><\/p><\/span><\/h2>\t\t<\/div>\n\t\t\t\t<\/div>\n\t\t\t\t\t<\/div>\n\t\t<\/div>\n\t\t\t\t\t<\/div>\n\t\t<\/section>\n\t\t\t\t<section class=\"elementor-section elementor-top-section elementor-element elementor-element-73c5166 elementor-section-boxed elementor-section-height-default elementor-section-height-default\" data-id=\"73c5166\" data-element_type=\"section\">\n\t\t\t\t\t\t<div class=\"elementor-container elementor-column-gap-default\">\n\t\t\t\t\t<div class=\"elementor-column elementor-col-100 elementor-top-column elementor-element elementor-element-a23b58b\" data-id=\"a23b58b\" data-element_type=\"column\">\n\t\t\t<div class=\"elementor-widget-wrap elementor-element-populated\">\n\t\t\t\t\t\t<div class=\"elementor-element elementor-element-cfda11d elementor-widget elementor-widget-text-editor\" data-id=\"cfda11d\" data-element_type=\"widget\" data-widget_type=\"text-editor.default\">\n\t\t\t\t<div class=\"elementor-widget-container\">\n\t\t\t\t\t\t\t<p><span style=\"font-weight: 400;\">Wir bem\u00fchen uns, die Erwartungen von Unternehmen aller Branchen zu erf\u00fcllen. F\u00fcr den Transport von elektronischen Bauteilen bieten wir Ihnen eine ma\u00dfgeschneiderte L\u00f6sung, die eine Lieferung unter den bestm\u00f6glichen Bedingungen gew\u00e4hrleistet.\u00a0<\/span><\/p><p><span style=\"font-weight: 400;\">\u00a0<\/span><\/p><p><span style=\"font-weight: 400;\">Da jede Ware ihre eigenen Einschr\u00e4nkungen hat, verpflichten wir uns, einen Ponton zu entwerfen, der ganz Ihren Bed\u00fcrfnissen entspricht. Da unsere Stanzwerkzeuge verstellbar sind, bieten wir Gefache an, die vollst\u00e4ndig auf die Gr\u00f6\u00dfe Ihres Bauteils abgestimmt sind, um einen optimalen Schutz und eine optimale Verkeilung zu gew\u00e4hrleisten. Sind Sie auf der Suche nach einer zuverl\u00e4ssigen Transportl\u00f6sung f\u00fcr Ihre zerbrechlichen Teile? Vertrauen Sie uns! Wir bieten Ihnen L\u00f6sungen, die ebenso praktisch wie umweltfreundlich sind.<\/span><\/p><p><br \/><br \/><\/p>\t\t\t\t\t\t<\/div>\n\t\t\t\t<\/div>\n\t\t\t\t\t<\/div>\n\t\t<\/div>\n\t\t\t\t\t<\/div>\n\t\t<\/section>\n\t\t\t\t<\/div>\n\t\t","protected":false},"excerpt":{"rendered":"<p>Elektronische Komponenten geh\u00f6ren zu den empfindlichsten Waren und erfordern besondere Vorsichtsma\u00dfnahmen beim Versand. Schon der kleinste Sto\u00df kann zu Fehlfunktionen f\u00fchren, die eine R\u00fccksendung an den Absender und Umsatzeinbu\u00dfen zur Folge haben. Die Gew\u00e4hrleistung eines sicheren Transports und einer Ankunft der Produkte in ausgezeichnetem Zustand ist daher unerl\u00e4sslich. Die Verwendung von Gefache ist eine wertvolle [&hellip;]<\/p>\n","protected":false},"author":4,"featured_media":10380,"parent":0,"menu_order":0,"comment_status":"closed","ping_status":"closed","template":"","meta":{"_acf_changed":false,"footnotes":""},"class_list":["post-10626","page","type-page","status-publish","has-post-thumbnail","hentry"],"acf":[],"yoast_head":"<!-- This site is optimized with the Yoast SEO plugin v24.4 - https:\/\/yoast.com\/wordpress\/plugins\/seo\/ -->\n<title>Gefache f\u00fcr elektronische Komponenten - Estic-Maillot<\/title>\n<meta name=\"robots\" content=\"index, follow, max-snippet:-1, max-image-preview:large, max-video-preview:-1\" \/>\n<link rel=\"canonical\" href=\"https:\/\/www.estic-maillot.com\/de\/gefache-fuer-elektronische-komponenten\/\" \/>\n<meta property=\"og:locale\" content=\"de_DE\" \/>\n<meta property=\"og:type\" content=\"article\" \/>\n<meta property=\"og:title\" content=\"Gefache f\u00fcr elektronische Komponenten - Estic-Maillot\" \/>\n<meta property=\"og:description\" content=\"Elektronische Komponenten geh\u00f6ren zu den empfindlichsten Waren und erfordern besondere Vorsichtsma\u00dfnahmen beim Versand. Schon der kleinste Sto\u00df kann zu Fehlfunktionen f\u00fchren, die eine R\u00fccksendung an den Absender und Umsatzeinbu\u00dfen zur Folge haben. Die Gew\u00e4hrleistung eines sicheren Transports und einer Ankunft der Produkte in ausgezeichnetem Zustand ist daher unerl\u00e4sslich. Die Verwendung von Gefache ist eine wertvolle [&hellip;]\" \/>\n<meta property=\"og:url\" content=\"https:\/\/www.estic-maillot.com\/de\/gefache-fuer-elektronische-komponenten\/\" \/>\n<meta property=\"og:site_name\" content=\"Estic-Maillot\" \/>\n<meta property=\"article:modified_time\" content=\"2024-02-16T09:34:01+00:00\" \/>\n<meta property=\"og:image\" content=\"https:\/\/www.estic-maillot.com\/wp-content\/uploads\/2024\/01\/croisillon-composants-electroniques.jpg\" \/>\n\t<meta property=\"og:image:width\" content=\"1620\" \/>\n\t<meta property=\"og:image:height\" content=\"1080\" \/>\n\t<meta property=\"og:image:type\" content=\"image\/jpeg\" \/>\n<meta name=\"twitter:card\" content=\"summary_large_image\" \/>\n<meta name=\"twitter:label1\" content=\"Est. reading time\" \/>\n\t<meta name=\"twitter:data1\" content=\"3 minutes\" \/>\n<script type=\"application\/ld+json\" class=\"yoast-schema-graph\">{\"@context\":\"https:\/\/schema.org\",\"@graph\":[{\"@type\":\"WebPage\",\"@id\":\"https:\/\/www.estic-maillot.com\/de\/gefache-fuer-elektronische-komponenten\/\",\"url\":\"https:\/\/www.estic-maillot.com\/de\/gefache-fuer-elektronische-komponenten\/\",\"name\":\"Gefache f\u00fcr elektronische Komponenten - Estic-Maillot\",\"isPartOf\":{\"@id\":\"https:\/\/www.estic-maillot.com\/de\/#website\"},\"primaryImageOfPage\":{\"@id\":\"https:\/\/www.estic-maillot.com\/de\/gefache-fuer-elektronische-komponenten\/#primaryimage\"},\"image\":{\"@id\":\"https:\/\/www.estic-maillot.com\/de\/gefache-fuer-elektronische-komponenten\/#primaryimage\"},\"thumbnailUrl\":\"https:\/\/www.estic-maillot.com\/wp-content\/uploads\/2024\/01\/croisillon-composants-electroniques.jpg\",\"datePublished\":\"2024-01-18T08:02:13+00:00\",\"dateModified\":\"2024-02-16T09:34:01+00:00\",\"breadcrumb\":{\"@id\":\"https:\/\/www.estic-maillot.com\/de\/gefache-fuer-elektronische-komponenten\/#breadcrumb\"},\"inLanguage\":\"de-DE\",\"potentialAction\":[{\"@type\":\"ReadAction\",\"target\":[\"https:\/\/www.estic-maillot.com\/de\/gefache-fuer-elektronische-komponenten\/\"]}]},{\"@type\":\"ImageObject\",\"inLanguage\":\"de-DE\",\"@id\":\"https:\/\/www.estic-maillot.com\/de\/gefache-fuer-elektronische-komponenten\/#primaryimage\",\"url\":\"https:\/\/www.estic-maillot.com\/wp-content\/uploads\/2024\/01\/croisillon-composants-electroniques.jpg\",\"contentUrl\":\"https:\/\/www.estic-maillot.com\/wp-content\/uploads\/2024\/01\/croisillon-composants-electroniques.jpg\",\"width\":1620,\"height\":1080,\"caption\":\"croisillon composants e\u0301lectroniques\"},{\"@type\":\"BreadcrumbList\",\"@id\":\"https:\/\/www.estic-maillot.com\/de\/gefache-fuer-elektronische-komponenten\/#breadcrumb\",\"itemListElement\":[{\"@type\":\"ListItem\",\"position\":1,\"name\":\"Accueil\",\"item\":\"https:\/\/www.estic-maillot.com\/de\/\"},{\"@type\":\"ListItem\",\"position\":2,\"name\":\"Gefache f\u00fcr elektronische Komponenten\"}]},{\"@type\":\"WebSite\",\"@id\":\"https:\/\/www.estic-maillot.com\/de\/#website\",\"url\":\"https:\/\/www.estic-maillot.com\/de\/\",\"name\":\"Groupe ESTIC-MAILLOT\",\"description\":\"Conception et fabrication de croisillons en carton\",\"publisher\":{\"@id\":\"https:\/\/www.estic-maillot.com\/de\/#organization\"},\"alternateName\":\"ESTIC-MAILLOT\",\"potentialAction\":[{\"@type\":\"SearchAction\",\"target\":{\"@type\":\"EntryPoint\",\"urlTemplate\":\"https:\/\/www.estic-maillot.com\/de\/?s={search_term_string}\"},\"query-input\":{\"@type\":\"PropertyValueSpecification\",\"valueRequired\":true,\"valueName\":\"search_term_string\"}}],\"inLanguage\":\"de-DE\"},{\"@type\":\"Organization\",\"@id\":\"https:\/\/www.estic-maillot.com\/de\/#organization\",\"name\":\"Groupe ESTIC-MAILLOT\",\"alternateName\":\"ESTIC-MAILLOT\",\"url\":\"https:\/\/www.estic-maillot.com\/de\/\",\"logo\":{\"@type\":\"ImageObject\",\"inLanguage\":\"de-DE\",\"@id\":\"https:\/\/www.estic-maillot.com\/de\/#\/schema\/logo\/image\/\",\"url\":\"https:\/\/www.estic-maillot.com\/wp-content\/uploads\/2023\/02\/favicon-estic-maillot.png\",\"contentUrl\":\"https:\/\/www.estic-maillot.com\/wp-content\/uploads\/2023\/02\/favicon-estic-maillot.png\",\"width\":512,\"height\":512,\"caption\":\"Groupe ESTIC-MAILLOT\"},\"image\":{\"@id\":\"https:\/\/www.estic-maillot.com\/de\/#\/schema\/logo\/image\/\"}}]}<\/script>\n<!-- \/ Yoast SEO plugin. -->","yoast_head_json":{"title":"Gefache f\u00fcr elektronische Komponenten - Estic-Maillot","robots":{"index":"index","follow":"follow","max-snippet":"max-snippet:-1","max-image-preview":"max-image-preview:large","max-video-preview":"max-video-preview:-1"},"canonical":"https:\/\/www.estic-maillot.com\/de\/gefache-fuer-elektronische-komponenten\/","og_locale":"de_DE","og_type":"article","og_title":"Gefache f\u00fcr elektronische Komponenten - Estic-Maillot","og_description":"Elektronische Komponenten geh\u00f6ren zu den empfindlichsten Waren und erfordern besondere Vorsichtsma\u00dfnahmen beim Versand. Schon der kleinste Sto\u00df kann zu Fehlfunktionen f\u00fchren, die eine R\u00fccksendung an den Absender und Umsatzeinbu\u00dfen zur Folge haben. Die Gew\u00e4hrleistung eines sicheren Transports und einer Ankunft der Produkte in ausgezeichnetem Zustand ist daher unerl\u00e4sslich. Die Verwendung von Gefache ist eine wertvolle [&hellip;]","og_url":"https:\/\/www.estic-maillot.com\/de\/gefache-fuer-elektronische-komponenten\/","og_site_name":"Estic-Maillot","article_modified_time":"2024-02-16T09:34:01+00:00","og_image":[{"width":1620,"height":1080,"url":"https:\/\/www.estic-maillot.com\/wp-content\/uploads\/2024\/01\/croisillon-composants-electroniques.jpg","type":"image\/jpeg"}],"twitter_card":"summary_large_image","twitter_misc":{"Est. reading time":"3 minutes"},"schema":{"@context":"https:\/\/schema.org","@graph":[{"@type":"WebPage","@id":"https:\/\/www.estic-maillot.com\/de\/gefache-fuer-elektronische-komponenten\/","url":"https:\/\/www.estic-maillot.com\/de\/gefache-fuer-elektronische-komponenten\/","name":"Gefache f\u00fcr elektronische Komponenten - Estic-Maillot","isPartOf":{"@id":"https:\/\/www.estic-maillot.com\/de\/#website"},"primaryImageOfPage":{"@id":"https:\/\/www.estic-maillot.com\/de\/gefache-fuer-elektronische-komponenten\/#primaryimage"},"image":{"@id":"https:\/\/www.estic-maillot.com\/de\/gefache-fuer-elektronische-komponenten\/#primaryimage"},"thumbnailUrl":"https:\/\/www.estic-maillot.com\/wp-content\/uploads\/2024\/01\/croisillon-composants-electroniques.jpg","datePublished":"2024-01-18T08:02:13+00:00","dateModified":"2024-02-16T09:34:01+00:00","breadcrumb":{"@id":"https:\/\/www.estic-maillot.com\/de\/gefache-fuer-elektronische-komponenten\/#breadcrumb"},"inLanguage":"de-DE","potentialAction":[{"@type":"ReadAction","target":["https:\/\/www.estic-maillot.com\/de\/gefache-fuer-elektronische-komponenten\/"]}]},{"@type":"ImageObject","inLanguage":"de-DE","@id":"https:\/\/www.estic-maillot.com\/de\/gefache-fuer-elektronische-komponenten\/#primaryimage","url":"https:\/\/www.estic-maillot.com\/wp-content\/uploads\/2024\/01\/croisillon-composants-electroniques.jpg","contentUrl":"https:\/\/www.estic-maillot.com\/wp-content\/uploads\/2024\/01\/croisillon-composants-electroniques.jpg","width":1620,"height":1080,"caption":"croisillon composants e\u0301lectroniques"},{"@type":"BreadcrumbList","@id":"https:\/\/www.estic-maillot.com\/de\/gefache-fuer-elektronische-komponenten\/#breadcrumb","itemListElement":[{"@type":"ListItem","position":1,"name":"Accueil","item":"https:\/\/www.estic-maillot.com\/de\/"},{"@type":"ListItem","position":2,"name":"Gefache f\u00fcr elektronische Komponenten"}]},{"@type":"WebSite","@id":"https:\/\/www.estic-maillot.com\/de\/#website","url":"https:\/\/www.estic-maillot.com\/de\/","name":"Groupe ESTIC-MAILLOT","description":"Conception et fabrication de croisillons en carton","publisher":{"@id":"https:\/\/www.estic-maillot.com\/de\/#organization"},"alternateName":"ESTIC-MAILLOT","potentialAction":[{"@type":"SearchAction","target":{"@type":"EntryPoint","urlTemplate":"https:\/\/www.estic-maillot.com\/de\/?s={search_term_string}"},"query-input":{"@type":"PropertyValueSpecification","valueRequired":true,"valueName":"search_term_string"}}],"inLanguage":"de-DE"},{"@type":"Organization","@id":"https:\/\/www.estic-maillot.com\/de\/#organization","name":"Groupe ESTIC-MAILLOT","alternateName":"ESTIC-MAILLOT","url":"https:\/\/www.estic-maillot.com\/de\/","logo":{"@type":"ImageObject","inLanguage":"de-DE","@id":"https:\/\/www.estic-maillot.com\/de\/#\/schema\/logo\/image\/","url":"https:\/\/www.estic-maillot.com\/wp-content\/uploads\/2023\/02\/favicon-estic-maillot.png","contentUrl":"https:\/\/www.estic-maillot.com\/wp-content\/uploads\/2023\/02\/favicon-estic-maillot.png","width":512,"height":512,"caption":"Groupe ESTIC-MAILLOT"},"image":{"@id":"https:\/\/www.estic-maillot.com\/de\/#\/schema\/logo\/image\/"}}]}},"_links":{"self":[{"href":"https:\/\/www.estic-maillot.com\/de\/wp-json\/wp\/v2\/pages\/10626","targetHints":{"allow":["GET"]}}],"collection":[{"href":"https:\/\/www.estic-maillot.com\/de\/wp-json\/wp\/v2\/pages"}],"about":[{"href":"https:\/\/www.estic-maillot.com\/de\/wp-json\/wp\/v2\/types\/page"}],"author":[{"embeddable":true,"href":"https:\/\/www.estic-maillot.com\/de\/wp-json\/wp\/v2\/users\/4"}],"replies":[{"embeddable":true,"href":"https:\/\/www.estic-maillot.com\/de\/wp-json\/wp\/v2\/comments?post=10626"}],"version-history":[{"count":5,"href":"https:\/\/www.estic-maillot.com\/de\/wp-json\/wp\/v2\/pages\/10626\/revisions"}],"predecessor-version":[{"id":10631,"href":"https:\/\/www.estic-maillot.com\/de\/wp-json\/wp\/v2\/pages\/10626\/revisions\/10631"}],"wp:featuredmedia":[{"embeddable":true,"href":"https:\/\/www.estic-maillot.com\/de\/wp-json\/wp\/v2\/media\/10380"}],"wp:attachment":[{"href":"https:\/\/www.estic-maillot.com\/de\/wp-json\/wp\/v2\/media?parent=10626"}],"curies":[{"name":"wp","href":"https:\/\/api.w.org\/{rel}","templated":true}]}}