{"id":10537,"date":"2023-12-22T11:11:24","date_gmt":"2023-12-22T10:11:24","guid":{"rendered":"https:\/\/www.estic-maillot.com\/?page_id=10537"},"modified":"2024-01-23T16:45:18","modified_gmt":"2024-01-23T15:45:18","slug":"bauindustrie","status":"publish","type":"page","link":"https:\/\/www.estic-maillot.com\/de\/bauindustrie\/","title":{"rendered":"Bauindustrie"},"content":{"rendered":"\t\t<div data-elementor-type=\"wp-page\" data-elementor-id=\"10537\" class=\"elementor elementor-10537 elementor-10310\" data-elementor-post-type=\"page\">\n\t\t\t\t\t\t<section class=\"elementor-section elementor-top-section elementor-element elementor-element-9154404 elementor-section-boxed elementor-section-height-default elementor-section-height-default\" data-id=\"9154404\" data-element_type=\"section\">\n\t\t\t\t\t\t<div class=\"elementor-container elementor-column-gap-default\">\n\t\t\t\t\t<div class=\"elementor-column elementor-col-100 elementor-top-column elementor-element elementor-element-9571626\" data-id=\"9571626\" data-element_type=\"column\">\n\t\t\t<div class=\"elementor-widget-wrap elementor-element-populated\">\n\t\t\t\t\t\t<div class=\"elementor-element elementor-element-6658f6a elementor-widget elementor-widget-text-editor\" data-id=\"6658f6a\" data-element_type=\"widget\" data-widget_type=\"text-editor.default\">\n\t\t\t\t<div class=\"elementor-widget-container\">\n\t\t\t\t\t\t\tDie Wabenpappe vereint St\u00e4rke und Leichtigkeit, um eine optimale Anpassungsf\u00e4higkeit mit den verschiedenen Sektoren zu erreichen. Waben werden nicht nur im Transportwesen zum Verkeilen von Waren gesch\u00e4tzt, sondern auch in anderen Bereichen wie dem Bauwesen eingesetzt. Die Eigenschaften der Waben verleihen ihnen eine gro\u00dfe Vielseitigkeit, die von allen gesch\u00e4tzt wird. \n\t\t\t\t\t\t<\/div>\n\t\t\t\t<\/div>\n\t\t\t\t\t<\/div>\n\t\t<\/div>\n\t\t\t\t\t<\/div>\n\t\t<\/section>\n\t\t\t\t<section class=\"elementor-section elementor-top-section elementor-element elementor-element-95e3023 elementor-section-boxed elementor-section-height-default elementor-section-height-default\" data-id=\"95e3023\" data-element_type=\"section\">\n\t\t\t\t\t\t<div class=\"elementor-container elementor-column-gap-default\">\n\t\t\t\t\t<div class=\"elementor-column elementor-col-100 elementor-top-column elementor-element elementor-element-07f9fbe\" data-id=\"07f9fbe\" data-element_type=\"column\">\n\t\t\t<div class=\"elementor-widget-wrap elementor-element-populated\">\n\t\t\t\t\t\t<div class=\"elementor-element elementor-element-bbf5663 elementor-widget elementor-widget-heading\" data-id=\"bbf5663\" data-element_type=\"widget\" data-widget_type=\"heading.default\">\n\t\t\t\t<div class=\"elementor-widget-container\">\n\t\t\t<h2 class=\"elementor-heading-title elementor-size-default\">Ein Schritt in Richtung \u00d6kologie mit der Wabe\n<\/h2>\t\t<\/div>\n\t\t\t\t<\/div>\n\t\t\t\t\t<\/div>\n\t\t<\/div>\n\t\t\t\t\t<\/div>\n\t\t<\/section>\n\t\t\t\t<section class=\"elementor-section elementor-top-section elementor-element elementor-element-711d0fb elementor-section-boxed elementor-section-height-default elementor-section-height-default\" data-id=\"711d0fb\" data-element_type=\"section\">\n\t\t\t\t\t\t<div class=\"elementor-container elementor-column-gap-default\">\n\t\t\t\t\t<div class=\"elementor-column elementor-col-100 elementor-top-column elementor-element elementor-element-726139e\" data-id=\"726139e\" data-element_type=\"column\">\n\t\t\t<div class=\"elementor-widget-wrap elementor-element-populated\">\n\t\t\t\t\t\t<div class=\"elementor-element elementor-element-209dbbc elementor-widget elementor-widget-text-editor\" data-id=\"209dbbc\" data-element_type=\"widget\" data-widget_type=\"text-editor.default\">\n\t\t\t\t<div class=\"elementor-widget-container\">\n\t\t\t\t\t\t\t<p>Der Wabenkarton, auch Wabenkarton genannt, hat es wieder einmal erm\u00f6glicht, die nicht recycelbaren Produkte im Bauwesen zu ersetzen. Eine echte \u00f6kologische Revolution und eine &#8220;gr\u00fcne&#8221; L\u00f6sung f\u00fcr das Baugewerbe.<\/p><p>Dieser besteht nur aus Papier und einem w\u00e4ssrigen Vinylkleber. Wir stellen fest, dass diese Zusammensetzung es v\u00f6llig einfach macht, das Produkt als Abfall auf Baustellen zu entsorgen. Auch wenn die Zusammensetzung von Wabenkarton einfach erscheint, sollten Sie beachten, dass das Produkt erstaunliche Eigenschaften im Verh\u00e4ltnis von Gewicht und Festigkeit besitzt. Aus diesem Grund wird Wabenkarton in vielen Bereichen eingesetzt.<\/p><p>So erf\u00fcllt die Wabenpappe in den Berufen des Baugewerbes, genauer gesagt des Bauwesens, die W\u00fcnsche von Bauunternehmern, die auf Konstruktionen Wert legen, bei denen die Elemente wiederverwertbar sind.<\/p>\t\t\t\t\t\t<\/div>\n\t\t\t\t<\/div>\n\t\t\t\t\t<\/div>\n\t\t<\/div>\n\t\t\t\t\t<\/div>\n\t\t<\/section>\n\t\t\t\t<section class=\"elementor-section elementor-top-section elementor-element elementor-element-30371fe elementor-section-boxed elementor-section-height-default elementor-section-height-default\" data-id=\"30371fe\" data-element_type=\"section\">\n\t\t\t\t\t\t<div class=\"elementor-container elementor-column-gap-default\">\n\t\t\t\t\t<div class=\"elementor-column elementor-col-100 elementor-top-column elementor-element elementor-element-e0855be\" data-id=\"e0855be\" data-element_type=\"column\">\n\t\t\t<div class=\"elementor-widget-wrap elementor-element-populated\">\n\t\t\t\t\t\t<div class=\"elementor-element elementor-element-81e0bcb elementor-widget elementor-widget-heading\" data-id=\"81e0bcb\" data-element_type=\"widget\" data-widget_type=\"heading.default\">\n\t\t\t\t<div class=\"elementor-widget-container\">\n\t\t\t<h2 class=\"elementor-heading-title elementor-size-default\">Die Widerstandsf\u00e4higkeit der Waben in der Bauindustrie\n<\/h2>\t\t<\/div>\n\t\t\t\t<\/div>\n\t\t\t\t\t<\/div>\n\t\t<\/div>\n\t\t\t\t\t<\/div>\n\t\t<\/section>\n\t\t\t\t<section class=\"elementor-section elementor-top-section elementor-element elementor-element-42f4622 elementor-section-boxed elementor-section-height-default elementor-section-height-default\" data-id=\"42f4622\" data-element_type=\"section\">\n\t\t\t\t\t\t<div class=\"elementor-container elementor-column-gap-default\">\n\t\t\t\t\t<div class=\"elementor-column elementor-col-100 elementor-top-column elementor-element elementor-element-0bd761e\" data-id=\"0bd761e\" data-element_type=\"column\">\n\t\t\t<div class=\"elementor-widget-wrap elementor-element-populated\">\n\t\t\t\t\t\t<div class=\"elementor-element elementor-element-6d6da47 elementor-widget elementor-widget-text-editor\" data-id=\"6d6da47\" data-element_type=\"widget\" data-widget_type=\"text-editor.default\">\n\t\t\t\t<div class=\"elementor-widget-container\">\n\t\t\t\t\t\t\t<p>Im Bausektor wird Wabenkarton von Handwerkern immer mehr gesch\u00e4tzt, die seine zahlreichen Vorteile bei ihren Bauten nutzen. Wir nennen vier Hauptverwendungszwecke von Wabenkarton in diesem Bereich :<\/p><ul><li>Die erdbebensichere Fuge, wenn die Platte vertikal verwendet wird<\/li><li>Die Dehnungsfuge<\/li><li>Eine Reservierungszone oder ein Leerraum<\/li><li>Fertigteile f\u00fcr Fenster oder T\u00fcren<\/li><\/ul><p>Gehen wir n\u00e4her auf die Funktionen von Wabenkarton ein, insbesondere im Zusammenhang mit einer erdbebensicheren Fuge.\u00a0<span style=\"color: var( --e-global-color-text ); font-family: var( --e-global-typography-text-font-family ), Sans-serif; font-size: var( --e-global-typography-text-font-size ); font-weight: var( --e-global-typography-text-font-weight );\">Zusammengefasst: Wenn der Karton vertikal aufgestellt wird, sorgt seine hohe Festigkeit daf\u00fcr, dass m\u00f6gliche Sch\u00e4den durch ein Erdbeben begrenzt werden. Dadurch wird das Aufeinanderprallen von Geb\u00e4uden bei Ersch\u00fctterungen stark eingeschr\u00e4nkt, um die Strukturen zu erhalten. Um die Anforderungen des Eurocode 8 zu erf\u00fcllen, werden verschiedene Modelle von Wabenkartons angeboten.\u00a0<\/span><\/p><p><span style=\"color: var( --e-global-color-text ); font-family: var( --e-global-typography-text-font-family ), Sans-serif; font-size: var( --e-global-typography-text-font-size ); font-weight: var( --e-global-typography-text-font-weight );\">In \u00e4hnlicher Weise kann sie als Dehnungsfuge verwendet werden, um die nat\u00fcrlichen Bewegungen des Betons zu erleichtern, die insbesondere je nach Temperatur, Wind oder auch m\u00f6glichen seismischen Ersch\u00fctterungen, wie sie oben erw\u00e4hnt wurden, variieren k\u00f6nnen.<\/span><\/p>\t\t\t\t\t\t<\/div>\n\t\t\t\t<\/div>\n\t\t\t\t\t<\/div>\n\t\t<\/div>\n\t\t\t\t\t<\/div>\n\t\t<\/section>\n\t\t\t\t<section class=\"elementor-section elementor-top-section elementor-element elementor-element-52dbe7b elementor-section-boxed elementor-section-height-default elementor-section-height-default\" data-id=\"52dbe7b\" data-element_type=\"section\">\n\t\t\t\t\t\t<div class=\"elementor-container elementor-column-gap-default\">\n\t\t\t\t\t<div class=\"elementor-column elementor-col-100 elementor-top-column elementor-element elementor-element-f18f639\" data-id=\"f18f639\" data-element_type=\"column\">\n\t\t\t<div class=\"elementor-widget-wrap elementor-element-populated\">\n\t\t\t\t\t\t<div class=\"elementor-element elementor-element-773294d elementor-widget elementor-widget-heading\" data-id=\"773294d\" data-element_type=\"widget\" data-widget_type=\"heading.default\">\n\t\t\t\t<div class=\"elementor-widget-container\">\n\t\t\t<h2 class=\"elementor-heading-title elementor-size-default\">Wabenpappekarton zur Isolierung gegen Feuchtigkeit\n<\/h2>\t\t<\/div>\n\t\t\t\t<\/div>\n\t\t\t\t\t<\/div>\n\t\t<\/div>\n\t\t\t\t\t<\/div>\n\t\t<\/section>\n\t\t\t\t<section class=\"elementor-section elementor-top-section elementor-element elementor-element-837bfae elementor-section-boxed elementor-section-height-default elementor-section-height-default\" data-id=\"837bfae\" data-element_type=\"section\">\n\t\t\t\t\t\t<div class=\"elementor-container elementor-column-gap-default\">\n\t\t\t\t\t<div class=\"elementor-column elementor-col-100 elementor-top-column elementor-element elementor-element-55766d3\" data-id=\"55766d3\" data-element_type=\"column\">\n\t\t\t<div class=\"elementor-widget-wrap elementor-element-populated\">\n\t\t\t\t\t\t<div class=\"elementor-element elementor-element-7ea3f4b elementor-widget elementor-widget-text-editor\" data-id=\"7ea3f4b\" data-element_type=\"widget\" data-widget_type=\"text-editor.default\">\n\t\t\t\t<div class=\"elementor-widget-container\">\n\t\t\t\t\t\t\t<p>Um eine Best\u00e4ndigkeit gegen den Kontakt mit Beton und Feuchtigkeit zu erm\u00f6glichen, haben wir Wabenplatten mit einer plastifizierten Beschichtung entwickelt. Dieser Materialmix erwies sich als entscheidend f\u00fcr die Entwicklung von Wabenl\u00f6sungen bei Baufachleuten.<\/p><p>\nWenden Sie sich f\u00fcr weitere Informationen an uns, wir k\u00f6nnen Sie bei der Verschreibung oder bei der Produktentwicklung begleiten. Wir legen n\u00e4mlich gro\u00dfen Wert darauf, auf die Bed\u00fcrfnisse unserer Kunden einzugehen und sie in ihrem gemeinsamen Willen zu begleiten, Akteure einer umweltfreundlicheren Welt zu sein. Z\u00f6gern Sie nicht l\u00e4nger und schlie\u00dfen Sie sich ihnen an!<\/p>\t\t\t\t\t\t<\/div>\n\t\t\t\t<\/div>\n\t\t\t\t\t<\/div>\n\t\t<\/div>\n\t\t\t\t\t<\/div>\n\t\t<\/section>\n\t\t\t\t<\/div>\n\t\t","protected":false},"excerpt":{"rendered":"<p>Die Wabenpappe vereint St\u00e4rke und Leichtigkeit, um eine optimale Anpassungsf\u00e4higkeit mit den verschiedenen Sektoren zu erreichen. Waben werden nicht nur im Transportwesen zum Verkeilen von Waren gesch\u00e4tzt, sondern auch in anderen Bereichen wie dem Bauwesen eingesetzt. Die Eigenschaften der Waben verleihen ihnen eine gro\u00dfe Vielseitigkeit, die von allen gesch\u00e4tzt wird. Ein Schritt in Richtung \u00d6kologie [&hellip;]<\/p>\n","protected":false},"author":4,"featured_media":10434,"parent":0,"menu_order":0,"comment_status":"closed","ping_status":"closed","template":"","meta":{"_acf_changed":false,"footnotes":""},"class_list":["post-10537","page","type-page","status-publish","has-post-thumbnail","hentry"],"acf":[],"yoast_head":"<!-- This site is optimized with the Yoast SEO plugin v24.4 - https:\/\/yoast.com\/wordpress\/plugins\/seo\/ -->\n<title>Bauindustrie - Estic-Maillot<\/title>\n<meta name=\"robots\" content=\"index, follow, max-snippet:-1, max-image-preview:large, max-video-preview:-1\" \/>\n<link rel=\"canonical\" href=\"https:\/\/www.estic-maillot.com\/de\/bauindustrie\/\" \/>\n<meta property=\"og:locale\" content=\"de_DE\" \/>\n<meta property=\"og:type\" content=\"article\" \/>\n<meta property=\"og:title\" content=\"Bauindustrie - Estic-Maillot\" \/>\n<meta property=\"og:description\" content=\"Die Wabenpappe vereint St\u00e4rke und Leichtigkeit, um eine optimale Anpassungsf\u00e4higkeit mit den verschiedenen Sektoren zu erreichen. Waben werden nicht nur im Transportwesen zum Verkeilen von Waren gesch\u00e4tzt, sondern auch in anderen Bereichen wie dem Bauwesen eingesetzt. Die Eigenschaften der Waben verleihen ihnen eine gro\u00dfe Vielseitigkeit, die von allen gesch\u00e4tzt wird. Ein Schritt in Richtung \u00d6kologie [&hellip;]\" \/>\n<meta property=\"og:url\" content=\"https:\/\/www.estic-maillot.com\/de\/bauindustrie\/\" \/>\n<meta property=\"og:site_name\" content=\"Estic-Maillot\" \/>\n<meta property=\"article:modified_time\" content=\"2024-01-23T15:45:18+00:00\" \/>\n<meta property=\"og:image\" content=\"https:\/\/www.estic-maillot.com\/wp-content\/uploads\/2024\/01\/croisillons-batiment.jpg\" \/>\n\t<meta property=\"og:image:width\" content=\"1920\" \/>\n\t<meta property=\"og:image:height\" content=\"1440\" \/>\n\t<meta property=\"og:image:type\" content=\"image\/jpeg\" \/>\n<meta name=\"twitter:card\" content=\"summary_large_image\" \/>\n<meta name=\"twitter:label1\" content=\"Est. reading time\" \/>\n\t<meta name=\"twitter:data1\" content=\"3 minutes\" \/>\n<script type=\"application\/ld+json\" class=\"yoast-schema-graph\">{\"@context\":\"https:\/\/schema.org\",\"@graph\":[{\"@type\":\"WebPage\",\"@id\":\"https:\/\/www.estic-maillot.com\/de\/bauindustrie\/\",\"url\":\"https:\/\/www.estic-maillot.com\/de\/bauindustrie\/\",\"name\":\"Bauindustrie - Estic-Maillot\",\"isPartOf\":{\"@id\":\"https:\/\/www.estic-maillot.com\/de\/#website\"},\"primaryImageOfPage\":{\"@id\":\"https:\/\/www.estic-maillot.com\/de\/bauindustrie\/#primaryimage\"},\"image\":{\"@id\":\"https:\/\/www.estic-maillot.com\/de\/bauindustrie\/#primaryimage\"},\"thumbnailUrl\":\"https:\/\/www.estic-maillot.com\/wp-content\/uploads\/2024\/01\/croisillons-batiment.jpg\",\"datePublished\":\"2023-12-22T10:11:24+00:00\",\"dateModified\":\"2024-01-23T15:45:18+00:00\",\"breadcrumb\":{\"@id\":\"https:\/\/www.estic-maillot.com\/de\/bauindustrie\/#breadcrumb\"},\"inLanguage\":\"de-DE\",\"potentialAction\":[{\"@type\":\"ReadAction\",\"target\":[\"https:\/\/www.estic-maillot.com\/de\/bauindustrie\/\"]}]},{\"@type\":\"ImageObject\",\"inLanguage\":\"de-DE\",\"@id\":\"https:\/\/www.estic-maillot.com\/de\/bauindustrie\/#primaryimage\",\"url\":\"https:\/\/www.estic-maillot.com\/wp-content\/uploads\/2024\/01\/croisillons-batiment.jpg\",\"contentUrl\":\"https:\/\/www.estic-maillot.com\/wp-content\/uploads\/2024\/01\/croisillons-batiment.jpg\",\"width\":1920,\"height\":1440},{\"@type\":\"BreadcrumbList\",\"@id\":\"https:\/\/www.estic-maillot.com\/de\/bauindustrie\/#breadcrumb\",\"itemListElement\":[{\"@type\":\"ListItem\",\"position\":1,\"name\":\"Accueil\",\"item\":\"https:\/\/www.estic-maillot.com\/de\/\"},{\"@type\":\"ListItem\",\"position\":2,\"name\":\"Bauindustrie\"}]},{\"@type\":\"WebSite\",\"@id\":\"https:\/\/www.estic-maillot.com\/de\/#website\",\"url\":\"https:\/\/www.estic-maillot.com\/de\/\",\"name\":\"Groupe ESTIC-MAILLOT\",\"description\":\"Conception et fabrication de croisillons en carton\",\"publisher\":{\"@id\":\"https:\/\/www.estic-maillot.com\/de\/#organization\"},\"alternateName\":\"ESTIC-MAILLOT\",\"potentialAction\":[{\"@type\":\"SearchAction\",\"target\":{\"@type\":\"EntryPoint\",\"urlTemplate\":\"https:\/\/www.estic-maillot.com\/de\/?s={search_term_string}\"},\"query-input\":{\"@type\":\"PropertyValueSpecification\",\"valueRequired\":true,\"valueName\":\"search_term_string\"}}],\"inLanguage\":\"de-DE\"},{\"@type\":\"Organization\",\"@id\":\"https:\/\/www.estic-maillot.com\/de\/#organization\",\"name\":\"Groupe ESTIC-MAILLOT\",\"alternateName\":\"ESTIC-MAILLOT\",\"url\":\"https:\/\/www.estic-maillot.com\/de\/\",\"logo\":{\"@type\":\"ImageObject\",\"inLanguage\":\"de-DE\",\"@id\":\"https:\/\/www.estic-maillot.com\/de\/#\/schema\/logo\/image\/\",\"url\":\"https:\/\/www.estic-maillot.com\/wp-content\/uploads\/2023\/02\/favicon-estic-maillot.png\",\"contentUrl\":\"https:\/\/www.estic-maillot.com\/wp-content\/uploads\/2023\/02\/favicon-estic-maillot.png\",\"width\":512,\"height\":512,\"caption\":\"Groupe ESTIC-MAILLOT\"},\"image\":{\"@id\":\"https:\/\/www.estic-maillot.com\/de\/#\/schema\/logo\/image\/\"}}]}<\/script>\n<!-- \/ Yoast SEO plugin. -->","yoast_head_json":{"title":"Bauindustrie - Estic-Maillot","robots":{"index":"index","follow":"follow","max-snippet":"max-snippet:-1","max-image-preview":"max-image-preview:large","max-video-preview":"max-video-preview:-1"},"canonical":"https:\/\/www.estic-maillot.com\/de\/bauindustrie\/","og_locale":"de_DE","og_type":"article","og_title":"Bauindustrie - Estic-Maillot","og_description":"Die Wabenpappe vereint St\u00e4rke und Leichtigkeit, um eine optimale Anpassungsf\u00e4higkeit mit den verschiedenen Sektoren zu erreichen. Waben werden nicht nur im Transportwesen zum Verkeilen von Waren gesch\u00e4tzt, sondern auch in anderen Bereichen wie dem Bauwesen eingesetzt. Die Eigenschaften der Waben verleihen ihnen eine gro\u00dfe Vielseitigkeit, die von allen gesch\u00e4tzt wird. Ein Schritt in Richtung \u00d6kologie [&hellip;]","og_url":"https:\/\/www.estic-maillot.com\/de\/bauindustrie\/","og_site_name":"Estic-Maillot","article_modified_time":"2024-01-23T15:45:18+00:00","og_image":[{"width":1920,"height":1440,"url":"https:\/\/www.estic-maillot.com\/wp-content\/uploads\/2024\/01\/croisillons-batiment.jpg","type":"image\/jpeg"}],"twitter_card":"summary_large_image","twitter_misc":{"Est. reading time":"3 minutes"},"schema":{"@context":"https:\/\/schema.org","@graph":[{"@type":"WebPage","@id":"https:\/\/www.estic-maillot.com\/de\/bauindustrie\/","url":"https:\/\/www.estic-maillot.com\/de\/bauindustrie\/","name":"Bauindustrie - Estic-Maillot","isPartOf":{"@id":"https:\/\/www.estic-maillot.com\/de\/#website"},"primaryImageOfPage":{"@id":"https:\/\/www.estic-maillot.com\/de\/bauindustrie\/#primaryimage"},"image":{"@id":"https:\/\/www.estic-maillot.com\/de\/bauindustrie\/#primaryimage"},"thumbnailUrl":"https:\/\/www.estic-maillot.com\/wp-content\/uploads\/2024\/01\/croisillons-batiment.jpg","datePublished":"2023-12-22T10:11:24+00:00","dateModified":"2024-01-23T15:45:18+00:00","breadcrumb":{"@id":"https:\/\/www.estic-maillot.com\/de\/bauindustrie\/#breadcrumb"},"inLanguage":"de-DE","potentialAction":[{"@type":"ReadAction","target":["https:\/\/www.estic-maillot.com\/de\/bauindustrie\/"]}]},{"@type":"ImageObject","inLanguage":"de-DE","@id":"https:\/\/www.estic-maillot.com\/de\/bauindustrie\/#primaryimage","url":"https:\/\/www.estic-maillot.com\/wp-content\/uploads\/2024\/01\/croisillons-batiment.jpg","contentUrl":"https:\/\/www.estic-maillot.com\/wp-content\/uploads\/2024\/01\/croisillons-batiment.jpg","width":1920,"height":1440},{"@type":"BreadcrumbList","@id":"https:\/\/www.estic-maillot.com\/de\/bauindustrie\/#breadcrumb","itemListElement":[{"@type":"ListItem","position":1,"name":"Accueil","item":"https:\/\/www.estic-maillot.com\/de\/"},{"@type":"ListItem","position":2,"name":"Bauindustrie"}]},{"@type":"WebSite","@id":"https:\/\/www.estic-maillot.com\/de\/#website","url":"https:\/\/www.estic-maillot.com\/de\/","name":"Groupe ESTIC-MAILLOT","description":"Conception et fabrication de croisillons en carton","publisher":{"@id":"https:\/\/www.estic-maillot.com\/de\/#organization"},"alternateName":"ESTIC-MAILLOT","potentialAction":[{"@type":"SearchAction","target":{"@type":"EntryPoint","urlTemplate":"https:\/\/www.estic-maillot.com\/de\/?s={search_term_string}"},"query-input":{"@type":"PropertyValueSpecification","valueRequired":true,"valueName":"search_term_string"}}],"inLanguage":"de-DE"},{"@type":"Organization","@id":"https:\/\/www.estic-maillot.com\/de\/#organization","name":"Groupe ESTIC-MAILLOT","alternateName":"ESTIC-MAILLOT","url":"https:\/\/www.estic-maillot.com\/de\/","logo":{"@type":"ImageObject","inLanguage":"de-DE","@id":"https:\/\/www.estic-maillot.com\/de\/#\/schema\/logo\/image\/","url":"https:\/\/www.estic-maillot.com\/wp-content\/uploads\/2023\/02\/favicon-estic-maillot.png","contentUrl":"https:\/\/www.estic-maillot.com\/wp-content\/uploads\/2023\/02\/favicon-estic-maillot.png","width":512,"height":512,"caption":"Groupe ESTIC-MAILLOT"},"image":{"@id":"https:\/\/www.estic-maillot.com\/de\/#\/schema\/logo\/image\/"}}]}},"_links":{"self":[{"href":"https:\/\/www.estic-maillot.com\/de\/wp-json\/wp\/v2\/pages\/10537","targetHints":{"allow":["GET"]}}],"collection":[{"href":"https:\/\/www.estic-maillot.com\/de\/wp-json\/wp\/v2\/pages"}],"about":[{"href":"https:\/\/www.estic-maillot.com\/de\/wp-json\/wp\/v2\/types\/page"}],"author":[{"embeddable":true,"href":"https:\/\/www.estic-maillot.com\/de\/wp-json\/wp\/v2\/users\/4"}],"replies":[{"embeddable":true,"href":"https:\/\/www.estic-maillot.com\/de\/wp-json\/wp\/v2\/comments?post=10537"}],"version-history":[{"count":3,"href":"https:\/\/www.estic-maillot.com\/de\/wp-json\/wp\/v2\/pages\/10537\/revisions"}],"predecessor-version":[{"id":10540,"href":"https:\/\/www.estic-maillot.com\/de\/wp-json\/wp\/v2\/pages\/10537\/revisions\/10540"}],"wp:featuredmedia":[{"embeddable":true,"href":"https:\/\/www.estic-maillot.com\/de\/wp-json\/wp\/v2\/media\/10434"}],"wp:attachment":[{"href":"https:\/\/www.estic-maillot.com\/de\/wp-json\/wp\/v2\/media?parent=10537"}],"curies":[{"name":"wp","href":"https:\/\/api.w.org\/{rel}","templated":true}]}}