{"id":10526,"date":"2023-12-13T11:56:39","date_gmt":"2023-12-13T10:56:39","guid":{"rendered":"https:\/\/www.estic-maillot.com\/?page_id=10526"},"modified":"2024-08-14T14:32:27","modified_gmt":"2024-08-14T12:32:27","slug":"kartontrennwaende-nach-mass","status":"publish","type":"page","link":"https:\/\/www.estic-maillot.com\/de\/kartontrennwaende-nach-mass\/","title":{"rendered":"Kartontrennw\u00e4nde nach Ma\u00df"},"content":{"rendered":"\t\t<div data-elementor-type=\"wp-page\" data-elementor-id=\"10526\" class=\"elementor elementor-10526 elementor-10292\" data-elementor-post-type=\"page\">\n\t\t\t\t\t\t<section class=\"elementor-section elementor-top-section elementor-element elementor-element-84851bf elementor-section-boxed elementor-section-height-default elementor-section-height-default\" data-id=\"84851bf\" data-element_type=\"section\">\n\t\t\t\t\t\t<div class=\"elementor-container elementor-column-gap-default\">\n\t\t\t\t\t<div class=\"elementor-column elementor-col-100 elementor-top-column elementor-element elementor-element-27e1f7f\" data-id=\"27e1f7f\" data-element_type=\"column\">\n\t\t\t<div class=\"elementor-widget-wrap elementor-element-populated\">\n\t\t\t\t\t\t<div class=\"elementor-element elementor-element-e550df7 elementor-widget elementor-widget-text-editor\" data-id=\"e550df7\" data-element_type=\"widget\" data-widget_type=\"text-editor.default\">\n\t\t\t\t<div class=\"elementor-widget-container\">\n\t\t\t\t\t\t\tDie Kartonstege geh\u00f6ren heute zu den beliebtesten Transportl\u00f6sungen, da sie viele Vorteile mit sich bringen. Sie sind nicht nur leicht und verbessert die Arbeitsbedingungen der Arbeitnehmer, da sie das Risiko von Muskel-Skelett-Erkrankungen verringern, sondern sind auch sehr praktisch. Die Gefache sind ma\u00dfgefertigt und passen sich Ihren Bed\u00fcrfnissen an, so dass sie unter allen Umst\u00e4nden effizient sind.\n\t\t\t\t\t\t<\/div>\n\t\t\t\t<\/div>\n\t\t\t\t\t<\/div>\n\t\t<\/div>\n\t\t\t\t\t<\/div>\n\t\t<\/section>\n\t\t\t\t<section class=\"elementor-section elementor-top-section elementor-element elementor-element-cbfb8d7 elementor-section-boxed elementor-section-height-default elementor-section-height-default\" data-id=\"cbfb8d7\" data-element_type=\"section\">\n\t\t\t\t\t\t<div class=\"elementor-container elementor-column-gap-default\">\n\t\t\t\t\t<div class=\"elementor-column elementor-col-100 elementor-top-column elementor-element elementor-element-d71fabf\" data-id=\"d71fabf\" data-element_type=\"column\">\n\t\t\t<div class=\"elementor-widget-wrap elementor-element-populated\">\n\t\t\t\t\t\t<div class=\"elementor-element elementor-element-fe9f10f elementor-widget elementor-widget-heading\" data-id=\"fe9f10f\" data-element_type=\"widget\" data-widget_type=\"heading.default\">\n\t\t\t\t<div class=\"elementor-widget-container\">\n\t\t\t<h2 class=\"elementor-heading-title elementor-size-default\">Die vorgeschlagenen Qualit\u00e4ten f\u00fcr Ihre ma\u00dfgefertigten Gitterfacheins\u00e4tze aus Karton\n<\/h2>\t\t<\/div>\n\t\t\t\t<\/div>\n\t\t\t\t\t<\/div>\n\t\t<\/div>\n\t\t\t\t\t<\/div>\n\t\t<\/section>\n\t\t\t\t<section class=\"elementor-section elementor-top-section elementor-element elementor-element-56af6fb elementor-section-boxed elementor-section-height-default elementor-section-height-default\" data-id=\"56af6fb\" data-element_type=\"section\">\n\t\t\t\t\t\t<div class=\"elementor-container elementor-column-gap-default\">\n\t\t\t\t\t<div class=\"elementor-column elementor-col-100 elementor-top-column elementor-element elementor-element-4637f00\" data-id=\"4637f00\" data-element_type=\"column\">\n\t\t\t<div class=\"elementor-widget-wrap elementor-element-populated\">\n\t\t\t\t\t\t<div class=\"elementor-element elementor-element-e1931f1 elementor-widget elementor-widget-text-editor\" data-id=\"e1931f1\" data-element_type=\"widget\" data-widget_type=\"text-editor.default\">\n\t\t\t\t<div class=\"elementor-widget-container\">\n\t\t\t\t\t\t\tUm den Bed\u00fcrfnissen der verschiedenen Branchen gerecht zu werden, bieten wir eine breite Palette an Papierqualit\u00e4ten an: braunes Recyclingpapier, braunes Kraftpapier, wei\u00dfes Holzpapier oder Papier mit einer plastifizierten Beschichtung, um das Risiko von Abrieb zu verringern. Manche Flaschen haben n\u00e4mlich Verzierungen, die besonders empfindlich auf Abrieb durch Karton reagieren, der sie dann markieren oder zerkratzen k\u00f6nnte. In diesem Fall ist brauner Recyclingkarton mit Kunststoffbeschichtung die beste L\u00f6sung.\n\t\t\t\t\t\t<\/div>\n\t\t\t\t<\/div>\n\t\t\t\t\t<\/div>\n\t\t<\/div>\n\t\t\t\t\t<\/div>\n\t\t<\/section>\n\t\t\t\t<section class=\"elementor-section elementor-top-section elementor-element elementor-element-9a9449a elementor-section-boxed elementor-section-height-default elementor-section-height-default\" data-id=\"9a9449a\" data-element_type=\"section\">\n\t\t\t\t\t\t<div class=\"elementor-container elementor-column-gap-default\">\n\t\t\t\t\t<div class=\"elementor-column elementor-col-100 elementor-top-column elementor-element elementor-element-0db7f2e\" data-id=\"0db7f2e\" data-element_type=\"column\">\n\t\t\t<div class=\"elementor-widget-wrap elementor-element-populated\">\n\t\t\t\t\t\t<div class=\"elementor-element elementor-element-ef8c7b5 elementor-widget elementor-widget-heading\" data-id=\"ef8c7b5\" data-element_type=\"widget\" data-widget_type=\"heading.default\">\n\t\t\t\t<div class=\"elementor-widget-container\">\n\t\t\t<h2 class=\"elementor-heading-title elementor-size-default\">Die Schutzstufen von Kartontrennw\u00e4nden\n<\/h2>\t\t<\/div>\n\t\t\t\t<\/div>\n\t\t\t\t\t<\/div>\n\t\t<\/div>\n\t\t\t\t\t<\/div>\n\t\t<\/section>\n\t\t\t\t<section class=\"elementor-section elementor-top-section elementor-element elementor-element-1f73aa1 elementor-section-boxed elementor-section-height-default elementor-section-height-default\" data-id=\"1f73aa1\" data-element_type=\"section\">\n\t\t\t\t\t\t<div class=\"elementor-container elementor-column-gap-default\">\n\t\t\t\t\t<div class=\"elementor-column elementor-col-100 elementor-top-column elementor-element elementor-element-9d2bbcb\" data-id=\"9d2bbcb\" data-element_type=\"column\">\n\t\t\t<div class=\"elementor-widget-wrap elementor-element-populated\">\n\t\t\t\t\t\t<div class=\"elementor-element elementor-element-7883561 elementor-widget elementor-widget-text-editor\" data-id=\"7883561\" data-element_type=\"widget\" data-widget_type=\"text-editor.default\">\n\t\t\t\t<div class=\"elementor-widget-container\">\n\t\t\t\t\t\t\t<p>Kartontrennw\u00e4nde sind ein Produkt, das in verschiedenen Branchen eingesetzt werden kann. Wir bieten eine gro\u00dfe Auswahl an Kartonst\u00e4rken, die wir als &#8220;Grammatur&#8221; bezeichnen. Die Grammatur des gew\u00e4hlten Papiers wird vom gew\u00fcnschten Schutzniveau sowie vom Gewicht des Produkts abh\u00e4ngen.<\/p><p>So empfehlen wir beispielsweise ein hohes Gewicht wie 700 Gramm, wenn das zu sch\u00fctzende Produkt schwer oder sehr zerbrechlich ist. Umgekehrt reicht ein Gewicht von 300 Gramm aus, um leichte und unempfindliche Produkte zu sch\u00fctzen, oder wenn die Kartontrennw\u00e4nde nur als Trennwand dienen, um die Produkte zu ordnen, nicht aber um sie in loser Sch\u00fcttung zu verpacken&#8230; Die Wahl des Gewichts h\u00e4ngt auch von der Versandart ab. Wenn die Produkte auf Paletten in Chargen versendet werden, ist der Schutzbedarf geringer als bei Kurierdiensten, wo die Kiste vom Fahrer misshandelt werden kann.<\/p>\t\t\t\t\t\t<\/div>\n\t\t\t\t<\/div>\n\t\t\t\t\t<\/div>\n\t\t<\/div>\n\t\t\t\t\t<\/div>\n\t\t<\/section>\n\t\t\t\t<section class=\"elementor-section elementor-top-section elementor-element elementor-element-fddf4a6 elementor-section-boxed elementor-section-height-default elementor-section-height-default\" data-id=\"fddf4a6\" data-element_type=\"section\">\n\t\t\t\t\t\t<div class=\"elementor-container elementor-column-gap-default\">\n\t\t\t\t\t<div class=\"elementor-column elementor-col-100 elementor-top-column elementor-element elementor-element-34a3196\" data-id=\"34a3196\" data-element_type=\"column\">\n\t\t\t<div class=\"elementor-widget-wrap elementor-element-populated\">\n\t\t\t\t\t\t<div class=\"elementor-element elementor-element-c1ce1b3 elementor-widget elementor-widget-heading\" data-id=\"c1ce1b3\" data-element_type=\"widget\" data-widget_type=\"heading.default\">\n\t\t\t\t<div class=\"elementor-widget-container\">\n\t\t\t<h2 class=\"elementor-heading-title elementor-size-default\">Ma\u00dfgeschneiderte Stege: Produkte in jeder Gr\u00f6\u00dfe\n<\/h2>\t\t<\/div>\n\t\t\t\t<\/div>\n\t\t\t\t\t<\/div>\n\t\t<\/div>\n\t\t\t\t\t<\/div>\n\t\t<\/section>\n\t\t\t\t<section class=\"elementor-section elementor-top-section elementor-element elementor-element-4ba3da2 elementor-section-boxed elementor-section-height-default elementor-section-height-default\" data-id=\"4ba3da2\" data-element_type=\"section\">\n\t\t\t\t\t\t<div class=\"elementor-container elementor-column-gap-default\">\n\t\t\t\t\t<div class=\"elementor-column elementor-col-100 elementor-top-column elementor-element elementor-element-2db113f\" data-id=\"2db113f\" data-element_type=\"column\">\n\t\t\t<div class=\"elementor-widget-wrap elementor-element-populated\">\n\t\t\t\t\t\t<div class=\"elementor-element elementor-element-cb0f399 elementor-widget elementor-widget-text-editor\" data-id=\"cb0f399\" data-element_type=\"widget\" data-widget_type=\"text-editor.default\">\n\t\t\t\t<div class=\"elementor-widget-container\">\n\t\t\t\t\t\t\t<p>Um die Anpassungsf\u00e4higkeit zu gew\u00e4hrleisten, werden auch die Abmessungen der Stege ma\u00dfgeschneidert. Die L\u00e4nge, Breite und H\u00f6he des Kreuzes h\u00e4ngen von den Innenma\u00dfen der Kiste ab. Die Gr\u00f6\u00dfe des Fachs h\u00e4ngt von der Gr\u00f6\u00dfe des zu sch\u00fctzenden Produkts ab. Die Anzahl der F\u00e4cher h\u00e4ngt von der Anzahl der Produkte ab, die in einer Kiste untergebracht werden sollen, sowie von den Gewichtsbeschr\u00e4nkungen, die f\u00fcr die Kiste gelten.<\/p><p>Wir bieten Ihnen Stege, die vollst\u00e4ndig nach Ma\u00df gefertigt werden und keine Werkzeugkosten verursachen, da unsere Werkzeuge anpassbar sind. So wird die vorgeschlagene L\u00f6sung den technischen Anforderungen jedes einzelnen Kunden gerecht.<\/p>\t\t\t\t\t\t<\/div>\n\t\t\t\t<\/div>\n\t\t\t\t\t<\/div>\n\t\t<\/div>\n\t\t\t\t\t<\/div>\n\t\t<\/section>\n\t\t\t\t<section class=\"elementor-section elementor-top-section elementor-element elementor-element-8c874d8 elementor-section-boxed elementor-section-height-default elementor-section-height-default\" data-id=\"8c874d8\" data-element_type=\"section\">\n\t\t\t\t\t\t<div class=\"elementor-container elementor-column-gap-default\">\n\t\t\t\t\t<div class=\"elementor-column elementor-col-100 elementor-top-column elementor-element elementor-element-349796e\" data-id=\"349796e\" data-element_type=\"column\">\n\t\t\t<div class=\"elementor-widget-wrap elementor-element-populated\">\n\t\t\t\t\t\t<div class=\"elementor-element elementor-element-441263e elementor-widget elementor-widget-heading\" data-id=\"441263e\" data-element_type=\"widget\" data-widget_type=\"heading.default\">\n\t\t\t\t<div class=\"elementor-widget-container\">\n\t\t\t<h2 class=\"elementor-heading-title elementor-size-default\">Warum sollten Sie unsere Dienstleistungen f\u00fcr ma\u00dfgefertigte Kartongefache bevorzugen?\n<\/h2>\t\t<\/div>\n\t\t\t\t<\/div>\n\t\t\t\t\t<\/div>\n\t\t<\/div>\n\t\t\t\t\t<\/div>\n\t\t<\/section>\n\t\t\t\t<section class=\"elementor-section elementor-top-section elementor-element elementor-element-0160e46 elementor-section-boxed elementor-section-height-default elementor-section-height-default\" data-id=\"0160e46\" data-element_type=\"section\">\n\t\t\t\t\t\t<div class=\"elementor-container elementor-column-gap-default\">\n\t\t\t\t\t<div class=\"elementor-column elementor-col-100 elementor-top-column elementor-element elementor-element-662cff6\" data-id=\"662cff6\" data-element_type=\"column\">\n\t\t\t<div class=\"elementor-widget-wrap elementor-element-populated\">\n\t\t\t\t\t\t<div class=\"elementor-element elementor-element-ec7ea8d elementor-widget elementor-widget-text-editor\" data-id=\"ec7ea8d\" data-element_type=\"widget\" data-widget_type=\"text-editor.default\">\n\t\t\t\t<div class=\"elementor-widget-container\">\n\t\t\t\t\t\t\t<p>Unser Unternehmen hat sich auf die Herstellung massgeschneiderter Kartongefache spezialisiert und erf\u00fcllt gerne jeden Ihrer W\u00fcnsche. Wir bieten ma\u00dfgeschneiderte Lager- und Logistikl\u00f6sungen an. Wir versenden systematisch Muster, damit Sie Ihre Transporttests durchf\u00fchren k\u00f6nnen.<\/p><p>\nAndererseits garantieren Ihnen unsere Teams die k\u00fcrzesten Lieferzeiten auf dem Markt sowie eine hohe Reaktionsf\u00e4higkeit auf jede Ihrer Anfragen. Mit f\u00fcnf Produktionsst\u00e4tten, die mit \u00e4hnlichen Ger\u00e4ten ausgestattet sind, sind Ihre Lieferungen vollst\u00e4ndig abgesichert, falls ein Standort ausfallen sollte.<\/p>\t\t\t\t\t\t<\/div>\n\t\t\t\t<\/div>\n\t\t\t\t\t<\/div>\n\t\t<\/div>\n\t\t\t\t\t<\/div>\n\t\t<\/section>\n\t\t\t\t<\/div>\n\t\t","protected":false},"excerpt":{"rendered":"<p>Die Kartonstege geh\u00f6ren heute zu den beliebtesten Transportl\u00f6sungen, da sie viele Vorteile mit sich bringen. Sie sind nicht nur leicht und verbessert die Arbeitsbedingungen der Arbeitnehmer, da sie das Risiko von Muskel-Skelett-Erkrankungen verringern, sondern sind auch sehr praktisch. Die Gefache sind ma\u00dfgefertigt und passen sich Ihren Bed\u00fcrfnissen an, so dass sie unter allen Umst\u00e4nden effizient [&hellip;]<\/p>\n","protected":false},"author":4,"featured_media":10302,"parent":0,"menu_order":0,"comment_status":"closed","ping_status":"closed","template":"","meta":{"_acf_changed":false,"footnotes":""},"class_list":["post-10526","page","type-page","status-publish","has-post-thumbnail","hentry"],"acf":[],"yoast_head":"<!-- This site is optimized with the Yoast SEO plugin v24.4 - https:\/\/yoast.com\/wordpress\/plugins\/seo\/ -->\n<title>Ma\u00dfgefertigte Gefache aus Karton - Estic-Maillot<\/title>\n<meta name=\"robots\" content=\"index, follow, max-snippet:-1, max-image-preview:large, max-video-preview:-1\" \/>\n<link rel=\"canonical\" href=\"https:\/\/www.estic-maillot.com\/de\/kartontrennwaende-nach-mass\/\" \/>\n<meta property=\"og:locale\" content=\"de_DE\" \/>\n<meta property=\"og:type\" content=\"article\" \/>\n<meta property=\"og:title\" content=\"Ma\u00dfgefertigte Gefache aus Karton - Estic-Maillot\" \/>\n<meta property=\"og:description\" content=\"Die Kartonstege geh\u00f6ren heute zu den beliebtesten Transportl\u00f6sungen, da sie viele Vorteile mit sich bringen. Sie sind nicht nur leicht und verbessert die Arbeitsbedingungen der Arbeitnehmer, da sie das Risiko von Muskel-Skelett-Erkrankungen verringern, sondern sind auch sehr praktisch. Die Gefache sind ma\u00dfgefertigt und passen sich Ihren Bed\u00fcrfnissen an, so dass sie unter allen Umst\u00e4nden effizient [&hellip;]\" \/>\n<meta property=\"og:url\" content=\"https:\/\/www.estic-maillot.com\/de\/kartontrennwaende-nach-mass\/\" \/>\n<meta property=\"og:site_name\" content=\"Estic-Maillot\" \/>\n<meta property=\"article:modified_time\" content=\"2024-08-14T12:32:27+00:00\" \/>\n<meta property=\"og:image\" content=\"https:\/\/www.estic-maillot.com\/wp-content\/uploads\/2023\/12\/Croisillon-carton-sur-mesure.jpg\" \/>\n\t<meta property=\"og:image:width\" content=\"1620\" \/>\n\t<meta property=\"og:image:height\" content=\"1080\" \/>\n\t<meta property=\"og:image:type\" content=\"image\/jpeg\" \/>\n<meta name=\"twitter:card\" content=\"summary_large_image\" \/>\n<meta name=\"twitter:label1\" content=\"Est. reading time\" \/>\n\t<meta name=\"twitter:data1\" content=\"3 minutes\" \/>\n<script type=\"application\/ld+json\" class=\"yoast-schema-graph\">{\"@context\":\"https:\/\/schema.org\",\"@graph\":[{\"@type\":\"WebPage\",\"@id\":\"https:\/\/www.estic-maillot.com\/de\/kartontrennwaende-nach-mass\/\",\"url\":\"https:\/\/www.estic-maillot.com\/de\/kartontrennwaende-nach-mass\/\",\"name\":\"Ma\u00dfgefertigte Gefache aus Karton - Estic-Maillot\",\"isPartOf\":{\"@id\":\"https:\/\/www.estic-maillot.com\/de\/#website\"},\"primaryImageOfPage\":{\"@id\":\"https:\/\/www.estic-maillot.com\/de\/kartontrennwaende-nach-mass\/#primaryimage\"},\"image\":{\"@id\":\"https:\/\/www.estic-maillot.com\/de\/kartontrennwaende-nach-mass\/#primaryimage\"},\"thumbnailUrl\":\"https:\/\/www.estic-maillot.com\/wp-content\/uploads\/2023\/12\/Croisillon-carton-sur-mesure.jpg\",\"datePublished\":\"2023-12-13T10:56:39+00:00\",\"dateModified\":\"2024-08-14T12:32:27+00:00\",\"breadcrumb\":{\"@id\":\"https:\/\/www.estic-maillot.com\/de\/kartontrennwaende-nach-mass\/#breadcrumb\"},\"inLanguage\":\"de-DE\",\"potentialAction\":[{\"@type\":\"ReadAction\",\"target\":[\"https:\/\/www.estic-maillot.com\/de\/kartontrennwaende-nach-mass\/\"]}]},{\"@type\":\"ImageObject\",\"inLanguage\":\"de-DE\",\"@id\":\"https:\/\/www.estic-maillot.com\/de\/kartontrennwaende-nach-mass\/#primaryimage\",\"url\":\"https:\/\/www.estic-maillot.com\/wp-content\/uploads\/2023\/12\/Croisillon-carton-sur-mesure.jpg\",\"contentUrl\":\"https:\/\/www.estic-maillot.com\/wp-content\/uploads\/2023\/12\/Croisillon-carton-sur-mesure.jpg\",\"width\":1620,\"height\":1080,\"caption\":\"Croisillon carton sur mesure\"},{\"@type\":\"BreadcrumbList\",\"@id\":\"https:\/\/www.estic-maillot.com\/de\/kartontrennwaende-nach-mass\/#breadcrumb\",\"itemListElement\":[{\"@type\":\"ListItem\",\"position\":1,\"name\":\"Accueil\",\"item\":\"https:\/\/www.estic-maillot.com\/de\/\"},{\"@type\":\"ListItem\",\"position\":2,\"name\":\"Kartontrennw\u00e4nde nach Ma\u00df\"}]},{\"@type\":\"WebSite\",\"@id\":\"https:\/\/www.estic-maillot.com\/de\/#website\",\"url\":\"https:\/\/www.estic-maillot.com\/de\/\",\"name\":\"Groupe ESTIC-MAILLOT\",\"description\":\"Conception et fabrication de croisillons en carton\",\"publisher\":{\"@id\":\"https:\/\/www.estic-maillot.com\/de\/#organization\"},\"alternateName\":\"ESTIC-MAILLOT\",\"potentialAction\":[{\"@type\":\"SearchAction\",\"target\":{\"@type\":\"EntryPoint\",\"urlTemplate\":\"https:\/\/www.estic-maillot.com\/de\/?s={search_term_string}\"},\"query-input\":{\"@type\":\"PropertyValueSpecification\",\"valueRequired\":true,\"valueName\":\"search_term_string\"}}],\"inLanguage\":\"de-DE\"},{\"@type\":\"Organization\",\"@id\":\"https:\/\/www.estic-maillot.com\/de\/#organization\",\"name\":\"Groupe ESTIC-MAILLOT\",\"alternateName\":\"ESTIC-MAILLOT\",\"url\":\"https:\/\/www.estic-maillot.com\/de\/\",\"logo\":{\"@type\":\"ImageObject\",\"inLanguage\":\"de-DE\",\"@id\":\"https:\/\/www.estic-maillot.com\/de\/#\/schema\/logo\/image\/\",\"url\":\"https:\/\/www.estic-maillot.com\/wp-content\/uploads\/2023\/02\/favicon-estic-maillot.png\",\"contentUrl\":\"https:\/\/www.estic-maillot.com\/wp-content\/uploads\/2023\/02\/favicon-estic-maillot.png\",\"width\":512,\"height\":512,\"caption\":\"Groupe ESTIC-MAILLOT\"},\"image\":{\"@id\":\"https:\/\/www.estic-maillot.com\/de\/#\/schema\/logo\/image\/\"}}]}<\/script>\n<!-- \/ Yoast SEO plugin. -->","yoast_head_json":{"title":"Ma\u00dfgefertigte Gefache aus Karton - Estic-Maillot","robots":{"index":"index","follow":"follow","max-snippet":"max-snippet:-1","max-image-preview":"max-image-preview:large","max-video-preview":"max-video-preview:-1"},"canonical":"https:\/\/www.estic-maillot.com\/de\/kartontrennwaende-nach-mass\/","og_locale":"de_DE","og_type":"article","og_title":"Ma\u00dfgefertigte Gefache aus Karton - Estic-Maillot","og_description":"Die Kartonstege geh\u00f6ren heute zu den beliebtesten Transportl\u00f6sungen, da sie viele Vorteile mit sich bringen. Sie sind nicht nur leicht und verbessert die Arbeitsbedingungen der Arbeitnehmer, da sie das Risiko von Muskel-Skelett-Erkrankungen verringern, sondern sind auch sehr praktisch. Die Gefache sind ma\u00dfgefertigt und passen sich Ihren Bed\u00fcrfnissen an, so dass sie unter allen Umst\u00e4nden effizient [&hellip;]","og_url":"https:\/\/www.estic-maillot.com\/de\/kartontrennwaende-nach-mass\/","og_site_name":"Estic-Maillot","article_modified_time":"2024-08-14T12:32:27+00:00","og_image":[{"width":1620,"height":1080,"url":"https:\/\/www.estic-maillot.com\/wp-content\/uploads\/2023\/12\/Croisillon-carton-sur-mesure.jpg","type":"image\/jpeg"}],"twitter_card":"summary_large_image","twitter_misc":{"Est. reading time":"3 minutes"},"schema":{"@context":"https:\/\/schema.org","@graph":[{"@type":"WebPage","@id":"https:\/\/www.estic-maillot.com\/de\/kartontrennwaende-nach-mass\/","url":"https:\/\/www.estic-maillot.com\/de\/kartontrennwaende-nach-mass\/","name":"Ma\u00dfgefertigte Gefache aus Karton - Estic-Maillot","isPartOf":{"@id":"https:\/\/www.estic-maillot.com\/de\/#website"},"primaryImageOfPage":{"@id":"https:\/\/www.estic-maillot.com\/de\/kartontrennwaende-nach-mass\/#primaryimage"},"image":{"@id":"https:\/\/www.estic-maillot.com\/de\/kartontrennwaende-nach-mass\/#primaryimage"},"thumbnailUrl":"https:\/\/www.estic-maillot.com\/wp-content\/uploads\/2023\/12\/Croisillon-carton-sur-mesure.jpg","datePublished":"2023-12-13T10:56:39+00:00","dateModified":"2024-08-14T12:32:27+00:00","breadcrumb":{"@id":"https:\/\/www.estic-maillot.com\/de\/kartontrennwaende-nach-mass\/#breadcrumb"},"inLanguage":"de-DE","potentialAction":[{"@type":"ReadAction","target":["https:\/\/www.estic-maillot.com\/de\/kartontrennwaende-nach-mass\/"]}]},{"@type":"ImageObject","inLanguage":"de-DE","@id":"https:\/\/www.estic-maillot.com\/de\/kartontrennwaende-nach-mass\/#primaryimage","url":"https:\/\/www.estic-maillot.com\/wp-content\/uploads\/2023\/12\/Croisillon-carton-sur-mesure.jpg","contentUrl":"https:\/\/www.estic-maillot.com\/wp-content\/uploads\/2023\/12\/Croisillon-carton-sur-mesure.jpg","width":1620,"height":1080,"caption":"Croisillon carton sur mesure"},{"@type":"BreadcrumbList","@id":"https:\/\/www.estic-maillot.com\/de\/kartontrennwaende-nach-mass\/#breadcrumb","itemListElement":[{"@type":"ListItem","position":1,"name":"Accueil","item":"https:\/\/www.estic-maillot.com\/de\/"},{"@type":"ListItem","position":2,"name":"Kartontrennw\u00e4nde nach Ma\u00df"}]},{"@type":"WebSite","@id":"https:\/\/www.estic-maillot.com\/de\/#website","url":"https:\/\/www.estic-maillot.com\/de\/","name":"Groupe ESTIC-MAILLOT","description":"Conception et fabrication de croisillons en carton","publisher":{"@id":"https:\/\/www.estic-maillot.com\/de\/#organization"},"alternateName":"ESTIC-MAILLOT","potentialAction":[{"@type":"SearchAction","target":{"@type":"EntryPoint","urlTemplate":"https:\/\/www.estic-maillot.com\/de\/?s={search_term_string}"},"query-input":{"@type":"PropertyValueSpecification","valueRequired":true,"valueName":"search_term_string"}}],"inLanguage":"de-DE"},{"@type":"Organization","@id":"https:\/\/www.estic-maillot.com\/de\/#organization","name":"Groupe ESTIC-MAILLOT","alternateName":"ESTIC-MAILLOT","url":"https:\/\/www.estic-maillot.com\/de\/","logo":{"@type":"ImageObject","inLanguage":"de-DE","@id":"https:\/\/www.estic-maillot.com\/de\/#\/schema\/logo\/image\/","url":"https:\/\/www.estic-maillot.com\/wp-content\/uploads\/2023\/02\/favicon-estic-maillot.png","contentUrl":"https:\/\/www.estic-maillot.com\/wp-content\/uploads\/2023\/02\/favicon-estic-maillot.png","width":512,"height":512,"caption":"Groupe ESTIC-MAILLOT"},"image":{"@id":"https:\/\/www.estic-maillot.com\/de\/#\/schema\/logo\/image\/"}}]}},"_links":{"self":[{"href":"https:\/\/www.estic-maillot.com\/de\/wp-json\/wp\/v2\/pages\/10526","targetHints":{"allow":["GET"]}}],"collection":[{"href":"https:\/\/www.estic-maillot.com\/de\/wp-json\/wp\/v2\/pages"}],"about":[{"href":"https:\/\/www.estic-maillot.com\/de\/wp-json\/wp\/v2\/types\/page"}],"author":[{"embeddable":true,"href":"https:\/\/www.estic-maillot.com\/de\/wp-json\/wp\/v2\/users\/4"}],"replies":[{"embeddable":true,"href":"https:\/\/www.estic-maillot.com\/de\/wp-json\/wp\/v2\/comments?post=10526"}],"version-history":[{"count":4,"href":"https:\/\/www.estic-maillot.com\/de\/wp-json\/wp\/v2\/pages\/10526\/revisions"}],"predecessor-version":[{"id":11351,"href":"https:\/\/www.estic-maillot.com\/de\/wp-json\/wp\/v2\/pages\/10526\/revisions\/11351"}],"wp:featuredmedia":[{"embeddable":true,"href":"https:\/\/www.estic-maillot.com\/de\/wp-json\/wp\/v2\/media\/10302"}],"wp:attachment":[{"href":"https:\/\/www.estic-maillot.com\/de\/wp-json\/wp\/v2\/media?parent=10526"}],"curies":[{"name":"wp","href":"https:\/\/api.w.org\/{rel}","templated":true}]}}