{"id":10515,"date":"2024-01-11T15:56:54","date_gmt":"2024-01-11T14:56:54","guid":{"rendered":"https:\/\/www.estic-maillot.com\/?page_id=10515"},"modified":"2024-01-23T16:18:27","modified_gmt":"2024-01-23T15:18:27","slug":"graphische-kuenste","status":"publish","type":"page","link":"https:\/\/www.estic-maillot.com\/de\/graphische-kuenste\/","title":{"rendered":"Graphische K\u00fcnste"},"content":{"rendered":"\t\t<div data-elementor-type=\"wp-page\" data-elementor-id=\"10515\" class=\"elementor elementor-10515 elementor-10358\" data-elementor-post-type=\"page\">\n\t\t\t\t\t\t<section class=\"elementor-section elementor-top-section elementor-element elementor-element-765f638 elementor-section-boxed elementor-section-height-default elementor-section-height-default\" data-id=\"765f638\" data-element_type=\"section\">\n\t\t\t\t\t\t<div class=\"elementor-container elementor-column-gap-default\">\n\t\t\t\t\t<div class=\"elementor-column elementor-col-100 elementor-top-column elementor-element elementor-element-d040672\" data-id=\"d040672\" data-element_type=\"column\">\n\t\t\t<div class=\"elementor-widget-wrap elementor-element-populated\">\n\t\t\t\t\t\t<div class=\"elementor-element elementor-element-0015344 elementor-widget elementor-widget-text-editor\" data-id=\"0015344\" data-element_type=\"widget\" data-widget_type=\"text-editor.default\">\n\t\t\t\t<div class=\"elementor-widget-container\">\n\t\t\t\t\t\t\t<p>Wir wollten den Fachleuten aus dem visuellen und kommunikativen Bereich ein Produkt anbieten, das zu 100 % recycelbar und lokal hergestellt ist.<\/p><p>Angesichts der steigenden Nachfrage nach neuen, recycelbaren Materialien f\u00fcr Displays (Innenbeschilderung, Displays, Werbung&#8230;) und Dekorationselemente (Schaufenster, M\u00f6bel&#8230;) haben wir ein Angebot aus Wabenkarton entwickelt, das standardm\u00e4\u00dfig in den St\u00e4rken 10 und 16 mm und in drei Formaten (3000X1600 &#8211; 2400X1600 &#8211; 2400X1200) erh\u00e4ltlich ist. Die N\u00e4he zu einer lokalen Fertigung und die Reaktionsf\u00e4higkeit der Teams erm\u00f6glichen es Ihnen, auf Ma\u00dfanfertigungen (L\u00e4nge x Breite x H\u00f6he) zu reagieren.<\/p><p>Wir verf\u00fcgen \u00fcber mehr als 20 Jahre Erfahrung mit Wabenkarton. Die GraphiLite-Produktreihe wurde entwickelt, um unseren Partnern das beste Preis-Leistungs-Verh\u00e4ltnis zu bieten.<\/p><p>Graphilite ist eine Alternative zu anderen, weniger umweltfreundlichen Materialien wie z. B.:<\/p><ul><li>Federkarton<\/li><li>Aquilux<\/li><li>PVC<\/li><li>Dibon<\/li><\/ul>\t\t\t\t\t\t<\/div>\n\t\t\t\t<\/div>\n\t\t\t\t\t<\/div>\n\t\t<\/div>\n\t\t\t\t\t<\/div>\n\t\t<\/section>\n\t\t\t\t<section class=\"elementor-section elementor-top-section elementor-element elementor-element-1bff6ac elementor-section-boxed elementor-section-height-default elementor-section-height-default\" data-id=\"1bff6ac\" data-element_type=\"section\">\n\t\t\t\t\t\t<div class=\"elementor-container elementor-column-gap-default\">\n\t\t\t\t\t<div class=\"elementor-column elementor-col-100 elementor-top-column elementor-element elementor-element-bbcd0b4\" data-id=\"bbcd0b4\" data-element_type=\"column\">\n\t\t\t<div class=\"elementor-widget-wrap elementor-element-populated\">\n\t\t\t\t\t\t<div class=\"elementor-element elementor-element-48aab66 elementor-widget elementor-widget-heading\" data-id=\"48aab66\" data-element_type=\"widget\" data-widget_type=\"heading.default\">\n\t\t\t\t<div class=\"elementor-widget-container\">\n\t\t\t<h2 class=\"elementor-heading-title elementor-size-default\">Die Hauptvorteile von Graphilite\n<\/h2>\t\t<\/div>\n\t\t\t\t<\/div>\n\t\t\t\t\t<\/div>\n\t\t<\/div>\n\t\t\t\t\t<\/div>\n\t\t<\/section>\n\t\t\t\t<section class=\"elementor-section elementor-top-section elementor-element elementor-element-2f06b80 elementor-section-boxed elementor-section-height-default elementor-section-height-default\" data-id=\"2f06b80\" data-element_type=\"section\">\n\t\t\t\t\t\t<div class=\"elementor-container elementor-column-gap-default\">\n\t\t\t\t\t<div class=\"elementor-column elementor-col-100 elementor-top-column elementor-element elementor-element-ecfcc2b\" data-id=\"ecfcc2b\" data-element_type=\"column\">\n\t\t\t<div class=\"elementor-widget-wrap elementor-element-populated\">\n\t\t\t\t\t\t<div class=\"elementor-element elementor-element-d30fbf0 elementor-widget elementor-widget-text-editor\" data-id=\"d30fbf0\" data-element_type=\"widget\" data-widget_type=\"text-editor.default\">\n\t\t\t\t<div class=\"elementor-widget-container\">\n\t\t\t\t\t\t\t<ul><li>Hohe Steifigkeit bei geringem Gewicht pro Platte<\/li><li>Sehr gutes Druckmaterial mit einer sehr sch\u00f6nen Farbwiedergabe auf einer gestrichenen wei\u00dfen Basis<\/li><li>Einfaches Schneiden mit einem Schneidetisch ohne Spezialwerkzeug<\/li><li>Hohe Dicke, um einfach Volumen zu haben<\/li><li>Nat\u00fcrlich und recycelbar<\/li><\/ul><p>Graphilite bietet mehr Steifigkeit als Wellpappe und eine viel bessere Druckwiedergabe, da es eine vollkommen ebene Oberfl\u00e4che hat.<\/p>\t\t\t\t\t\t<\/div>\n\t\t\t\t<\/div>\n\t\t\t\t\t<\/div>\n\t\t<\/div>\n\t\t\t\t\t<\/div>\n\t\t<\/section>\n\t\t\t\t<section class=\"elementor-section elementor-top-section elementor-element elementor-element-2c89ef9 elementor-section-boxed elementor-section-height-default elementor-section-height-default\" data-id=\"2c89ef9\" data-element_type=\"section\">\n\t\t\t\t\t\t<div class=\"elementor-container elementor-column-gap-default\">\n\t\t\t\t\t<div class=\"elementor-column elementor-col-100 elementor-top-column elementor-element elementor-element-1ed9c9c\" data-id=\"1ed9c9c\" data-element_type=\"column\">\n\t\t\t<div class=\"elementor-widget-wrap elementor-element-populated\">\n\t\t\t\t\t\t<div class=\"elementor-element elementor-element-75d046c elementor-widget elementor-widget-heading\" data-id=\"75d046c\" data-element_type=\"widget\" data-widget_type=\"heading.default\">\n\t\t\t\t<div class=\"elementor-widget-container\">\n\t\t\t<h2 class=\"elementor-heading-title elementor-size-default\">Ein Produkt, das sich je nach Verwendungsart perfekt variieren l\u00e4sst\n<\/h2>\t\t<\/div>\n\t\t\t\t<\/div>\n\t\t\t\t\t<\/div>\n\t\t<\/div>\n\t\t\t\t\t<\/div>\n\t\t<\/section>\n\t\t\t\t<section class=\"elementor-section elementor-top-section elementor-element elementor-element-27e25f9 elementor-section-boxed elementor-section-height-default elementor-section-height-default\" data-id=\"27e25f9\" data-element_type=\"section\">\n\t\t\t\t\t\t<div class=\"elementor-container elementor-column-gap-default\">\n\t\t\t\t\t<div class=\"elementor-column elementor-col-100 elementor-top-column elementor-element elementor-element-dbb3a07\" data-id=\"dbb3a07\" data-element_type=\"column\">\n\t\t\t<div class=\"elementor-widget-wrap elementor-element-populated\">\n\t\t\t\t\t\t<div class=\"elementor-element elementor-element-0f79da4 elementor-widget elementor-widget-text-editor\" data-id=\"0f79da4\" data-element_type=\"widget\" data-widget_type=\"text-editor.default\">\n\t\t\t\t<div class=\"elementor-widget-container\">\n\t\t\t\t\t\t\t<p>Graphilite gibt es als Vollkraftplatte f\u00fcr eine besonders nat\u00fcrliche Wiedergabe, mit wei\u00dfen Oberfl\u00e4chen f\u00fcr eine optimale Farbwiedergabe oder auch als Vollwei\u00dfplatte, die sich nahtlos in die Umgebung einf\u00fcgt.<\/p>\n<p>\nF\u00fcr den Druck unserer Platten auf wei\u00dfem Papier wurde wei\u00dfes, beschichtetes Kraftpapier mit einer St\u00e4rke von 340 Gramm gew\u00e4hlt, das je nach den auf dem Markt erh\u00e4ltlichen Maschinenmodellen die sch\u00f6nsten Drucke erm\u00f6glicht. Die Zusammenarbeit mit unseren Kunden erm\u00f6glichte es uns, eine solche Papierwahl zu verfeinern und abzuschlie\u00dfen, die sich auch leicht zuschneiden l\u00e4sst.<\/p>\n<p>Die Steifigkeit der Platten unseres Wabenkartons mit Deckpapieren aus wei\u00dfem, gestrichenem Kraftpapier 340 Gramm oder braunem Kraftpapier 300 Gramm ist nicht der einzige Vorteil. Festigkeit und Leichtigkeit werden Sie bei Ihren Anwendungen \u00fcberraschen und sie werden Sie sogar auf neue Ideen f\u00fcr die Verwendung bringen.<\/p><p>Unsere Wabenplatten mit FSC\u00ae-Label sind das richtige Druckmedium f\u00fcr Ihre n\u00e4chste Kampagne. Sie verwenden ein Produkt, das dem Zeitgeist entspricht, und f\u00f6rdern den Kreislauf mit einer lokalen Herstellung.<\/p>\n<p>\nNehmen Sie Kontakt mit uns auf, um einer unserer Partner zu werden!<\/p>\t\t\t\t\t\t<\/div>\n\t\t\t\t<\/div>\n\t\t\t\t\t<\/div>\n\t\t<\/div>\n\t\t\t\t\t<\/div>\n\t\t<\/section>\n\t\t\t\t<\/div>\n\t\t","protected":false},"excerpt":{"rendered":"<p>Wir wollten den Fachleuten aus dem visuellen und kommunikativen Bereich ein Produkt anbieten, das zu 100 % recycelbar und lokal hergestellt ist. Angesichts der steigenden Nachfrage nach neuen, recycelbaren Materialien f\u00fcr Displays (Innenbeschilderung, Displays, Werbung&#8230;) und Dekorationselemente (Schaufenster, M\u00f6bel&#8230;) haben wir ein Angebot aus Wabenkarton entwickelt, das standardm\u00e4\u00dfig in den St\u00e4rken 10 und 16 mm [&hellip;]<\/p>\n","protected":false},"author":4,"featured_media":10365,"parent":0,"menu_order":0,"comment_status":"closed","ping_status":"closed","template":"","meta":{"_acf_changed":false,"footnotes":""},"class_list":["post-10515","page","type-page","status-publish","has-post-thumbnail","hentry"],"acf":[],"yoast_head":"<!-- This site is optimized with the Yoast SEO plugin v24.4 - https:\/\/yoast.com\/wordpress\/plugins\/seo\/ -->\n<title>Graphische K\u00fcnste - Estic-Maillot<\/title>\n<meta name=\"robots\" content=\"index, follow, max-snippet:-1, max-image-preview:large, max-video-preview:-1\" \/>\n<link rel=\"canonical\" href=\"https:\/\/www.estic-maillot.com\/de\/graphische-kuenste\/\" \/>\n<meta property=\"og:locale\" content=\"de_DE\" \/>\n<meta property=\"og:type\" content=\"article\" \/>\n<meta property=\"og:title\" content=\"Graphische K\u00fcnste - Estic-Maillot\" \/>\n<meta property=\"og:description\" content=\"Wir wollten den Fachleuten aus dem visuellen und kommunikativen Bereich ein Produkt anbieten, das zu 100 % recycelbar und lokal hergestellt ist. Angesichts der steigenden Nachfrage nach neuen, recycelbaren Materialien f\u00fcr Displays (Innenbeschilderung, Displays, Werbung&#8230;) und Dekorationselemente (Schaufenster, M\u00f6bel&#8230;) haben wir ein Angebot aus Wabenkarton entwickelt, das standardm\u00e4\u00dfig in den St\u00e4rken 10 und 16 mm [&hellip;]\" \/>\n<meta property=\"og:url\" content=\"https:\/\/www.estic-maillot.com\/de\/graphische-kuenste\/\" \/>\n<meta property=\"og:site_name\" content=\"Estic-Maillot\" \/>\n<meta property=\"article:modified_time\" content=\"2024-01-23T15:18:27+00:00\" \/>\n<meta property=\"og:image\" content=\"https:\/\/www.estic-maillot.com\/wp-content\/uploads\/2024\/01\/arts-graphiques.jpg\" \/>\n\t<meta property=\"og:image:width\" content=\"1620\" \/>\n\t<meta property=\"og:image:height\" content=\"1080\" \/>\n\t<meta property=\"og:image:type\" content=\"image\/jpeg\" \/>\n<meta name=\"twitter:card\" content=\"summary_large_image\" \/>\n<meta name=\"twitter:label1\" content=\"Est. reading time\" \/>\n\t<meta name=\"twitter:data1\" content=\"3 minutes\" \/>\n<script type=\"application\/ld+json\" class=\"yoast-schema-graph\">{\"@context\":\"https:\/\/schema.org\",\"@graph\":[{\"@type\":\"WebPage\",\"@id\":\"https:\/\/www.estic-maillot.com\/de\/graphische-kuenste\/\",\"url\":\"https:\/\/www.estic-maillot.com\/de\/graphische-kuenste\/\",\"name\":\"Graphische K\u00fcnste - Estic-Maillot\",\"isPartOf\":{\"@id\":\"https:\/\/www.estic-maillot.com\/de\/#website\"},\"primaryImageOfPage\":{\"@id\":\"https:\/\/www.estic-maillot.com\/de\/graphische-kuenste\/#primaryimage\"},\"image\":{\"@id\":\"https:\/\/www.estic-maillot.com\/de\/graphische-kuenste\/#primaryimage\"},\"thumbnailUrl\":\"https:\/\/www.estic-maillot.com\/wp-content\/uploads\/2024\/01\/arts-graphiques.jpg\",\"datePublished\":\"2024-01-11T14:56:54+00:00\",\"dateModified\":\"2024-01-23T15:18:27+00:00\",\"breadcrumb\":{\"@id\":\"https:\/\/www.estic-maillot.com\/de\/graphische-kuenste\/#breadcrumb\"},\"inLanguage\":\"de-DE\",\"potentialAction\":[{\"@type\":\"ReadAction\",\"target\":[\"https:\/\/www.estic-maillot.com\/de\/graphische-kuenste\/\"]}]},{\"@type\":\"ImageObject\",\"inLanguage\":\"de-DE\",\"@id\":\"https:\/\/www.estic-maillot.com\/de\/graphische-kuenste\/#primaryimage\",\"url\":\"https:\/\/www.estic-maillot.com\/wp-content\/uploads\/2024\/01\/arts-graphiques.jpg\",\"contentUrl\":\"https:\/\/www.estic-maillot.com\/wp-content\/uploads\/2024\/01\/arts-graphiques.jpg\",\"width\":1620,\"height\":1080,\"caption\":\"arts graphiques\"},{\"@type\":\"BreadcrumbList\",\"@id\":\"https:\/\/www.estic-maillot.com\/de\/graphische-kuenste\/#breadcrumb\",\"itemListElement\":[{\"@type\":\"ListItem\",\"position\":1,\"name\":\"Accueil\",\"item\":\"https:\/\/www.estic-maillot.com\/de\/\"},{\"@type\":\"ListItem\",\"position\":2,\"name\":\"Graphische K\u00fcnste\"}]},{\"@type\":\"WebSite\",\"@id\":\"https:\/\/www.estic-maillot.com\/de\/#website\",\"url\":\"https:\/\/www.estic-maillot.com\/de\/\",\"name\":\"Groupe ESTIC-MAILLOT\",\"description\":\"Conception et fabrication de croisillons en carton\",\"publisher\":{\"@id\":\"https:\/\/www.estic-maillot.com\/de\/#organization\"},\"alternateName\":\"ESTIC-MAILLOT\",\"potentialAction\":[{\"@type\":\"SearchAction\",\"target\":{\"@type\":\"EntryPoint\",\"urlTemplate\":\"https:\/\/www.estic-maillot.com\/de\/?s={search_term_string}\"},\"query-input\":{\"@type\":\"PropertyValueSpecification\",\"valueRequired\":true,\"valueName\":\"search_term_string\"}}],\"inLanguage\":\"de-DE\"},{\"@type\":\"Organization\",\"@id\":\"https:\/\/www.estic-maillot.com\/de\/#organization\",\"name\":\"Groupe ESTIC-MAILLOT\",\"alternateName\":\"ESTIC-MAILLOT\",\"url\":\"https:\/\/www.estic-maillot.com\/de\/\",\"logo\":{\"@type\":\"ImageObject\",\"inLanguage\":\"de-DE\",\"@id\":\"https:\/\/www.estic-maillot.com\/de\/#\/schema\/logo\/image\/\",\"url\":\"https:\/\/www.estic-maillot.com\/wp-content\/uploads\/2023\/02\/favicon-estic-maillot.png\",\"contentUrl\":\"https:\/\/www.estic-maillot.com\/wp-content\/uploads\/2023\/02\/favicon-estic-maillot.png\",\"width\":512,\"height\":512,\"caption\":\"Groupe ESTIC-MAILLOT\"},\"image\":{\"@id\":\"https:\/\/www.estic-maillot.com\/de\/#\/schema\/logo\/image\/\"}}]}<\/script>\n<!-- \/ Yoast SEO plugin. -->","yoast_head_json":{"title":"Graphische K\u00fcnste - Estic-Maillot","robots":{"index":"index","follow":"follow","max-snippet":"max-snippet:-1","max-image-preview":"max-image-preview:large","max-video-preview":"max-video-preview:-1"},"canonical":"https:\/\/www.estic-maillot.com\/de\/graphische-kuenste\/","og_locale":"de_DE","og_type":"article","og_title":"Graphische K\u00fcnste - Estic-Maillot","og_description":"Wir wollten den Fachleuten aus dem visuellen und kommunikativen Bereich ein Produkt anbieten, das zu 100 % recycelbar und lokal hergestellt ist. Angesichts der steigenden Nachfrage nach neuen, recycelbaren Materialien f\u00fcr Displays (Innenbeschilderung, Displays, Werbung&#8230;) und Dekorationselemente (Schaufenster, M\u00f6bel&#8230;) haben wir ein Angebot aus Wabenkarton entwickelt, das standardm\u00e4\u00dfig in den St\u00e4rken 10 und 16 mm [&hellip;]","og_url":"https:\/\/www.estic-maillot.com\/de\/graphische-kuenste\/","og_site_name":"Estic-Maillot","article_modified_time":"2024-01-23T15:18:27+00:00","og_image":[{"width":1620,"height":1080,"url":"https:\/\/www.estic-maillot.com\/wp-content\/uploads\/2024\/01\/arts-graphiques.jpg","type":"image\/jpeg"}],"twitter_card":"summary_large_image","twitter_misc":{"Est. reading time":"3 minutes"},"schema":{"@context":"https:\/\/schema.org","@graph":[{"@type":"WebPage","@id":"https:\/\/www.estic-maillot.com\/de\/graphische-kuenste\/","url":"https:\/\/www.estic-maillot.com\/de\/graphische-kuenste\/","name":"Graphische K\u00fcnste - Estic-Maillot","isPartOf":{"@id":"https:\/\/www.estic-maillot.com\/de\/#website"},"primaryImageOfPage":{"@id":"https:\/\/www.estic-maillot.com\/de\/graphische-kuenste\/#primaryimage"},"image":{"@id":"https:\/\/www.estic-maillot.com\/de\/graphische-kuenste\/#primaryimage"},"thumbnailUrl":"https:\/\/www.estic-maillot.com\/wp-content\/uploads\/2024\/01\/arts-graphiques.jpg","datePublished":"2024-01-11T14:56:54+00:00","dateModified":"2024-01-23T15:18:27+00:00","breadcrumb":{"@id":"https:\/\/www.estic-maillot.com\/de\/graphische-kuenste\/#breadcrumb"},"inLanguage":"de-DE","potentialAction":[{"@type":"ReadAction","target":["https:\/\/www.estic-maillot.com\/de\/graphische-kuenste\/"]}]},{"@type":"ImageObject","inLanguage":"de-DE","@id":"https:\/\/www.estic-maillot.com\/de\/graphische-kuenste\/#primaryimage","url":"https:\/\/www.estic-maillot.com\/wp-content\/uploads\/2024\/01\/arts-graphiques.jpg","contentUrl":"https:\/\/www.estic-maillot.com\/wp-content\/uploads\/2024\/01\/arts-graphiques.jpg","width":1620,"height":1080,"caption":"arts graphiques"},{"@type":"BreadcrumbList","@id":"https:\/\/www.estic-maillot.com\/de\/graphische-kuenste\/#breadcrumb","itemListElement":[{"@type":"ListItem","position":1,"name":"Accueil","item":"https:\/\/www.estic-maillot.com\/de\/"},{"@type":"ListItem","position":2,"name":"Graphische K\u00fcnste"}]},{"@type":"WebSite","@id":"https:\/\/www.estic-maillot.com\/de\/#website","url":"https:\/\/www.estic-maillot.com\/de\/","name":"Groupe ESTIC-MAILLOT","description":"Conception et fabrication de croisillons en carton","publisher":{"@id":"https:\/\/www.estic-maillot.com\/de\/#organization"},"alternateName":"ESTIC-MAILLOT","potentialAction":[{"@type":"SearchAction","target":{"@type":"EntryPoint","urlTemplate":"https:\/\/www.estic-maillot.com\/de\/?s={search_term_string}"},"query-input":{"@type":"PropertyValueSpecification","valueRequired":true,"valueName":"search_term_string"}}],"inLanguage":"de-DE"},{"@type":"Organization","@id":"https:\/\/www.estic-maillot.com\/de\/#organization","name":"Groupe ESTIC-MAILLOT","alternateName":"ESTIC-MAILLOT","url":"https:\/\/www.estic-maillot.com\/de\/","logo":{"@type":"ImageObject","inLanguage":"de-DE","@id":"https:\/\/www.estic-maillot.com\/de\/#\/schema\/logo\/image\/","url":"https:\/\/www.estic-maillot.com\/wp-content\/uploads\/2023\/02\/favicon-estic-maillot.png","contentUrl":"https:\/\/www.estic-maillot.com\/wp-content\/uploads\/2023\/02\/favicon-estic-maillot.png","width":512,"height":512,"caption":"Groupe ESTIC-MAILLOT"},"image":{"@id":"https:\/\/www.estic-maillot.com\/de\/#\/schema\/logo\/image\/"}}]}},"_links":{"self":[{"href":"https:\/\/www.estic-maillot.com\/de\/wp-json\/wp\/v2\/pages\/10515","targetHints":{"allow":["GET"]}}],"collection":[{"href":"https:\/\/www.estic-maillot.com\/de\/wp-json\/wp\/v2\/pages"}],"about":[{"href":"https:\/\/www.estic-maillot.com\/de\/wp-json\/wp\/v2\/types\/page"}],"author":[{"embeddable":true,"href":"https:\/\/www.estic-maillot.com\/de\/wp-json\/wp\/v2\/users\/4"}],"replies":[{"embeddable":true,"href":"https:\/\/www.estic-maillot.com\/de\/wp-json\/wp\/v2\/comments?post=10515"}],"version-history":[{"count":3,"href":"https:\/\/www.estic-maillot.com\/de\/wp-json\/wp\/v2\/pages\/10515\/revisions"}],"predecessor-version":[{"id":10518,"href":"https:\/\/www.estic-maillot.com\/de\/wp-json\/wp\/v2\/pages\/10515\/revisions\/10518"}],"wp:featuredmedia":[{"embeddable":true,"href":"https:\/\/www.estic-maillot.com\/de\/wp-json\/wp\/v2\/media\/10365"}],"wp:attachment":[{"href":"https:\/\/www.estic-maillot.com\/de\/wp-json\/wp\/v2\/media?parent=10515"}],"curies":[{"name":"wp","href":"https:\/\/api.w.org\/{rel}","templated":true}]}}