{"id":10264,"date":"2023-11-10T09:48:48","date_gmt":"2023-11-10T08:48:48","guid":{"rendered":"https:\/\/www.estic-maillot.com\/?page_id=10264"},"modified":"2023-12-01T12:39:58","modified_gmt":"2023-12-01T11:39:58","slug":"loesungen-fuer-den-transport","status":"publish","type":"page","link":"https:\/\/www.estic-maillot.com\/de\/loesungen-fuer-den-transport\/","title":{"rendered":"L\u00f6sungen f\u00fcr den Transport"},"content":{"rendered":"\t\t<div data-elementor-type=\"wp-page\" data-elementor-id=\"10264\" class=\"elementor elementor-10264 elementor-10026\" data-elementor-post-type=\"page\">\n\t\t\t\t\t\t<section class=\"elementor-section elementor-top-section elementor-element elementor-element-d85479f elementor-section-boxed elementor-section-height-default elementor-section-height-default\" data-id=\"d85479f\" data-element_type=\"section\">\n\t\t\t\t\t\t<div class=\"elementor-container elementor-column-gap-default\">\n\t\t\t\t\t<div class=\"elementor-column elementor-col-100 elementor-top-column elementor-element elementor-element-916e57f\" data-id=\"916e57f\" data-element_type=\"column\">\n\t\t\t<div class=\"elementor-widget-wrap elementor-element-populated\">\n\t\t\t\t\t\t<div class=\"elementor-element elementor-element-d0029fd elementor-widget elementor-widget-heading\" data-id=\"d0029fd\" data-element_type=\"widget\" data-widget_type=\"heading.default\">\n\t\t\t\t<div class=\"elementor-widget-container\">\n\t\t\t<h2 class=\"elementor-heading-title elementor-size-default\">Verkeilungsl\u00f6sungen f\u00fcr den Transport\n<\/h2>\t\t<\/div>\n\t\t\t\t<\/div>\n\t\t\t\t\t<\/div>\n\t\t<\/div>\n\t\t\t\t\t<\/div>\n\t\t<\/section>\n\t\t\t\t<section class=\"elementor-section elementor-top-section elementor-element elementor-element-b86b9e7 elementor-section-boxed elementor-section-height-default elementor-section-height-default\" data-id=\"b86b9e7\" data-element_type=\"section\">\n\t\t\t\t\t\t<div class=\"elementor-container elementor-column-gap-default\">\n\t\t\t\t\t<div class=\"elementor-column elementor-col-100 elementor-top-column elementor-element elementor-element-c45681a\" data-id=\"c45681a\" data-element_type=\"column\">\n\t\t\t<div class=\"elementor-widget-wrap elementor-element-populated\">\n\t\t\t\t\t\t<div class=\"elementor-element elementor-element-ea95079 elementor-widget elementor-widget-text-editor\" data-id=\"ea95079\" data-element_type=\"widget\" data-widget_type=\"text-editor.default\">\n\t\t\t\t<div class=\"elementor-widget-container\">\n\t\t\t\t\t\t\t<p><span style=\"font-weight: 400;\">Der Transport von Waren und anderen Produkten kann mit langen, turbulenten Fahrten verbunden sein, bei denen die Waren ersch\u00fcttert werden k\u00f6nnen. Um sicherzustellen, dass die Ladung unter allen Umst\u00e4nden in gutem Zustand ist, wurden verschiedene L\u00f6sungen zur Ladungssicherung entwickelt, wie z. B. Wabenpappe. Die Wabe ersetzt Holz, Gurte und Kissen und ist somit ein sehr vorteilhafter Ersatz f\u00fcr die Verkeilung von Produkten.<\/span><\/p>\t\t\t\t\t\t<\/div>\n\t\t\t\t<\/div>\n\t\t\t\t\t<\/div>\n\t\t<\/div>\n\t\t\t\t\t<\/div>\n\t\t<\/section>\n\t\t\t\t<section class=\"elementor-section elementor-top-section elementor-element elementor-element-52010e2 elementor-section-boxed elementor-section-height-default elementor-section-height-default\" data-id=\"52010e2\" data-element_type=\"section\">\n\t\t\t\t\t\t<div class=\"elementor-container elementor-column-gap-default\">\n\t\t\t\t\t<div class=\"elementor-column elementor-col-100 elementor-top-column elementor-element elementor-element-d11e34d\" data-id=\"d11e34d\" data-element_type=\"column\">\n\t\t\t<div class=\"elementor-widget-wrap elementor-element-populated\">\n\t\t\t\t\t\t<div class=\"elementor-element elementor-element-45fba6f elementor-widget elementor-widget-heading\" data-id=\"45fba6f\" data-element_type=\"widget\" data-widget_type=\"heading.default\">\n\t\t\t\t<div class=\"elementor-widget-container\">\n\t\t\t<h2 class=\"elementor-heading-title elementor-size-default\">Wabenkarton: Muskel-Skelett-Erkrankungen der Mitarbeiter reduzieren\n<\/h2>\t\t<\/div>\n\t\t\t\t<\/div>\n\t\t\t\t\t<\/div>\n\t\t<\/div>\n\t\t\t\t\t<\/div>\n\t\t<\/section>\n\t\t\t\t<section class=\"elementor-section elementor-top-section elementor-element elementor-element-35a22c5 elementor-section-boxed elementor-section-height-default elementor-section-height-default\" data-id=\"35a22c5\" data-element_type=\"section\">\n\t\t\t\t\t\t<div class=\"elementor-container elementor-column-gap-default\">\n\t\t\t\t\t<div class=\"elementor-column elementor-col-100 elementor-top-column elementor-element elementor-element-e91a792\" data-id=\"e91a792\" data-element_type=\"column\">\n\t\t\t<div class=\"elementor-widget-wrap elementor-element-populated\">\n\t\t\t\t\t\t<div class=\"elementor-element elementor-element-cf3105c elementor-widget elementor-widget-text-editor\" data-id=\"cf3105c\" data-element_type=\"widget\" data-widget_type=\"text-editor.default\">\n\t\t\t\t<div class=\"elementor-widget-container\">\n\t\t\t\t\t\t\t<p><span style=\"font-weight: 400;\">Die beim Transport von Waren verwendeten Holzverkeilungen bergen zahlreiche Risiken f\u00fcr die Arbeitnehmer, die sich verschiedenen Muskel-Skelett-Erkrankungen (MSD) aussetzen. Das Tragen schwerer Lasten kann zu verschiedenen Erkrankungen f\u00fchren, die zu Behinderungen f\u00fchren, vor allem, wenn die Lasten h\u00e4ufig transportiert werden. Dies kann zu R\u00fcckenschmerzen, Epicondylitis oder dem Rotatorenmanschetten-Syndrom in der Schulter f\u00fchren.\u00a0<\/span><\/p><p><span style=\"font-weight: 400;\">Um das Risiko von Muskel-Skelett-Erkrankungen zu verringern, ist es wichtig, dass Sie sich f\u00fcr leichtere Verkeilungsl\u00f6sungen entscheiden. Zu den unumg\u00e4nglichen Materialien geh\u00f6rt z. B. Wabenkarton. Sie ist viel leichter als Holz, hat aber fast die gleiche Leistung und ist daher das ideale Material f\u00fcr Ihren Versand.<\/span><\/p><p><span style=\"font-weight: 400;\">Ein leichterer Transport bedeutet nicht nur einen kosteng\u00fcnstigeren Transport, sondern auch einen geringeren CO2-Aussto\u00df, d. h. umweltfreundlichere Sendungen.<\/span><\/p>\t\t\t\t\t\t<\/div>\n\t\t\t\t<\/div>\n\t\t\t\t\t<\/div>\n\t\t<\/div>\n\t\t\t\t\t<\/div>\n\t\t<\/section>\n\t\t\t\t<section class=\"elementor-section elementor-top-section elementor-element elementor-element-9f8ff38 elementor-section-boxed elementor-section-height-default elementor-section-height-default\" data-id=\"9f8ff38\" data-element_type=\"section\">\n\t\t\t\t\t\t<div class=\"elementor-container elementor-column-gap-default\">\n\t\t\t\t\t<div class=\"elementor-column elementor-col-100 elementor-top-column elementor-element elementor-element-78c0765\" data-id=\"78c0765\" data-element_type=\"column\">\n\t\t\t<div class=\"elementor-widget-wrap elementor-element-populated\">\n\t\t\t\t\t\t<div class=\"elementor-element elementor-element-ae002ea elementor-widget elementor-widget-heading\" data-id=\"ae002ea\" data-element_type=\"widget\" data-widget_type=\"heading.default\">\n\t\t\t\t<div class=\"elementor-widget-container\">\n\t\t\t<h2 class=\"elementor-heading-title elementor-size-default\">Schutz und Widerstandskraft f\u00fcr die transportierten Produkte<\/h2>\t\t<\/div>\n\t\t\t\t<\/div>\n\t\t\t\t\t<\/div>\n\t\t<\/div>\n\t\t\t\t\t<\/div>\n\t\t<\/section>\n\t\t\t\t<section class=\"elementor-section elementor-top-section elementor-element elementor-element-f1df95f elementor-section-boxed elementor-section-height-default elementor-section-height-default\" data-id=\"f1df95f\" data-element_type=\"section\">\n\t\t\t\t\t\t<div class=\"elementor-container elementor-column-gap-default\">\n\t\t\t\t\t<div class=\"elementor-column elementor-col-100 elementor-top-column elementor-element elementor-element-6e33cca\" data-id=\"6e33cca\" data-element_type=\"column\">\n\t\t\t<div class=\"elementor-widget-wrap elementor-element-populated\">\n\t\t\t\t\t\t<div class=\"elementor-element elementor-element-6eea179 elementor-widget elementor-widget-text-editor\" data-id=\"6eea179\" data-element_type=\"widget\" data-widget_type=\"text-editor.default\">\n\t\t\t\t<div class=\"elementor-widget-container\">\n\t\t\t\t\t\t\t<p><span style=\"font-weight: 400;\">Wabenpappe, auch Wabenkarton genannt, geh\u00f6rt zu den g\u00fcnstigsten L\u00f6sungen zur Ladungssicherung f\u00fcr Unternehmen aus verschiedenen Branchen. Sie ist der ideale Ersatz f\u00fcr andere herk\u00f6mmliche Sicherungsl\u00f6sungen\u00a0<\/span><\/p><p><span style=\"font-weight: 400;\">Neben dem leichten Aussehen des Kartons und den Vorteilen, die er bietet, ist er auch eine optimale L\u00f6sung f\u00fcr den Transport von Produkten. Die Wabenpappe bietet maximalen Schutz f\u00fcr die transportierten Gegenst\u00e4nde, da sie bis zu 55 Tonnen pro Quadratmeter aushalten kann, wenn sie zusammengedr\u00fcckt wird. So werden die Produkte perfekt stabilisiert und laufen nicht Gefahr, w\u00e4hrend des Transports zu zerbrechen.\u00a0<\/span><\/p><p><span style=\"font-weight: 400;\">Wenn wir \u00fcber den Aspekt des praktischen Transports sprechen, ist es auch wichtig, die zus\u00e4tzlichen Funktionen zu erw\u00e4hnen, die die Wabenpappe bieten kann. Beispielsweise kann die Wabenpappe verwendet werden, um den Hohlraum zwischen Ihren Paletten zu f\u00fcllen, damit die Waren optimal verkeilt und stabilisiert werden. Sie kann auch als Erg\u00e4nzung zu Airbags verwendet werden.<\/span><\/p><p><span style=\"font-weight: 400;\">Schlie\u00dflich ist es auch relevant, die gro\u00dfe Anpassungsf\u00e4higkeit der Wabenplatten zu erw\u00e4hnen. Die Dicke variiert n\u00e4mlich von 8 mm bis 100 mm, um Ihnen ein Produkt anbieten zu k\u00f6nnen, das perfekt auf Ihre Bed\u00fcrfnisse zugeschnitten ist.\u00a0<\/span><\/p>\t\t\t\t\t\t<\/div>\n\t\t\t\t<\/div>\n\t\t\t\t\t<\/div>\n\t\t<\/div>\n\t\t\t\t\t<\/div>\n\t\t<\/section>\n\t\t\t\t<section class=\"elementor-section elementor-top-section elementor-element elementor-element-762cbad elementor-section-boxed elementor-section-height-default elementor-section-height-default\" data-id=\"762cbad\" data-element_type=\"section\">\n\t\t\t\t\t\t<div class=\"elementor-container elementor-column-gap-default\">\n\t\t\t\t\t<div class=\"elementor-column elementor-col-100 elementor-top-column elementor-element elementor-element-f04a440\" data-id=\"f04a440\" data-element_type=\"column\">\n\t\t\t<div class=\"elementor-widget-wrap elementor-element-populated\">\n\t\t\t\t\t\t<div class=\"elementor-element elementor-element-c0d7cec elementor-widget elementor-widget-heading\" data-id=\"c0d7cec\" data-element_type=\"widget\" data-widget_type=\"heading.default\">\n\t\t\t\t<div class=\"elementor-widget-container\">\n\t\t\t<h2 class=\"elementor-heading-title elementor-size-default\">Wabenkarton als Verkeilungsl\u00f6sung f\u00fcr den Transport<\/h2>\t\t<\/div>\n\t\t\t\t<\/div>\n\t\t\t\t\t<\/div>\n\t\t<\/div>\n\t\t\t\t\t<\/div>\n\t\t<\/section>\n\t\t\t\t<section class=\"elementor-section elementor-top-section elementor-element elementor-element-b7817e4 elementor-section-boxed elementor-section-height-default elementor-section-height-default\" data-id=\"b7817e4\" data-element_type=\"section\">\n\t\t\t\t\t\t<div class=\"elementor-container elementor-column-gap-default\">\n\t\t\t\t\t<div class=\"elementor-column elementor-col-50 elementor-top-column elementor-element elementor-element-8c855fe\" data-id=\"8c855fe\" data-element_type=\"column\">\n\t\t\t<div class=\"elementor-widget-wrap elementor-element-populated\">\n\t\t\t\t\t\t<div class=\"elementor-element elementor-element-bcf0624 elementor-widget elementor-widget-heading\" data-id=\"bcf0624\" data-element_type=\"widget\" data-widget_type=\"heading.default\">\n\t\t\t\t<div class=\"elementor-widget-container\">\n\t\t\t<h3 class=\"elementor-heading-title elementor-size-default\">UMWELTFREUNDLICHE PRODUKTE\n<\/h3>\t\t<\/div>\n\t\t\t\t<\/div>\n\t\t\t\t\t<\/div>\n\t\t<\/div>\n\t\t\t\t<div class=\"elementor-column elementor-col-50 elementor-top-column elementor-element elementor-element-7728ea3\" data-id=\"7728ea3\" data-element_type=\"column\">\n\t\t\t<div class=\"elementor-widget-wrap elementor-element-populated\">\n\t\t\t\t\t\t<div class=\"elementor-element elementor-element-8509310 elementor-widget elementor-widget-heading\" data-id=\"8509310\" data-element_type=\"widget\" data-widget_type=\"heading.default\">\n\t\t\t\t<div class=\"elementor-widget-container\">\n\t\t\t<h3 class=\"elementor-heading-title elementor-size-default\">DIE ZWECKM\u00c4SSIGKEIT IN REICHWEITE\n<\/h3>\t\t<\/div>\n\t\t\t\t<\/div>\n\t\t\t\t\t<\/div>\n\t\t<\/div>\n\t\t\t\t\t<\/div>\n\t\t<\/section>\n\t\t\t\t<section class=\"elementor-section elementor-top-section elementor-element elementor-element-be325a9 elementor-section-boxed elementor-section-height-default elementor-section-height-default\" data-id=\"be325a9\" data-element_type=\"section\">\n\t\t\t\t\t\t<div class=\"elementor-container elementor-column-gap-default\">\n\t\t\t\t\t<div class=\"elementor-column elementor-col-50 elementor-top-column elementor-element elementor-element-f1933b2\" data-id=\"f1933b2\" data-element_type=\"column\">\n\t\t\t<div class=\"elementor-widget-wrap elementor-element-populated\">\n\t\t\t\t\t\t<div class=\"elementor-element elementor-element-1d939f6 elementor-widget elementor-widget-text-editor\" data-id=\"1d939f6\" data-element_type=\"widget\" data-widget_type=\"text-editor.default\">\n\t\t\t\t<div class=\"elementor-widget-container\">\n\t\t\t\t\t\t\t<p><span style=\"font-weight: 400;\">Das Unternehmen hat sich zum Ziel gesetzt, umweltbewusst zu agieren. So werden Schaumstoffe, Styropor und andere Produkte, die aus fossilen Brennstoffen hergestellt werden, zugunsten von umweltfreundlicheren Ersatzstoffen abgeschafft. Der Karton, der f\u00fcr unsere Waben verwendet wird, ist ein recyceltes und wiederverwertbares Material, wodurch der CO2-Fu\u00dfabdruck unserer Kunden erheblich reduziert wird.<\/span><\/p>\t\t\t\t\t\t<\/div>\n\t\t\t\t<\/div>\n\t\t\t\t\t<\/div>\n\t\t<\/div>\n\t\t\t\t<div class=\"elementor-column elementor-col-50 elementor-top-column elementor-element elementor-element-46dbcd6\" data-id=\"46dbcd6\" data-element_type=\"column\">\n\t\t\t<div class=\"elementor-widget-wrap elementor-element-populated\">\n\t\t\t\t\t\t<div class=\"elementor-element elementor-element-84186a4 elementor-widget elementor-widget-text-editor\" data-id=\"84186a4\" data-element_type=\"widget\" data-widget_type=\"text-editor.default\">\n\t\t\t\t<div class=\"elementor-widget-container\">\n\t\t\t\t\t\t\t<p><span style=\"font-weight: 400;\">Unabh\u00e4ngig von der Branche m\u00fcssen geeignete Transportl\u00f6sungen bereitgestellt werden, um den ordnungsgem\u00e4\u00dfen Zustand der Produkte zu gew\u00e4hrleisten. Wabenpappe erm\u00f6glicht es, die Stabilit\u00e4t und den Schutz dieser Produkte zu gew\u00e4hrleisten, ganz gleich, um welche Produkte es sich handelt. Die Sektoren, die von der Zweckm\u00e4\u00dfigkeit der Wabe profitieren k\u00f6nnen, sind dann Logistikplattformen, die Exportindustrie, die Kartonindustrie und der Stra\u00dfentransport.<\/span><\/p>\t\t\t\t\t\t<\/div>\n\t\t\t\t<\/div>\n\t\t\t\t\t<\/div>\n\t\t<\/div>\n\t\t\t\t\t<\/div>\n\t\t<\/section>\n\t\t\t\t<\/div>\n\t\t","protected":false},"excerpt":{"rendered":"<p>Verkeilungsl\u00f6sungen f\u00fcr den Transport Der Transport von Waren und anderen Produkten kann mit langen, turbulenten Fahrten verbunden sein, bei denen die Waren ersch\u00fcttert werden k\u00f6nnen. Um sicherzustellen, dass die Ladung unter allen Umst\u00e4nden in gutem Zustand ist, wurden verschiedene L\u00f6sungen zur Ladungssicherung entwickelt, wie z. B. Wabenpappe. Die Wabe ersetzt Holz, Gurte und Kissen und [&hellip;]<\/p>\n","protected":false},"author":4,"featured_media":10329,"parent":0,"menu_order":0,"comment_status":"closed","ping_status":"closed","template":"","meta":{"_acf_changed":false,"footnotes":""},"class_list":["post-10264","page","type-page","status-publish","has-post-thumbnail","hentry"],"acf":[],"yoast_head":"<!-- This site is optimized with the Yoast SEO plugin v24.4 - https:\/\/yoast.com\/wordpress\/plugins\/seo\/ -->\n<title>L\u00f6sungen f\u00fcr den Transport - Estic-Maillot<\/title>\n<meta name=\"robots\" content=\"index, follow, max-snippet:-1, max-image-preview:large, max-video-preview:-1\" \/>\n<link rel=\"canonical\" href=\"https:\/\/www.estic-maillot.com\/de\/loesungen-fuer-den-transport\/\" \/>\n<meta property=\"og:locale\" content=\"de_DE\" \/>\n<meta property=\"og:type\" content=\"article\" \/>\n<meta property=\"og:title\" content=\"L\u00f6sungen f\u00fcr den Transport - Estic-Maillot\" \/>\n<meta property=\"og:description\" content=\"Verkeilungsl\u00f6sungen f\u00fcr den Transport Der Transport von Waren und anderen Produkten kann mit langen, turbulenten Fahrten verbunden sein, bei denen die Waren ersch\u00fcttert werden k\u00f6nnen. Um sicherzustellen, dass die Ladung unter allen Umst\u00e4nden in gutem Zustand ist, wurden verschiedene L\u00f6sungen zur Ladungssicherung entwickelt, wie z. B. Wabenpappe. Die Wabe ersetzt Holz, Gurte und Kissen und [&hellip;]\" \/>\n<meta property=\"og:url\" content=\"https:\/\/www.estic-maillot.com\/de\/loesungen-fuer-den-transport\/\" \/>\n<meta property=\"og:site_name\" content=\"Estic-Maillot\" \/>\n<meta property=\"article:modified_time\" content=\"2023-12-01T11:39:58+00:00\" \/>\n<meta property=\"og:image\" content=\"https:\/\/www.estic-maillot.com\/wp-content\/uploads\/2023\/11\/solution-de-transport.jpg\" \/>\n\t<meta property=\"og:image:width\" content=\"1620\" \/>\n\t<meta property=\"og:image:height\" content=\"1080\" \/>\n\t<meta property=\"og:image:type\" content=\"image\/jpeg\" \/>\n<meta name=\"twitter:card\" content=\"summary_large_image\" \/>\n<meta name=\"twitter:label1\" content=\"Est. reading time\" \/>\n\t<meta name=\"twitter:data1\" content=\"3 minutes\" \/>\n<script type=\"application\/ld+json\" class=\"yoast-schema-graph\">{\"@context\":\"https:\/\/schema.org\",\"@graph\":[{\"@type\":\"WebPage\",\"@id\":\"https:\/\/www.estic-maillot.com\/de\/loesungen-fuer-den-transport\/\",\"url\":\"https:\/\/www.estic-maillot.com\/de\/loesungen-fuer-den-transport\/\",\"name\":\"L\u00f6sungen f\u00fcr den Transport - Estic-Maillot\",\"isPartOf\":{\"@id\":\"https:\/\/www.estic-maillot.com\/de\/#website\"},\"primaryImageOfPage\":{\"@id\":\"https:\/\/www.estic-maillot.com\/de\/loesungen-fuer-den-transport\/#primaryimage\"},\"image\":{\"@id\":\"https:\/\/www.estic-maillot.com\/de\/loesungen-fuer-den-transport\/#primaryimage\"},\"thumbnailUrl\":\"https:\/\/www.estic-maillot.com\/wp-content\/uploads\/2023\/12\/solu-de-transport.jpg\",\"datePublished\":\"2023-11-10T08:48:48+00:00\",\"dateModified\":\"2023-12-01T11:39:58+00:00\",\"breadcrumb\":{\"@id\":\"https:\/\/www.estic-maillot.com\/de\/loesungen-fuer-den-transport\/#breadcrumb\"},\"inLanguage\":\"de-DE\",\"potentialAction\":[{\"@type\":\"ReadAction\",\"target\":[\"https:\/\/www.estic-maillot.com\/de\/loesungen-fuer-den-transport\/\"]}]},{\"@type\":\"ImageObject\",\"inLanguage\":\"de-DE\",\"@id\":\"https:\/\/www.estic-maillot.com\/de\/loesungen-fuer-den-transport\/#primaryimage\",\"url\":\"https:\/\/www.estic-maillot.com\/wp-content\/uploads\/2023\/12\/solu-de-transport.jpg\",\"contentUrl\":\"https:\/\/www.estic-maillot.com\/wp-content\/uploads\/2023\/12\/solu-de-transport.jpg\",\"width\":1620,\"height\":1080},{\"@type\":\"BreadcrumbList\",\"@id\":\"https:\/\/www.estic-maillot.com\/de\/loesungen-fuer-den-transport\/#breadcrumb\",\"itemListElement\":[{\"@type\":\"ListItem\",\"position\":1,\"name\":\"Accueil\",\"item\":\"https:\/\/www.estic-maillot.com\/de\/\"},{\"@type\":\"ListItem\",\"position\":2,\"name\":\"L\u00f6sungen f\u00fcr den Transport\"}]},{\"@type\":\"WebSite\",\"@id\":\"https:\/\/www.estic-maillot.com\/de\/#website\",\"url\":\"https:\/\/www.estic-maillot.com\/de\/\",\"name\":\"Groupe ESTIC-MAILLOT\",\"description\":\"Conception et fabrication de croisillons en carton\",\"publisher\":{\"@id\":\"https:\/\/www.estic-maillot.com\/de\/#organization\"},\"alternateName\":\"ESTIC-MAILLOT\",\"potentialAction\":[{\"@type\":\"SearchAction\",\"target\":{\"@type\":\"EntryPoint\",\"urlTemplate\":\"https:\/\/www.estic-maillot.com\/de\/?s={search_term_string}\"},\"query-input\":{\"@type\":\"PropertyValueSpecification\",\"valueRequired\":true,\"valueName\":\"search_term_string\"}}],\"inLanguage\":\"de-DE\"},{\"@type\":\"Organization\",\"@id\":\"https:\/\/www.estic-maillot.com\/de\/#organization\",\"name\":\"Groupe ESTIC-MAILLOT\",\"alternateName\":\"ESTIC-MAILLOT\",\"url\":\"https:\/\/www.estic-maillot.com\/de\/\",\"logo\":{\"@type\":\"ImageObject\",\"inLanguage\":\"de-DE\",\"@id\":\"https:\/\/www.estic-maillot.com\/de\/#\/schema\/logo\/image\/\",\"url\":\"https:\/\/www.estic-maillot.com\/wp-content\/uploads\/2023\/02\/favicon-estic-maillot.png\",\"contentUrl\":\"https:\/\/www.estic-maillot.com\/wp-content\/uploads\/2023\/02\/favicon-estic-maillot.png\",\"width\":512,\"height\":512,\"caption\":\"Groupe ESTIC-MAILLOT\"},\"image\":{\"@id\":\"https:\/\/www.estic-maillot.com\/de\/#\/schema\/logo\/image\/\"}}]}<\/script>\n<!-- \/ Yoast SEO plugin. -->","yoast_head_json":{"title":"L\u00f6sungen f\u00fcr den Transport - Estic-Maillot","robots":{"index":"index","follow":"follow","max-snippet":"max-snippet:-1","max-image-preview":"max-image-preview:large","max-video-preview":"max-video-preview:-1"},"canonical":"https:\/\/www.estic-maillot.com\/de\/loesungen-fuer-den-transport\/","og_locale":"de_DE","og_type":"article","og_title":"L\u00f6sungen f\u00fcr den Transport - Estic-Maillot","og_description":"Verkeilungsl\u00f6sungen f\u00fcr den Transport Der Transport von Waren und anderen Produkten kann mit langen, turbulenten Fahrten verbunden sein, bei denen die Waren ersch\u00fcttert werden k\u00f6nnen. Um sicherzustellen, dass die Ladung unter allen Umst\u00e4nden in gutem Zustand ist, wurden verschiedene L\u00f6sungen zur Ladungssicherung entwickelt, wie z. B. Wabenpappe. Die Wabe ersetzt Holz, Gurte und Kissen und [&hellip;]","og_url":"https:\/\/www.estic-maillot.com\/de\/loesungen-fuer-den-transport\/","og_site_name":"Estic-Maillot","article_modified_time":"2023-12-01T11:39:58+00:00","og_image":[{"width":1620,"height":1080,"url":"https:\/\/www.estic-maillot.com\/wp-content\/uploads\/2023\/11\/solution-de-transport.jpg","type":"image\/jpeg"}],"twitter_card":"summary_large_image","twitter_misc":{"Est. reading time":"3 minutes"},"schema":{"@context":"https:\/\/schema.org","@graph":[{"@type":"WebPage","@id":"https:\/\/www.estic-maillot.com\/de\/loesungen-fuer-den-transport\/","url":"https:\/\/www.estic-maillot.com\/de\/loesungen-fuer-den-transport\/","name":"L\u00f6sungen f\u00fcr den Transport - Estic-Maillot","isPartOf":{"@id":"https:\/\/www.estic-maillot.com\/de\/#website"},"primaryImageOfPage":{"@id":"https:\/\/www.estic-maillot.com\/de\/loesungen-fuer-den-transport\/#primaryimage"},"image":{"@id":"https:\/\/www.estic-maillot.com\/de\/loesungen-fuer-den-transport\/#primaryimage"},"thumbnailUrl":"https:\/\/www.estic-maillot.com\/wp-content\/uploads\/2023\/12\/solu-de-transport.jpg","datePublished":"2023-11-10T08:48:48+00:00","dateModified":"2023-12-01T11:39:58+00:00","breadcrumb":{"@id":"https:\/\/www.estic-maillot.com\/de\/loesungen-fuer-den-transport\/#breadcrumb"},"inLanguage":"de-DE","potentialAction":[{"@type":"ReadAction","target":["https:\/\/www.estic-maillot.com\/de\/loesungen-fuer-den-transport\/"]}]},{"@type":"ImageObject","inLanguage":"de-DE","@id":"https:\/\/www.estic-maillot.com\/de\/loesungen-fuer-den-transport\/#primaryimage","url":"https:\/\/www.estic-maillot.com\/wp-content\/uploads\/2023\/12\/solu-de-transport.jpg","contentUrl":"https:\/\/www.estic-maillot.com\/wp-content\/uploads\/2023\/12\/solu-de-transport.jpg","width":1620,"height":1080},{"@type":"BreadcrumbList","@id":"https:\/\/www.estic-maillot.com\/de\/loesungen-fuer-den-transport\/#breadcrumb","itemListElement":[{"@type":"ListItem","position":1,"name":"Accueil","item":"https:\/\/www.estic-maillot.com\/de\/"},{"@type":"ListItem","position":2,"name":"L\u00f6sungen f\u00fcr den Transport"}]},{"@type":"WebSite","@id":"https:\/\/www.estic-maillot.com\/de\/#website","url":"https:\/\/www.estic-maillot.com\/de\/","name":"Groupe ESTIC-MAILLOT","description":"Conception et fabrication de croisillons en carton","publisher":{"@id":"https:\/\/www.estic-maillot.com\/de\/#organization"},"alternateName":"ESTIC-MAILLOT","potentialAction":[{"@type":"SearchAction","target":{"@type":"EntryPoint","urlTemplate":"https:\/\/www.estic-maillot.com\/de\/?s={search_term_string}"},"query-input":{"@type":"PropertyValueSpecification","valueRequired":true,"valueName":"search_term_string"}}],"inLanguage":"de-DE"},{"@type":"Organization","@id":"https:\/\/www.estic-maillot.com\/de\/#organization","name":"Groupe ESTIC-MAILLOT","alternateName":"ESTIC-MAILLOT","url":"https:\/\/www.estic-maillot.com\/de\/","logo":{"@type":"ImageObject","inLanguage":"de-DE","@id":"https:\/\/www.estic-maillot.com\/de\/#\/schema\/logo\/image\/","url":"https:\/\/www.estic-maillot.com\/wp-content\/uploads\/2023\/02\/favicon-estic-maillot.png","contentUrl":"https:\/\/www.estic-maillot.com\/wp-content\/uploads\/2023\/02\/favicon-estic-maillot.png","width":512,"height":512,"caption":"Groupe ESTIC-MAILLOT"},"image":{"@id":"https:\/\/www.estic-maillot.com\/de\/#\/schema\/logo\/image\/"}}]}},"_links":{"self":[{"href":"https:\/\/www.estic-maillot.com\/de\/wp-json\/wp\/v2\/pages\/10264","targetHints":{"allow":["GET"]}}],"collection":[{"href":"https:\/\/www.estic-maillot.com\/de\/wp-json\/wp\/v2\/pages"}],"about":[{"href":"https:\/\/www.estic-maillot.com\/de\/wp-json\/wp\/v2\/types\/page"}],"author":[{"embeddable":true,"href":"https:\/\/www.estic-maillot.com\/de\/wp-json\/wp\/v2\/users\/4"}],"replies":[{"embeddable":true,"href":"https:\/\/www.estic-maillot.com\/de\/wp-json\/wp\/v2\/comments?post=10264"}],"version-history":[{"count":4,"href":"https:\/\/www.estic-maillot.com\/de\/wp-json\/wp\/v2\/pages\/10264\/revisions"}],"predecessor-version":[{"id":10268,"href":"https:\/\/www.estic-maillot.com\/de\/wp-json\/wp\/v2\/pages\/10264\/revisions\/10268"}],"wp:featuredmedia":[{"embeddable":true,"href":"https:\/\/www.estic-maillot.com\/de\/wp-json\/wp\/v2\/media\/10329"}],"wp:attachment":[{"href":"https:\/\/www.estic-maillot.com\/de\/wp-json\/wp\/v2\/media?parent=10264"}],"curies":[{"name":"wp","href":"https:\/\/api.w.org\/{rel}","templated":true}]}}