{"id":10255,"date":"2023-11-10T09:07:18","date_gmt":"2023-11-10T08:07:18","guid":{"rendered":"https:\/\/www.estic-maillot.com\/?page_id=10255"},"modified":"2023-12-01T12:36:29","modified_gmt":"2023-12-01T11:36:29","slug":"gefache-fuer-zerbrechliche-waren","status":"publish","type":"page","link":"https:\/\/www.estic-maillot.com\/de\/gefache-fuer-zerbrechliche-waren\/","title":{"rendered":"Gefache f\u00fcr zerbrechliche Waren"},"content":{"rendered":"\t\t<div data-elementor-type=\"wp-page\" data-elementor-id=\"10255\" class=\"elementor elementor-10255 elementor-9989\" data-elementor-post-type=\"page\">\n\t\t\t\t\t\t<section class=\"elementor-section elementor-top-section elementor-element elementor-element-1d00f77 elementor-section-boxed elementor-section-height-default elementor-section-height-default\" data-id=\"1d00f77\" data-element_type=\"section\">\n\t\t\t\t\t\t<div class=\"elementor-container elementor-column-gap-default\">\n\t\t\t\t\t<div class=\"elementor-column elementor-col-100 elementor-top-column elementor-element elementor-element-ee29552\" data-id=\"ee29552\" data-element_type=\"column\">\n\t\t\t<div class=\"elementor-widget-wrap elementor-element-populated\">\n\t\t\t\t\t\t<div class=\"elementor-element elementor-element-d50ba3e elementor-widget elementor-widget-heading\" data-id=\"d50ba3e\" data-element_type=\"widget\" data-widget_type=\"heading.default\">\n\t\t\t\t<div class=\"elementor-widget-container\">\n\t\t\t<h2 class=\"elementor-heading-title elementor-size-default\">Gefache f\u00fcr zerbrechliche Waren: wie man Waren sch\u00fctzt\n<\/h2>\t\t<\/div>\n\t\t\t\t<\/div>\n\t\t\t\t\t<\/div>\n\t\t<\/div>\n\t\t\t\t\t<\/div>\n\t\t<\/section>\n\t\t\t\t<section class=\"elementor-section elementor-top-section elementor-element elementor-element-cb28680 elementor-section-boxed elementor-section-height-default elementor-section-height-default\" data-id=\"cb28680\" data-element_type=\"section\">\n\t\t\t\t\t\t<div class=\"elementor-container elementor-column-gap-default\">\n\t\t\t\t\t<div class=\"elementor-column elementor-col-100 elementor-top-column elementor-element elementor-element-1797c43\" data-id=\"1797c43\" data-element_type=\"column\">\n\t\t\t<div class=\"elementor-widget-wrap elementor-element-populated\">\n\t\t\t\t\t\t<div class=\"elementor-element elementor-element-4f60482 elementor-widget elementor-widget-text-editor\" data-id=\"4f60482\" data-element_type=\"widget\" data-widget_type=\"text-editor.default\">\n\t\t\t\t<div class=\"elementor-widget-container\">\n\t\t\t\t\t\t\t<p><span style=\"font-weight: 400;\">Jeden Tag transportieren Millionen von Lastwagen, Flugzeugen und Schiffen Waren von einer Stadt in die andere, von einem Land in das andere. Damit die Produkte in einwandfreiem Zustand am Zielort ankommen k\u00f6nnen, egal um welche Waren es sich handelt, muss nicht nur ihre Verpackung einwandfrei sein, sondern auch ihr Transport. Zu diesem Zweck ist es \u00fcblich und auch notwendig, sogenannte Kartontrennw\u00e4nde zu verwenden. Beim Transport von zerbrechlichen Gegenst\u00e4nden sind diese unverzichtbar.<\/span><\/p>\t\t\t\t\t\t<\/div>\n\t\t\t\t<\/div>\n\t\t\t\t\t<\/div>\n\t\t<\/div>\n\t\t\t\t\t<\/div>\n\t\t<\/section>\n\t\t\t\t<section class=\"elementor-section elementor-top-section elementor-element elementor-element-3c39b6e elementor-section-boxed elementor-section-height-default elementor-section-height-default\" data-id=\"3c39b6e\" data-element_type=\"section\">\n\t\t\t\t\t\t<div class=\"elementor-container elementor-column-gap-default\">\n\t\t\t\t\t<div class=\"elementor-column elementor-col-100 elementor-top-column elementor-element elementor-element-fd8eb51\" data-id=\"fd8eb51\" data-element_type=\"column\">\n\t\t\t<div class=\"elementor-widget-wrap elementor-element-populated\">\n\t\t\t\t\t\t<div class=\"elementor-element elementor-element-78d915c elementor-widget elementor-widget-heading\" data-id=\"78d915c\" data-element_type=\"widget\" data-widget_type=\"heading.default\">\n\t\t\t\t<div class=\"elementor-widget-container\">\n\t\t\t<h2 class=\"elementor-heading-title elementor-size-default\">Kartontrennw\u00e4nde f\u00fcr einen sicheren Transport\n<\/h2>\t\t<\/div>\n\t\t\t\t<\/div>\n\t\t\t\t\t<\/div>\n\t\t<\/div>\n\t\t\t\t\t<\/div>\n\t\t<\/section>\n\t\t\t\t<section class=\"elementor-section elementor-top-section elementor-element elementor-element-19ab3e8 elementor-section-boxed elementor-section-height-default elementor-section-height-default\" data-id=\"19ab3e8\" data-element_type=\"section\">\n\t\t\t\t\t\t<div class=\"elementor-container elementor-column-gap-default\">\n\t\t\t\t\t<div class=\"elementor-column elementor-col-100 elementor-top-column elementor-element elementor-element-2552a41\" data-id=\"2552a41\" data-element_type=\"column\">\n\t\t\t<div class=\"elementor-widget-wrap elementor-element-populated\">\n\t\t\t\t\t\t<div class=\"elementor-element elementor-element-2604f85 elementor-widget__width-initial elementor-widget elementor-widget-text-editor\" data-id=\"2604f85\" data-element_type=\"widget\" data-widget_type=\"text-editor.default\">\n\t\t\t\t<div class=\"elementor-widget-container\">\n\t\t\t\t\t\t\t<p><span style=\"font-weight: 400;\">Sowohl bei langen als auch bei kurzen Transporten kann es vorkommen, dass die Stra\u00dfen kurvenreich sind und die Waren besch\u00e4digt werden. Deshalb ist es wichtig, die Waren richtig zu sch\u00fctzen, damit sie am Zielort keine Verluste erleiden.\u00a0<\/span><\/p><p><span style=\"font-weight: 400;\">Die Gittereins\u00e4tze f\u00fcr zerbrechliche Gegenst\u00e4nde erm\u00f6glichen Ihnen den Transport von Produkten aus zerbrechlichem Material wie Glas, aber auch von anderen Waren, die zerbrechen oder besch\u00e4digt werden k\u00f6nnen. Ob es sich um Parf\u00fcmflaschen oder elektronische Bauteile handelt, Kartontrennw\u00e4nde f\u00fcr zerbrechliche Gegenst\u00e4nde wird sich als unentbehrlich erweisen.\u00a0<\/span><\/p><p><span style=\"font-weight: 400;\">Neben seinem Schutzaspekt, den wir weiter unten noch genauer beschreiben werden, ist es wichtig, die Praktikabilit\u00e4t einer solchen L\u00f6sung zu ber\u00fccksichtigen. F\u00fcr einen sicheren Transport, bei dem die Produkte von Anfang bis Ende perfekt verkeilt und gesch\u00fctzt sind, sind Laufstege optimal. Diese erm\u00f6glichen n\u00e4mlich eine geordnete Verpackung der Produkte im Gegensatz zu &#8220;Sch\u00fcttgut&#8221;.<\/span><\/p>\t\t\t\t\t\t<\/div>\n\t\t\t\t<\/div>\n\t\t\t\t\t<\/div>\n\t\t<\/div>\n\t\t\t\t\t<\/div>\n\t\t<\/section>\n\t\t\t\t<section class=\"elementor-section elementor-top-section elementor-element elementor-element-cdcfaf2 elementor-section-boxed elementor-section-height-default elementor-section-height-default\" data-id=\"cdcfaf2\" data-element_type=\"section\">\n\t\t\t\t\t\t<div class=\"elementor-container elementor-column-gap-default\">\n\t\t\t\t\t<div class=\"elementor-column elementor-col-100 elementor-top-column elementor-element elementor-element-dff8106\" data-id=\"dff8106\" data-element_type=\"column\">\n\t\t\t<div class=\"elementor-widget-wrap elementor-element-populated\">\n\t\t\t\t\t\t<div class=\"elementor-element elementor-element-0903de1 elementor-widget elementor-widget-heading\" data-id=\"0903de1\" data-element_type=\"widget\" data-widget_type=\"heading.default\">\n\t\t\t\t<div class=\"elementor-widget-container\">\n\t\t\t<h2 class=\"elementor-heading-title elementor-size-default\">Kartongefache, die unverzichtbaren Transporthelfer f\u00fcr alle Branchen\n<\/h2>\t\t<\/div>\n\t\t\t\t<\/div>\n\t\t\t\t\t<\/div>\n\t\t<\/div>\n\t\t\t\t\t<\/div>\n\t\t<\/section>\n\t\t\t\t<section class=\"elementor-section elementor-top-section elementor-element elementor-element-b598a49 elementor-section-boxed elementor-section-height-default elementor-section-height-default\" data-id=\"b598a49\" data-element_type=\"section\">\n\t\t\t\t\t\t<div class=\"elementor-container elementor-column-gap-default\">\n\t\t\t\t\t<div class=\"elementor-column elementor-col-100 elementor-top-column elementor-element elementor-element-a3dd0d1\" data-id=\"a3dd0d1\" data-element_type=\"column\">\n\t\t\t<div class=\"elementor-widget-wrap elementor-element-populated\">\n\t\t\t\t\t\t<div class=\"elementor-element elementor-element-8a64e87 elementor-widget elementor-widget-text-editor\" data-id=\"8a64e87\" data-element_type=\"widget\" data-widget_type=\"text-editor.default\">\n\t\t\t\t<div class=\"elementor-widget-container\">\n\t\t\t\t\t\t\t<p><span style=\"font-weight: 400;\">Gefache f\u00fcr zerbrechliche G\u00fcter haben viele Vorteile, wenn es um den Transport von Waren geht. Wir stellen Ihnen diese L\u00f6sung, die sich f\u00fcr alle Situationen eignet, genauer vor.\u00a0<\/span><\/p>\t\t\t\t\t\t<\/div>\n\t\t\t\t<\/div>\n\t\t\t\t\t<\/div>\n\t\t<\/div>\n\t\t\t\t\t<\/div>\n\t\t<\/section>\n\t\t\t\t<section class=\"elementor-section elementor-top-section elementor-element elementor-element-153a88d elementor-section-boxed elementor-section-height-default elementor-section-height-default\" data-id=\"153a88d\" data-element_type=\"section\">\n\t\t\t\t\t\t<div class=\"elementor-container elementor-column-gap-default\">\n\t\t\t\t\t<div class=\"elementor-column elementor-col-50 elementor-top-column elementor-element elementor-element-dae6168\" data-id=\"dae6168\" data-element_type=\"column\">\n\t\t\t<div class=\"elementor-widget-wrap elementor-element-populated\">\n\t\t\t\t\t\t<div class=\"elementor-element elementor-element-9f2b53a elementor-widget elementor-widget-heading\" data-id=\"9f2b53a\" data-element_type=\"widget\" data-widget_type=\"heading.default\">\n\t\t\t\t<div class=\"elementor-widget-container\">\n\t\t\t<h3 class=\"elementor-heading-title elementor-size-default\">EINE HOHE ANPASSUNGSF\u00c4HIGKEIT\n<\/h3>\t\t<\/div>\n\t\t\t\t<\/div>\n\t\t\t\t\t<\/div>\n\t\t<\/div>\n\t\t\t\t<div class=\"elementor-column elementor-col-50 elementor-top-column elementor-element elementor-element-4178b1a\" data-id=\"4178b1a\" data-element_type=\"column\">\n\t\t\t<div class=\"elementor-widget-wrap elementor-element-populated\">\n\t\t\t\t\t\t<div class=\"elementor-element elementor-element-ed7981e elementor-widget elementor-widget-heading\" data-id=\"ed7981e\" data-element_type=\"widget\" data-widget_type=\"heading.default\">\n\t\t\t\t<div class=\"elementor-widget-container\">\n\t\t\t<h3 class=\"elementor-heading-title elementor-size-default\">OPTIMALER SCHUTZ\n<\/h3>\t\t<\/div>\n\t\t\t\t<\/div>\n\t\t\t\t\t<\/div>\n\t\t<\/div>\n\t\t\t\t\t<\/div>\n\t\t<\/section>\n\t\t\t\t<section class=\"elementor-section elementor-top-section elementor-element elementor-element-1625652 elementor-section-boxed elementor-section-height-default elementor-section-height-default\" data-id=\"1625652\" data-element_type=\"section\">\n\t\t\t\t\t\t<div class=\"elementor-container elementor-column-gap-default\">\n\t\t\t\t\t<div class=\"elementor-column elementor-col-50 elementor-top-column elementor-element elementor-element-7890ef1\" data-id=\"7890ef1\" data-element_type=\"column\">\n\t\t\t<div class=\"elementor-widget-wrap elementor-element-populated\">\n\t\t\t\t\t\t<div class=\"elementor-element elementor-element-9205954 elementor-widget elementor-widget-text-editor\" data-id=\"9205954\" data-element_type=\"widget\" data-widget_type=\"text-editor.default\">\n\t\t\t\t<div class=\"elementor-widget-container\">\n\t\t\t\t\t\t\t<p><span style=\"font-weight: 400;\">In vielen Branchen werden zerbrechliche Gegenst\u00e4nde vermarktet, die beim Transport besondere Aufmerksamkeit erfordern. In der Luftfahrtindustrie, in der Parf\u00fcmerie oder in der Pharmaindustrie m\u00fcssen bestimmte Produkte mit gr\u00f6\u00dfter Sorgfalt verpackt werden; dies ist mit Gefache m\u00f6glich.\u00a0<\/span><\/p><p><span style=\"font-weight: 400;\">Au\u00dferdem ist es wichtig zu erw\u00e4hnen, dass die Gefache nicht zugeschnitten werden m\u00fcssen. Wir bieten Ihnen Produkte an, die bereits auf die von Ihnen gew\u00fcnschten Ma\u00dfe zugeschnitten sind, und zwar ohne Werkzeugkosten. Auf diese Weise k\u00f6nnen Sie sicher sein, dass Ihre Gegenst\u00e4nde w\u00e4hrend des Transports nicht verrutschen.\u00a0<\/span><\/p>\t\t\t\t\t\t<\/div>\n\t\t\t\t<\/div>\n\t\t\t\t\t<\/div>\n\t\t<\/div>\n\t\t\t\t<div class=\"elementor-column elementor-col-50 elementor-top-column elementor-element elementor-element-274ff27\" data-id=\"274ff27\" data-element_type=\"column\">\n\t\t\t<div class=\"elementor-widget-wrap elementor-element-populated\">\n\t\t\t\t\t\t<div class=\"elementor-element elementor-element-86aa52e elementor-widget elementor-widget-text-editor\" data-id=\"86aa52e\" data-element_type=\"widget\" data-widget_type=\"text-editor.default\">\n\t\t\t\t<div class=\"elementor-widget-container\">\n\t\t\t\t\t\t\t<p><span style=\"font-weight: 400;\">Die Gefache f\u00fcr zerbrechliche Gegenst\u00e4nde tragen ihren Namen zu Recht. Mit ihnen k\u00f6nnen Sie Produkte, die am ehesten zerbrechen k\u00f6nnen, aufbewahren und sie gleichzeitig optimal sch\u00fctzen.<\/span><\/p><p><span style=\"font-weight: 400;\">Je nach Art des Objekts haben Sie die M\u00f6glichkeit, die Grammatur des Kartons anzupassen, damit er besonders widerstandsf\u00e4hig ist. Als Grundregel gilt, dass die St\u00e4rke des Kartons zwischen 300 und 700 Gramm betragen kann.<\/span><\/p>\t\t\t\t\t\t<\/div>\n\t\t\t\t<\/div>\n\t\t\t\t\t<\/div>\n\t\t<\/div>\n\t\t\t\t\t<\/div>\n\t\t<\/section>\n\t\t\t\t<section class=\"elementor-section elementor-top-section elementor-element elementor-element-c6eec02 elementor-section-boxed elementor-section-height-default elementor-section-height-default\" data-id=\"c6eec02\" data-element_type=\"section\">\n\t\t\t\t\t\t<div class=\"elementor-container elementor-column-gap-default\">\n\t\t\t\t\t<div class=\"elementor-column elementor-col-100 elementor-top-column elementor-element elementor-element-ae37dbd\" data-id=\"ae37dbd\" data-element_type=\"column\">\n\t\t\t<div class=\"elementor-widget-wrap elementor-element-populated\">\n\t\t\t\t\t\t<div class=\"elementor-element elementor-element-232f5d8 elementor-widget elementor-widget-heading\" data-id=\"232f5d8\" data-element_type=\"widget\" data-widget_type=\"heading.default\">\n\t\t\t\t<div class=\"elementor-widget-container\">\n\t\t\t<h2 class=\"elementor-heading-title elementor-size-default\">Stege f\u00fcr zerbrechliche Gegenst\u00e4nde: unsere Produkte\n<\/h2>\t\t<\/div>\n\t\t\t\t<\/div>\n\t\t\t\t\t<\/div>\n\t\t<\/div>\n\t\t\t\t\t<\/div>\n\t\t<\/section>\n\t\t\t\t<section class=\"elementor-section elementor-top-section elementor-element elementor-element-a89f522 elementor-section-boxed elementor-section-height-default elementor-section-height-default\" data-id=\"a89f522\" data-element_type=\"section\">\n\t\t\t\t\t\t<div class=\"elementor-container elementor-column-gap-default\">\n\t\t\t\t\t<div class=\"elementor-column elementor-col-100 elementor-top-column elementor-element elementor-element-eab158b\" data-id=\"eab158b\" data-element_type=\"column\">\n\t\t\t<div class=\"elementor-widget-wrap elementor-element-populated\">\n\t\t\t\t\t\t<div class=\"elementor-element elementor-element-726738c elementor-widget elementor-widget-text-editor\" data-id=\"726738c\" data-element_type=\"widget\" data-widget_type=\"text-editor.default\">\n\t\t\t\t<div class=\"elementor-widget-container\">\n\t\t\t\t\t\t\t<p><span style=\"font-weight: 400;\">Wenn es darum geht, zerbrechliche Gegenst\u00e4nde zu bewegen, muss alles getan werden, um ihren Schutz zu gew\u00e4hrleisten. Aus diesem Grund haben wir Stege aus Pappe entwickelt, deren Grammatur und Gr\u00f6\u00dfe nach Belieben angepasst werden k\u00f6nnen.\u00a0<\/span><\/p><p><span style=\"font-weight: 400;\">In unserem Online-Shop finden Sie eine ganze Reihe von Gefache, die f\u00fcr jede Situation geeignet sind. Diese kosteng\u00fcnstige und umweltfreundliche Alternative wird sich schnell als unentbehrlich erweisen, egal in welchem Bereich. Wir versuchen, Ihnen f\u00fcr jede Anfrage eine ma\u00dfgeschneiderte L\u00f6sung anzubieten.<\/span><\/p>\t\t\t\t\t\t<\/div>\n\t\t\t\t<\/div>\n\t\t\t\t\t<\/div>\n\t\t<\/div>\n\t\t\t\t\t<\/div>\n\t\t<\/section>\n\t\t\t\t<\/div>\n\t\t","protected":false},"excerpt":{"rendered":"<p>Gefache f\u00fcr zerbrechliche Waren: wie man Waren sch\u00fctzt Jeden Tag transportieren Millionen von Lastwagen, Flugzeugen und Schiffen Waren von einer Stadt in die andere, von einem Land in das andere. Damit die Produkte in einwandfreiem Zustand am Zielort ankommen k\u00f6nnen, egal um welche Waren es sich handelt, muss nicht nur ihre Verpackung einwandfrei sein, sondern [&hellip;]<\/p>\n","protected":false},"author":4,"featured_media":9996,"parent":0,"menu_order":0,"comment_status":"closed","ping_status":"closed","template":"","meta":{"_acf_changed":false,"footnotes":""},"class_list":["post-10255","page","type-page","status-publish","has-post-thumbnail","hentry"],"acf":[],"yoast_head":"<!-- This site is optimized with the Yoast SEO plugin v24.4 - https:\/\/yoast.com\/wordpress\/plugins\/seo\/ -->\n<title>Gefache f\u00fcr zerbrechliche Waren - Estic-Maillot<\/title>\n<meta name=\"robots\" content=\"index, follow, max-snippet:-1, max-image-preview:large, max-video-preview:-1\" \/>\n<link rel=\"canonical\" href=\"https:\/\/www.estic-maillot.com\/de\/gefache-fuer-zerbrechliche-waren\/\" \/>\n<meta property=\"og:locale\" content=\"de_DE\" \/>\n<meta property=\"og:type\" content=\"article\" \/>\n<meta property=\"og:title\" content=\"Gefache f\u00fcr zerbrechliche Waren - Estic-Maillot\" \/>\n<meta property=\"og:description\" content=\"Gefache f\u00fcr zerbrechliche Waren: wie man Waren sch\u00fctzt Jeden Tag transportieren Millionen von Lastwagen, Flugzeugen und Schiffen Waren von einer Stadt in die andere, von einem Land in das andere. Damit die Produkte in einwandfreiem Zustand am Zielort ankommen k\u00f6nnen, egal um welche Waren es sich handelt, muss nicht nur ihre Verpackung einwandfrei sein, sondern [&hellip;]\" \/>\n<meta property=\"og:url\" content=\"https:\/\/www.estic-maillot.com\/de\/gefache-fuer-zerbrechliche-waren\/\" \/>\n<meta property=\"og:site_name\" content=\"Estic-Maillot\" \/>\n<meta property=\"article:modified_time\" content=\"2023-12-01T11:36:29+00:00\" \/>\n<meta property=\"og:image\" content=\"https:\/\/www.estic-maillot.com\/wp-content\/uploads\/2023\/11\/croisillon-objets-fragiles.jpg\" \/>\n\t<meta property=\"og:image:width\" content=\"1620\" \/>\n\t<meta property=\"og:image:height\" content=\"1080\" \/>\n\t<meta property=\"og:image:type\" content=\"image\/jpeg\" \/>\n<meta name=\"twitter:card\" content=\"summary_large_image\" \/>\n<meta name=\"twitter:label1\" content=\"Est. reading time\" \/>\n\t<meta name=\"twitter:data1\" content=\"3 minutes\" \/>\n<script type=\"application\/ld+json\" class=\"yoast-schema-graph\">{\"@context\":\"https:\/\/schema.org\",\"@graph\":[{\"@type\":\"WebPage\",\"@id\":\"https:\/\/www.estic-maillot.com\/de\/gefache-fuer-zerbrechliche-waren\/\",\"url\":\"https:\/\/www.estic-maillot.com\/de\/gefache-fuer-zerbrechliche-waren\/\",\"name\":\"Gefache f\u00fcr zerbrechliche Waren - Estic-Maillot\",\"isPartOf\":{\"@id\":\"https:\/\/www.estic-maillot.com\/de\/#website\"},\"primaryImageOfPage\":{\"@id\":\"https:\/\/www.estic-maillot.com\/de\/gefache-fuer-zerbrechliche-waren\/#primaryimage\"},\"image\":{\"@id\":\"https:\/\/www.estic-maillot.com\/de\/gefache-fuer-zerbrechliche-waren\/#primaryimage\"},\"thumbnailUrl\":\"https:\/\/www.estic-maillot.com\/wp-content\/uploads\/2023\/11\/croisillon-objets-fragiles.jpg\",\"datePublished\":\"2023-11-10T08:07:18+00:00\",\"dateModified\":\"2023-12-01T11:36:29+00:00\",\"breadcrumb\":{\"@id\":\"https:\/\/www.estic-maillot.com\/de\/gefache-fuer-zerbrechliche-waren\/#breadcrumb\"},\"inLanguage\":\"de-DE\",\"potentialAction\":[{\"@type\":\"ReadAction\",\"target\":[\"https:\/\/www.estic-maillot.com\/de\/gefache-fuer-zerbrechliche-waren\/\"]}]},{\"@type\":\"ImageObject\",\"inLanguage\":\"de-DE\",\"@id\":\"https:\/\/www.estic-maillot.com\/de\/gefache-fuer-zerbrechliche-waren\/#primaryimage\",\"url\":\"https:\/\/www.estic-maillot.com\/wp-content\/uploads\/2023\/11\/croisillon-objets-fragiles.jpg\",\"contentUrl\":\"https:\/\/www.estic-maillot.com\/wp-content\/uploads\/2023\/11\/croisillon-objets-fragiles.jpg\",\"width\":1620,\"height\":1080,\"caption\":\"croisillon objets fragiles\"},{\"@type\":\"BreadcrumbList\",\"@id\":\"https:\/\/www.estic-maillot.com\/de\/gefache-fuer-zerbrechliche-waren\/#breadcrumb\",\"itemListElement\":[{\"@type\":\"ListItem\",\"position\":1,\"name\":\"Accueil\",\"item\":\"https:\/\/www.estic-maillot.com\/de\/\"},{\"@type\":\"ListItem\",\"position\":2,\"name\":\"Gefache f\u00fcr zerbrechliche Waren\"}]},{\"@type\":\"WebSite\",\"@id\":\"https:\/\/www.estic-maillot.com\/de\/#website\",\"url\":\"https:\/\/www.estic-maillot.com\/de\/\",\"name\":\"Groupe ESTIC-MAILLOT\",\"description\":\"Conception et fabrication de croisillons en carton\",\"publisher\":{\"@id\":\"https:\/\/www.estic-maillot.com\/de\/#organization\"},\"alternateName\":\"ESTIC-MAILLOT\",\"potentialAction\":[{\"@type\":\"SearchAction\",\"target\":{\"@type\":\"EntryPoint\",\"urlTemplate\":\"https:\/\/www.estic-maillot.com\/de\/?s={search_term_string}\"},\"query-input\":{\"@type\":\"PropertyValueSpecification\",\"valueRequired\":true,\"valueName\":\"search_term_string\"}}],\"inLanguage\":\"de-DE\"},{\"@type\":\"Organization\",\"@id\":\"https:\/\/www.estic-maillot.com\/de\/#organization\",\"name\":\"Groupe ESTIC-MAILLOT\",\"alternateName\":\"ESTIC-MAILLOT\",\"url\":\"https:\/\/www.estic-maillot.com\/de\/\",\"logo\":{\"@type\":\"ImageObject\",\"inLanguage\":\"de-DE\",\"@id\":\"https:\/\/www.estic-maillot.com\/de\/#\/schema\/logo\/image\/\",\"url\":\"https:\/\/www.estic-maillot.com\/wp-content\/uploads\/2023\/02\/favicon-estic-maillot.png\",\"contentUrl\":\"https:\/\/www.estic-maillot.com\/wp-content\/uploads\/2023\/02\/favicon-estic-maillot.png\",\"width\":512,\"height\":512,\"caption\":\"Groupe ESTIC-MAILLOT\"},\"image\":{\"@id\":\"https:\/\/www.estic-maillot.com\/de\/#\/schema\/logo\/image\/\"}}]}<\/script>\n<!-- \/ Yoast SEO plugin. -->","yoast_head_json":{"title":"Gefache f\u00fcr zerbrechliche Waren - Estic-Maillot","robots":{"index":"index","follow":"follow","max-snippet":"max-snippet:-1","max-image-preview":"max-image-preview:large","max-video-preview":"max-video-preview:-1"},"canonical":"https:\/\/www.estic-maillot.com\/de\/gefache-fuer-zerbrechliche-waren\/","og_locale":"de_DE","og_type":"article","og_title":"Gefache f\u00fcr zerbrechliche Waren - Estic-Maillot","og_description":"Gefache f\u00fcr zerbrechliche Waren: wie man Waren sch\u00fctzt Jeden Tag transportieren Millionen von Lastwagen, Flugzeugen und Schiffen Waren von einer Stadt in die andere, von einem Land in das andere. Damit die Produkte in einwandfreiem Zustand am Zielort ankommen k\u00f6nnen, egal um welche Waren es sich handelt, muss nicht nur ihre Verpackung einwandfrei sein, sondern [&hellip;]","og_url":"https:\/\/www.estic-maillot.com\/de\/gefache-fuer-zerbrechliche-waren\/","og_site_name":"Estic-Maillot","article_modified_time":"2023-12-01T11:36:29+00:00","og_image":[{"width":1620,"height":1080,"url":"https:\/\/www.estic-maillot.com\/wp-content\/uploads\/2023\/11\/croisillon-objets-fragiles.jpg","type":"image\/jpeg"}],"twitter_card":"summary_large_image","twitter_misc":{"Est. reading time":"3 minutes"},"schema":{"@context":"https:\/\/schema.org","@graph":[{"@type":"WebPage","@id":"https:\/\/www.estic-maillot.com\/de\/gefache-fuer-zerbrechliche-waren\/","url":"https:\/\/www.estic-maillot.com\/de\/gefache-fuer-zerbrechliche-waren\/","name":"Gefache f\u00fcr zerbrechliche Waren - Estic-Maillot","isPartOf":{"@id":"https:\/\/www.estic-maillot.com\/de\/#website"},"primaryImageOfPage":{"@id":"https:\/\/www.estic-maillot.com\/de\/gefache-fuer-zerbrechliche-waren\/#primaryimage"},"image":{"@id":"https:\/\/www.estic-maillot.com\/de\/gefache-fuer-zerbrechliche-waren\/#primaryimage"},"thumbnailUrl":"https:\/\/www.estic-maillot.com\/wp-content\/uploads\/2023\/11\/croisillon-objets-fragiles.jpg","datePublished":"2023-11-10T08:07:18+00:00","dateModified":"2023-12-01T11:36:29+00:00","breadcrumb":{"@id":"https:\/\/www.estic-maillot.com\/de\/gefache-fuer-zerbrechliche-waren\/#breadcrumb"},"inLanguage":"de-DE","potentialAction":[{"@type":"ReadAction","target":["https:\/\/www.estic-maillot.com\/de\/gefache-fuer-zerbrechliche-waren\/"]}]},{"@type":"ImageObject","inLanguage":"de-DE","@id":"https:\/\/www.estic-maillot.com\/de\/gefache-fuer-zerbrechliche-waren\/#primaryimage","url":"https:\/\/www.estic-maillot.com\/wp-content\/uploads\/2023\/11\/croisillon-objets-fragiles.jpg","contentUrl":"https:\/\/www.estic-maillot.com\/wp-content\/uploads\/2023\/11\/croisillon-objets-fragiles.jpg","width":1620,"height":1080,"caption":"croisillon objets fragiles"},{"@type":"BreadcrumbList","@id":"https:\/\/www.estic-maillot.com\/de\/gefache-fuer-zerbrechliche-waren\/#breadcrumb","itemListElement":[{"@type":"ListItem","position":1,"name":"Accueil","item":"https:\/\/www.estic-maillot.com\/de\/"},{"@type":"ListItem","position":2,"name":"Gefache f\u00fcr zerbrechliche Waren"}]},{"@type":"WebSite","@id":"https:\/\/www.estic-maillot.com\/de\/#website","url":"https:\/\/www.estic-maillot.com\/de\/","name":"Groupe ESTIC-MAILLOT","description":"Conception et fabrication de croisillons en carton","publisher":{"@id":"https:\/\/www.estic-maillot.com\/de\/#organization"},"alternateName":"ESTIC-MAILLOT","potentialAction":[{"@type":"SearchAction","target":{"@type":"EntryPoint","urlTemplate":"https:\/\/www.estic-maillot.com\/de\/?s={search_term_string}"},"query-input":{"@type":"PropertyValueSpecification","valueRequired":true,"valueName":"search_term_string"}}],"inLanguage":"de-DE"},{"@type":"Organization","@id":"https:\/\/www.estic-maillot.com\/de\/#organization","name":"Groupe ESTIC-MAILLOT","alternateName":"ESTIC-MAILLOT","url":"https:\/\/www.estic-maillot.com\/de\/","logo":{"@type":"ImageObject","inLanguage":"de-DE","@id":"https:\/\/www.estic-maillot.com\/de\/#\/schema\/logo\/image\/","url":"https:\/\/www.estic-maillot.com\/wp-content\/uploads\/2023\/02\/favicon-estic-maillot.png","contentUrl":"https:\/\/www.estic-maillot.com\/wp-content\/uploads\/2023\/02\/favicon-estic-maillot.png","width":512,"height":512,"caption":"Groupe ESTIC-MAILLOT"},"image":{"@id":"https:\/\/www.estic-maillot.com\/de\/#\/schema\/logo\/image\/"}}]}},"_links":{"self":[{"href":"https:\/\/www.estic-maillot.com\/de\/wp-json\/wp\/v2\/pages\/10255","targetHints":{"allow":["GET"]}}],"collection":[{"href":"https:\/\/www.estic-maillot.com\/de\/wp-json\/wp\/v2\/pages"}],"about":[{"href":"https:\/\/www.estic-maillot.com\/de\/wp-json\/wp\/v2\/types\/page"}],"author":[{"embeddable":true,"href":"https:\/\/www.estic-maillot.com\/de\/wp-json\/wp\/v2\/users\/4"}],"replies":[{"embeddable":true,"href":"https:\/\/www.estic-maillot.com\/de\/wp-json\/wp\/v2\/comments?post=10255"}],"version-history":[{"count":4,"href":"https:\/\/www.estic-maillot.com\/de\/wp-json\/wp\/v2\/pages\/10255\/revisions"}],"predecessor-version":[{"id":10259,"href":"https:\/\/www.estic-maillot.com\/de\/wp-json\/wp\/v2\/pages\/10255\/revisions\/10259"}],"wp:featuredmedia":[{"embeddable":true,"href":"https:\/\/www.estic-maillot.com\/de\/wp-json\/wp\/v2\/media\/9996"}],"wp:attachment":[{"href":"https:\/\/www.estic-maillot.com\/de\/wp-json\/wp\/v2\/media?parent=10255"}],"curies":[{"name":"wp","href":"https:\/\/api.w.org\/{rel}","templated":true}]}}