{"id":10250,"date":"2023-11-10T09:27:15","date_gmt":"2023-11-10T08:27:15","guid":{"rendered":"https:\/\/www.estic-maillot.com\/?page_id=10250"},"modified":"2023-12-01T12:33:57","modified_gmt":"2023-12-01T11:33:57","slug":"gefache-fuer-autoteile","status":"publish","type":"page","link":"https:\/\/www.estic-maillot.com\/de\/gefache-fuer-autoteile\/","title":{"rendered":"Gefache f\u00fcr Autoteile"},"content":{"rendered":"\t\t<div data-elementor-type=\"wp-page\" data-elementor-id=\"10250\" class=\"elementor elementor-10250 elementor-10001\" data-elementor-post-type=\"page\">\n\t\t\t\t\t\t<section class=\"elementor-section elementor-top-section elementor-element elementor-element-58f15f5 elementor-section-boxed elementor-section-height-default elementor-section-height-default\" data-id=\"58f15f5\" data-element_type=\"section\">\n\t\t\t\t\t\t<div class=\"elementor-container elementor-column-gap-default\">\n\t\t\t\t\t<div class=\"elementor-column elementor-col-100 elementor-top-column elementor-element elementor-element-8b5204d\" data-id=\"8b5204d\" data-element_type=\"column\">\n\t\t\t<div class=\"elementor-widget-wrap elementor-element-populated\">\n\t\t\t\t\t\t<div class=\"elementor-element elementor-element-8d3a978 elementor-widget elementor-widget-heading\" data-id=\"8d3a978\" data-element_type=\"widget\" data-widget_type=\"heading.default\">\n\t\t\t\t<div class=\"elementor-widget-container\">\n\t\t\t<h2 class=\"elementor-heading-title elementor-size-default\">Die Zweckm\u00e4\u00dfigkeit der Stege f\u00fcr Autoteile\n<\/h2>\t\t<\/div>\n\t\t\t\t<\/div>\n\t\t\t\t\t<\/div>\n\t\t<\/div>\n\t\t\t\t\t<\/div>\n\t\t<\/section>\n\t\t\t\t<section class=\"elementor-section elementor-top-section elementor-element elementor-element-f28c897 elementor-section-boxed elementor-section-height-default elementor-section-height-default\" data-id=\"f28c897\" data-element_type=\"section\">\n\t\t\t\t\t\t<div class=\"elementor-container elementor-column-gap-default\">\n\t\t\t\t\t<div class=\"elementor-column elementor-col-100 elementor-top-column elementor-element elementor-element-32d18a2\" data-id=\"32d18a2\" data-element_type=\"column\">\n\t\t\t<div class=\"elementor-widget-wrap elementor-element-populated\">\n\t\t\t\t\t\t<div class=\"elementor-element elementor-element-b2e8a42 elementor-widget elementor-widget-text-editor\" data-id=\"b2e8a42\" data-element_type=\"widget\" data-widget_type=\"text-editor.default\">\n\t\t\t\t<div class=\"elementor-widget-container\">\n\t\t\t\t\t\t\t<p><span style=\"font-weight: 400;\">In der Industrie, genauer gesagt bei den Automobilzulieferern, gibt es viele zerbrechliche Teile, die in Gr\u00f6\u00dfe und Form variieren. Diese Vielfalt kann dazu f\u00fchren, dass man sich Gedanken \u00fcber den Transport dieser Produkte machen muss, um sie unter allen Umst\u00e4nden zu sch\u00fctzen. Die L\u00f6sung sind Gittereins\u00e4tze f\u00fcr Autoteile, die speziell f\u00fcr den Transport und die Lagerung von Fahrzeugteilen aller Art entwickelt wurden.\u00a0\u00a0<\/span><\/p>\t\t\t\t\t\t<\/div>\n\t\t\t\t<\/div>\n\t\t\t\t\t<\/div>\n\t\t<\/div>\n\t\t\t\t\t<\/div>\n\t\t<\/section>\n\t\t\t\t<section class=\"elementor-section elementor-top-section elementor-element elementor-element-092471e elementor-section-boxed elementor-section-height-default elementor-section-height-default\" data-id=\"092471e\" data-element_type=\"section\">\n\t\t\t\t\t\t<div class=\"elementor-container elementor-column-gap-default\">\n\t\t\t\t\t<div class=\"elementor-column elementor-col-100 elementor-top-column elementor-element elementor-element-9b681e4\" data-id=\"9b681e4\" data-element_type=\"column\">\n\t\t\t<div class=\"elementor-widget-wrap elementor-element-populated\">\n\t\t\t\t\t\t<div class=\"elementor-element elementor-element-25293c8 elementor-widget elementor-widget-heading\" data-id=\"25293c8\" data-element_type=\"widget\" data-widget_type=\"heading.default\">\n\t\t\t\t<div class=\"elementor-widget-container\">\n\t\t\t<h2 class=\"elementor-heading-title elementor-size-default\">Die Stege aus Karton f\u00fcr Autoteile, was ist das?\n<\/h2>\t\t<\/div>\n\t\t\t\t<\/div>\n\t\t\t\t\t<\/div>\n\t\t<\/div>\n\t\t\t\t\t<\/div>\n\t\t<\/section>\n\t\t\t\t<section class=\"elementor-section elementor-top-section elementor-element elementor-element-7a1d96d elementor-section-boxed elementor-section-height-default elementor-section-height-default\" data-id=\"7a1d96d\" data-element_type=\"section\">\n\t\t\t\t\t\t<div class=\"elementor-container elementor-column-gap-default\">\n\t\t\t\t\t<div class=\"elementor-column elementor-col-100 elementor-top-column elementor-element elementor-element-f6fae4c\" data-id=\"f6fae4c\" data-element_type=\"column\">\n\t\t\t<div class=\"elementor-widget-wrap elementor-element-populated\">\n\t\t\t\t\t\t<div class=\"elementor-element elementor-element-546bb0e elementor-widget elementor-widget-text-editor\" data-id=\"546bb0e\" data-element_type=\"widget\" data-widget_type=\"text-editor.default\">\n\t\t\t\t<div class=\"elementor-widget-container\">\n\t\t\t\t\t\t\t<p><span style=\"font-weight: 400;\">Unter dem Begriff &#8220;Autoteile&#8221; fassen wir in Wirklichkeit eine Vielzahl von Produkten mit unterschiedlichen technischen Eigenschaften zusammen. Damit jedes dieser Teile sicher transportiert werden kann, ohne dass es zu Besch\u00e4digungen oder sogar Kratzern kommt, sind ma\u00dfgeschneiderte Verpackungsl\u00f6sungen erforderlich.\u00a0<\/span><\/p><p><span style=\"font-weight: 400;\">Kartontrennw\u00e4nde werden aus Pappe hergestellt und dienen dazu, die verschiedenen Modelle von Teilen zu verkeilen, indem sie verhindern, dass diese w\u00e4hrend der Reise zusammensto\u00dfen oder zerbrechen. Die Produkte sind dann perfekt geordnet und ordentlich und kommen garantiert in einer unbesch\u00e4digten Verpackung am Zielort an.\u00a0<\/span><\/p><p><span style=\"font-weight: 400;\">In der Regel werden Trennw\u00e4nde f\u00fcr Autoteile aus recyceltem braunem Karton hergestellt, einem umweltfreundlichen Material, das ein gutes Preis-Leistungs-Verh\u00e4ltnis bietet. Bei Teilen, die empfindlich auf die abrasive Wirkung von Karton reagieren, kann man sich jedoch auch f\u00fcr plastifizierten Karton entscheiden, der die Besonderheit hat, dass er die Gefahr von Abrieb beseitigt.\u00a0<\/span><\/p>\t\t\t\t\t\t<\/div>\n\t\t\t\t<\/div>\n\t\t\t\t\t<\/div>\n\t\t<\/div>\n\t\t\t\t\t<\/div>\n\t\t<\/section>\n\t\t\t\t<section class=\"elementor-section elementor-top-section elementor-element elementor-element-07cb9cd elementor-section-boxed elementor-section-height-default elementor-section-height-default\" data-id=\"07cb9cd\" data-element_type=\"section\">\n\t\t\t\t\t\t<div class=\"elementor-container elementor-column-gap-default\">\n\t\t\t\t\t<div class=\"elementor-column elementor-col-100 elementor-top-column elementor-element elementor-element-b9f9c9d\" data-id=\"b9f9c9d\" data-element_type=\"column\">\n\t\t\t<div class=\"elementor-widget-wrap elementor-element-populated\">\n\t\t\t\t\t\t<div class=\"elementor-element elementor-element-acb55b1 elementor-widget elementor-widget-heading\" data-id=\"acb55b1\" data-element_type=\"widget\" data-widget_type=\"heading.default\">\n\t\t\t\t<div class=\"elementor-widget-container\">\n\t\t\t<h2 class=\"elementor-heading-title elementor-size-default\">Was sind die Vorteile von Karton-Dividers f\u00fcr Automobilzulieferer?\n<\/h2>\t\t<\/div>\n\t\t\t\t<\/div>\n\t\t\t\t\t<\/div>\n\t\t<\/div>\n\t\t\t\t\t<\/div>\n\t\t<\/section>\n\t\t\t\t<section class=\"elementor-section elementor-top-section elementor-element elementor-element-3c89a73 elementor-section-boxed elementor-section-height-default elementor-section-height-default\" data-id=\"3c89a73\" data-element_type=\"section\">\n\t\t\t\t\t\t<div class=\"elementor-container elementor-column-gap-default\">\n\t\t\t\t\t<div class=\"elementor-column elementor-col-100 elementor-top-column elementor-element elementor-element-8039b10\" data-id=\"8039b10\" data-element_type=\"column\">\n\t\t\t<div class=\"elementor-widget-wrap elementor-element-populated\">\n\t\t\t\t\t\t<div class=\"elementor-element elementor-element-28f2296 elementor-widget elementor-widget-text-editor\" data-id=\"28f2296\" data-element_type=\"widget\" data-widget_type=\"text-editor.default\">\n\t\t\t\t<div class=\"elementor-widget-container\">\n\t\t\t\t\t\t\t<p><span style=\"font-weight: 400;\">Wir schlagen hier vor, den Bed\u00fcrfnissen aller Automobilzulieferer gerecht zu werden, indem wir den Transport der verschiedenen Teile erleichtern. Hier finden Sie die wichtigsten Vorteile von Dividers f\u00fcr Autoteile.<\/span><\/p>\t\t\t\t\t\t<\/div>\n\t\t\t\t<\/div>\n\t\t\t\t\t<\/div>\n\t\t<\/div>\n\t\t\t\t\t<\/div>\n\t\t<\/section>\n\t\t\t\t<section class=\"elementor-section elementor-top-section elementor-element elementor-element-da6dc1c elementor-section-boxed elementor-section-height-default elementor-section-height-default\" data-id=\"da6dc1c\" data-element_type=\"section\">\n\t\t\t\t\t\t<div class=\"elementor-container elementor-column-gap-default\">\n\t\t\t\t\t<div class=\"elementor-column elementor-col-50 elementor-top-column elementor-element elementor-element-a4ae5ea\" data-id=\"a4ae5ea\" data-element_type=\"column\">\n\t\t\t<div class=\"elementor-widget-wrap elementor-element-populated\">\n\t\t\t\t\t\t<div class=\"elementor-element elementor-element-113ffb1 elementor-widget elementor-widget-heading\" data-id=\"113ffb1\" data-element_type=\"widget\" data-widget_type=\"heading.default\">\n\t\t\t\t<div class=\"elementor-widget-container\">\n\t\t\t<h2 class=\"elementor-heading-title elementor-size-default\">Optimaler Transport\n<\/h2>\t\t<\/div>\n\t\t\t\t<\/div>\n\t\t\t\t\t<\/div>\n\t\t<\/div>\n\t\t\t\t<div class=\"elementor-column elementor-col-50 elementor-top-column elementor-element elementor-element-9989c38\" data-id=\"9989c38\" data-element_type=\"column\">\n\t\t\t<div class=\"elementor-widget-wrap elementor-element-populated\">\n\t\t\t\t\t\t<div class=\"elementor-element elementor-element-f9c635c elementor-widget elementor-widget-heading\" data-id=\"f9c635c\" data-element_type=\"widget\" data-widget_type=\"heading.default\">\n\t\t\t\t<div class=\"elementor-widget-container\">\n\t\t\t<h2 class=\"elementor-heading-title elementor-size-default\">Eine umweltfreundliche Alternative\n<\/h2>\t\t<\/div>\n\t\t\t\t<\/div>\n\t\t\t\t\t<\/div>\n\t\t<\/div>\n\t\t\t\t\t<\/div>\n\t\t<\/section>\n\t\t\t\t<section class=\"elementor-section elementor-top-section elementor-element elementor-element-e5cda65 elementor-section-boxed elementor-section-height-default elementor-section-height-default\" data-id=\"e5cda65\" data-element_type=\"section\">\n\t\t\t\t\t\t<div class=\"elementor-container elementor-column-gap-default\">\n\t\t\t\t\t<div class=\"elementor-column elementor-col-50 elementor-top-column elementor-element elementor-element-f9bb772\" data-id=\"f9bb772\" data-element_type=\"column\">\n\t\t\t<div class=\"elementor-widget-wrap elementor-element-populated\">\n\t\t\t\t\t\t<div class=\"elementor-element elementor-element-e8e8895 elementor-widget elementor-widget-text-editor\" data-id=\"e8e8895\" data-element_type=\"widget\" data-widget_type=\"text-editor.default\">\n\t\t\t\t<div class=\"elementor-widget-container\">\n\t\t\t\t\t\t\t<p><span style=\"font-weight: 400;\">Wie in vielen anderen Branchen werden auch in der Automobilindustrie empfindliche Teile transportiert, die einen einwandfreien Schutz ben\u00f6tigen. Mithilfe von Dividers k\u00f6nnen die Produkte nicht nur geordnet, sondern auch so verkeilt werden, dass sie nicht verrutschen. Je nach den zu transportierenden Artikeln k\u00f6nnen wir das Fl\u00e4chengewicht des Kartons anpassen, um eine optimale Festigkeit zu erreichen.\u00a0<\/span><\/p><p><span style=\"font-weight: 400;\">Da wir wissen, dass jede Industrie ihre eigenen Teile mit ihren eigenen Eigenschaften hat, bieten wir hier ma\u00dfgeschneiderte Laufstege an. Wir berechnen keine Werkzeugkosten, da unsere Werkzeuge auf jede gew\u00fcnschte Gr\u00f6\u00dfe der Stege angepasst werden k\u00f6nnen.\u00a0 Auf diese Weise k\u00f6nnen alle Arten von Komponenten transportiert werden, ohne dass die Gefahr besteht, dass sie besch\u00e4digt werden.\u00a0<\/span><\/p>\t\t\t\t\t\t<\/div>\n\t\t\t\t<\/div>\n\t\t\t\t\t<\/div>\n\t\t<\/div>\n\t\t\t\t<div class=\"elementor-column elementor-col-50 elementor-top-column elementor-element elementor-element-02e8bdc\" data-id=\"02e8bdc\" data-element_type=\"column\">\n\t\t\t<div class=\"elementor-widget-wrap elementor-element-populated\">\n\t\t\t\t\t\t<div class=\"elementor-element elementor-element-6561299 elementor-widget elementor-widget-text-editor\" data-id=\"6561299\" data-element_type=\"widget\" data-widget_type=\"text-editor.default\">\n\t\t\t\t<div class=\"elementor-widget-container\">\n\t\t\t\t\t\t\t<p><span style=\"font-weight: 400;\">Zu den bemerkenswerten Vorteilen von Gittereins\u00e4tzen aus Pappe f\u00fcr Autoteile geh\u00f6rt ihr unbestreitbarer \u00f6kologischer Aspekt. Sie wird aus recyceltem und recycelbarem Material hergestellt und ist somit umweltfreundlich und umweltschonend.<\/span><\/p>\t\t\t\t\t\t<\/div>\n\t\t\t\t<\/div>\n\t\t\t\t\t<\/div>\n\t\t<\/div>\n\t\t\t\t\t<\/div>\n\t\t<\/section>\n\t\t\t\t<section class=\"elementor-section elementor-top-section elementor-element elementor-element-d68d83a elementor-section-boxed elementor-section-height-default elementor-section-height-default\" data-id=\"d68d83a\" data-element_type=\"section\">\n\t\t\t\t\t\t<div class=\"elementor-container elementor-column-gap-default\">\n\t\t\t\t\t<div class=\"elementor-column elementor-col-100 elementor-top-column elementor-element elementor-element-575904c\" data-id=\"575904c\" data-element_type=\"column\">\n\t\t\t<div class=\"elementor-widget-wrap elementor-element-populated\">\n\t\t\t\t\t\t<div class=\"elementor-element elementor-element-a883308 elementor-widget elementor-widget-heading\" data-id=\"a883308\" data-element_type=\"widget\" data-widget_type=\"heading.default\">\n\t\t\t\t<div class=\"elementor-widget-container\">\n\t\t\t<h2 class=\"elementor-heading-title elementor-size-default\">Transport von Autoteilen: Entdecken Sie unser Sortiment\n<\/h2>\t\t<\/div>\n\t\t\t\t<\/div>\n\t\t\t\t\t<\/div>\n\t\t<\/div>\n\t\t\t\t\t<\/div>\n\t\t<\/section>\n\t\t\t\t<section class=\"elementor-section elementor-top-section elementor-element elementor-element-7efa662 elementor-section-boxed elementor-section-height-default elementor-section-height-default\" data-id=\"7efa662\" data-element_type=\"section\">\n\t\t\t\t\t\t<div class=\"elementor-container elementor-column-gap-default\">\n\t\t\t\t\t<div class=\"elementor-column elementor-col-100 elementor-top-column elementor-element elementor-element-af14991\" data-id=\"af14991\" data-element_type=\"column\">\n\t\t\t<div class=\"elementor-widget-wrap elementor-element-populated\">\n\t\t\t\t\t\t<div class=\"elementor-element elementor-element-ca448f7 elementor-widget elementor-widget-text-editor\" data-id=\"ca448f7\" data-element_type=\"widget\" data-widget_type=\"text-editor.default\">\n\t\t\t\t<div class=\"elementor-widget-container\">\n\t\t\t\t\t\t\t<p><span style=\"font-weight: 400;\">Der Transport von empfindlichen G\u00fctern wie z. B. Autoteilen kann m\u00fchsam sein. Deshalb haben wir ma\u00dfgeschneiderte L\u00f6sungen entwickelt, die den Schutz der G\u00fcter gew\u00e4hrleisten. Mit Stege f\u00fcr Autoteile haben Sie die M\u00f6glichkeit, Ihre Produkte in verschiedenen Gr\u00f6\u00dfen und Formen zu versenden und gleichzeitig sicherzustellen, dass sie sich in einem ausgezeichneten Zustand befinden.\u00a0<\/span><\/p><p><span style=\"font-weight: 400;\">Dank unserer langj\u00e4hrigen Erfahrung konnten wir uns auf die Herstellung von Verpackungsl\u00f6sungen f\u00fcr den Transport, wie z. B. Stege f\u00fcr Automobilteile, spezialisieren. Gleichzeitig werden die Trennw\u00e4nde dank der gro\u00dfen Anpassungsf\u00e4higkeit unserer Produkte heute in den unterschiedlichsten Branchen eingesetzt: Luft- und Raumfahrt, Lebensmittelindustrie, pharmazeutische Labors usw.<\/span><\/p>\t\t\t\t\t\t<\/div>\n\t\t\t\t<\/div>\n\t\t\t\t\t<\/div>\n\t\t<\/div>\n\t\t\t\t\t<\/div>\n\t\t<\/section>\n\t\t\t\t<\/div>\n\t\t","protected":false},"excerpt":{"rendered":"<p>Die Zweckm\u00e4\u00dfigkeit der Stege f\u00fcr Autoteile In der Industrie, genauer gesagt bei den Automobilzulieferern, gibt es viele zerbrechliche Teile, die in Gr\u00f6\u00dfe und Form variieren. Diese Vielfalt kann dazu f\u00fchren, dass man sich Gedanken \u00fcber den Transport dieser Produkte machen muss, um sie unter allen Umst\u00e4nden zu sch\u00fctzen. Die L\u00f6sung sind Gittereins\u00e4tze f\u00fcr Autoteile, die [&hellip;]<\/p>\n","protected":false},"author":4,"featured_media":10337,"parent":0,"menu_order":0,"comment_status":"closed","ping_status":"closed","template":"","meta":{"_acf_changed":false,"footnotes":""},"class_list":["post-10250","page","type-page","status-publish","has-post-thumbnail","hentry"],"acf":[],"yoast_head":"<!-- This site is optimized with the Yoast SEO plugin v24.4 - https:\/\/yoast.com\/wordpress\/plugins\/seo\/ -->\n<title>Gefache f\u00fcr Autoteile - Estic-Maillot<\/title>\n<meta name=\"robots\" content=\"index, follow, max-snippet:-1, max-image-preview:large, max-video-preview:-1\" \/>\n<link rel=\"canonical\" href=\"https:\/\/www.estic-maillot.com\/de\/gefache-fuer-autoteile\/\" \/>\n<meta property=\"og:locale\" content=\"de_DE\" \/>\n<meta property=\"og:type\" content=\"article\" \/>\n<meta property=\"og:title\" content=\"Gefache f\u00fcr Autoteile - Estic-Maillot\" \/>\n<meta property=\"og:description\" content=\"Die Zweckm\u00e4\u00dfigkeit der Stege f\u00fcr Autoteile In der Industrie, genauer gesagt bei den Automobilzulieferern, gibt es viele zerbrechliche Teile, die in Gr\u00f6\u00dfe und Form variieren. Diese Vielfalt kann dazu f\u00fchren, dass man sich Gedanken \u00fcber den Transport dieser Produkte machen muss, um sie unter allen Umst\u00e4nden zu sch\u00fctzen. Die L\u00f6sung sind Gittereins\u00e4tze f\u00fcr Autoteile, die [&hellip;]\" \/>\n<meta property=\"og:url\" content=\"https:\/\/www.estic-maillot.com\/de\/gefache-fuer-autoteile\/\" \/>\n<meta property=\"og:site_name\" content=\"Estic-Maillot\" \/>\n<meta property=\"article:modified_time\" content=\"2023-12-01T11:33:57+00:00\" \/>\n<meta property=\"og:image\" content=\"https:\/\/www.estic-maillot.com\/wp-content\/uploads\/2023\/11\/croisillon-pieces-auto.jpg\" \/>\n\t<meta property=\"og:image:width\" content=\"1620\" \/>\n\t<meta property=\"og:image:height\" content=\"1080\" \/>\n\t<meta property=\"og:image:type\" content=\"image\/jpeg\" \/>\n<meta name=\"twitter:card\" content=\"summary_large_image\" \/>\n<meta name=\"twitter:label1\" content=\"Est. reading time\" \/>\n\t<meta name=\"twitter:data1\" content=\"3 minutes\" \/>\n<script type=\"application\/ld+json\" class=\"yoast-schema-graph\">{\"@context\":\"https:\/\/schema.org\",\"@graph\":[{\"@type\":\"WebPage\",\"@id\":\"https:\/\/www.estic-maillot.com\/de\/gefache-fuer-autoteile\/\",\"url\":\"https:\/\/www.estic-maillot.com\/de\/gefache-fuer-autoteile\/\",\"name\":\"Gefache f\u00fcr Autoteile - Estic-Maillot\",\"isPartOf\":{\"@id\":\"https:\/\/www.estic-maillot.com\/de\/#website\"},\"primaryImageOfPage\":{\"@id\":\"https:\/\/www.estic-maillot.com\/de\/gefache-fuer-autoteile\/#primaryimage\"},\"image\":{\"@id\":\"https:\/\/www.estic-maillot.com\/de\/gefache-fuer-autoteile\/#primaryimage\"},\"thumbnailUrl\":\"https:\/\/www.estic-maillot.com\/wp-content\/uploads\/2023\/12\/croisillon-pieces-auto.jpg\",\"datePublished\":\"2023-11-10T08:27:15+00:00\",\"dateModified\":\"2023-12-01T11:33:57+00:00\",\"breadcrumb\":{\"@id\":\"https:\/\/www.estic-maillot.com\/de\/gefache-fuer-autoteile\/#breadcrumb\"},\"inLanguage\":\"de-DE\",\"potentialAction\":[{\"@type\":\"ReadAction\",\"target\":[\"https:\/\/www.estic-maillot.com\/de\/gefache-fuer-autoteile\/\"]}]},{\"@type\":\"ImageObject\",\"inLanguage\":\"de-DE\",\"@id\":\"https:\/\/www.estic-maillot.com\/de\/gefache-fuer-autoteile\/#primaryimage\",\"url\":\"https:\/\/www.estic-maillot.com\/wp-content\/uploads\/2023\/12\/croisillon-pieces-auto.jpg\",\"contentUrl\":\"https:\/\/www.estic-maillot.com\/wp-content\/uploads\/2023\/12\/croisillon-pieces-auto.jpg\",\"width\":1620,\"height\":1080,\"caption\":\"croisillon pieces auto\"},{\"@type\":\"BreadcrumbList\",\"@id\":\"https:\/\/www.estic-maillot.com\/de\/gefache-fuer-autoteile\/#breadcrumb\",\"itemListElement\":[{\"@type\":\"ListItem\",\"position\":1,\"name\":\"Accueil\",\"item\":\"https:\/\/www.estic-maillot.com\/de\/\"},{\"@type\":\"ListItem\",\"position\":2,\"name\":\"Gefache f\u00fcr Autoteile\"}]},{\"@type\":\"WebSite\",\"@id\":\"https:\/\/www.estic-maillot.com\/de\/#website\",\"url\":\"https:\/\/www.estic-maillot.com\/de\/\",\"name\":\"Groupe ESTIC-MAILLOT\",\"description\":\"Conception et fabrication de croisillons en carton\",\"publisher\":{\"@id\":\"https:\/\/www.estic-maillot.com\/de\/#organization\"},\"alternateName\":\"ESTIC-MAILLOT\",\"potentialAction\":[{\"@type\":\"SearchAction\",\"target\":{\"@type\":\"EntryPoint\",\"urlTemplate\":\"https:\/\/www.estic-maillot.com\/de\/?s={search_term_string}\"},\"query-input\":{\"@type\":\"PropertyValueSpecification\",\"valueRequired\":true,\"valueName\":\"search_term_string\"}}],\"inLanguage\":\"de-DE\"},{\"@type\":\"Organization\",\"@id\":\"https:\/\/www.estic-maillot.com\/de\/#organization\",\"name\":\"Groupe ESTIC-MAILLOT\",\"alternateName\":\"ESTIC-MAILLOT\",\"url\":\"https:\/\/www.estic-maillot.com\/de\/\",\"logo\":{\"@type\":\"ImageObject\",\"inLanguage\":\"de-DE\",\"@id\":\"https:\/\/www.estic-maillot.com\/de\/#\/schema\/logo\/image\/\",\"url\":\"https:\/\/www.estic-maillot.com\/wp-content\/uploads\/2023\/02\/favicon-estic-maillot.png\",\"contentUrl\":\"https:\/\/www.estic-maillot.com\/wp-content\/uploads\/2023\/02\/favicon-estic-maillot.png\",\"width\":512,\"height\":512,\"caption\":\"Groupe ESTIC-MAILLOT\"},\"image\":{\"@id\":\"https:\/\/www.estic-maillot.com\/de\/#\/schema\/logo\/image\/\"}}]}<\/script>\n<!-- \/ Yoast SEO plugin. -->","yoast_head_json":{"title":"Gefache f\u00fcr Autoteile - Estic-Maillot","robots":{"index":"index","follow":"follow","max-snippet":"max-snippet:-1","max-image-preview":"max-image-preview:large","max-video-preview":"max-video-preview:-1"},"canonical":"https:\/\/www.estic-maillot.com\/de\/gefache-fuer-autoteile\/","og_locale":"de_DE","og_type":"article","og_title":"Gefache f\u00fcr Autoteile - Estic-Maillot","og_description":"Die Zweckm\u00e4\u00dfigkeit der Stege f\u00fcr Autoteile In der Industrie, genauer gesagt bei den Automobilzulieferern, gibt es viele zerbrechliche Teile, die in Gr\u00f6\u00dfe und Form variieren. Diese Vielfalt kann dazu f\u00fchren, dass man sich Gedanken \u00fcber den Transport dieser Produkte machen muss, um sie unter allen Umst\u00e4nden zu sch\u00fctzen. Die L\u00f6sung sind Gittereins\u00e4tze f\u00fcr Autoteile, die [&hellip;]","og_url":"https:\/\/www.estic-maillot.com\/de\/gefache-fuer-autoteile\/","og_site_name":"Estic-Maillot","article_modified_time":"2023-12-01T11:33:57+00:00","og_image":[{"width":1620,"height":1080,"url":"https:\/\/www.estic-maillot.com\/wp-content\/uploads\/2023\/11\/croisillon-pieces-auto.jpg","type":"image\/jpeg"}],"twitter_card":"summary_large_image","twitter_misc":{"Est. reading time":"3 minutes"},"schema":{"@context":"https:\/\/schema.org","@graph":[{"@type":"WebPage","@id":"https:\/\/www.estic-maillot.com\/de\/gefache-fuer-autoteile\/","url":"https:\/\/www.estic-maillot.com\/de\/gefache-fuer-autoteile\/","name":"Gefache f\u00fcr Autoteile - Estic-Maillot","isPartOf":{"@id":"https:\/\/www.estic-maillot.com\/de\/#website"},"primaryImageOfPage":{"@id":"https:\/\/www.estic-maillot.com\/de\/gefache-fuer-autoteile\/#primaryimage"},"image":{"@id":"https:\/\/www.estic-maillot.com\/de\/gefache-fuer-autoteile\/#primaryimage"},"thumbnailUrl":"https:\/\/www.estic-maillot.com\/wp-content\/uploads\/2023\/12\/croisillon-pieces-auto.jpg","datePublished":"2023-11-10T08:27:15+00:00","dateModified":"2023-12-01T11:33:57+00:00","breadcrumb":{"@id":"https:\/\/www.estic-maillot.com\/de\/gefache-fuer-autoteile\/#breadcrumb"},"inLanguage":"de-DE","potentialAction":[{"@type":"ReadAction","target":["https:\/\/www.estic-maillot.com\/de\/gefache-fuer-autoteile\/"]}]},{"@type":"ImageObject","inLanguage":"de-DE","@id":"https:\/\/www.estic-maillot.com\/de\/gefache-fuer-autoteile\/#primaryimage","url":"https:\/\/www.estic-maillot.com\/wp-content\/uploads\/2023\/12\/croisillon-pieces-auto.jpg","contentUrl":"https:\/\/www.estic-maillot.com\/wp-content\/uploads\/2023\/12\/croisillon-pieces-auto.jpg","width":1620,"height":1080,"caption":"croisillon pieces auto"},{"@type":"BreadcrumbList","@id":"https:\/\/www.estic-maillot.com\/de\/gefache-fuer-autoteile\/#breadcrumb","itemListElement":[{"@type":"ListItem","position":1,"name":"Accueil","item":"https:\/\/www.estic-maillot.com\/de\/"},{"@type":"ListItem","position":2,"name":"Gefache f\u00fcr Autoteile"}]},{"@type":"WebSite","@id":"https:\/\/www.estic-maillot.com\/de\/#website","url":"https:\/\/www.estic-maillot.com\/de\/","name":"Groupe ESTIC-MAILLOT","description":"Conception et fabrication de croisillons en carton","publisher":{"@id":"https:\/\/www.estic-maillot.com\/de\/#organization"},"alternateName":"ESTIC-MAILLOT","potentialAction":[{"@type":"SearchAction","target":{"@type":"EntryPoint","urlTemplate":"https:\/\/www.estic-maillot.com\/de\/?s={search_term_string}"},"query-input":{"@type":"PropertyValueSpecification","valueRequired":true,"valueName":"search_term_string"}}],"inLanguage":"de-DE"},{"@type":"Organization","@id":"https:\/\/www.estic-maillot.com\/de\/#organization","name":"Groupe ESTIC-MAILLOT","alternateName":"ESTIC-MAILLOT","url":"https:\/\/www.estic-maillot.com\/de\/","logo":{"@type":"ImageObject","inLanguage":"de-DE","@id":"https:\/\/www.estic-maillot.com\/de\/#\/schema\/logo\/image\/","url":"https:\/\/www.estic-maillot.com\/wp-content\/uploads\/2023\/02\/favicon-estic-maillot.png","contentUrl":"https:\/\/www.estic-maillot.com\/wp-content\/uploads\/2023\/02\/favicon-estic-maillot.png","width":512,"height":512,"caption":"Groupe ESTIC-MAILLOT"},"image":{"@id":"https:\/\/www.estic-maillot.com\/de\/#\/schema\/logo\/image\/"}}]}},"_links":{"self":[{"href":"https:\/\/www.estic-maillot.com\/de\/wp-json\/wp\/v2\/pages\/10250","targetHints":{"allow":["GET"]}}],"collection":[{"href":"https:\/\/www.estic-maillot.com\/de\/wp-json\/wp\/v2\/pages"}],"about":[{"href":"https:\/\/www.estic-maillot.com\/de\/wp-json\/wp\/v2\/types\/page"}],"author":[{"embeddable":true,"href":"https:\/\/www.estic-maillot.com\/de\/wp-json\/wp\/v2\/users\/4"}],"replies":[{"embeddable":true,"href":"https:\/\/www.estic-maillot.com\/de\/wp-json\/wp\/v2\/comments?post=10250"}],"version-history":[{"count":4,"href":"https:\/\/www.estic-maillot.com\/de\/wp-json\/wp\/v2\/pages\/10250\/revisions"}],"predecessor-version":[{"id":10254,"href":"https:\/\/www.estic-maillot.com\/de\/wp-json\/wp\/v2\/pages\/10250\/revisions\/10254"}],"wp:featuredmedia":[{"embeddable":true,"href":"https:\/\/www.estic-maillot.com\/de\/wp-json\/wp\/v2\/media\/10337"}],"wp:attachment":[{"href":"https:\/\/www.estic-maillot.com\/de\/wp-json\/wp\/v2\/media?parent=10250"}],"curies":[{"name":"wp","href":"https:\/\/api.w.org\/{rel}","templated":true}]}}