{"id":10120,"date":"2023-10-19T15:27:23","date_gmt":"2023-10-19T13:27:23","guid":{"rendered":"https:\/\/www.estic-maillot.com\/?page_id=10120"},"modified":"2023-11-24T12:35:20","modified_gmt":"2023-11-24T11:35:20","slug":"stege-fuer-kosmetik","status":"publish","type":"page","link":"https:\/\/www.estic-maillot.com\/de\/stege-fuer-kosmetik\/","title":{"rendered":"Stege f\u00fcr Kosmetik"},"content":{"rendered":"\t\t<div data-elementor-type=\"wp-page\" data-elementor-id=\"10120\" class=\"elementor elementor-10120 elementor-9755\" data-elementor-post-type=\"page\">\n\t\t\t\t\t\t<section class=\"elementor-section elementor-top-section elementor-element elementor-element-20fdf20 elementor-section-boxed elementor-section-height-default elementor-section-height-default\" data-id=\"20fdf20\" data-element_type=\"section\">\n\t\t\t\t\t\t<div class=\"elementor-container elementor-column-gap-default\">\n\t\t\t\t\t<div class=\"elementor-column elementor-col-100 elementor-top-column elementor-element elementor-element-fd52960\" data-id=\"fd52960\" data-element_type=\"column\">\n\t\t\t<div class=\"elementor-widget-wrap elementor-element-populated\">\n\t\t\t\t\t\t<div class=\"elementor-element elementor-element-f43b344 elementor-widget elementor-widget-heading\" data-id=\"f43b344\" data-element_type=\"widget\" data-widget_type=\"heading.default\">\n\t\t\t\t<div class=\"elementor-widget-container\">\n\t\t\t<h2 class=\"elementor-heading-title elementor-size-default\">Stege, um Ihre Kosmetika zu transportieren\n<\/h2>\t\t<\/div>\n\t\t\t\t<\/div>\n\t\t\t\t\t<\/div>\n\t\t<\/div>\n\t\t\t\t\t<\/div>\n\t\t<\/section>\n\t\t\t\t<section class=\"elementor-section elementor-top-section elementor-element elementor-element-f6508dc elementor-section-boxed elementor-section-height-default elementor-section-height-default\" data-id=\"f6508dc\" data-element_type=\"section\">\n\t\t\t\t\t\t<div class=\"elementor-container elementor-column-gap-default\">\n\t\t\t\t\t<div class=\"elementor-column elementor-col-100 elementor-top-column elementor-element elementor-element-f678569\" data-id=\"f678569\" data-element_type=\"column\">\n\t\t\t<div class=\"elementor-widget-wrap elementor-element-populated\">\n\t\t\t\t\t\t<div class=\"elementor-element elementor-element-b2a5f35 elementor-widget elementor-widget-text-editor\" data-id=\"b2a5f35\" data-element_type=\"widget\" data-widget_type=\"text-editor.default\">\n\t\t\t\t<div class=\"elementor-widget-container\">\n\t\t\t\t\t\t\t<p><span style=\"font-weight: 400;\">Kosmetika wie Cremes, \u00d6le, Parf\u00fcmflakons oder Foundations werden meist in zerbrechlichen Beh\u00e4ltern angeboten. Um die \u00c4sthetik dieser Produkte zu f\u00f6rdern, wird Glas tats\u00e4chlich von vielen Marken bevorzugt. <\/span><span style=\"font-weight: 400;\">Der Transport und die Lagerung dieser Kosmetika ist daher eine riskante Aufgabe. Daher ist es ratsam, sie durch Stege statt durch andere Verpackungen zu sch\u00fctzen.<\/span><\/p><p><span style=\"font-weight: 400;\">Entdecken Sie jetzt alle Vorteile von Stege f\u00fcr Ihre Kosmetika mit Estic-Maillot!<\/span><\/p>\t\t\t\t\t\t<\/div>\n\t\t\t\t<\/div>\n\t\t\t\t\t<\/div>\n\t\t<\/div>\n\t\t\t\t\t<\/div>\n\t\t<\/section>\n\t\t\t\t<section class=\"elementor-section elementor-top-section elementor-element elementor-element-b86d417 elementor-section-boxed elementor-section-height-default elementor-section-height-default\" data-id=\"b86d417\" data-element_type=\"section\">\n\t\t\t\t\t\t<div class=\"elementor-container elementor-column-gap-default\">\n\t\t\t\t\t<div class=\"elementor-column elementor-col-100 elementor-top-column elementor-element elementor-element-25925e5\" data-id=\"25925e5\" data-element_type=\"column\">\n\t\t\t<div class=\"elementor-widget-wrap elementor-element-populated\">\n\t\t\t\t\t\t<div class=\"elementor-element elementor-element-87b2cb7 elementor-widget elementor-widget-heading\" data-id=\"87b2cb7\" data-element_type=\"widget\" data-widget_type=\"heading.default\">\n\t\t\t\t<div class=\"elementor-widget-container\">\n\t\t\t<h2 class=\"elementor-heading-title elementor-size-default\">Warum sollte man sich bei Kosmetika f\u00fcr Trennw\u00e4nde entscheiden?\n<\/h2>\t\t<\/div>\n\t\t\t\t<\/div>\n\t\t\t\t\t<\/div>\n\t\t<\/div>\n\t\t\t\t\t<\/div>\n\t\t<\/section>\n\t\t\t\t<section class=\"elementor-section elementor-top-section elementor-element elementor-element-a4c909d elementor-section-boxed elementor-section-height-default elementor-section-height-default\" data-id=\"a4c909d\" data-element_type=\"section\">\n\t\t\t\t\t\t<div class=\"elementor-container elementor-column-gap-default\">\n\t\t\t\t\t<div class=\"elementor-column elementor-col-100 elementor-top-column elementor-element elementor-element-73d0aed\" data-id=\"73d0aed\" data-element_type=\"column\">\n\t\t\t<div class=\"elementor-widget-wrap elementor-element-populated\">\n\t\t\t\t\t\t<div class=\"elementor-element elementor-element-3171786 elementor-widget elementor-widget-text-editor\" data-id=\"3171786\" data-element_type=\"widget\" data-widget_type=\"text-editor.default\">\n\t\t\t\t<div class=\"elementor-widget-container\">\n\t\t\t\t\t\t\t<p><span style=\"font-weight: 400;\">Gefache sind kleine F\u00e4cher aus Pappe, in denen Produkte unterteilt werden k\u00f6nnen.<\/span><\/p><p><span style=\"font-weight: 400;\">Die Welt der Kosmetika ist sehr an diesen Schutzverpackungen interessiert, weil sie viele Vorteile haben. Indem sie in eine Sekund\u00e4rverpackung (Pappschachtel, Schale usw.) integriert werden, erleichtern sie zun\u00e4chst einmal die Ordnung und damit die Lagerung von Kosmetika.\u00a0<\/span><\/p><p><span style=\"font-weight: 400;\">Da die Flaschen und Gl\u00e4ser perfekt voneinander getrennt sind, k\u00f6nnen sie au\u00dferdem w\u00e4hrend des Transports nicht mehr aneinander sto\u00dfen, wodurch eine breite Palette von Verlusten und anderen Problemen vermieden wird. Pappstege sind echte, sch\u00fctzende Aufbewahrungsboxen, die Ihre Kosmetika vom Versand bis zum Erhalt des Pakets sichern. Schlie\u00dflich k\u00f6nnen die Gefache auch zum Trennen der Vollpappe-Schachteln verwendet werden, um insbesondere die \u00dcbertragung von Offset-Druckfarbe von einer Schachtel auf die andere zu verhindern, ein Ph\u00e4nomen, das auch als &#8220;Makulieren&#8221; bekannt ist.<\/span><\/p>\t\t\t\t\t\t<\/div>\n\t\t\t\t<\/div>\n\t\t\t\t\t<\/div>\n\t\t<\/div>\n\t\t\t\t\t<\/div>\n\t\t<\/section>\n\t\t\t\t<section class=\"elementor-section elementor-top-section elementor-element elementor-element-f38db51 elementor-section-boxed elementor-section-height-default elementor-section-height-default\" data-id=\"f38db51\" data-element_type=\"section\">\n\t\t\t\t\t\t<div class=\"elementor-container elementor-column-gap-default\">\n\t\t\t\t\t<div class=\"elementor-column elementor-col-100 elementor-top-column elementor-element elementor-element-b24dd8e\" data-id=\"b24dd8e\" data-element_type=\"column\">\n\t\t\t<div class=\"elementor-widget-wrap elementor-element-populated\">\n\t\t\t\t\t\t<div class=\"elementor-element elementor-element-6b790e9 elementor-widget elementor-widget-heading\" data-id=\"6b790e9\" data-element_type=\"widget\" data-widget_type=\"heading.default\">\n\t\t\t\t<div class=\"elementor-widget-container\">\n\t\t\t<h2 class=\"elementor-heading-title elementor-size-default\">Kosmetika: Auf dem Markt verf\u00fcgbare Stege\n<\/h2>\t\t<\/div>\n\t\t\t\t<\/div>\n\t\t\t\t\t<\/div>\n\t\t<\/div>\n\t\t\t\t\t<\/div>\n\t\t<\/section>\n\t\t\t\t<section class=\"elementor-section elementor-top-section elementor-element elementor-element-d3b61db elementor-section-boxed elementor-section-height-default elementor-section-height-default\" data-id=\"d3b61db\" data-element_type=\"section\">\n\t\t\t\t\t\t<div class=\"elementor-container elementor-column-gap-default\">\n\t\t\t\t\t<div class=\"elementor-column elementor-col-100 elementor-top-column elementor-element elementor-element-2ed60aa\" data-id=\"2ed60aa\" data-element_type=\"column\">\n\t\t\t<div class=\"elementor-widget-wrap elementor-element-populated\">\n\t\t\t\t\t\t<div class=\"elementor-element elementor-element-9fe75a6 elementor-widget elementor-widget-text-editor\" data-id=\"9fe75a6\" data-element_type=\"widget\" data-widget_type=\"text-editor.default\">\n\t\t\t\t<div class=\"elementor-widget-container\">\n\t\t\t\t\t\t\t<p><span style=\"font-weight: 400;\">Dass wir Ihnen bei Estic-Maillot eine solche Vielfalt an Gefache anbieten, liegt daran, dass die von den Industrieunternehmen ge\u00e4u\u00dferten Bed\u00fcrfnisse in dieser Hinsicht besonders vielf\u00e4ltig sind. Im Bereich der Kosmetik ist es genau das Gleiche. Make-up-Entferner, Seifen, Seren, Nagellacke, Parf\u00fcms, Eau de Cologne &#8230; die Produkte ben\u00f6tigen alle Verpackungen und F\u00e4cher, die ihren Anforderungen entsprechen.<\/span><\/p>\t\t\t\t\t\t<\/div>\n\t\t\t\t<\/div>\n\t\t\t\t\t<\/div>\n\t\t<\/div>\n\t\t\t\t\t<\/div>\n\t\t<\/section>\n\t\t\t\t<section class=\"elementor-section elementor-top-section elementor-element elementor-element-7438748 elementor-section-boxed elementor-section-height-default elementor-section-height-default\" data-id=\"7438748\" data-element_type=\"section\">\n\t\t\t\t\t\t<div class=\"elementor-container elementor-column-gap-default\">\n\t\t\t\t\t<div class=\"elementor-column elementor-col-50 elementor-top-column elementor-element elementor-element-0912a92\" data-id=\"0912a92\" data-element_type=\"column\">\n\t\t\t<div class=\"elementor-widget-wrap elementor-element-populated\">\n\t\t\t\t\t\t<div class=\"elementor-element elementor-element-cf384bf elementor-widget elementor-widget-heading\" data-id=\"cf384bf\" data-element_type=\"widget\" data-widget_type=\"heading.default\">\n\t\t\t\t<div class=\"elementor-widget-container\">\n\t\t\t<h2 class=\"elementor-heading-title elementor-size-default\">Ma\u00dfgeschneiderte Gefache<\/h2>\t\t<\/div>\n\t\t\t\t<\/div>\n\t\t\t\t\t<\/div>\n\t\t<\/div>\n\t\t\t\t<div class=\"elementor-column elementor-col-50 elementor-top-column elementor-element elementor-element-26298a3\" data-id=\"26298a3\" data-element_type=\"column\">\n\t\t\t<div class=\"elementor-widget-wrap elementor-element-populated\">\n\t\t\t\t\t\t<div class=\"elementor-element elementor-element-7a97de7 elementor-widget elementor-widget-heading\" data-id=\"7a97de7\" data-element_type=\"widget\" data-widget_type=\"heading.default\">\n\t\t\t\t<div class=\"elementor-widget-container\">\n\t\t\t<h2 class=\"elementor-heading-title elementor-size-default\">Die Materialien der Gefache<\/h2>\t\t<\/div>\n\t\t\t\t<\/div>\n\t\t\t\t\t<\/div>\n\t\t<\/div>\n\t\t\t\t\t<\/div>\n\t\t<\/section>\n\t\t\t\t<section class=\"elementor-section elementor-top-section elementor-element elementor-element-e9d3d3b elementor-section-boxed elementor-section-height-default elementor-section-height-default\" data-id=\"e9d3d3b\" data-element_type=\"section\">\n\t\t\t\t\t\t<div class=\"elementor-container elementor-column-gap-default\">\n\t\t\t\t\t<div class=\"elementor-column elementor-col-50 elementor-top-column elementor-element elementor-element-bf77e42\" data-id=\"bf77e42\" data-element_type=\"column\">\n\t\t\t<div class=\"elementor-widget-wrap elementor-element-populated\">\n\t\t\t\t\t\t<div class=\"elementor-element elementor-element-af4552a elementor-widget elementor-widget-text-editor\" data-id=\"af4552a\" data-element_type=\"widget\" data-widget_type=\"text-editor.default\">\n\t\t\t\t<div class=\"elementor-widget-container\">\n\t\t\t\t\t\t\t<p><span style=\"font-weight: 400;\">Stege sind eine optimale L\u00f6sung f\u00fcr die Aufbewahrung und den Transport von Kosmetikprodukten. Um den Bed\u00fcrfnissen aller unserer Kunden gerecht zu werden, werden unsere Stege nach Ma\u00df gefertigt.<\/span><\/p><p><span style=\"font-weight: 400;\">Wir passen die Ma\u00dfe der K\u00e4stchen an das Format der Flasche an, um jegliche Bewegung der Flasche w\u00e4hrend des Transports zu begrenzen. Die Gr\u00f6\u00dfe der Trennw\u00e4nde wird ebenfalls auf das Format der Schachtel abgestimmt, in der die Flasche aufbewahrt werden soll.\u00a0<\/span><\/p><p><span style=\"font-weight: 400;\">Dar\u00fcber hinaus bieten wir verschiedene Grammaturen und Kartonqualit\u00e4ten an, je nach den Anforderungen des jeweiligen Kunden. Karton mit Kunststoffbeschichtung wird vor allem in der Kosmetikbranche h\u00e4ufig verwendet, wenn die Flakons Dekore aufweisen, die empfindlich auf Abrieb des Kartons reagieren. Die vorgeschlagene technische L\u00f6sung wird also von den Einschr\u00e4nkungen jedes einzelnen Beh\u00e4lters abh\u00e4ngen.<\/span><\/p>\t\t\t\t\t\t<\/div>\n\t\t\t\t<\/div>\n\t\t\t\t\t<\/div>\n\t\t<\/div>\n\t\t\t\t<div class=\"elementor-column elementor-col-50 elementor-top-column elementor-element elementor-element-21cf0b9\" data-id=\"21cf0b9\" data-element_type=\"column\">\n\t\t\t<div class=\"elementor-widget-wrap elementor-element-populated\">\n\t\t\t\t\t\t<div class=\"elementor-element elementor-element-ab699f1 elementor-widget elementor-widget-text-editor\" data-id=\"ab699f1\" data-element_type=\"widget\" data-widget_type=\"text-editor.default\">\n\t\t\t\t<div class=\"elementor-widget-container\">\n\t\t\t\t\t\t\t<p><span style=\"font-weight: 400;\">Aus wirtschaftlichen und \u00f6kologischen Gr\u00fcnden werden Trennw\u00e4nde meist aus Karton hergestellt.<\/span><span style=\"font-weight: 400;\">\u00a0<\/span><\/p><p><span style=\"font-weight: 400;\">Bei Estic-Maillot empfehlen wir Vollpappe, da sie kosteng\u00fcnstiger, weniger staubig und kompakter ist. Kompaktere Trennw\u00e4nde bedeuten mehr Flaschen in der Schachtel, weniger Lagerraum beim Endkunden und vor allem weniger Platz im LKW, d. h. weniger Treibhausgasemissionen beim Transport. Vollpappe wird auch h\u00e4ufig f\u00fcr Schachteln, Boxen und Faltschachteln verwendet.<\/span><\/p><p><span style=\"font-weight: 400;\">Wenn Sie lediglich Kosmetika unterteilen m\u00fcssen, sollten Sie wissen, dass sich Stege aus Vollpappe daf\u00fcr hervorragend eignen.\u00a0<\/span><\/p><p><span style=\"font-weight: 400;\">Au\u00dferdem erzeugen die kompakten Modelle im Gegensatz zu Wellpappe sehr wenig Papierstaub: ein unbestreitbarer Vorteil f\u00fcr die Kosmetikbranche. Schlie\u00dflich wird aus \u00e4sthetischen Gr\u00fcnden f\u00fcr die Kosmetikbranche h\u00e4ufig Stege aus wei\u00dfem Karton (auch &#8220;reines Holz&#8221; genannt) angeboten, der viel eleganter aussieht als die gr\u00e4uliche Naturfarbe von recyceltem braunem Karton.<\/span><\/p><p><span style=\"font-weight: 400;\">\u00a0<\/span><span style=\"font-weight: 400;\">Wellpappe wird eher f\u00fcr tragende Trennw\u00e4nde empfohlen, da sie eine h\u00f6here Druckfestigkeit aufweist. Sie ist steif und robust und kann das Gewicht von Kisten tragen, die darauf gestapelt oder gestapelt werden k\u00f6nnten. Anstatt dass die Flasche selbst die Last tr\u00e4gt, \u00fcbernehmen die Trennw\u00e4nde diese Aufgabe.<\/span><\/p>\t\t\t\t\t\t<\/div>\n\t\t\t\t<\/div>\n\t\t\t\t\t<\/div>\n\t\t<\/div>\n\t\t\t\t\t<\/div>\n\t\t<\/section>\n\t\t\t\t<\/div>\n\t\t","protected":false},"excerpt":{"rendered":"<p>Stege, um Ihre Kosmetika zu transportieren Kosmetika wie Cremes, \u00d6le, Parf\u00fcmflakons oder Foundations werden meist in zerbrechlichen Beh\u00e4ltern angeboten. Um die \u00c4sthetik dieser Produkte zu f\u00f6rdern, wird Glas tats\u00e4chlich von vielen Marken bevorzugt. Der Transport und die Lagerung dieser Kosmetika ist daher eine riskante Aufgabe. Daher ist es ratsam, sie durch Stege statt durch andere [&hellip;]<\/p>\n","protected":false},"author":4,"featured_media":9772,"parent":0,"menu_order":0,"comment_status":"closed","ping_status":"closed","template":"","meta":{"_acf_changed":false,"footnotes":""},"class_list":["post-10120","page","type-page","status-publish","has-post-thumbnail","hentry"],"acf":[],"yoast_head":"<!-- This site is optimized with the Yoast SEO plugin v24.4 - https:\/\/yoast.com\/wordpress\/plugins\/seo\/ -->\n<title>Stege f\u00fcr Kosmetik - Estic-Maillot<\/title>\n<meta name=\"robots\" content=\"index, follow, max-snippet:-1, max-image-preview:large, max-video-preview:-1\" \/>\n<link rel=\"canonical\" href=\"https:\/\/www.estic-maillot.com\/de\/stege-fuer-kosmetik\/\" \/>\n<meta property=\"og:locale\" content=\"de_DE\" \/>\n<meta property=\"og:type\" content=\"article\" \/>\n<meta property=\"og:title\" content=\"Stege f\u00fcr Kosmetik - Estic-Maillot\" \/>\n<meta property=\"og:description\" content=\"Stege, um Ihre Kosmetika zu transportieren Kosmetika wie Cremes, \u00d6le, Parf\u00fcmflakons oder Foundations werden meist in zerbrechlichen Beh\u00e4ltern angeboten. Um die \u00c4sthetik dieser Produkte zu f\u00f6rdern, wird Glas tats\u00e4chlich von vielen Marken bevorzugt. Der Transport und die Lagerung dieser Kosmetika ist daher eine riskante Aufgabe. Daher ist es ratsam, sie durch Stege statt durch andere [&hellip;]\" \/>\n<meta property=\"og:url\" content=\"https:\/\/www.estic-maillot.com\/de\/stege-fuer-kosmetik\/\" \/>\n<meta property=\"og:site_name\" content=\"Estic-Maillot\" \/>\n<meta property=\"article:modified_time\" content=\"2023-11-24T11:35:20+00:00\" \/>\n<meta property=\"og:image\" content=\"https:\/\/www.estic-maillot.com\/wp-content\/uploads\/2023\/10\/croisi-cosmetique.jpg\" \/>\n\t<meta property=\"og:image:width\" content=\"1620\" \/>\n\t<meta property=\"og:image:height\" content=\"1080\" \/>\n\t<meta property=\"og:image:type\" content=\"image\/jpeg\" \/>\n<meta name=\"twitter:card\" content=\"summary_large_image\" \/>\n<meta name=\"twitter:label1\" content=\"Est. reading time\" \/>\n\t<meta name=\"twitter:data1\" content=\"4 minutes\" \/>\n<script type=\"application\/ld+json\" class=\"yoast-schema-graph\">{\"@context\":\"https:\/\/schema.org\",\"@graph\":[{\"@type\":\"WebPage\",\"@id\":\"https:\/\/www.estic-maillot.com\/de\/stege-fuer-kosmetik\/\",\"url\":\"https:\/\/www.estic-maillot.com\/de\/stege-fuer-kosmetik\/\",\"name\":\"Stege f\u00fcr Kosmetik - Estic-Maillot\",\"isPartOf\":{\"@id\":\"https:\/\/www.estic-maillot.com\/de\/#website\"},\"primaryImageOfPage\":{\"@id\":\"https:\/\/www.estic-maillot.com\/de\/stege-fuer-kosmetik\/#primaryimage\"},\"image\":{\"@id\":\"https:\/\/www.estic-maillot.com\/de\/stege-fuer-kosmetik\/#primaryimage\"},\"thumbnailUrl\":\"https:\/\/www.estic-maillot.com\/wp-content\/uploads\/2023\/10\/croisi-cosmetique.jpg\",\"datePublished\":\"2023-10-19T13:27:23+00:00\",\"dateModified\":\"2023-11-24T11:35:20+00:00\",\"breadcrumb\":{\"@id\":\"https:\/\/www.estic-maillot.com\/de\/stege-fuer-kosmetik\/#breadcrumb\"},\"inLanguage\":\"de-DE\",\"potentialAction\":[{\"@type\":\"ReadAction\",\"target\":[\"https:\/\/www.estic-maillot.com\/de\/stege-fuer-kosmetik\/\"]}]},{\"@type\":\"ImageObject\",\"inLanguage\":\"de-DE\",\"@id\":\"https:\/\/www.estic-maillot.com\/de\/stege-fuer-kosmetik\/#primaryimage\",\"url\":\"https:\/\/www.estic-maillot.com\/wp-content\/uploads\/2023\/10\/croisi-cosmetique.jpg\",\"contentUrl\":\"https:\/\/www.estic-maillot.com\/wp-content\/uploads\/2023\/10\/croisi-cosmetique.jpg\",\"width\":1620,\"height\":1080,\"caption\":\"croisillon cosme\u0301tique\"},{\"@type\":\"BreadcrumbList\",\"@id\":\"https:\/\/www.estic-maillot.com\/de\/stege-fuer-kosmetik\/#breadcrumb\",\"itemListElement\":[{\"@type\":\"ListItem\",\"position\":1,\"name\":\"Accueil\",\"item\":\"https:\/\/www.estic-maillot.com\/de\/\"},{\"@type\":\"ListItem\",\"position\":2,\"name\":\"Stege f\u00fcr Kosmetik\"}]},{\"@type\":\"WebSite\",\"@id\":\"https:\/\/www.estic-maillot.com\/de\/#website\",\"url\":\"https:\/\/www.estic-maillot.com\/de\/\",\"name\":\"Groupe ESTIC-MAILLOT\",\"description\":\"Conception et fabrication de croisillons en carton\",\"publisher\":{\"@id\":\"https:\/\/www.estic-maillot.com\/de\/#organization\"},\"alternateName\":\"ESTIC-MAILLOT\",\"potentialAction\":[{\"@type\":\"SearchAction\",\"target\":{\"@type\":\"EntryPoint\",\"urlTemplate\":\"https:\/\/www.estic-maillot.com\/de\/?s={search_term_string}\"},\"query-input\":{\"@type\":\"PropertyValueSpecification\",\"valueRequired\":true,\"valueName\":\"search_term_string\"}}],\"inLanguage\":\"de-DE\"},{\"@type\":\"Organization\",\"@id\":\"https:\/\/www.estic-maillot.com\/de\/#organization\",\"name\":\"Groupe ESTIC-MAILLOT\",\"alternateName\":\"ESTIC-MAILLOT\",\"url\":\"https:\/\/www.estic-maillot.com\/de\/\",\"logo\":{\"@type\":\"ImageObject\",\"inLanguage\":\"de-DE\",\"@id\":\"https:\/\/www.estic-maillot.com\/de\/#\/schema\/logo\/image\/\",\"url\":\"https:\/\/www.estic-maillot.com\/wp-content\/uploads\/2023\/02\/favicon-estic-maillot.png\",\"contentUrl\":\"https:\/\/www.estic-maillot.com\/wp-content\/uploads\/2023\/02\/favicon-estic-maillot.png\",\"width\":512,\"height\":512,\"caption\":\"Groupe ESTIC-MAILLOT\"},\"image\":{\"@id\":\"https:\/\/www.estic-maillot.com\/de\/#\/schema\/logo\/image\/\"}}]}<\/script>\n<!-- \/ Yoast SEO plugin. -->","yoast_head_json":{"title":"Stege f\u00fcr Kosmetik - Estic-Maillot","robots":{"index":"index","follow":"follow","max-snippet":"max-snippet:-1","max-image-preview":"max-image-preview:large","max-video-preview":"max-video-preview:-1"},"canonical":"https:\/\/www.estic-maillot.com\/de\/stege-fuer-kosmetik\/","og_locale":"de_DE","og_type":"article","og_title":"Stege f\u00fcr Kosmetik - Estic-Maillot","og_description":"Stege, um Ihre Kosmetika zu transportieren Kosmetika wie Cremes, \u00d6le, Parf\u00fcmflakons oder Foundations werden meist in zerbrechlichen Beh\u00e4ltern angeboten. Um die \u00c4sthetik dieser Produkte zu f\u00f6rdern, wird Glas tats\u00e4chlich von vielen Marken bevorzugt. Der Transport und die Lagerung dieser Kosmetika ist daher eine riskante Aufgabe. Daher ist es ratsam, sie durch Stege statt durch andere [&hellip;]","og_url":"https:\/\/www.estic-maillot.com\/de\/stege-fuer-kosmetik\/","og_site_name":"Estic-Maillot","article_modified_time":"2023-11-24T11:35:20+00:00","og_image":[{"width":1620,"height":1080,"url":"https:\/\/www.estic-maillot.com\/wp-content\/uploads\/2023\/10\/croisi-cosmetique.jpg","type":"image\/jpeg"}],"twitter_card":"summary_large_image","twitter_misc":{"Est. reading time":"4 minutes"},"schema":{"@context":"https:\/\/schema.org","@graph":[{"@type":"WebPage","@id":"https:\/\/www.estic-maillot.com\/de\/stege-fuer-kosmetik\/","url":"https:\/\/www.estic-maillot.com\/de\/stege-fuer-kosmetik\/","name":"Stege f\u00fcr Kosmetik - Estic-Maillot","isPartOf":{"@id":"https:\/\/www.estic-maillot.com\/de\/#website"},"primaryImageOfPage":{"@id":"https:\/\/www.estic-maillot.com\/de\/stege-fuer-kosmetik\/#primaryimage"},"image":{"@id":"https:\/\/www.estic-maillot.com\/de\/stege-fuer-kosmetik\/#primaryimage"},"thumbnailUrl":"https:\/\/www.estic-maillot.com\/wp-content\/uploads\/2023\/10\/croisi-cosmetique.jpg","datePublished":"2023-10-19T13:27:23+00:00","dateModified":"2023-11-24T11:35:20+00:00","breadcrumb":{"@id":"https:\/\/www.estic-maillot.com\/de\/stege-fuer-kosmetik\/#breadcrumb"},"inLanguage":"de-DE","potentialAction":[{"@type":"ReadAction","target":["https:\/\/www.estic-maillot.com\/de\/stege-fuer-kosmetik\/"]}]},{"@type":"ImageObject","inLanguage":"de-DE","@id":"https:\/\/www.estic-maillot.com\/de\/stege-fuer-kosmetik\/#primaryimage","url":"https:\/\/www.estic-maillot.com\/wp-content\/uploads\/2023\/10\/croisi-cosmetique.jpg","contentUrl":"https:\/\/www.estic-maillot.com\/wp-content\/uploads\/2023\/10\/croisi-cosmetique.jpg","width":1620,"height":1080,"caption":"croisillon cosme\u0301tique"},{"@type":"BreadcrumbList","@id":"https:\/\/www.estic-maillot.com\/de\/stege-fuer-kosmetik\/#breadcrumb","itemListElement":[{"@type":"ListItem","position":1,"name":"Accueil","item":"https:\/\/www.estic-maillot.com\/de\/"},{"@type":"ListItem","position":2,"name":"Stege f\u00fcr Kosmetik"}]},{"@type":"WebSite","@id":"https:\/\/www.estic-maillot.com\/de\/#website","url":"https:\/\/www.estic-maillot.com\/de\/","name":"Groupe ESTIC-MAILLOT","description":"Conception et fabrication de croisillons en carton","publisher":{"@id":"https:\/\/www.estic-maillot.com\/de\/#organization"},"alternateName":"ESTIC-MAILLOT","potentialAction":[{"@type":"SearchAction","target":{"@type":"EntryPoint","urlTemplate":"https:\/\/www.estic-maillot.com\/de\/?s={search_term_string}"},"query-input":{"@type":"PropertyValueSpecification","valueRequired":true,"valueName":"search_term_string"}}],"inLanguage":"de-DE"},{"@type":"Organization","@id":"https:\/\/www.estic-maillot.com\/de\/#organization","name":"Groupe ESTIC-MAILLOT","alternateName":"ESTIC-MAILLOT","url":"https:\/\/www.estic-maillot.com\/de\/","logo":{"@type":"ImageObject","inLanguage":"de-DE","@id":"https:\/\/www.estic-maillot.com\/de\/#\/schema\/logo\/image\/","url":"https:\/\/www.estic-maillot.com\/wp-content\/uploads\/2023\/02\/favicon-estic-maillot.png","contentUrl":"https:\/\/www.estic-maillot.com\/wp-content\/uploads\/2023\/02\/favicon-estic-maillot.png","width":512,"height":512,"caption":"Groupe ESTIC-MAILLOT"},"image":{"@id":"https:\/\/www.estic-maillot.com\/de\/#\/schema\/logo\/image\/"}}]}},"_links":{"self":[{"href":"https:\/\/www.estic-maillot.com\/de\/wp-json\/wp\/v2\/pages\/10120","targetHints":{"allow":["GET"]}}],"collection":[{"href":"https:\/\/www.estic-maillot.com\/de\/wp-json\/wp\/v2\/pages"}],"about":[{"href":"https:\/\/www.estic-maillot.com\/de\/wp-json\/wp\/v2\/types\/page"}],"author":[{"embeddable":true,"href":"https:\/\/www.estic-maillot.com\/de\/wp-json\/wp\/v2\/users\/4"}],"replies":[{"embeddable":true,"href":"https:\/\/www.estic-maillot.com\/de\/wp-json\/wp\/v2\/comments?post=10120"}],"version-history":[{"count":5,"href":"https:\/\/www.estic-maillot.com\/de\/wp-json\/wp\/v2\/pages\/10120\/revisions"}],"predecessor-version":[{"id":10125,"href":"https:\/\/www.estic-maillot.com\/de\/wp-json\/wp\/v2\/pages\/10120\/revisions\/10125"}],"wp:featuredmedia":[{"embeddable":true,"href":"https:\/\/www.estic-maillot.com\/de\/wp-json\/wp\/v2\/media\/9772"}],"wp:attachment":[{"href":"https:\/\/www.estic-maillot.com\/de\/wp-json\/wp\/v2\/media?parent=10120"}],"curies":[{"name":"wp","href":"https:\/\/api.w.org\/{rel}","templated":true}]}}