{"id":10115,"date":"2023-10-19T15:12:23","date_gmt":"2023-10-19T13:12:23","guid":{"rendered":"https:\/\/www.estic-maillot.com\/?page_id=10115"},"modified":"2024-08-14T14:30:22","modified_gmt":"2024-08-14T12:30:22","slug":"trennwaende-fuer-flaschen","status":"publish","type":"page","link":"https:\/\/www.estic-maillot.com\/de\/trennwaende-fuer-flaschen\/","title":{"rendered":"Trennw\u00e4nde f\u00fcr Flaschen"},"content":{"rendered":"\t\t<div data-elementor-type=\"wp-page\" data-elementor-id=\"10115\" class=\"elementor elementor-10115 elementor-9732\" data-elementor-post-type=\"page\">\n\t\t\t\t\t\t<section class=\"elementor-section elementor-top-section elementor-element elementor-element-575ce8a elementor-section-boxed elementor-section-height-default elementor-section-height-default\" data-id=\"575ce8a\" data-element_type=\"section\">\n\t\t\t\t\t\t<div class=\"elementor-container elementor-column-gap-default\">\n\t\t\t\t\t<div class=\"elementor-column elementor-col-100 elementor-top-column elementor-element elementor-element-086fb0b\" data-id=\"086fb0b\" data-element_type=\"column\">\n\t\t\t<div class=\"elementor-widget-wrap elementor-element-populated\">\n\t\t\t\t\t\t<div class=\"elementor-element elementor-element-ab1bfd0 elementor-widget elementor-widget-heading\" data-id=\"ab1bfd0\" data-element_type=\"widget\" data-widget_type=\"heading.default\">\n\t\t\t\t<div class=\"elementor-widget-container\">\n\t\t\t<h2 class=\"elementor-heading-title elementor-size-default\">Trennw\u00e4nde f\u00fcr Flaschen f\u00fcr einen einfachen Transport\n<\/h2>\t\t<\/div>\n\t\t\t\t<\/div>\n\t\t\t\t\t<\/div>\n\t\t<\/div>\n\t\t\t\t\t<\/div>\n\t\t<\/section>\n\t\t\t\t<section class=\"elementor-section elementor-top-section elementor-element elementor-element-c56c4cf elementor-section-boxed elementor-section-height-default elementor-section-height-default\" data-id=\"c56c4cf\" data-element_type=\"section\">\n\t\t\t\t\t\t<div class=\"elementor-container elementor-column-gap-default\">\n\t\t\t\t\t<div class=\"elementor-column elementor-col-100 elementor-top-column elementor-element elementor-element-d750417\" data-id=\"d750417\" data-element_type=\"column\">\n\t\t\t<div class=\"elementor-widget-wrap elementor-element-populated\">\n\t\t\t\t\t\t<div class=\"elementor-element elementor-element-3732fbc elementor-widget elementor-widget-text-editor\" data-id=\"3732fbc\" data-element_type=\"widget\" data-widget_type=\"text-editor.default\">\n\t\t\t\t<div class=\"elementor-widget-container\">\n\t\t\t\t\t\t\t<p><span style=\"font-weight: 400;\">Seit vielen Jahren geh\u00f6ren Gefache zu den kleinen Lieblingen im Transportwesen. Dieses Material ist sehr praktisch und kann in vielen Situationen unentbehrlich sein. Karton kann in verschiedenen Formen und Gr\u00f6\u00dfen hergestellt werden, um eine optimale Anpassung an Ihre Bed\u00fcrfnisse zu erm\u00f6glichen.<\/span><\/p><p><span style=\"font-weight: 400;\">Heute stellt Estic-Maillot die Trennw\u00e4nde f\u00fcr Flaschen vor, die f\u00fcr einen sicheren Transport unter allen Umst\u00e4nden sorgen. Hier erfahren Sie alles, was Sie \u00fcber dieses praktische und einfach zu verwendende Produkt wissen m\u00fcssen.\u00a0<\/span><\/p>\t\t\t\t\t\t<\/div>\n\t\t\t\t<\/div>\n\t\t\t\t\t<\/div>\n\t\t<\/div>\n\t\t\t\t\t<\/div>\n\t\t<\/section>\n\t\t\t\t<section class=\"elementor-section elementor-top-section elementor-element elementor-element-bb6b557 elementor-section-boxed elementor-section-height-default elementor-section-height-default\" data-id=\"bb6b557\" data-element_type=\"section\">\n\t\t\t\t\t\t<div class=\"elementor-container elementor-column-gap-default\">\n\t\t\t\t\t<div class=\"elementor-column elementor-col-100 elementor-top-column elementor-element elementor-element-8782d01\" data-id=\"8782d01\" data-element_type=\"column\">\n\t\t\t<div class=\"elementor-widget-wrap elementor-element-populated\">\n\t\t\t\t\t\t<div class=\"elementor-element elementor-element-f741768 elementor-widget elementor-widget-heading\" data-id=\"f741768\" data-element_type=\"widget\" data-widget_type=\"heading.default\">\n\t\t\t\t<div class=\"elementor-widget-container\">\n\t\t\t<h2 class=\"elementor-heading-title elementor-size-default\">Was sind Stege f\u00fcr Flaschen?\n<\/h2>\t\t<\/div>\n\t\t\t\t<\/div>\n\t\t\t\t\t<\/div>\n\t\t<\/div>\n\t\t\t\t\t<\/div>\n\t\t<\/section>\n\t\t\t\t<section class=\"elementor-section elementor-top-section elementor-element elementor-element-55dad3d elementor-section-boxed elementor-section-height-default elementor-section-height-default\" data-id=\"55dad3d\" data-element_type=\"section\">\n\t\t\t\t\t\t<div class=\"elementor-container elementor-column-gap-default\">\n\t\t\t\t\t<div class=\"elementor-column elementor-col-100 elementor-top-column elementor-element elementor-element-3c7323b\" data-id=\"3c7323b\" data-element_type=\"column\">\n\t\t\t<div class=\"elementor-widget-wrap elementor-element-populated\">\n\t\t\t\t\t\t<div class=\"elementor-element elementor-element-2138aad elementor-widget elementor-widget-text-editor\" data-id=\"2138aad\" data-element_type=\"widget\" data-widget_type=\"text-editor.default\">\n\t\t\t\t<div class=\"elementor-widget-container\">\n\t\t\t\t\t\t\t<p><span style=\"font-weight: 400;\">Produkte zu transportieren ist nicht immer eine leichte Aufgabe, besonders wenn sie sich als zerbrechlich erweisen, wie z. B. Glasflaschen.<\/span><\/p><p><span style=\"font-weight: 400;\">Die Gefache dienen dazu, eine d\u00fcnne Schicht Pappe zwischen die einzelnen Flaschen zu legen, damit diese nicht aneinander sto\u00dfen und zerbrechen k\u00f6nnen. Ebenso beugt ein solches Produkt auch m\u00f6glichen Kratzern vor, die beim Transport durch die Vibrationen entstehen k\u00f6nnen. So wird sichergestellt, dass die Flaschen in einem ausgezeichneten Zustand ankommen. Auch die Etiketten der Flaschen werden perfekt gesch\u00fctzt.\u00a0<\/span><\/p><p><span style=\"font-weight: 400;\">Zus\u00e4tzlich stellen wir einige weitere praktische Vorteile der Stege aus Vollpappe fest.<\/span><span style=\"font-weight: 400;\"> Diese sind nicht nur g\u00fcnstiger, sondern auch kleiner, wodurch der Transport optimiert werden kann. Andererseits ist es wichtig zu erw\u00e4hnen, dass es m\u00f6glich ist, das Einsetzen der Gittereins\u00e4tze in den Karton auf der Abf\u00fcllanlage zu automatisieren, wodurch dieser manuelle Arbeitsschritt entfallen kann.<\/span><\/p>\t\t\t\t\t\t<\/div>\n\t\t\t\t<\/div>\n\t\t\t\t\t<\/div>\n\t\t<\/div>\n\t\t\t\t\t<\/div>\n\t\t<\/section>\n\t\t\t\t<section class=\"elementor-section elementor-top-section elementor-element elementor-element-9885276 elementor-section-boxed elementor-section-height-default elementor-section-height-default\" data-id=\"9885276\" data-element_type=\"section\">\n\t\t\t\t\t\t<div class=\"elementor-container elementor-column-gap-default\">\n\t\t\t\t\t<div class=\"elementor-column elementor-col-100 elementor-top-column elementor-element elementor-element-2da0d3a\" data-id=\"2da0d3a\" data-element_type=\"column\">\n\t\t\t<div class=\"elementor-widget-wrap elementor-element-populated\">\n\t\t\t\t\t\t<div class=\"elementor-element elementor-element-1351088 elementor-widget elementor-widget-heading\" data-id=\"1351088\" data-element_type=\"widget\" data-widget_type=\"heading.default\">\n\t\t\t\t<div class=\"elementor-widget-container\">\n\t\t\t<h2 class=\"elementor-heading-title elementor-size-default\">Wann sollte man Stege f\u00fcr Flaschen bevorzugen?\n<\/h2>\t\t<\/div>\n\t\t\t\t<\/div>\n\t\t\t\t\t<\/div>\n\t\t<\/div>\n\t\t\t\t\t<\/div>\n\t\t<\/section>\n\t\t\t\t<section class=\"elementor-section elementor-top-section elementor-element elementor-element-d994d49 elementor-section-boxed elementor-section-height-default elementor-section-height-default\" data-id=\"d994d49\" data-element_type=\"section\">\n\t\t\t\t\t\t<div class=\"elementor-container elementor-column-gap-default\">\n\t\t\t\t\t<div class=\"elementor-column elementor-col-100 elementor-top-column elementor-element elementor-element-be4c822\" data-id=\"be4c822\" data-element_type=\"column\">\n\t\t\t<div class=\"elementor-widget-wrap elementor-element-populated\">\n\t\t\t\t\t\t<div class=\"elementor-element elementor-element-e4de64a elementor-widget elementor-widget-text-editor\" data-id=\"e4de64a\" data-element_type=\"widget\" data-widget_type=\"text-editor.default\">\n\t\t\t\t<div class=\"elementor-widget-container\">\n\t\t\t\t\t\t\t<p><span style=\"font-weight: 400;\">Trennw\u00e4nde f\u00fcr Flaschen bieten eine Reihe von Vorteilen f\u00fcr die Lagerung und den Transport von zerbrechlichen Produkten, da sie diese sch\u00fctzen. Tats\u00e4chlich werden Stege in vielen Bereichen eingesetzt. Wein-, Bier-, Wasser-, Sirup-, Spirituosen- oder \u00d6lflaschen &#8211; das sind die Artikel, f\u00fcr die Trennw\u00e4nde empfohlen werden.<\/span><\/p><p>\u00a0<\/p><p><span style=\"font-weight: 400;\">Im heutigen Zeitalter, in dem Glas den Kunststoff ersetzt, sind solche L\u00f6sungen unerl\u00e4sslich, um die richtige Aufbewahrung der Flaschen auch nach hektischen Transportstunden zu gew\u00e4hrleisten. Au\u00dferdem f\u00f6rdert die Verwendung von Karton-Trennw\u00e4nden ein umweltfreundlicheres Vorgehen, da es sich um ein recyceltes und wiederverwertbares Material handelt, das die Umwelt bestm\u00f6glich schont. Wir m\u00f6chten Sie auf den Transport von Weinflaschen aufmerksam machen, die bestimmte Anforderungen an die Verpackung erf\u00fcllen m\u00fcssen. So m\u00fcssen Weinflaschen beispielsweise vertikal und mit dem Korken nach unten aufbewahrt werden. In diesem Fall sind Gefache aus Vollpappe zu bevorzugen.<\/span><\/p>\t\t\t\t\t\t<\/div>\n\t\t\t\t<\/div>\n\t\t\t\t\t<\/div>\n\t\t<\/div>\n\t\t\t\t\t<\/div>\n\t\t<\/section>\n\t\t\t\t<section class=\"elementor-section elementor-top-section elementor-element elementor-element-ba2f670 elementor-section-boxed elementor-section-height-default elementor-section-height-default\" data-id=\"ba2f670\" data-element_type=\"section\">\n\t\t\t\t\t\t<div class=\"elementor-container elementor-column-gap-default\">\n\t\t\t\t\t<div class=\"elementor-column elementor-col-100 elementor-top-column elementor-element elementor-element-4d54384\" data-id=\"4d54384\" data-element_type=\"column\">\n\t\t\t<div class=\"elementor-widget-wrap elementor-element-populated\">\n\t\t\t\t\t\t<div class=\"elementor-element elementor-element-1e3a984 elementor-widget elementor-widget-heading\" data-id=\"1e3a984\" data-element_type=\"widget\" data-widget_type=\"heading.default\">\n\t\t\t\t<div class=\"elementor-widget-container\">\n\t\t\t<h2 class=\"elementor-heading-title elementor-size-default\">Gefache f\u00fcr Flaschen : Produkte von Estic-Maillot\n<\/h2>\t\t<\/div>\n\t\t\t\t<\/div>\n\t\t\t\t\t<\/div>\n\t\t<\/div>\n\t\t\t\t\t<\/div>\n\t\t<\/section>\n\t\t\t\t<section class=\"elementor-section elementor-top-section elementor-element elementor-element-657541f elementor-section-boxed elementor-section-height-default elementor-section-height-default\" data-id=\"657541f\" data-element_type=\"section\">\n\t\t\t\t\t\t<div class=\"elementor-container elementor-column-gap-default\">\n\t\t\t\t\t<div class=\"elementor-column elementor-col-100 elementor-top-column elementor-element elementor-element-24161ad\" data-id=\"24161ad\" data-element_type=\"column\">\n\t\t\t<div class=\"elementor-widget-wrap elementor-element-populated\">\n\t\t\t\t\t\t<div class=\"elementor-element elementor-element-58e385d elementor-widget elementor-widget-text-editor\" data-id=\"58e385d\" data-element_type=\"widget\" data-widget_type=\"text-editor.default\">\n\t\t\t\t<div class=\"elementor-widget-container\">\n\t\t\t\t\t\t\t<p><span style=\"font-weight: 400;\">1924 wurde das Unternehmen Estic-Maillot in Brioude im D\u00e9partement Haute-Loire gegr\u00fcndet. Schon bald nach ihrer Gr\u00fcndung machte sich die Firma einen Namen in der Branche und wurde zu einem echten Muss. Estic-Maillot bietet qualitativ hochwertige Produkte an, die sich perfekt anpassen lassen, sodass jeder das richtige Produkt f\u00fcr seine Bed\u00fcrfnisse finden kann.\u00a0<\/span><\/p><p><span style=\"font-weight: 400;\">Was die Flaschenstege betrifft, so geh\u00f6rt dieser zu den Spitzenprodukten von Estic-Maillot, mit steigender Nachfrage. Da es keine Mindestbestellmengen gibt, passt sich das Familienunternehmen an alle Bed\u00fcrfnisse an. Je nach Bedarf bietet das Unternehmen ma\u00dfgeschneiderte Gefache an, damit Ihre Produkte unter allen Umst\u00e4nden gesch\u00fctzt und stabil bleiben. Ebenso engagiert sich das Unternehmen f\u00fcr Standardmodelle, die den Bed\u00fcrfnissen gro\u00dfer Branchen wie z. B. Wein entsprechen. Estic-Maillot ist heute Marktf\u00fchrer in Europa und ein vertrauensw\u00fcrdiges Unternehmen f\u00fcr Ihre Gefache.<\/span><\/p>\t\t\t\t\t\t<\/div>\n\t\t\t\t<\/div>\n\t\t\t\t\t<\/div>\n\t\t<\/div>\n\t\t\t\t\t<\/div>\n\t\t<\/section>\n\t\t\t\t<\/div>\n\t\t","protected":false},"excerpt":{"rendered":"<p>Trennw\u00e4nde f\u00fcr Flaschen f\u00fcr einen einfachen Transport Seit vielen Jahren geh\u00f6ren Gefache zu den kleinen Lieblingen im Transportwesen. Dieses Material ist sehr praktisch und kann in vielen Situationen unentbehrlich sein. Karton kann in verschiedenen Formen und Gr\u00f6\u00dfen hergestellt werden, um eine optimale Anpassung an Ihre Bed\u00fcrfnisse zu erm\u00f6glichen. Heute stellt Estic-Maillot die Trennw\u00e4nde f\u00fcr Flaschen [&hellip;]<\/p>\n","protected":false},"author":4,"featured_media":9751,"parent":0,"menu_order":0,"comment_status":"closed","ping_status":"closed","template":"","meta":{"_acf_changed":false,"footnotes":""},"class_list":["post-10115","page","type-page","status-publish","has-post-thumbnail","hentry"],"acf":[],"yoast_head":"<!-- This site is optimized with the Yoast SEO plugin v24.4 - https:\/\/yoast.com\/wordpress\/plugins\/seo\/ -->\n<title>Gefache aus Karton f\u00fcr Flaschen - Estic-Maillot<\/title>\n<meta name=\"robots\" content=\"index, follow, max-snippet:-1, max-image-preview:large, max-video-preview:-1\" \/>\n<link rel=\"canonical\" href=\"https:\/\/www.estic-maillot.com\/de\/trennwaende-fuer-flaschen\/\" \/>\n<meta property=\"og:locale\" content=\"de_DE\" \/>\n<meta property=\"og:type\" content=\"article\" \/>\n<meta property=\"og:title\" content=\"Gefache aus Karton f\u00fcr Flaschen - Estic-Maillot\" \/>\n<meta property=\"og:description\" content=\"Trennw\u00e4nde f\u00fcr Flaschen f\u00fcr einen einfachen Transport Seit vielen Jahren geh\u00f6ren Gefache zu den kleinen Lieblingen im Transportwesen. Dieses Material ist sehr praktisch und kann in vielen Situationen unentbehrlich sein. Karton kann in verschiedenen Formen und Gr\u00f6\u00dfen hergestellt werden, um eine optimale Anpassung an Ihre Bed\u00fcrfnisse zu erm\u00f6glichen. Heute stellt Estic-Maillot die Trennw\u00e4nde f\u00fcr Flaschen [&hellip;]\" \/>\n<meta property=\"og:url\" content=\"https:\/\/www.estic-maillot.com\/de\/trennwaende-fuer-flaschen\/\" \/>\n<meta property=\"og:site_name\" content=\"Estic-Maillot\" \/>\n<meta property=\"article:modified_time\" content=\"2024-08-14T12:30:22+00:00\" \/>\n<meta property=\"og:image\" content=\"https:\/\/www.estic-maillot.com\/wp-content\/uploads\/2023\/10\/croisi-bouteille-1.jpg\" \/>\n\t<meta property=\"og:image:width\" content=\"1620\" \/>\n\t<meta property=\"og:image:height\" content=\"1080\" \/>\n\t<meta property=\"og:image:type\" content=\"image\/jpeg\" \/>\n<meta name=\"twitter:card\" content=\"summary_large_image\" \/>\n<meta name=\"twitter:label1\" content=\"Est. reading time\" \/>\n\t<meta name=\"twitter:data1\" content=\"3 minutes\" \/>\n<script type=\"application\/ld+json\" class=\"yoast-schema-graph\">{\"@context\":\"https:\/\/schema.org\",\"@graph\":[{\"@type\":\"WebPage\",\"@id\":\"https:\/\/www.estic-maillot.com\/de\/trennwaende-fuer-flaschen\/\",\"url\":\"https:\/\/www.estic-maillot.com\/de\/trennwaende-fuer-flaschen\/\",\"name\":\"Gefache aus Karton f\u00fcr Flaschen - Estic-Maillot\",\"isPartOf\":{\"@id\":\"https:\/\/www.estic-maillot.com\/de\/#website\"},\"primaryImageOfPage\":{\"@id\":\"https:\/\/www.estic-maillot.com\/de\/trennwaende-fuer-flaschen\/#primaryimage\"},\"image\":{\"@id\":\"https:\/\/www.estic-maillot.com\/de\/trennwaende-fuer-flaschen\/#primaryimage\"},\"thumbnailUrl\":\"https:\/\/www.estic-maillot.com\/wp-content\/uploads\/2023\/10\/croisi-bouteille-1.jpg\",\"datePublished\":\"2023-10-19T13:12:23+00:00\",\"dateModified\":\"2024-08-14T12:30:22+00:00\",\"breadcrumb\":{\"@id\":\"https:\/\/www.estic-maillot.com\/de\/trennwaende-fuer-flaschen\/#breadcrumb\"},\"inLanguage\":\"de-DE\",\"potentialAction\":[{\"@type\":\"ReadAction\",\"target\":[\"https:\/\/www.estic-maillot.com\/de\/trennwaende-fuer-flaschen\/\"]}]},{\"@type\":\"ImageObject\",\"inLanguage\":\"de-DE\",\"@id\":\"https:\/\/www.estic-maillot.com\/de\/trennwaende-fuer-flaschen\/#primaryimage\",\"url\":\"https:\/\/www.estic-maillot.com\/wp-content\/uploads\/2023\/10\/croisi-bouteille-1.jpg\",\"contentUrl\":\"https:\/\/www.estic-maillot.com\/wp-content\/uploads\/2023\/10\/croisi-bouteille-1.jpg\",\"width\":1620,\"height\":1080},{\"@type\":\"BreadcrumbList\",\"@id\":\"https:\/\/www.estic-maillot.com\/de\/trennwaende-fuer-flaschen\/#breadcrumb\",\"itemListElement\":[{\"@type\":\"ListItem\",\"position\":1,\"name\":\"Accueil\",\"item\":\"https:\/\/www.estic-maillot.com\/de\/\"},{\"@type\":\"ListItem\",\"position\":2,\"name\":\"Trennw\u00e4nde f\u00fcr Flaschen\"}]},{\"@type\":\"WebSite\",\"@id\":\"https:\/\/www.estic-maillot.com\/de\/#website\",\"url\":\"https:\/\/www.estic-maillot.com\/de\/\",\"name\":\"Groupe ESTIC-MAILLOT\",\"description\":\"Conception et fabrication de croisillons en carton\",\"publisher\":{\"@id\":\"https:\/\/www.estic-maillot.com\/de\/#organization\"},\"alternateName\":\"ESTIC-MAILLOT\",\"potentialAction\":[{\"@type\":\"SearchAction\",\"target\":{\"@type\":\"EntryPoint\",\"urlTemplate\":\"https:\/\/www.estic-maillot.com\/de\/?s={search_term_string}\"},\"query-input\":{\"@type\":\"PropertyValueSpecification\",\"valueRequired\":true,\"valueName\":\"search_term_string\"}}],\"inLanguage\":\"de-DE\"},{\"@type\":\"Organization\",\"@id\":\"https:\/\/www.estic-maillot.com\/de\/#organization\",\"name\":\"Groupe ESTIC-MAILLOT\",\"alternateName\":\"ESTIC-MAILLOT\",\"url\":\"https:\/\/www.estic-maillot.com\/de\/\",\"logo\":{\"@type\":\"ImageObject\",\"inLanguage\":\"de-DE\",\"@id\":\"https:\/\/www.estic-maillot.com\/de\/#\/schema\/logo\/image\/\",\"url\":\"https:\/\/www.estic-maillot.com\/wp-content\/uploads\/2023\/02\/favicon-estic-maillot.png\",\"contentUrl\":\"https:\/\/www.estic-maillot.com\/wp-content\/uploads\/2023\/02\/favicon-estic-maillot.png\",\"width\":512,\"height\":512,\"caption\":\"Groupe ESTIC-MAILLOT\"},\"image\":{\"@id\":\"https:\/\/www.estic-maillot.com\/de\/#\/schema\/logo\/image\/\"}}]}<\/script>\n<!-- \/ Yoast SEO plugin. -->","yoast_head_json":{"title":"Gefache aus Karton f\u00fcr Flaschen - Estic-Maillot","robots":{"index":"index","follow":"follow","max-snippet":"max-snippet:-1","max-image-preview":"max-image-preview:large","max-video-preview":"max-video-preview:-1"},"canonical":"https:\/\/www.estic-maillot.com\/de\/trennwaende-fuer-flaschen\/","og_locale":"de_DE","og_type":"article","og_title":"Gefache aus Karton f\u00fcr Flaschen - Estic-Maillot","og_description":"Trennw\u00e4nde f\u00fcr Flaschen f\u00fcr einen einfachen Transport Seit vielen Jahren geh\u00f6ren Gefache zu den kleinen Lieblingen im Transportwesen. Dieses Material ist sehr praktisch und kann in vielen Situationen unentbehrlich sein. Karton kann in verschiedenen Formen und Gr\u00f6\u00dfen hergestellt werden, um eine optimale Anpassung an Ihre Bed\u00fcrfnisse zu erm\u00f6glichen. Heute stellt Estic-Maillot die Trennw\u00e4nde f\u00fcr Flaschen [&hellip;]","og_url":"https:\/\/www.estic-maillot.com\/de\/trennwaende-fuer-flaschen\/","og_site_name":"Estic-Maillot","article_modified_time":"2024-08-14T12:30:22+00:00","og_image":[{"width":1620,"height":1080,"url":"https:\/\/www.estic-maillot.com\/wp-content\/uploads\/2023\/10\/croisi-bouteille-1.jpg","type":"image\/jpeg"}],"twitter_card":"summary_large_image","twitter_misc":{"Est. reading time":"3 minutes"},"schema":{"@context":"https:\/\/schema.org","@graph":[{"@type":"WebPage","@id":"https:\/\/www.estic-maillot.com\/de\/trennwaende-fuer-flaschen\/","url":"https:\/\/www.estic-maillot.com\/de\/trennwaende-fuer-flaschen\/","name":"Gefache aus Karton f\u00fcr Flaschen - Estic-Maillot","isPartOf":{"@id":"https:\/\/www.estic-maillot.com\/de\/#website"},"primaryImageOfPage":{"@id":"https:\/\/www.estic-maillot.com\/de\/trennwaende-fuer-flaschen\/#primaryimage"},"image":{"@id":"https:\/\/www.estic-maillot.com\/de\/trennwaende-fuer-flaschen\/#primaryimage"},"thumbnailUrl":"https:\/\/www.estic-maillot.com\/wp-content\/uploads\/2023\/10\/croisi-bouteille-1.jpg","datePublished":"2023-10-19T13:12:23+00:00","dateModified":"2024-08-14T12:30:22+00:00","breadcrumb":{"@id":"https:\/\/www.estic-maillot.com\/de\/trennwaende-fuer-flaschen\/#breadcrumb"},"inLanguage":"de-DE","potentialAction":[{"@type":"ReadAction","target":["https:\/\/www.estic-maillot.com\/de\/trennwaende-fuer-flaschen\/"]}]},{"@type":"ImageObject","inLanguage":"de-DE","@id":"https:\/\/www.estic-maillot.com\/de\/trennwaende-fuer-flaschen\/#primaryimage","url":"https:\/\/www.estic-maillot.com\/wp-content\/uploads\/2023\/10\/croisi-bouteille-1.jpg","contentUrl":"https:\/\/www.estic-maillot.com\/wp-content\/uploads\/2023\/10\/croisi-bouteille-1.jpg","width":1620,"height":1080},{"@type":"BreadcrumbList","@id":"https:\/\/www.estic-maillot.com\/de\/trennwaende-fuer-flaschen\/#breadcrumb","itemListElement":[{"@type":"ListItem","position":1,"name":"Accueil","item":"https:\/\/www.estic-maillot.com\/de\/"},{"@type":"ListItem","position":2,"name":"Trennw\u00e4nde f\u00fcr Flaschen"}]},{"@type":"WebSite","@id":"https:\/\/www.estic-maillot.com\/de\/#website","url":"https:\/\/www.estic-maillot.com\/de\/","name":"Groupe ESTIC-MAILLOT","description":"Conception et fabrication de croisillons en carton","publisher":{"@id":"https:\/\/www.estic-maillot.com\/de\/#organization"},"alternateName":"ESTIC-MAILLOT","potentialAction":[{"@type":"SearchAction","target":{"@type":"EntryPoint","urlTemplate":"https:\/\/www.estic-maillot.com\/de\/?s={search_term_string}"},"query-input":{"@type":"PropertyValueSpecification","valueRequired":true,"valueName":"search_term_string"}}],"inLanguage":"de-DE"},{"@type":"Organization","@id":"https:\/\/www.estic-maillot.com\/de\/#organization","name":"Groupe ESTIC-MAILLOT","alternateName":"ESTIC-MAILLOT","url":"https:\/\/www.estic-maillot.com\/de\/","logo":{"@type":"ImageObject","inLanguage":"de-DE","@id":"https:\/\/www.estic-maillot.com\/de\/#\/schema\/logo\/image\/","url":"https:\/\/www.estic-maillot.com\/wp-content\/uploads\/2023\/02\/favicon-estic-maillot.png","contentUrl":"https:\/\/www.estic-maillot.com\/wp-content\/uploads\/2023\/02\/favicon-estic-maillot.png","width":512,"height":512,"caption":"Groupe ESTIC-MAILLOT"},"image":{"@id":"https:\/\/www.estic-maillot.com\/de\/#\/schema\/logo\/image\/"}}]}},"_links":{"self":[{"href":"https:\/\/www.estic-maillot.com\/de\/wp-json\/wp\/v2\/pages\/10115","targetHints":{"allow":["GET"]}}],"collection":[{"href":"https:\/\/www.estic-maillot.com\/de\/wp-json\/wp\/v2\/pages"}],"about":[{"href":"https:\/\/www.estic-maillot.com\/de\/wp-json\/wp\/v2\/types\/page"}],"author":[{"embeddable":true,"href":"https:\/\/www.estic-maillot.com\/de\/wp-json\/wp\/v2\/users\/4"}],"replies":[{"embeddable":true,"href":"https:\/\/www.estic-maillot.com\/de\/wp-json\/wp\/v2\/comments?post=10115"}],"version-history":[{"count":5,"href":"https:\/\/www.estic-maillot.com\/de\/wp-json\/wp\/v2\/pages\/10115\/revisions"}],"predecessor-version":[{"id":11350,"href":"https:\/\/www.estic-maillot.com\/de\/wp-json\/wp\/v2\/pages\/10115\/revisions\/11350"}],"wp:featuredmedia":[{"embeddable":true,"href":"https:\/\/www.estic-maillot.com\/de\/wp-json\/wp\/v2\/media\/9751"}],"wp:attachment":[{"href":"https:\/\/www.estic-maillot.com\/de\/wp-json\/wp\/v2\/media?parent=10115"}],"curies":[{"name":"wp","href":"https:\/\/api.w.org\/{rel}","templated":true}]}}