{"id":10092,"date":"2023-10-19T16:34:42","date_gmt":"2023-10-19T14:34:42","guid":{"rendered":"https:\/\/www.estic-maillot.com\/?page_id=10092"},"modified":"2024-08-14T11:11:00","modified_gmt":"2024-08-14T09:11:00","slug":"wabenplatte","status":"publish","type":"page","link":"https:\/\/www.estic-maillot.com\/de\/wabenplatte\/","title":{"rendered":"Wabenplatte"},"content":{"rendered":"\t\t<div data-elementor-type=\"wp-page\" data-elementor-id=\"10092\" class=\"elementor elementor-10092 elementor-9827\" data-elementor-post-type=\"page\">\n\t\t\t\t\t\t<section class=\"elementor-section elementor-top-section elementor-element elementor-element-bf34ae0 elementor-section-boxed elementor-section-height-default elementor-section-height-default\" data-id=\"bf34ae0\" data-element_type=\"section\">\n\t\t\t\t\t\t<div class=\"elementor-container elementor-column-gap-default\">\n\t\t\t\t\t<div class=\"elementor-column elementor-col-100 elementor-top-column elementor-element elementor-element-763aa49\" data-id=\"763aa49\" data-element_type=\"column\">\n\t\t\t<div class=\"elementor-widget-wrap elementor-element-populated\">\n\t\t\t\t\t\t<div class=\"elementor-element elementor-element-8c397ff elementor-widget elementor-widget-heading\" data-id=\"8c397ff\" data-element_type=\"widget\" data-widget_type=\"heading.default\">\n\t\t\t\t<div class=\"elementor-widget-container\">\n\t\t\t<h2 class=\"elementor-heading-title elementor-size-default\">Wabenplatte: die verantwortungsvolle L\u00f6sung zum Schutz Ihrer Waren<\/h2>\t\t<\/div>\n\t\t\t\t<\/div>\n\t\t\t\t\t<\/div>\n\t\t<\/div>\n\t\t\t\t\t<\/div>\n\t\t<\/section>\n\t\t\t\t<section class=\"elementor-section elementor-top-section elementor-element elementor-element-bb2f174 elementor-section-boxed elementor-section-height-default elementor-section-height-default\" data-id=\"bb2f174\" data-element_type=\"section\">\n\t\t\t\t\t\t<div class=\"elementor-container elementor-column-gap-default\">\n\t\t\t\t\t<div class=\"elementor-column elementor-col-100 elementor-top-column elementor-element elementor-element-312ab36\" data-id=\"312ab36\" data-element_type=\"column\">\n\t\t\t<div class=\"elementor-widget-wrap elementor-element-populated\">\n\t\t\t\t\t\t<div class=\"elementor-element elementor-element-a1e2796 elementor-widget elementor-widget-text-editor\" data-id=\"a1e2796\" data-element_type=\"widget\" data-widget_type=\"text-editor.default\">\n\t\t\t\t<div class=\"elementor-widget-container\">\n\t\t\t\t\t\t\t<p><span style=\"font-weight: 400;\">Wabenkarton wird von Unternehmen aufgrund seiner Vielseitigkeit sehr gesch\u00e4tzt. Dank der durch die Wabenstruktur gegebenen Festigkeit kann sie f\u00fcr verschiedene Zwecke wie Transport, Schutz oder Lagerung eingesetzt werden, insbesondere wenn sie in Form von Platten hergestellt wird. Die Wabenplatte ist effizient, widerstandsf\u00e4hig, umweltfreundlich und wirtschaftlich und scheint sich allm\u00e4hlich als optimale Verpackungsl\u00f6sung durchzusetzen. Estic-Maillot hilft Ihnen, sich einen \u00dcberblick \u00fcber die Vorteile dieses Produkts zu verschaffen.<\/span><\/p>\t\t\t\t\t\t<\/div>\n\t\t\t\t<\/div>\n\t\t\t\t\t<\/div>\n\t\t<\/div>\n\t\t\t\t\t<\/div>\n\t\t<\/section>\n\t\t\t\t<section class=\"elementor-section elementor-top-section elementor-element elementor-element-3fbd473 elementor-section-boxed elementor-section-height-default elementor-section-height-default\" data-id=\"3fbd473\" data-element_type=\"section\">\n\t\t\t\t\t\t<div class=\"elementor-container elementor-column-gap-default\">\n\t\t\t\t\t<div class=\"elementor-column elementor-col-100 elementor-top-column elementor-element elementor-element-d9f37e8\" data-id=\"d9f37e8\" data-element_type=\"column\">\n\t\t\t<div class=\"elementor-widget-wrap elementor-element-populated\">\n\t\t\t\t\t\t<div class=\"elementor-element elementor-element-2f7a200 elementor-widget elementor-widget-heading\" data-id=\"2f7a200\" data-element_type=\"widget\" data-widget_type=\"heading.default\">\n\t\t\t\t<div class=\"elementor-widget-container\">\n\t\t\t<h2 class=\"elementor-heading-title elementor-size-default\">Wof\u00fcr wird die Wabenplatte verwendet?<\/h2>\t\t<\/div>\n\t\t\t\t<\/div>\n\t\t\t\t\t<\/div>\n\t\t<\/div>\n\t\t\t\t\t<\/div>\n\t\t<\/section>\n\t\t\t\t<section class=\"elementor-section elementor-top-section elementor-element elementor-element-df0554f elementor-section-boxed elementor-section-height-default elementor-section-height-default\" data-id=\"df0554f\" data-element_type=\"section\">\n\t\t\t\t\t\t<div class=\"elementor-container elementor-column-gap-default\">\n\t\t\t\t\t<div class=\"elementor-column elementor-col-100 elementor-top-column elementor-element elementor-element-4751678\" data-id=\"4751678\" data-element_type=\"column\">\n\t\t\t<div class=\"elementor-widget-wrap elementor-element-populated\">\n\t\t\t\t\t\t<div class=\"elementor-element elementor-element-bc99f6d elementor-widget elementor-widget-text-editor\" data-id=\"bc99f6d\" data-element_type=\"widget\" data-widget_type=\"text-editor.default\">\n\t\t\t\t<div class=\"elementor-widget-container\">\n\t\t\t\t\t\t\t<p><span style=\"font-weight: 400;\">Die Wabenplatte hat eine spezielle Struktur, die ihr gleichzeitig Leichtigkeit und St\u00e4rke verleiht. Diese Kartonplatte enth\u00e4lt eine Wabenstruktur, die als Netz bezeichnet wird und einer echten Honigwabe \u00e4hnelt. Diese Struktur verleiht ihr eine Druckfestigkeit von bis zu 55 Tonnen pro Quadratmeter. Die Platte besteht aus zahlreichen Luftpolstern, die wie ein Sto\u00dfd\u00e4mpfer gegen Schl\u00e4ge und Vibrationen wirken.<\/span><\/p><p><span style=\"font-weight: 400;\">Ein Abdeckpapier wird mithilfe eines Vinylklebstoffs (auf Wasserbasis) auf die Unter- und Oberseite des vorgestreckten Netzes kaschiert, um eine steife Platte oder ein Paneel zu erhalten. Diese Platte kann in ihrem Rohzustand verwendet werden oder sie kann geformt werden, um komplexere Verkeilungs- oder Schutzl\u00f6sungen zu erhalten.\u00a0<\/span><\/p><p><span style=\"font-weight: 400;\">Die Waben, aus denen diese Platten bestehen, erm\u00f6glichen es, das Gewicht der Waren beim Transport, beim Verpacken oder bei der Lagerung wirksam zu verteilen, damit sie unterwegs nicht besch\u00e4digt werden. Die Wabenplatte ist aufgrund ihrer Zusammensetzung gut gegen Druck und Sto\u00dfwellen best\u00e4ndig. Daher wird sie meist als Zwischenlage oder Stapelplatte anstelle von Holzplatten oder Platten aus zwei- oder dreiwelliger Wellpappe verwendet, um Ladungen zu sichern, zerbrechliche Waren, M\u00f6bel oder schwere Lasten zu transportieren oder zu verkeilen.<\/span><\/p><p><span style=\"font-weight: 400;\">Es gibt verschiedene Gr\u00f6\u00dfen von Gitternetzen, je nach gew\u00fcnschtem Widerstand. Ein gro\u00dfes Netz kann zum Absorbieren von Sto\u00dfwellen oder zum Ausf\u00fcllen von Hohlr\u00e4umen verwendet werden. Das kleine Netz wird empfohlen, wenn das zu verkeilende oder zu sch\u00fctzende Produkt schwer ist oder wenn eine hohe Druckfestigkeit erforderlich ist.<\/span><\/p>\t\t\t\t\t\t<\/div>\n\t\t\t\t<\/div>\n\t\t\t\t\t<\/div>\n\t\t<\/div>\n\t\t\t\t\t<\/div>\n\t\t<\/section>\n\t\t\t\t<section class=\"elementor-section elementor-top-section elementor-element elementor-element-bc8d1b1 elementor-section-boxed elementor-section-height-default elementor-section-height-default\" data-id=\"bc8d1b1\" data-element_type=\"section\">\n\t\t\t\t\t\t<div class=\"elementor-container elementor-column-gap-default\">\n\t\t\t\t\t<div class=\"elementor-column elementor-col-100 elementor-top-column elementor-element elementor-element-47f7e08\" data-id=\"47f7e08\" data-element_type=\"column\">\n\t\t\t<div class=\"elementor-widget-wrap elementor-element-populated\">\n\t\t\t\t\t\t<div class=\"elementor-element elementor-element-ca3f68d elementor-widget elementor-widget-heading\" data-id=\"ca3f68d\" data-element_type=\"widget\" data-widget_type=\"heading.default\">\n\t\t\t\t<div class=\"elementor-widget-container\">\n\t\t\t<h2 class=\"elementor-heading-title elementor-size-default\">Wabenplatte: eine umweltbewusste Alternative\n<\/h2>\t\t<\/div>\n\t\t\t\t<\/div>\n\t\t\t\t\t<\/div>\n\t\t<\/div>\n\t\t\t\t\t<\/div>\n\t\t<\/section>\n\t\t\t\t<section class=\"elementor-section elementor-top-section elementor-element elementor-element-c99538b elementor-section-boxed elementor-section-height-default elementor-section-height-default\" data-id=\"c99538b\" data-element_type=\"section\">\n\t\t\t\t\t\t<div class=\"elementor-container elementor-column-gap-default\">\n\t\t\t\t\t<div class=\"elementor-column elementor-col-100 elementor-top-column elementor-element elementor-element-e17fc48\" data-id=\"e17fc48\" data-element_type=\"column\">\n\t\t\t<div class=\"elementor-widget-wrap elementor-element-populated\">\n\t\t\t\t\t\t<div class=\"elementor-element elementor-element-1c61d98 elementor-widget elementor-widget-text-editor\" data-id=\"1c61d98\" data-element_type=\"widget\" data-widget_type=\"text-editor.default\">\n\t\t\t\t<div class=\"elementor-widget-container\">\n\t\t\t\t\t\t\t<p><span style=\"font-weight: 400;\">Wenn Sie eine verantwortungsvollere L\u00f6sung f\u00fcr den Schutz Ihrer Waren suchen, sollten Sie Wabenplatten in Betracht ziehen. Denn <\/span><b>Wabenkarton<\/b><span style=\"font-weight: 400;\">\u00a0ist zu 100 % recycelt und wiederverwertbar. Wabenplatten sind eine umweltfreundlichere Option als Platten aus Polystyrol, Schaumstoff oder doppelwelliger Wellpappe. Sie enth\u00e4lt weniger Papier und bietet dennoch eine bessere Leistung.<\/span><\/p><p><span style=\"font-weight: 400;\">Es scheint wichtig zu sein, die Verwendung von Plastik und anderen aus Erd\u00f6l gewonnenen Materialien so schnell wie m\u00f6glich ersetzen zu k\u00f6nnen. Der Bereich der Verpackung ist einer der ersten, der von dieser Problematik betroffen ist. Die Wabenplatte ist eine gute Alternative, um die Umweltbelastung zu verringern und gleichzeitig eine nachhaltige Verpackungsl\u00f6sung zu gew\u00e4hrleisten. Die Wabenplatte wird aus Recyclingpapier oder frischen Fasern aus erneuerbaren Materialien hergestellt. Unsere Abf\u00e4lle werden vollst\u00e4ndig wiederverwertet, da sie in die Produktionskette f\u00fcr Recyclingpapier zur\u00fcckgef\u00fchrt werden.\u00a0<\/span><\/p>\t\t\t\t\t\t<\/div>\n\t\t\t\t<\/div>\n\t\t\t\t\t<\/div>\n\t\t<\/div>\n\t\t\t\t\t<\/div>\n\t\t<\/section>\n\t\t\t\t<section class=\"elementor-section elementor-top-section elementor-element elementor-element-5bfcc57 elementor-section-boxed elementor-section-height-default elementor-section-height-default\" data-id=\"5bfcc57\" data-element_type=\"section\">\n\t\t\t\t\t\t<div class=\"elementor-container elementor-column-gap-default\">\n\t\t\t\t\t<div class=\"elementor-column elementor-col-100 elementor-top-column elementor-element elementor-element-b066f9e\" data-id=\"b066f9e\" data-element_type=\"column\">\n\t\t\t<div class=\"elementor-widget-wrap elementor-element-populated\">\n\t\t\t\t\t\t<div class=\"elementor-element elementor-element-cd9ffab elementor-widget elementor-widget-heading\" data-id=\"cd9ffab\" data-element_type=\"widget\" data-widget_type=\"heading.default\">\n\t\t\t\t<div class=\"elementor-widget-container\">\n\t\t\t<h2 class=\"elementor-heading-title elementor-size-default\">Estic-Maillot hilft Ihnen beim Transport und der Lagerung Ihrer Produkte!\n<\/h2>\t\t<\/div>\n\t\t\t\t<\/div>\n\t\t\t\t\t<\/div>\n\t\t<\/div>\n\t\t\t\t\t<\/div>\n\t\t<\/section>\n\t\t\t\t<section class=\"elementor-section elementor-top-section elementor-element elementor-element-a7626bd elementor-section-boxed elementor-section-height-default elementor-section-height-default\" data-id=\"a7626bd\" data-element_type=\"section\">\n\t\t\t\t\t\t<div class=\"elementor-container elementor-column-gap-default\">\n\t\t\t\t\t<div class=\"elementor-column elementor-col-100 elementor-top-column elementor-element elementor-element-4d2b165\" data-id=\"4d2b165\" data-element_type=\"column\">\n\t\t\t<div class=\"elementor-widget-wrap elementor-element-populated\">\n\t\t\t\t\t\t<div class=\"elementor-element elementor-element-5f4e2be elementor-widget elementor-widget-text-editor\" data-id=\"5f4e2be\" data-element_type=\"widget\" data-widget_type=\"text-editor.default\">\n\t\t\t\t<div class=\"elementor-widget-container\">\n\t\t\t\t\t\t\t<p><span style=\"font-weight: 400;\">Als Spezialist f\u00fcr die Herstellung von Gefachen aus Voll- und Wellpappe bietet Estic-Maillot seit 1924 ma\u00dfgeschneiderte Produkte an. Wenn Sie empfindliche Waren, zerbrechliche Elektronikartikel oder andere Artikel in verschiedenen Formen versenden m\u00f6chten, wird unsere Wabenplatte Ihnen einen hochwertigen Schutz bieten.<\/span><\/p><p><span style=\"font-weight: 400;\">Unsere Teams stehen Ihnen zur Verf\u00fcgung, um Ihnen Verpackungsl\u00f6sungen anzubieten, die auf Ihre Bed\u00fcrfnisse zugeschnitten sind. Wir sind sehr flexibel und k\u00f6nnen f\u00fcr Sie Wabenplatten in Gr\u00f6\u00dfen von 8 mm bis 100 mm Dicke herstellen, um sie optimal an Ihre Verwendung anzupassen. Ob f\u00fcr den Transport, die Lagerung, die Verkeilung oder die Verschalung, Sie werden von hochwertigen Materialien zu einem g\u00fcnstigen Preis f\u00fcr Ihr Unternehmen profitieren.<\/span><\/p>\t\t\t\t\t\t<\/div>\n\t\t\t\t<\/div>\n\t\t\t\t\t<\/div>\n\t\t<\/div>\n\t\t\t\t\t<\/div>\n\t\t<\/section>\n\t\t\t\t<\/div>\n\t\t","protected":false},"excerpt":{"rendered":"<p>Wabenplatte: die verantwortungsvolle L\u00f6sung zum Schutz Ihrer Waren Wabenkarton wird von Unternehmen aufgrund seiner Vielseitigkeit sehr gesch\u00e4tzt. Dank der durch die Wabenstruktur gegebenen Festigkeit kann sie f\u00fcr verschiedene Zwecke wie Transport, Schutz oder Lagerung eingesetzt werden, insbesondere wenn sie in Form von Platten hergestellt wird. Die Wabenplatte ist effizient, widerstandsf\u00e4hig, umweltfreundlich und wirtschaftlich und scheint [&hellip;]<\/p>\n","protected":false},"author":4,"featured_media":9819,"parent":0,"menu_order":0,"comment_status":"closed","ping_status":"closed","template":"","meta":{"_acf_changed":false,"footnotes":""},"class_list":["post-10092","page","type-page","status-publish","has-post-thumbnail","hentry"],"acf":[],"yoast_head":"<!-- This site is optimized with the Yoast SEO plugin v24.4 - https:\/\/yoast.com\/wordpress\/plugins\/seo\/ -->\n<title>Wabenplatte (Papierwabenplatte) - Estic-Maillot<\/title>\n<meta name=\"robots\" content=\"index, follow, max-snippet:-1, max-image-preview:large, max-video-preview:-1\" \/>\n<link rel=\"canonical\" href=\"https:\/\/www.estic-maillot.com\/de\/wabenplatte\/\" \/>\n<meta property=\"og:locale\" content=\"de_DE\" \/>\n<meta property=\"og:type\" content=\"article\" \/>\n<meta property=\"og:title\" content=\"Wabenplatte (Papierwabenplatte) - Estic-Maillot\" \/>\n<meta property=\"og:description\" content=\"Wabenplatte: die verantwortungsvolle L\u00f6sung zum Schutz Ihrer Waren Wabenkarton wird von Unternehmen aufgrund seiner Vielseitigkeit sehr gesch\u00e4tzt. Dank der durch die Wabenstruktur gegebenen Festigkeit kann sie f\u00fcr verschiedene Zwecke wie Transport, Schutz oder Lagerung eingesetzt werden, insbesondere wenn sie in Form von Platten hergestellt wird. Die Wabenplatte ist effizient, widerstandsf\u00e4hig, umweltfreundlich und wirtschaftlich und scheint [&hellip;]\" \/>\n<meta property=\"og:url\" content=\"https:\/\/www.estic-maillot.com\/de\/wabenplatte\/\" \/>\n<meta property=\"og:site_name\" content=\"Estic-Maillot\" \/>\n<meta property=\"article:modified_time\" content=\"2024-08-14T09:11:00+00:00\" \/>\n<meta property=\"og:image\" content=\"https:\/\/www.estic-maillot.com\/wp-content\/uploads\/2023\/10\/panneau-nid-dabeille.jpg\" \/>\n\t<meta property=\"og:image:width\" content=\"1620\" \/>\n\t<meta property=\"og:image:height\" content=\"1080\" \/>\n\t<meta property=\"og:image:type\" content=\"image\/jpeg\" \/>\n<meta name=\"twitter:card\" content=\"summary_large_image\" \/>\n<meta name=\"twitter:label1\" content=\"Est. reading time\" \/>\n\t<meta name=\"twitter:data1\" content=\"4 minutes\" \/>\n<script type=\"application\/ld+json\" class=\"yoast-schema-graph\">{\"@context\":\"https:\/\/schema.org\",\"@graph\":[{\"@type\":\"WebPage\",\"@id\":\"https:\/\/www.estic-maillot.com\/de\/wabenplatte\/\",\"url\":\"https:\/\/www.estic-maillot.com\/de\/wabenplatte\/\",\"name\":\"Wabenplatte (Papierwabenplatte) - Estic-Maillot\",\"isPartOf\":{\"@id\":\"https:\/\/www.estic-maillot.com\/de\/#website\"},\"primaryImageOfPage\":{\"@id\":\"https:\/\/www.estic-maillot.com\/de\/wabenplatte\/#primaryimage\"},\"image\":{\"@id\":\"https:\/\/www.estic-maillot.com\/de\/wabenplatte\/#primaryimage\"},\"thumbnailUrl\":\"https:\/\/www.estic-maillot.com\/wp-content\/uploads\/2023\/10\/panneau-nid-dabeille.jpg\",\"datePublished\":\"2023-10-19T14:34:42+00:00\",\"dateModified\":\"2024-08-14T09:11:00+00:00\",\"breadcrumb\":{\"@id\":\"https:\/\/www.estic-maillot.com\/de\/wabenplatte\/#breadcrumb\"},\"inLanguage\":\"de-DE\",\"potentialAction\":[{\"@type\":\"ReadAction\",\"target\":[\"https:\/\/www.estic-maillot.com\/de\/wabenplatte\/\"]}]},{\"@type\":\"ImageObject\",\"inLanguage\":\"de-DE\",\"@id\":\"https:\/\/www.estic-maillot.com\/de\/wabenplatte\/#primaryimage\",\"url\":\"https:\/\/www.estic-maillot.com\/wp-content\/uploads\/2023\/10\/panneau-nid-dabeille.jpg\",\"contentUrl\":\"https:\/\/www.estic-maillot.com\/wp-content\/uploads\/2023\/10\/panneau-nid-dabeille.jpg\",\"width\":1620,\"height\":1080,\"caption\":\"panneau nid dabeille\"},{\"@type\":\"BreadcrumbList\",\"@id\":\"https:\/\/www.estic-maillot.com\/de\/wabenplatte\/#breadcrumb\",\"itemListElement\":[{\"@type\":\"ListItem\",\"position\":1,\"name\":\"Accueil\",\"item\":\"https:\/\/www.estic-maillot.com\/de\/\"},{\"@type\":\"ListItem\",\"position\":2,\"name\":\"Wabenplatte\"}]},{\"@type\":\"WebSite\",\"@id\":\"https:\/\/www.estic-maillot.com\/de\/#website\",\"url\":\"https:\/\/www.estic-maillot.com\/de\/\",\"name\":\"Groupe ESTIC-MAILLOT\",\"description\":\"Conception et fabrication de croisillons en carton\",\"publisher\":{\"@id\":\"https:\/\/www.estic-maillot.com\/de\/#organization\"},\"alternateName\":\"ESTIC-MAILLOT\",\"potentialAction\":[{\"@type\":\"SearchAction\",\"target\":{\"@type\":\"EntryPoint\",\"urlTemplate\":\"https:\/\/www.estic-maillot.com\/de\/?s={search_term_string}\"},\"query-input\":{\"@type\":\"PropertyValueSpecification\",\"valueRequired\":true,\"valueName\":\"search_term_string\"}}],\"inLanguage\":\"de-DE\"},{\"@type\":\"Organization\",\"@id\":\"https:\/\/www.estic-maillot.com\/de\/#organization\",\"name\":\"Groupe ESTIC-MAILLOT\",\"alternateName\":\"ESTIC-MAILLOT\",\"url\":\"https:\/\/www.estic-maillot.com\/de\/\",\"logo\":{\"@type\":\"ImageObject\",\"inLanguage\":\"de-DE\",\"@id\":\"https:\/\/www.estic-maillot.com\/de\/#\/schema\/logo\/image\/\",\"url\":\"https:\/\/www.estic-maillot.com\/wp-content\/uploads\/2023\/02\/favicon-estic-maillot.png\",\"contentUrl\":\"https:\/\/www.estic-maillot.com\/wp-content\/uploads\/2023\/02\/favicon-estic-maillot.png\",\"width\":512,\"height\":512,\"caption\":\"Groupe ESTIC-MAILLOT\"},\"image\":{\"@id\":\"https:\/\/www.estic-maillot.com\/de\/#\/schema\/logo\/image\/\"}}]}<\/script>\n<!-- \/ Yoast SEO plugin. -->","yoast_head_json":{"title":"Wabenplatte (Papierwabenplatte) - Estic-Maillot","robots":{"index":"index","follow":"follow","max-snippet":"max-snippet:-1","max-image-preview":"max-image-preview:large","max-video-preview":"max-video-preview:-1"},"canonical":"https:\/\/www.estic-maillot.com\/de\/wabenplatte\/","og_locale":"de_DE","og_type":"article","og_title":"Wabenplatte (Papierwabenplatte) - Estic-Maillot","og_description":"Wabenplatte: die verantwortungsvolle L\u00f6sung zum Schutz Ihrer Waren Wabenkarton wird von Unternehmen aufgrund seiner Vielseitigkeit sehr gesch\u00e4tzt. Dank der durch die Wabenstruktur gegebenen Festigkeit kann sie f\u00fcr verschiedene Zwecke wie Transport, Schutz oder Lagerung eingesetzt werden, insbesondere wenn sie in Form von Platten hergestellt wird. Die Wabenplatte ist effizient, widerstandsf\u00e4hig, umweltfreundlich und wirtschaftlich und scheint [&hellip;]","og_url":"https:\/\/www.estic-maillot.com\/de\/wabenplatte\/","og_site_name":"Estic-Maillot","article_modified_time":"2024-08-14T09:11:00+00:00","og_image":[{"width":1620,"height":1080,"url":"https:\/\/www.estic-maillot.com\/wp-content\/uploads\/2023\/10\/panneau-nid-dabeille.jpg","type":"image\/jpeg"}],"twitter_card":"summary_large_image","twitter_misc":{"Est. reading time":"4 minutes"},"schema":{"@context":"https:\/\/schema.org","@graph":[{"@type":"WebPage","@id":"https:\/\/www.estic-maillot.com\/de\/wabenplatte\/","url":"https:\/\/www.estic-maillot.com\/de\/wabenplatte\/","name":"Wabenplatte (Papierwabenplatte) - Estic-Maillot","isPartOf":{"@id":"https:\/\/www.estic-maillot.com\/de\/#website"},"primaryImageOfPage":{"@id":"https:\/\/www.estic-maillot.com\/de\/wabenplatte\/#primaryimage"},"image":{"@id":"https:\/\/www.estic-maillot.com\/de\/wabenplatte\/#primaryimage"},"thumbnailUrl":"https:\/\/www.estic-maillot.com\/wp-content\/uploads\/2023\/10\/panneau-nid-dabeille.jpg","datePublished":"2023-10-19T14:34:42+00:00","dateModified":"2024-08-14T09:11:00+00:00","breadcrumb":{"@id":"https:\/\/www.estic-maillot.com\/de\/wabenplatte\/#breadcrumb"},"inLanguage":"de-DE","potentialAction":[{"@type":"ReadAction","target":["https:\/\/www.estic-maillot.com\/de\/wabenplatte\/"]}]},{"@type":"ImageObject","inLanguage":"de-DE","@id":"https:\/\/www.estic-maillot.com\/de\/wabenplatte\/#primaryimage","url":"https:\/\/www.estic-maillot.com\/wp-content\/uploads\/2023\/10\/panneau-nid-dabeille.jpg","contentUrl":"https:\/\/www.estic-maillot.com\/wp-content\/uploads\/2023\/10\/panneau-nid-dabeille.jpg","width":1620,"height":1080,"caption":"panneau nid dabeille"},{"@type":"BreadcrumbList","@id":"https:\/\/www.estic-maillot.com\/de\/wabenplatte\/#breadcrumb","itemListElement":[{"@type":"ListItem","position":1,"name":"Accueil","item":"https:\/\/www.estic-maillot.com\/de\/"},{"@type":"ListItem","position":2,"name":"Wabenplatte"}]},{"@type":"WebSite","@id":"https:\/\/www.estic-maillot.com\/de\/#website","url":"https:\/\/www.estic-maillot.com\/de\/","name":"Groupe ESTIC-MAILLOT","description":"Conception et fabrication de croisillons en carton","publisher":{"@id":"https:\/\/www.estic-maillot.com\/de\/#organization"},"alternateName":"ESTIC-MAILLOT","potentialAction":[{"@type":"SearchAction","target":{"@type":"EntryPoint","urlTemplate":"https:\/\/www.estic-maillot.com\/de\/?s={search_term_string}"},"query-input":{"@type":"PropertyValueSpecification","valueRequired":true,"valueName":"search_term_string"}}],"inLanguage":"de-DE"},{"@type":"Organization","@id":"https:\/\/www.estic-maillot.com\/de\/#organization","name":"Groupe ESTIC-MAILLOT","alternateName":"ESTIC-MAILLOT","url":"https:\/\/www.estic-maillot.com\/de\/","logo":{"@type":"ImageObject","inLanguage":"de-DE","@id":"https:\/\/www.estic-maillot.com\/de\/#\/schema\/logo\/image\/","url":"https:\/\/www.estic-maillot.com\/wp-content\/uploads\/2023\/02\/favicon-estic-maillot.png","contentUrl":"https:\/\/www.estic-maillot.com\/wp-content\/uploads\/2023\/02\/favicon-estic-maillot.png","width":512,"height":512,"caption":"Groupe ESTIC-MAILLOT"},"image":{"@id":"https:\/\/www.estic-maillot.com\/de\/#\/schema\/logo\/image\/"}}]}},"_links":{"self":[{"href":"https:\/\/www.estic-maillot.com\/de\/wp-json\/wp\/v2\/pages\/10092","targetHints":{"allow":["GET"]}}],"collection":[{"href":"https:\/\/www.estic-maillot.com\/de\/wp-json\/wp\/v2\/pages"}],"about":[{"href":"https:\/\/www.estic-maillot.com\/de\/wp-json\/wp\/v2\/types\/page"}],"author":[{"embeddable":true,"href":"https:\/\/www.estic-maillot.com\/de\/wp-json\/wp\/v2\/users\/4"}],"replies":[{"embeddable":true,"href":"https:\/\/www.estic-maillot.com\/de\/wp-json\/wp\/v2\/comments?post=10092"}],"version-history":[{"count":7,"href":"https:\/\/www.estic-maillot.com\/de\/wp-json\/wp\/v2\/pages\/10092\/revisions"}],"predecessor-version":[{"id":11348,"href":"https:\/\/www.estic-maillot.com\/de\/wp-json\/wp\/v2\/pages\/10092\/revisions\/11348"}],"wp:featuredmedia":[{"embeddable":true,"href":"https:\/\/www.estic-maillot.com\/de\/wp-json\/wp\/v2\/media\/9819"}],"wp:attachment":[{"href":"https:\/\/www.estic-maillot.com\/de\/wp-json\/wp\/v2\/media?parent=10092"}],"curies":[{"name":"wp","href":"https:\/\/api.w.org\/{rel}","templated":true}]}}